{"id":2,"date":"2012-04-11T16:34:42","date_gmt":"2012-04-11T14:34:42","guid":{"rendered":"https:\/\/tonto.wp.oppdateringsfabrikken.no\/?page_id=2"},"modified":"2026-02-23T15:34:13","modified_gmt":"2026-02-23T14:34:13","slug":"forside","status":"publish","type":"page","link":"https:\/\/visitbo.no\/olearys\/","title":{"rendered":"O&#8217;Learys B\u00f8"},"content":{"rendered":"<div id=\"cs-content\" class=\"cs-content\"><\/div>\n","protected":false},"excerpt":{"rendered":"<p>O&#8217;Learys B\u00f8 Sportsbar, restaurant, bowling og biljardVelkommen til O&#8217;Learys B\u00f8 O&#8217;Learys B\u00f8 tilbyr en trivelig atmosf\u00e6re der du kan glede deg over deilig mat mens du f\u00f8lger med p\u00e5 favorittlaget ditt. Her kan du smake p\u00e5 klassiske amerikanske retter som saftige bbq-ribs, smakfulle nachos og saftige kyllingvinger, i tillegg til et variert utvalg av drinker. OBS! Aktivitetssenteret er midlertidig stengt &#8230; <\/p>\n<div><a href=\"https:\/\/visitbo.no\/olearys\/\" class=\"more-link\">Read More<\/a><\/div>\n","protected":false},"author":1,"featured_media":0,"parent":0,"menu_order":0,"comment_status":"closed","ping_status":"closed","template":"template-blank-4.php","meta":{"_relevanssi_hide_post":"","_relevanssi_hide_content":"","_relevanssi_pin_for_all":"","_relevanssi_pin_keywords":"","_relevanssi_unpin_keywords":"","_relevanssi_related_keywords":"","_relevanssi_related_include_ids":"","_relevanssi_related_exclude_ids":"","_relevanssi_related_no_append":"","_relevanssi_related_not_related":"","_relevanssi_related_posts":"","_relevanssi_noindex_reason":"","footnotes":""},"class_list":["post-2","page","type-page","status-publish","hentry","no-post-thumbnail"],"yoast_head":"<!-- This site is optimized with the Yoast SEO plugin v27.2 - https:\/\/yoast.com\/product\/yoast-seo-wordpress\/ -->\n<title>O&#039;Learys B\u00f8 i Telemark<\/title>\n<meta name=\"description\" content=\"Velkommen til O&#039;Learys B\u00f8! Bowling, restaurant, sportsbar, shuffleboard og masse mer. Les mer om \u00e5pningstider og aktiviteter her.\" \/>\n<meta name=\"robots\" content=\"index, follow, max-snippet:-1, max-image-preview:large, max-video-preview:-1\" \/>\n<link rel=\"canonical\" href=\"https:\/\/visitbo.no\/olearys\/\" \/>\n<meta property=\"og:locale\" content=\"nb_NO\" \/>\n<meta property=\"og:type\" content=\"article\" \/>\n<meta property=\"og:title\" content=\"O&#039;Learys B\u00f8 i Telemark\" \/>\n<meta property=\"og:description\" content=\"Velkommen til O&#039;Learys B\u00f8! Bowling, restaurant, sportsbar, shuffleboard og masse mer. Les mer om \u00e5pningstider og aktiviteter her.\" \/>\n<meta property=\"og:url\" content=\"https:\/\/visitbo.no\/olearys\/\" \/>\n<meta property=\"og:site_name\" content=\"Olearys B\u00f8\" \/>\n<meta property=\"article:modified_time\" content=\"2026-02-23T14:34:13+00:00\" \/>\n<meta name=\"twitter:card\" content=\"summary_large_image\" \/>\n<meta name=\"twitter:label1\" content=\"Ansl. lesetid\" \/>\n\t<meta name=\"twitter:data1\" content=\"2 minutter\" \/>\n<script type=\"application\/ld+json\" class=\"yoast-schema-graph\">{\"@context\":\"https:\/\/schema.org\",\"@graph\":[{\"@type\":\"WebPage\",\"@id\":\"https:\/\/visitbo.no\/olearys\/\",\"url\":\"https:\/\/visitbo.no\/olearys\/\",\"name\":\"O'Learys B\u00f8 i Telemark\",\"isPartOf\":{\"@id\":\"https:\/\/visitbo.no\/olearys\/#website\"},\"datePublished\":\"2012-04-11T14:34:42+00:00\",\"dateModified\":\"2026-02-23T14:34:13+00:00\",\"description\":\"Velkommen til O'Learys B\u00f8! Bowling, restaurant, sportsbar, shuffleboard og masse mer. Les mer om \u00e5pningstider og aktiviteter her.\",\"breadcrumb\":{\"@id\":\"https:\/\/visitbo.no\/olearys\/#breadcrumb\"},\"inLanguage\":\"nb-NO\",\"potentialAction\":[{\"@type\":\"ReadAction\",\"target\":[\"https:\/\/visitbo.no\/olearys\/\"]}]},{\"@type\":\"BreadcrumbList\",\"@id\":\"https:\/\/visitbo.no\/olearys\/#breadcrumb\",\"itemListElement\":[{\"@type\":\"ListItem\",\"position\":1,\"name\":\"Hjem\",\"item\":\"https:\/\/visitbo.no\/olearys\/\"},{\"@type\":\"ListItem\",\"position\":2,\"name\":\"O&#8217;Learys B\u00f8\"}]},{\"@type\":\"WebSite\",\"@id\":\"https:\/\/visitbo.no\/olearys\/#website\",\"url\":\"https:\/\/visitbo.no\/olearys\/\",\"name\":\"Olearys B\u00f8\",\"description\":\"One online experience - for everything your destination has to offer.\",\"potentialAction\":[{\"@type\":\"SearchAction\",\"target\":{\"@type\":\"EntryPoint\",\"urlTemplate\":\"https:\/\/visitbo.no\/olearys\/?s={search_term_string}\"},\"query-input\":{\"@type\":\"PropertyValueSpecification\",\"valueRequired\":true,\"valueName\":\"search_term_string\"}}],\"inLanguage\":\"nb-NO\"}]}<\/script>\n<!-- \/ Yoast SEO plugin. -->","yoast_head_json":{"title":"O'Learys B\u00f8 i Telemark","description":"Velkommen til O'Learys B\u00f8! Bowling, restaurant, sportsbar, shuffleboard og masse mer. Les mer om \u00e5pningstider og aktiviteter her.","robots":{"index":"index","follow":"follow","max-snippet":"max-snippet:-1","max-image-preview":"max-image-preview:large","max-video-preview":"max-video-preview:-1"},"canonical":"https:\/\/visitbo.no\/olearys\/","og_locale":"nb_NO","og_type":"article","og_title":"O'Learys B\u00f8 i Telemark","og_description":"Velkommen til O'Learys B\u00f8! Bowling, restaurant, sportsbar, shuffleboard og masse mer. Les mer om \u00e5pningstider og aktiviteter her.","og_url":"https:\/\/visitbo.no\/olearys\/","og_site_name":"Olearys B\u00f8","article_modified_time":"2026-02-23T14:34:13+00:00","twitter_card":"summary_large_image","twitter_misc":{"Ansl. lesetid":"2 minutter"},"schema":{"@context":"https:\/\/schema.org","@graph":[{"@type":"WebPage","@id":"https:\/\/visitbo.no\/olearys\/","url":"https:\/\/visitbo.no\/olearys\/","name":"O'Learys B\u00f8 i Telemark","isPartOf":{"@id":"https:\/\/visitbo.no\/olearys\/#website"},"datePublished":"2012-04-11T14:34:42+00:00","dateModified":"2026-02-23T14:34:13+00:00","description":"Velkommen til O'Learys B\u00f8! Bowling, restaurant, sportsbar, shuffleboard og masse mer. Les mer om \u00e5pningstider og aktiviteter her.","breadcrumb":{"@id":"https:\/\/visitbo.no\/olearys\/#breadcrumb"},"inLanguage":"nb-NO","potentialAction":[{"@type":"ReadAction","target":["https:\/\/visitbo.no\/olearys\/"]}]},{"@type":"BreadcrumbList","@id":"https:\/\/visitbo.no\/olearys\/#breadcrumb","itemListElement":[{"@type":"ListItem","position":1,"name":"Hjem","item":"https:\/\/visitbo.no\/olearys\/"},{"@type":"ListItem","position":2,"name":"O&#8217;Learys B\u00f8"}]},{"@type":"WebSite","@id":"https:\/\/visitbo.no\/olearys\/#website","url":"https:\/\/visitbo.no\/olearys\/","name":"Olearys B\u00f8","description":"One online experience - for everything your destination has to offer.","potentialAction":[{"@type":"SearchAction","target":{"@type":"EntryPoint","urlTemplate":"https:\/\/visitbo.no\/olearys\/?s={search_term_string}"},"query-input":{"@type":"PropertyValueSpecification","valueRequired":true,"valueName":"search_term_string"}}],"inLanguage":"nb-NO"}]}},"_links":{"self":[{"href":"https:\/\/visitbo.no\/olearys\/wp-json\/wp\/v2\/pages\/2","targetHints":{"allow":["GET"]}}],"collection":[{"href":"https:\/\/visitbo.no\/olearys\/wp-json\/wp\/v2\/pages"}],"about":[{"href":"https:\/\/visitbo.no\/olearys\/wp-json\/wp\/v2\/types\/page"}],"author":[{"embeddable":true,"href":"https:\/\/visitbo.no\/olearys\/wp-json\/wp\/v2\/users\/1"}],"replies":[{"embeddable":true,"href":"https:\/\/visitbo.no\/olearys\/wp-json\/wp\/v2\/comments?post=2"}],"version-history":[{"count":156,"href":"https:\/\/visitbo.no\/olearys\/wp-json\/wp\/v2\/pages\/2\/revisions"}],"predecessor-version":[{"id":8037,"href":"https:\/\/visitbo.no\/olearys\/wp-json\/wp\/v2\/pages\/2\/revisions\/8037"}],"wp:attachment":[{"href":"https:\/\/visitbo.no\/olearys\/wp-json\/wp\/v2\/media?parent=2"}],"curies":[{"name":"wp","href":"https:\/\/api.w.org\/{rel}","templated":true}]}}