{"id":8160,"date":"2012-04-11T16:34:42","date_gmt":"2012-04-11T14:34:42","guid":{"rendered":"https:\/\/visitbo.no\/ovreverket-ulefoss\/ovre-verket-ulefoss-en\/"},"modified":"2025-07-30T13:58:02","modified_gmt":"2025-07-30T11:58:02","slug":"forside-2","status":"publish","type":"page","link":"https:\/\/visitbo.no\/ovreverket-ulefoss\/en\/","title":{"rendered":"\u00d8vre Verket Ulefoss &#8211; Nome"},"content":{"rendered":"<div id=\"cs-content\" class=\"cs-content\"><\/div>\n","protected":false},"excerpt":{"rendered":"<p>\u00d8vre Verket Ulefoss Museum and Craft Courtyard in Ulefoss, NomeWelcome to \u00d8vre Verket! Here you will find a museum, the restaurant Spiseriet \u00d8vre Verket, and the historic workers&#8217; homes. We take pride in our rich history and host a variety of cultural activities and experiences throughout the year. Concerts, lectures, and other events are announced on our Facebook page \u2013 &#8230; <\/p>\n<div><a href=\"https:\/\/visitbo.no\/ovreverket-ulefoss\/en\/\" class=\"more-link\">Read More<\/a><\/div>\n","protected":false},"author":76,"featured_media":0,"parent":0,"menu_order":0,"comment_status":"closed","ping_status":"closed","template":"template-blank-4.php","meta":{"_relevanssi_hide_post":"","_relevanssi_hide_content":"","_relevanssi_pin_for_all":"","_relevanssi_pin_keywords":"","_relevanssi_unpin_keywords":"","_relevanssi_related_keywords":"","_relevanssi_related_include_ids":"","_relevanssi_related_exclude_ids":"","_relevanssi_related_no_append":"","_relevanssi_related_not_related":"","_relevanssi_related_posts":"","_relevanssi_noindex_reason":"","footnotes":""},"class_list":["post-8160","page","type-page","status-publish","hentry","no-post-thumbnail"],"yoast_head":"<!-- This site is optimized with the Yoast SEO plugin v27.2 - https:\/\/yoast.com\/product\/yoast-seo-wordpress\/ -->\n<title>\u00d8vre Verket Ulefoss - Nome - Culturally Historic Places, Norway<\/title>\n<meta name=\"description\" content=\"\u00d8vre Verket in Ulefoss, Nome, is one of Norway&#039;s most significant cultural heritage sites from the industrialization era.\" \/>\n<meta name=\"robots\" content=\"index, follow, max-snippet:-1, max-image-preview:large, max-video-preview:-1\" \/>\n<link rel=\"canonical\" href=\"https:\/\/visitbo.no\/ovreverket-ulefoss\/en\/\" \/>\n<meta property=\"og:locale\" content=\"en_US\" \/>\n<meta property=\"og:type\" content=\"article\" \/>\n<meta property=\"og:title\" content=\"\u00d8vre Verket Ulefoss - Nome - Culturally Historic Places, Norway\" \/>\n<meta property=\"og:description\" content=\"\u00d8vre Verket in Ulefoss, Nome, is one of Norway&#039;s most significant cultural heritage sites from the industrialization era.\" \/>\n<meta property=\"og:url\" content=\"https:\/\/visitbo.no\/ovreverket-ulefoss\/en\/\" \/>\n<meta property=\"og:site_name\" content=\"\u00d8vre Verket Ulefoss\" \/>\n<meta property=\"article:modified_time\" content=\"2025-07-30T11:58:02+00:00\" \/>\n<meta name=\"twitter:card\" content=\"summary_large_image\" \/>\n<meta name=\"twitter:label1\" content=\"Est. reading time\" \/>\n\t<meta name=\"twitter:data1\" content=\"3 minutes\" \/>\n<script type=\"application\/ld+json\" class=\"yoast-schema-graph\">{\"@context\":\"https:\/\/schema.org\",\"@graph\":[{\"@type\":\"WebPage\",\"@id\":\"https:\/\/visitbo.no\/ovreverket-ulefoss\/en\/\",\"url\":\"https:\/\/visitbo.no\/ovreverket-ulefoss\/en\/\",\"name\":\"\u00d8vre Verket Ulefoss - Nome - Culturally Historic Places, Norway\",\"isPartOf\":{\"@id\":\"https:\/\/visitbo.no\/ovreverket-ulefoss\/en\/#website\"},\"datePublished\":\"2012-04-11T14:34:42+00:00\",\"dateModified\":\"2025-07-30T11:58:02+00:00\",\"description\":\"\u00d8vre Verket in Ulefoss, Nome, is one of Norway's most significant cultural heritage sites from the industrialization era.\",\"breadcrumb\":{\"@id\":\"https:\/\/visitbo.no\/ovreverket-ulefoss\/en\/#breadcrumb\"},\"inLanguage\":\"en-US\",\"potentialAction\":[{\"@type\":\"ReadAction\",\"target\":[\"https:\/\/visitbo.no\/ovreverket-ulefoss\/en\/\"]}]},{\"@type\":\"BreadcrumbList\",\"@id\":\"https:\/\/visitbo.no\/ovreverket-ulefoss\/en\/#breadcrumb\",\"itemListElement\":[{\"@type\":\"ListItem\",\"position\":1,\"name\":\"Hjem\",\"item\":\"https:\/\/visitbo.no\/ovreverket-ulefoss\/en\/forside-2\/\"},{\"@type\":\"ListItem\",\"position\":2,\"name\":\"\u00d8vre Verket Ulefoss &#8211; Nome\"}]},{\"@type\":\"WebSite\",\"@id\":\"https:\/\/visitbo.no\/ovreverket-ulefoss\/en\/#website\",\"url\":\"https:\/\/visitbo.no\/ovreverket-ulefoss\/en\/\",\"name\":\"\u00d8vre Verket Ulefoss\",\"description\":\"One online experience - for everything your destination has to offer.\",\"potentialAction\":[{\"@type\":\"SearchAction\",\"target\":{\"@type\":\"EntryPoint\",\"urlTemplate\":\"https:\/\/visitbo.no\/ovreverket-ulefoss\/en\/?s={search_term_string}\"},\"query-input\":{\"@type\":\"PropertyValueSpecification\",\"valueRequired\":true,\"valueName\":\"search_term_string\"}}],\"inLanguage\":\"en-US\"}]}<\/script>\n<!-- \/ Yoast SEO plugin. -->","yoast_head_json":{"title":"\u00d8vre Verket Ulefoss - Nome - Culturally Historic Places, Norway","description":"\u00d8vre Verket in Ulefoss, Nome, is one of Norway's most significant cultural heritage sites from the industrialization era.","robots":{"index":"index","follow":"follow","max-snippet":"max-snippet:-1","max-image-preview":"max-image-preview:large","max-video-preview":"max-video-preview:-1"},"canonical":"https:\/\/visitbo.no\/ovreverket-ulefoss\/en\/","og_locale":"en_US","og_type":"article","og_title":"\u00d8vre Verket Ulefoss - Nome - Culturally Historic Places, Norway","og_description":"\u00d8vre Verket in Ulefoss, Nome, is one of Norway's most significant cultural heritage sites from the industrialization era.","og_url":"https:\/\/visitbo.no\/ovreverket-ulefoss\/en\/","og_site_name":"\u00d8vre Verket Ulefoss","article_modified_time":"2025-07-30T11:58:02+00:00","twitter_card":"summary_large_image","twitter_misc":{"Est. reading time":"3 minutes"},"schema":{"@context":"https:\/\/schema.org","@graph":[{"@type":"WebPage","@id":"https:\/\/visitbo.no\/ovreverket-ulefoss\/en\/","url":"https:\/\/visitbo.no\/ovreverket-ulefoss\/en\/","name":"\u00d8vre Verket Ulefoss - Nome - Culturally Historic Places, Norway","isPartOf":{"@id":"https:\/\/visitbo.no\/ovreverket-ulefoss\/en\/#website"},"datePublished":"2012-04-11T14:34:42+00:00","dateModified":"2025-07-30T11:58:02+00:00","description":"\u00d8vre Verket in Ulefoss, Nome, is one of Norway's most significant cultural heritage sites from the industrialization era.","breadcrumb":{"@id":"https:\/\/visitbo.no\/ovreverket-ulefoss\/en\/#breadcrumb"},"inLanguage":"en-US","potentialAction":[{"@type":"ReadAction","target":["https:\/\/visitbo.no\/ovreverket-ulefoss\/en\/"]}]},{"@type":"BreadcrumbList","@id":"https:\/\/visitbo.no\/ovreverket-ulefoss\/en\/#breadcrumb","itemListElement":[{"@type":"ListItem","position":1,"name":"Hjem","item":"https:\/\/visitbo.no\/ovreverket-ulefoss\/en\/forside-2\/"},{"@type":"ListItem","position":2,"name":"\u00d8vre Verket Ulefoss &#8211; Nome"}]},{"@type":"WebSite","@id":"https:\/\/visitbo.no\/ovreverket-ulefoss\/en\/#website","url":"https:\/\/visitbo.no\/ovreverket-ulefoss\/en\/","name":"\u00d8vre Verket Ulefoss","description":"One online experience - for everything your destination has to offer.","potentialAction":[{"@type":"SearchAction","target":{"@type":"EntryPoint","urlTemplate":"https:\/\/visitbo.no\/ovreverket-ulefoss\/en\/?s={search_term_string}"},"query-input":{"@type":"PropertyValueSpecification","valueRequired":true,"valueName":"search_term_string"}}],"inLanguage":"en-US"}]}},"_links":{"self":[{"href":"https:\/\/visitbo.no\/ovreverket-ulefoss\/en\/wp-json\/wp\/v2\/pages\/8160","targetHints":{"allow":["GET"]}}],"collection":[{"href":"https:\/\/visitbo.no\/ovreverket-ulefoss\/en\/wp-json\/wp\/v2\/pages"}],"about":[{"href":"https:\/\/visitbo.no\/ovreverket-ulefoss\/en\/wp-json\/wp\/v2\/types\/page"}],"author":[{"embeddable":true,"href":"https:\/\/visitbo.no\/ovreverket-ulefoss\/en\/wp-json\/wp\/v2\/users\/76"}],"replies":[{"embeddable":true,"href":"https:\/\/visitbo.no\/ovreverket-ulefoss\/en\/wp-json\/wp\/v2\/comments?post=8160"}],"version-history":[{"count":6,"href":"https:\/\/visitbo.no\/ovreverket-ulefoss\/en\/wp-json\/wp\/v2\/pages\/8160\/revisions"}],"predecessor-version":[{"id":8181,"href":"https:\/\/visitbo.no\/ovreverket-ulefoss\/en\/wp-json\/wp\/v2\/pages\/8160\/revisions\/8181"}],"wp:attachment":[{"href":"https:\/\/visitbo.no\/ovreverket-ulefoss\/en\/wp-json\/wp\/v2\/media?parent=8160"}],"curies":[{"name":"wp","href":"https:\/\/api.w.org\/{rel}","templated":true}]}}