{"id":2,"date":"2012-04-11T16:34:42","date_gmt":"2012-04-11T14:34:42","guid":{"rendered":"https:\/\/tonto.wp.oppdateringsfabrikken.no\/?page_id=2"},"modified":"2025-07-30T13:57:11","modified_gmt":"2025-07-30T11:57:11","slug":"forside","status":"publish","type":"page","link":"https:\/\/visitbo.no\/ovreverket-ulefoss\/","title":{"rendered":"\u00d8vre Verket Ulefoss"},"content":{"rendered":"<div id=\"cs-content\" class=\"cs-content\"><\/div>\n","protected":false},"excerpt":{"rendered":"<p>\u00d8vre Verket Ulefoss Museum og h\u00e5ndverkstun p\u00e5 Ulefoss, NomeVelkommen til \u00d8vre Verket! Hos oss finner du museum, restauranten Spiseriet \u00d8vre Verket og de historiske arbeiderboligene. Vi er stolte av v\u00e5r rike historie og arrangerer en rekke kulturelle aktiviteter og opplevelser gjennom \u00e5ret. Konserter, foredrag og andre arrangementer annonseres p\u00e5 v\u00e5r Facebook-side \u2013 f\u00f8lg med for oppdateringer! \u00d8vre Verket ligger sentralt &#8230; <\/p>\n<div><a href=\"https:\/\/visitbo.no\/ovreverket-ulefoss\/\" class=\"more-link\">Read More<\/a><\/div>\n","protected":false},"author":1,"featured_media":0,"parent":0,"menu_order":0,"comment_status":"closed","ping_status":"closed","template":"template-blank-4.php","meta":{"_relevanssi_hide_post":"","_relevanssi_hide_content":"","_relevanssi_pin_for_all":"","_relevanssi_pin_keywords":"","_relevanssi_unpin_keywords":"","_relevanssi_related_keywords":"","_relevanssi_related_include_ids":"","_relevanssi_related_exclude_ids":"","_relevanssi_related_no_append":"","_relevanssi_related_not_related":"","_relevanssi_related_posts":"","_relevanssi_noindex_reason":"","footnotes":""},"class_list":["post-2","page","type-page","status-publish","hentry","no-post-thumbnail"],"yoast_head":"<!-- This site is optimized with the Yoast SEO plugin v27.2 - https:\/\/yoast.com\/product\/yoast-seo-wordpress\/ -->\n<title>\u00d8vre Verket Ulefoss - Museum og h\u00e5ndverkstun - Ulefoss, Nome<\/title>\n<meta name=\"description\" content=\"Velkommen til \u00d8vre Verket p\u00e5 Ulefoss, Norge. Museet er kjent for sin historiske betydning og kulturelle arrangementer gjennom \u00e5ret.\" \/>\n<meta name=\"robots\" content=\"index, follow, max-snippet:-1, max-image-preview:large, max-video-preview:-1\" \/>\n<link rel=\"canonical\" href=\"https:\/\/visitbo.no\/ovreverket-ulefoss\/\" \/>\n<meta property=\"og:locale\" content=\"nb_NO\" \/>\n<meta property=\"og:type\" content=\"article\" \/>\n<meta property=\"og:title\" content=\"\u00d8vre Verket Ulefoss - Museum og h\u00e5ndverkstun - Ulefoss, Nome\" \/>\n<meta property=\"og:description\" content=\"Velkommen til \u00d8vre Verket p\u00e5 Ulefoss, Norge. Museet er kjent for sin historiske betydning og kulturelle arrangementer gjennom \u00e5ret.\" \/>\n<meta property=\"og:url\" content=\"https:\/\/visitbo.no\/ovreverket-ulefoss\/\" \/>\n<meta property=\"og:site_name\" content=\"\u00d8vre Verket Ulefoss\" \/>\n<meta property=\"article:modified_time\" content=\"2025-07-30T11:57:11+00:00\" \/>\n<meta name=\"twitter:card\" content=\"summary_large_image\" \/>\n<meta name=\"twitter:label1\" content=\"Ansl. lesetid\" \/>\n\t<meta name=\"twitter:data1\" content=\"2 minutter\" \/>\n<script type=\"application\/ld+json\" class=\"yoast-schema-graph\">{\"@context\":\"https:\/\/schema.org\",\"@graph\":[{\"@type\":\"WebPage\",\"@id\":\"https:\/\/visitbo.no\/ovreverket-ulefoss\/\",\"url\":\"https:\/\/visitbo.no\/ovreverket-ulefoss\/\",\"name\":\"\u00d8vre Verket Ulefoss - Museum og h\u00e5ndverkstun - Ulefoss, Nome\",\"isPartOf\":{\"@id\":\"https:\/\/visitbo.no\/ovreverket-ulefoss\/#website\"},\"datePublished\":\"2012-04-11T14:34:42+00:00\",\"dateModified\":\"2025-07-30T11:57:11+00:00\",\"description\":\"Velkommen til \u00d8vre Verket p\u00e5 Ulefoss, Norge. Museet er kjent for sin historiske betydning og kulturelle arrangementer gjennom \u00e5ret.\",\"breadcrumb\":{\"@id\":\"https:\/\/visitbo.no\/ovreverket-ulefoss\/#breadcrumb\"},\"inLanguage\":\"nb-NO\",\"potentialAction\":[{\"@type\":\"ReadAction\",\"target\":[\"https:\/\/visitbo.no\/ovreverket-ulefoss\/\"]}]},{\"@type\":\"BreadcrumbList\",\"@id\":\"https:\/\/visitbo.no\/ovreverket-ulefoss\/#breadcrumb\",\"itemListElement\":[{\"@type\":\"ListItem\",\"position\":1,\"name\":\"Hjem\",\"item\":\"https:\/\/visitbo.no\/ovreverket-ulefoss\/\"},{\"@type\":\"ListItem\",\"position\":2,\"name\":\"\u00d8vre Verket Ulefoss\"}]},{\"@type\":\"WebSite\",\"@id\":\"https:\/\/visitbo.no\/ovreverket-ulefoss\/#website\",\"url\":\"https:\/\/visitbo.no\/ovreverket-ulefoss\/\",\"name\":\"\u00d8vre Verket Ulefoss\",\"description\":\"One online experience - for everything your destination has to offer.\",\"potentialAction\":[{\"@type\":\"SearchAction\",\"target\":{\"@type\":\"EntryPoint\",\"urlTemplate\":\"https:\/\/visitbo.no\/ovreverket-ulefoss\/?s={search_term_string}\"},\"query-input\":{\"@type\":\"PropertyValueSpecification\",\"valueRequired\":true,\"valueName\":\"search_term_string\"}}],\"inLanguage\":\"nb-NO\"}]}<\/script>\n<!-- \/ Yoast SEO plugin. -->","yoast_head_json":{"title":"\u00d8vre Verket Ulefoss - Museum og h\u00e5ndverkstun - Ulefoss, Nome","description":"Velkommen til \u00d8vre Verket p\u00e5 Ulefoss, Norge. Museet er kjent for sin historiske betydning og kulturelle arrangementer gjennom \u00e5ret.","robots":{"index":"index","follow":"follow","max-snippet":"max-snippet:-1","max-image-preview":"max-image-preview:large","max-video-preview":"max-video-preview:-1"},"canonical":"https:\/\/visitbo.no\/ovreverket-ulefoss\/","og_locale":"nb_NO","og_type":"article","og_title":"\u00d8vre Verket Ulefoss - Museum og h\u00e5ndverkstun - Ulefoss, Nome","og_description":"Velkommen til \u00d8vre Verket p\u00e5 Ulefoss, Norge. Museet er kjent for sin historiske betydning og kulturelle arrangementer gjennom \u00e5ret.","og_url":"https:\/\/visitbo.no\/ovreverket-ulefoss\/","og_site_name":"\u00d8vre Verket Ulefoss","article_modified_time":"2025-07-30T11:57:11+00:00","twitter_card":"summary_large_image","twitter_misc":{"Ansl. lesetid":"2 minutter"},"schema":{"@context":"https:\/\/schema.org","@graph":[{"@type":"WebPage","@id":"https:\/\/visitbo.no\/ovreverket-ulefoss\/","url":"https:\/\/visitbo.no\/ovreverket-ulefoss\/","name":"\u00d8vre Verket Ulefoss - Museum og h\u00e5ndverkstun - Ulefoss, Nome","isPartOf":{"@id":"https:\/\/visitbo.no\/ovreverket-ulefoss\/#website"},"datePublished":"2012-04-11T14:34:42+00:00","dateModified":"2025-07-30T11:57:11+00:00","description":"Velkommen til \u00d8vre Verket p\u00e5 Ulefoss, Norge. Museet er kjent for sin historiske betydning og kulturelle arrangementer gjennom \u00e5ret.","breadcrumb":{"@id":"https:\/\/visitbo.no\/ovreverket-ulefoss\/#breadcrumb"},"inLanguage":"nb-NO","potentialAction":[{"@type":"ReadAction","target":["https:\/\/visitbo.no\/ovreverket-ulefoss\/"]}]},{"@type":"BreadcrumbList","@id":"https:\/\/visitbo.no\/ovreverket-ulefoss\/#breadcrumb","itemListElement":[{"@type":"ListItem","position":1,"name":"Hjem","item":"https:\/\/visitbo.no\/ovreverket-ulefoss\/"},{"@type":"ListItem","position":2,"name":"\u00d8vre Verket Ulefoss"}]},{"@type":"WebSite","@id":"https:\/\/visitbo.no\/ovreverket-ulefoss\/#website","url":"https:\/\/visitbo.no\/ovreverket-ulefoss\/","name":"\u00d8vre Verket Ulefoss","description":"One online experience - for everything your destination has to offer.","potentialAction":[{"@type":"SearchAction","target":{"@type":"EntryPoint","urlTemplate":"https:\/\/visitbo.no\/ovreverket-ulefoss\/?s={search_term_string}"},"query-input":{"@type":"PropertyValueSpecification","valueRequired":true,"valueName":"search_term_string"}}],"inLanguage":"nb-NO"}]}},"_links":{"self":[{"href":"https:\/\/visitbo.no\/ovreverket-ulefoss\/wp-json\/wp\/v2\/pages\/2","targetHints":{"allow":["GET"]}}],"collection":[{"href":"https:\/\/visitbo.no\/ovreverket-ulefoss\/wp-json\/wp\/v2\/pages"}],"about":[{"href":"https:\/\/visitbo.no\/ovreverket-ulefoss\/wp-json\/wp\/v2\/types\/page"}],"author":[{"embeddable":true,"href":"https:\/\/visitbo.no\/ovreverket-ulefoss\/wp-json\/wp\/v2\/users\/1"}],"replies":[{"embeddable":true,"href":"https:\/\/visitbo.no\/ovreverket-ulefoss\/wp-json\/wp\/v2\/comments?post=2"}],"version-history":[{"count":147,"href":"https:\/\/visitbo.no\/ovreverket-ulefoss\/wp-json\/wp\/v2\/pages\/2\/revisions"}],"predecessor-version":[{"id":8180,"href":"https:\/\/visitbo.no\/ovreverket-ulefoss\/wp-json\/wp\/v2\/pages\/2\/revisions\/8180"}],"wp:attachment":[{"href":"https:\/\/visitbo.no\/ovreverket-ulefoss\/wp-json\/wp\/v2\/media?parent=2"}],"curies":[{"name":"wp","href":"https:\/\/api.w.org\/{rel}","templated":true}]}}