{"id":7890,"date":"2012-04-11T16:34:42","date_gmt":"2012-04-11T14:34:42","guid":{"rendered":"https:\/\/visitbo.no\/pizzafjoset\/pizza-fjoset-en\/"},"modified":"2025-03-31T13:22:10","modified_gmt":"2025-03-31T11:22:10","slug":"forside-2","status":"publish","type":"page","link":"https:\/\/visitbo.no\/pizzafjoset\/en\/","title":{"rendered":"Pizza Fjoset"},"content":{"rendered":"<div id=\"cs-content\" class=\"cs-content\"><\/div>\n","protected":false},"excerpt":{"rendered":"<p>Pizza Fjoset Family-friendly pizzarestaurant in B\u00f8 city centerLocated at the apex of B\u00f8gata lies Pizza Fjoset. Delight in a diverse pizza selection, a pizza buffet complemented by fresh salads, \u00e0 la carte options, and a dedicated children&#8217;s menu. Plus, accessibility is prioritized with stroller and wheelchair-friendly facilities. Adjacent to Pizza Fjoset is The Bull Inn Irish pub, offering an array &#8230; <\/p>\n<div><a href=\"https:\/\/visitbo.no\/pizzafjoset\/en\/\" class=\"more-link\">Read More<\/a><\/div>\n","protected":false},"author":76,"featured_media":0,"parent":0,"menu_order":0,"comment_status":"closed","ping_status":"closed","template":"template-blank-4.php","meta":{"_relevanssi_hide_post":"","_relevanssi_hide_content":"","_relevanssi_pin_for_all":"","_relevanssi_pin_keywords":"","_relevanssi_unpin_keywords":"","_relevanssi_related_keywords":"","_relevanssi_related_include_ids":"","_relevanssi_related_exclude_ids":"","_relevanssi_related_no_append":"","_relevanssi_related_not_related":"","_relevanssi_related_posts":"","_relevanssi_noindex_reason":"","footnotes":""},"class_list":["post-7890","page","type-page","status-publish","hentry","no-post-thumbnail"],"yoast_head":"<!-- This site is optimized with the Yoast SEO plugin v27.2 - https:\/\/yoast.com\/product\/yoast-seo-wordpress\/ -->\n<title>Pizzafjoset \u2502 Family-Friendly Pizza Restaurant in B\u00f8 in Telemark<\/title>\n<meta name=\"description\" content=\"Welcome to Pizza Fjoset! Explore our wide range of pizzas, buffet, \u00e0 la carte, and kids&#039; menu. Indoor and outdoor seating available.\" \/>\n<meta name=\"robots\" content=\"index, follow, max-snippet:-1, max-image-preview:large, max-video-preview:-1\" \/>\n<link rel=\"canonical\" href=\"https:\/\/visitbo.no\/pizzafjoset\/en\/\" \/>\n<meta property=\"og:locale\" content=\"en_US\" \/>\n<meta property=\"og:type\" content=\"article\" \/>\n<meta property=\"og:title\" content=\"Pizzafjoset \u2502 Family-Friendly Pizza Restaurant in B\u00f8 in Telemark\" \/>\n<meta property=\"og:description\" content=\"Welcome to Pizza Fjoset! Explore our wide range of pizzas, buffet, \u00e0 la carte, and kids&#039; menu. Indoor and outdoor seating available.\" \/>\n<meta property=\"og:url\" content=\"https:\/\/visitbo.no\/pizzafjoset\/en\/\" \/>\n<meta property=\"og:site_name\" content=\"Pizzafjoset\" \/>\n<meta property=\"article:modified_time\" content=\"2025-03-31T11:22:10+00:00\" \/>\n<meta name=\"twitter:card\" content=\"summary_large_image\" \/>\n<meta name=\"twitter:label1\" content=\"Est. reading time\" \/>\n\t<meta name=\"twitter:data1\" content=\"2 minutes\" \/>\n<script type=\"application\/ld+json\" class=\"yoast-schema-graph\">{\"@context\":\"https:\/\/schema.org\",\"@graph\":[{\"@type\":\"WebPage\",\"@id\":\"https:\/\/visitbo.no\/pizzafjoset\/en\/\",\"url\":\"https:\/\/visitbo.no\/pizzafjoset\/en\/\",\"name\":\"Pizzafjoset \u2502 Family-Friendly Pizza Restaurant in B\u00f8 in Telemark\",\"isPartOf\":{\"@id\":\"https:\/\/visitbo.no\/pizzafjoset\/en\/#website\"},\"datePublished\":\"2012-04-11T14:34:42+00:00\",\"dateModified\":\"2025-03-31T11:22:10+00:00\",\"description\":\"Welcome to Pizza Fjoset! Explore our wide range of pizzas, buffet, \u00e0 la carte, and kids' menu. Indoor and outdoor seating available.\",\"breadcrumb\":{\"@id\":\"https:\/\/visitbo.no\/pizzafjoset\/en\/#breadcrumb\"},\"inLanguage\":\"en-US\",\"potentialAction\":[{\"@type\":\"ReadAction\",\"target\":[\"https:\/\/visitbo.no\/pizzafjoset\/en\/\"]}]},{\"@type\":\"BreadcrumbList\",\"@id\":\"https:\/\/visitbo.no\/pizzafjoset\/en\/#breadcrumb\",\"itemListElement\":[{\"@type\":\"ListItem\",\"position\":1,\"name\":\"Hjem\",\"item\":\"https:\/\/visitbo.no\/pizzafjoset\/en\/forside-2\/\"},{\"@type\":\"ListItem\",\"position\":2,\"name\":\"Pizza Fjoset\"}]},{\"@type\":\"WebSite\",\"@id\":\"https:\/\/visitbo.no\/pizzafjoset\/en\/#website\",\"url\":\"https:\/\/visitbo.no\/pizzafjoset\/en\/\",\"name\":\"Pizzafjoset\",\"description\":\"One online experience - for everything your destination has to offer.\",\"potentialAction\":[{\"@type\":\"SearchAction\",\"target\":{\"@type\":\"EntryPoint\",\"urlTemplate\":\"https:\/\/visitbo.no\/pizzafjoset\/en\/?s={search_term_string}\"},\"query-input\":{\"@type\":\"PropertyValueSpecification\",\"valueRequired\":true,\"valueName\":\"search_term_string\"}}],\"inLanguage\":\"en-US\"}]}<\/script>\n<!-- \/ Yoast SEO plugin. -->","yoast_head_json":{"title":"Pizzafjoset \u2502 Family-Friendly Pizza Restaurant in B\u00f8 in Telemark","description":"Welcome to Pizza Fjoset! Explore our wide range of pizzas, buffet, \u00e0 la carte, and kids' menu. Indoor and outdoor seating available.","robots":{"index":"index","follow":"follow","max-snippet":"max-snippet:-1","max-image-preview":"max-image-preview:large","max-video-preview":"max-video-preview:-1"},"canonical":"https:\/\/visitbo.no\/pizzafjoset\/en\/","og_locale":"en_US","og_type":"article","og_title":"Pizzafjoset \u2502 Family-Friendly Pizza Restaurant in B\u00f8 in Telemark","og_description":"Welcome to Pizza Fjoset! Explore our wide range of pizzas, buffet, \u00e0 la carte, and kids' menu. Indoor and outdoor seating available.","og_url":"https:\/\/visitbo.no\/pizzafjoset\/en\/","og_site_name":"Pizzafjoset","article_modified_time":"2025-03-31T11:22:10+00:00","twitter_card":"summary_large_image","twitter_misc":{"Est. reading time":"2 minutes"},"schema":{"@context":"https:\/\/schema.org","@graph":[{"@type":"WebPage","@id":"https:\/\/visitbo.no\/pizzafjoset\/en\/","url":"https:\/\/visitbo.no\/pizzafjoset\/en\/","name":"Pizzafjoset \u2502 Family-Friendly Pizza Restaurant in B\u00f8 in Telemark","isPartOf":{"@id":"https:\/\/visitbo.no\/pizzafjoset\/en\/#website"},"datePublished":"2012-04-11T14:34:42+00:00","dateModified":"2025-03-31T11:22:10+00:00","description":"Welcome to Pizza Fjoset! Explore our wide range of pizzas, buffet, \u00e0 la carte, and kids' menu. Indoor and outdoor seating available.","breadcrumb":{"@id":"https:\/\/visitbo.no\/pizzafjoset\/en\/#breadcrumb"},"inLanguage":"en-US","potentialAction":[{"@type":"ReadAction","target":["https:\/\/visitbo.no\/pizzafjoset\/en\/"]}]},{"@type":"BreadcrumbList","@id":"https:\/\/visitbo.no\/pizzafjoset\/en\/#breadcrumb","itemListElement":[{"@type":"ListItem","position":1,"name":"Hjem","item":"https:\/\/visitbo.no\/pizzafjoset\/en\/forside-2\/"},{"@type":"ListItem","position":2,"name":"Pizza Fjoset"}]},{"@type":"WebSite","@id":"https:\/\/visitbo.no\/pizzafjoset\/en\/#website","url":"https:\/\/visitbo.no\/pizzafjoset\/en\/","name":"Pizzafjoset","description":"One online experience - for everything your destination has to offer.","potentialAction":[{"@type":"SearchAction","target":{"@type":"EntryPoint","urlTemplate":"https:\/\/visitbo.no\/pizzafjoset\/en\/?s={search_term_string}"},"query-input":{"@type":"PropertyValueSpecification","valueRequired":true,"valueName":"search_term_string"}}],"inLanguage":"en-US"}]}},"_links":{"self":[{"href":"https:\/\/visitbo.no\/pizzafjoset\/en\/wp-json\/wp\/v2\/pages\/7890","targetHints":{"allow":["GET"]}}],"collection":[{"href":"https:\/\/visitbo.no\/pizzafjoset\/en\/wp-json\/wp\/v2\/pages"}],"about":[{"href":"https:\/\/visitbo.no\/pizzafjoset\/en\/wp-json\/wp\/v2\/types\/page"}],"author":[{"embeddable":true,"href":"https:\/\/visitbo.no\/pizzafjoset\/en\/wp-json\/wp\/v2\/users\/76"}],"replies":[{"embeddable":true,"href":"https:\/\/visitbo.no\/pizzafjoset\/en\/wp-json\/wp\/v2\/comments?post=7890"}],"version-history":[{"count":7,"href":"https:\/\/visitbo.no\/pizzafjoset\/en\/wp-json\/wp\/v2\/pages\/7890\/revisions"}],"predecessor-version":[{"id":7954,"href":"https:\/\/visitbo.no\/pizzafjoset\/en\/wp-json\/wp\/v2\/pages\/7890\/revisions\/7954"}],"wp:attachment":[{"href":"https:\/\/visitbo.no\/pizzafjoset\/en\/wp-json\/wp\/v2\/media?parent=7890"}],"curies":[{"name":"wp","href":"https:\/\/api.w.org\/{rel}","templated":true}]}}