{"id":7935,"date":"2020-02-17T22:00:10","date_gmt":"2020-02-17T21:00:10","guid":{"rendered":"https:\/\/visitbo.no\/sandacamping\/?page_id=7935"},"modified":"2025-02-07T09:14:25","modified_gmt":"2025-02-07T08:14:25","slug":"omoss","status":"publish","type":"page","link":"https:\/\/visitbo.no\/sandacamping\/omoss\/","title":{"rendered":"Om oss"},"content":{"rendered":"<div id=\"cs-content\" class=\"cs-content\"><\/div>\n","protected":false},"excerpt":{"rendered":"<p>Velkommen til Sanda Camping! I \u00e5r starter vi et nytt og spennende kapittel for Sanda Camping. Vi bygger videre p\u00e5 det flotte arbeidet til de tidligere eierne og tilf\u00f8rer nye ideer. Vi er et lite, engasjert team som elsker naturen og brenner for \u00e5 gi gjestene v\u00e5re uforglemmelige opplevelser. Med B\u00f8elva som n\u00e6rmeste nabo, er Sanda Camping et sted hvor &#8230; <\/p>\n<div><a href=\"https:\/\/visitbo.no\/sandacamping\/omoss\/\" class=\"more-link\">Read More<\/a><\/div>\n","protected":false},"author":6,"featured_media":0,"parent":0,"menu_order":3,"comment_status":"closed","ping_status":"closed","template":"","meta":{"_relevanssi_hide_post":"","_relevanssi_hide_content":"","_relevanssi_pin_for_all":"","_relevanssi_pin_keywords":"","_relevanssi_unpin_keywords":"","_relevanssi_related_keywords":"","_relevanssi_related_include_ids":"","_relevanssi_related_exclude_ids":"","_relevanssi_related_no_append":"","_relevanssi_related_not_related":"","_relevanssi_related_posts":"","_relevanssi_noindex_reason":"","footnotes":""},"class_list":["post-7935","page","type-page","status-publish","hentry","no-post-thumbnail"],"yoast_head":"<!-- This site is optimized with the Yoast SEO plugin v27.2 - https:\/\/yoast.com\/product\/yoast-seo-wordpress\/ -->\n<title>Om oss - Sanda Camping<\/title>\n<meta name=\"robots\" content=\"index, follow, max-snippet:-1, max-image-preview:large, max-video-preview:-1\" \/>\n<link rel=\"canonical\" href=\"https:\/\/visitbo.no\/sandacamping\/omoss\/\" \/>\n<meta property=\"og:locale\" content=\"nb_NO\" \/>\n<meta property=\"og:type\" content=\"article\" \/>\n<meta property=\"og:title\" content=\"Om oss - Sanda Camping\" \/>\n<meta property=\"og:description\" content=\"Velkommen til Sanda Camping! I \u00e5r starter vi et nytt og spennende kapittel for Sanda Camping. Vi bygger videre p\u00e5 det flotte arbeidet til de tidligere eierne og tilf\u00f8rer nye ideer. Vi er et lite, engasjert team som elsker naturen og brenner for \u00e5 gi gjestene v\u00e5re uforglemmelige opplevelser. Med B\u00f8elva som n\u00e6rmeste nabo, er Sanda Camping et sted hvor ... Read More\" \/>\n<meta property=\"og:url\" content=\"https:\/\/visitbo.no\/sandacamping\/omoss\/\" \/>\n<meta property=\"og:site_name\" content=\"Sanda Camping\" \/>\n<meta property=\"article:modified_time\" content=\"2025-02-07T08:14:25+00:00\" \/>\n<meta name=\"twitter:card\" content=\"summary_large_image\" \/>\n<meta name=\"twitter:label1\" content=\"Ansl. lesetid\" \/>\n\t<meta name=\"twitter:data1\" content=\"3 minutter\" \/>\n<script type=\"application\/ld+json\" class=\"yoast-schema-graph\">{\"@context\":\"https:\/\/schema.org\",\"@graph\":[{\"@type\":\"WebPage\",\"@id\":\"https:\/\/visitbo.no\/sandacamping\/omoss\/\",\"url\":\"https:\/\/visitbo.no\/sandacamping\/omoss\/\",\"name\":\"Om oss - Sanda Camping\",\"isPartOf\":{\"@id\":\"https:\/\/visitbo.no\/sandacamping\/#website\"},\"datePublished\":\"2020-02-17T21:00:10+00:00\",\"dateModified\":\"2025-02-07T08:14:25+00:00\",\"breadcrumb\":{\"@id\":\"https:\/\/visitbo.no\/sandacamping\/omoss\/#breadcrumb\"},\"inLanguage\":\"nb-NO\",\"potentialAction\":[{\"@type\":\"ReadAction\",\"target\":[\"https:\/\/visitbo.no\/sandacamping\/omoss\/\"]}]},{\"@type\":\"BreadcrumbList\",\"@id\":\"https:\/\/visitbo.no\/sandacamping\/omoss\/#breadcrumb\",\"itemListElement\":[{\"@type\":\"ListItem\",\"position\":1,\"name\":\"Hjem\",\"item\":\"https:\/\/visitbo.no\/sandacamping\/\"},{\"@type\":\"ListItem\",\"position\":2,\"name\":\"Om oss\"}]},{\"@type\":\"WebSite\",\"@id\":\"https:\/\/visitbo.no\/sandacamping\/#website\",\"url\":\"https:\/\/visitbo.no\/sandacamping\/\",\"name\":\"Sanda Camping\",\"description\":\"One online experience - for everything your destination has to offer.\",\"potentialAction\":[{\"@type\":\"SearchAction\",\"target\":{\"@type\":\"EntryPoint\",\"urlTemplate\":\"https:\/\/visitbo.no\/sandacamping\/?s={search_term_string}\"},\"query-input\":{\"@type\":\"PropertyValueSpecification\",\"valueRequired\":true,\"valueName\":\"search_term_string\"}}],\"inLanguage\":\"nb-NO\"}]}<\/script>\n<!-- \/ Yoast SEO plugin. -->","yoast_head_json":{"title":"Om oss - Sanda Camping","robots":{"index":"index","follow":"follow","max-snippet":"max-snippet:-1","max-image-preview":"max-image-preview:large","max-video-preview":"max-video-preview:-1"},"canonical":"https:\/\/visitbo.no\/sandacamping\/omoss\/","og_locale":"nb_NO","og_type":"article","og_title":"Om oss - Sanda Camping","og_description":"Velkommen til Sanda Camping! I \u00e5r starter vi et nytt og spennende kapittel for Sanda Camping. Vi bygger videre p\u00e5 det flotte arbeidet til de tidligere eierne og tilf\u00f8rer nye ideer. Vi er et lite, engasjert team som elsker naturen og brenner for \u00e5 gi gjestene v\u00e5re uforglemmelige opplevelser. Med B\u00f8elva som n\u00e6rmeste nabo, er Sanda Camping et sted hvor ... Read More","og_url":"https:\/\/visitbo.no\/sandacamping\/omoss\/","og_site_name":"Sanda Camping","article_modified_time":"2025-02-07T08:14:25+00:00","twitter_card":"summary_large_image","twitter_misc":{"Ansl. lesetid":"3 minutter"},"schema":{"@context":"https:\/\/schema.org","@graph":[{"@type":"WebPage","@id":"https:\/\/visitbo.no\/sandacamping\/omoss\/","url":"https:\/\/visitbo.no\/sandacamping\/omoss\/","name":"Om oss - Sanda Camping","isPartOf":{"@id":"https:\/\/visitbo.no\/sandacamping\/#website"},"datePublished":"2020-02-17T21:00:10+00:00","dateModified":"2025-02-07T08:14:25+00:00","breadcrumb":{"@id":"https:\/\/visitbo.no\/sandacamping\/omoss\/#breadcrumb"},"inLanguage":"nb-NO","potentialAction":[{"@type":"ReadAction","target":["https:\/\/visitbo.no\/sandacamping\/omoss\/"]}]},{"@type":"BreadcrumbList","@id":"https:\/\/visitbo.no\/sandacamping\/omoss\/#breadcrumb","itemListElement":[{"@type":"ListItem","position":1,"name":"Hjem","item":"https:\/\/visitbo.no\/sandacamping\/"},{"@type":"ListItem","position":2,"name":"Om oss"}]},{"@type":"WebSite","@id":"https:\/\/visitbo.no\/sandacamping\/#website","url":"https:\/\/visitbo.no\/sandacamping\/","name":"Sanda Camping","description":"One online experience - for everything your destination has to offer.","potentialAction":[{"@type":"SearchAction","target":{"@type":"EntryPoint","urlTemplate":"https:\/\/visitbo.no\/sandacamping\/?s={search_term_string}"},"query-input":{"@type":"PropertyValueSpecification","valueRequired":true,"valueName":"search_term_string"}}],"inLanguage":"nb-NO"}]}},"_links":{"self":[{"href":"https:\/\/visitbo.no\/sandacamping\/wp-json\/wp\/v2\/pages\/7935","targetHints":{"allow":["GET"]}}],"collection":[{"href":"https:\/\/visitbo.no\/sandacamping\/wp-json\/wp\/v2\/pages"}],"about":[{"href":"https:\/\/visitbo.no\/sandacamping\/wp-json\/wp\/v2\/types\/page"}],"author":[{"embeddable":true,"href":"https:\/\/visitbo.no\/sandacamping\/wp-json\/wp\/v2\/users\/6"}],"replies":[{"embeddable":true,"href":"https:\/\/visitbo.no\/sandacamping\/wp-json\/wp\/v2\/comments?post=7935"}],"version-history":[{"count":21,"href":"https:\/\/visitbo.no\/sandacamping\/wp-json\/wp\/v2\/pages\/7935\/revisions"}],"predecessor-version":[{"id":9088,"href":"https:\/\/visitbo.no\/sandacamping\/wp-json\/wp\/v2\/pages\/7935\/revisions\/9088"}],"wp:attachment":[{"href":"https:\/\/visitbo.no\/sandacamping\/wp-json\/wp\/v2\/media?parent=7935"}],"curies":[{"name":"wp","href":"https:\/\/api.w.org\/{rel}","templated":true}]}}