{"id":7931,"date":"2023-08-29T13:30:19","date_gmt":"2023-08-29T11:30:19","guid":{"rendered":"https:\/\/visitbo.no\/sentrumsringen\/?page_id=7931"},"modified":"2025-04-16T11:30:01","modified_gmt":"2025-04-16T09:30:01","slug":"ledigestillinger","status":"publish","type":"page","link":"https:\/\/visitbo.no\/sentrumsringen\/ledigestillinger\/","title":{"rendered":"Ledige stillinger ved medlemsbedrifter"},"content":{"rendered":"<div id=\"cs-content\" class=\"cs-content\"><\/div>\n","protected":false},"excerpt":{"rendered":"<p>Leter du etter en (deltids)jobb s\u00e5 finner du her en oversikt over ledige stillinger ved medlemsbedriftene v\u00e5re. Lykke til med s\u00f8knadsprosessen!\u00a0 B\u00f8senteret: Se alle ledige stillingene ved butikkene p\u00e5 B\u00f8senteret her. Husly kaf\u00e9 og catering: Ekstrahjelp i kafeen. Ta kontakt p\u00e5 post@huslykafe.no eller stikk innom kafeen. Steint\u00f8y &amp; Parfymeri: Butikkselger, 50 % stilling. Se her. Bruk\u00e5s Sport: Butikksjef. Se her. &#8230; <\/p>\n<div><a href=\"https:\/\/visitbo.no\/sentrumsringen\/ledigestillinger\/\" class=\"more-link\">Read More<\/a><\/div>\n","protected":false},"author":6,"featured_media":0,"parent":0,"menu_order":3,"comment_status":"closed","ping_status":"closed","template":"","meta":{"_relevanssi_hide_post":"","_relevanssi_hide_content":"","_relevanssi_pin_for_all":"","_relevanssi_pin_keywords":"","_relevanssi_unpin_keywords":"","_relevanssi_related_keywords":"","_relevanssi_related_include_ids":"","_relevanssi_related_exclude_ids":"","_relevanssi_related_no_append":"","_relevanssi_related_not_related":"","_relevanssi_related_posts":"","_relevanssi_noindex_reason":"","footnotes":""},"class_list":["post-7931","page","type-page","status-publish","hentry","no-post-thumbnail"],"yoast_head":"<!-- This site is optimized with the Yoast SEO plugin v27.2 - https:\/\/yoast.com\/product\/yoast-seo-wordpress\/ -->\n<title>Ledige stillinger ved medlemsbedrifter - Sentrumsringen<\/title>\n<meta name=\"description\" content=\"Se alle ledige stillingene ved medlembedriftene i Sentrumsringen i B\u00f8.\" \/>\n<meta name=\"robots\" content=\"index, follow, max-snippet:-1, max-image-preview:large, max-video-preview:-1\" \/>\n<link rel=\"canonical\" href=\"https:\/\/visitbo.no\/sentrumsringen\/ledigestillinger\/\" \/>\n<meta property=\"og:locale\" content=\"nb_NO\" \/>\n<meta property=\"og:type\" content=\"article\" \/>\n<meta property=\"og:title\" content=\"Ledige stillinger ved medlemsbedrifter - Sentrumsringen\" \/>\n<meta property=\"og:description\" content=\"Se alle ledige stillingene ved medlembedriftene i Sentrumsringen i B\u00f8.\" \/>\n<meta property=\"og:url\" content=\"https:\/\/visitbo.no\/sentrumsringen\/ledigestillinger\/\" \/>\n<meta property=\"og:site_name\" content=\"Sentrumsringen\" \/>\n<meta property=\"article:modified_time\" content=\"2025-04-16T09:30:01+00:00\" \/>\n<meta name=\"twitter:card\" content=\"summary_large_image\" \/>\n<meta name=\"twitter:label1\" content=\"Ansl. lesetid\" \/>\n\t<meta name=\"twitter:data1\" content=\"2 minutter\" \/>\n<script type=\"application\/ld+json\" class=\"yoast-schema-graph\">{\"@context\":\"https:\/\/schema.org\",\"@graph\":[{\"@type\":\"WebPage\",\"@id\":\"https:\/\/visitbo.no\/sentrumsringen\/ledigestillinger\/\",\"url\":\"https:\/\/visitbo.no\/sentrumsringen\/ledigestillinger\/\",\"name\":\"Ledige stillinger ved medlemsbedrifter - Sentrumsringen\",\"isPartOf\":{\"@id\":\"https:\/\/visitbo.no\/sentrumsringen\/#website\"},\"datePublished\":\"2023-08-29T11:30:19+00:00\",\"dateModified\":\"2025-04-16T09:30:01+00:00\",\"description\":\"Se alle ledige stillingene ved medlembedriftene i Sentrumsringen i B\u00f8.\",\"breadcrumb\":{\"@id\":\"https:\/\/visitbo.no\/sentrumsringen\/ledigestillinger\/#breadcrumb\"},\"inLanguage\":\"nb-NO\",\"potentialAction\":[{\"@type\":\"ReadAction\",\"target\":[\"https:\/\/visitbo.no\/sentrumsringen\/ledigestillinger\/\"]}]},{\"@type\":\"BreadcrumbList\",\"@id\":\"https:\/\/visitbo.no\/sentrumsringen\/ledigestillinger\/#breadcrumb\",\"itemListElement\":[{\"@type\":\"ListItem\",\"position\":1,\"name\":\"Hjem\",\"item\":\"https:\/\/visitbo.no\/sentrumsringen\/\"},{\"@type\":\"ListItem\",\"position\":2,\"name\":\"Ledige stillinger ved medlemsbedrifter\"}]},{\"@type\":\"WebSite\",\"@id\":\"https:\/\/visitbo.no\/sentrumsringen\/#website\",\"url\":\"https:\/\/visitbo.no\/sentrumsringen\/\",\"name\":\"Sentrumsringen\",\"description\":\"One online experience - for everything your destination has to offer.\",\"potentialAction\":[{\"@type\":\"SearchAction\",\"target\":{\"@type\":\"EntryPoint\",\"urlTemplate\":\"https:\/\/visitbo.no\/sentrumsringen\/?s={search_term_string}\"},\"query-input\":{\"@type\":\"PropertyValueSpecification\",\"valueRequired\":true,\"valueName\":\"search_term_string\"}}],\"inLanguage\":\"nb-NO\"}]}<\/script>\n<!-- \/ Yoast SEO plugin. -->","yoast_head_json":{"title":"Ledige stillinger ved medlemsbedrifter - Sentrumsringen","description":"Se alle ledige stillingene ved medlembedriftene i Sentrumsringen i B\u00f8.","robots":{"index":"index","follow":"follow","max-snippet":"max-snippet:-1","max-image-preview":"max-image-preview:large","max-video-preview":"max-video-preview:-1"},"canonical":"https:\/\/visitbo.no\/sentrumsringen\/ledigestillinger\/","og_locale":"nb_NO","og_type":"article","og_title":"Ledige stillinger ved medlemsbedrifter - Sentrumsringen","og_description":"Se alle ledige stillingene ved medlembedriftene i Sentrumsringen i B\u00f8.","og_url":"https:\/\/visitbo.no\/sentrumsringen\/ledigestillinger\/","og_site_name":"Sentrumsringen","article_modified_time":"2025-04-16T09:30:01+00:00","twitter_card":"summary_large_image","twitter_misc":{"Ansl. lesetid":"2 minutter"},"schema":{"@context":"https:\/\/schema.org","@graph":[{"@type":"WebPage","@id":"https:\/\/visitbo.no\/sentrumsringen\/ledigestillinger\/","url":"https:\/\/visitbo.no\/sentrumsringen\/ledigestillinger\/","name":"Ledige stillinger ved medlemsbedrifter - Sentrumsringen","isPartOf":{"@id":"https:\/\/visitbo.no\/sentrumsringen\/#website"},"datePublished":"2023-08-29T11:30:19+00:00","dateModified":"2025-04-16T09:30:01+00:00","description":"Se alle ledige stillingene ved medlembedriftene i Sentrumsringen i B\u00f8.","breadcrumb":{"@id":"https:\/\/visitbo.no\/sentrumsringen\/ledigestillinger\/#breadcrumb"},"inLanguage":"nb-NO","potentialAction":[{"@type":"ReadAction","target":["https:\/\/visitbo.no\/sentrumsringen\/ledigestillinger\/"]}]},{"@type":"BreadcrumbList","@id":"https:\/\/visitbo.no\/sentrumsringen\/ledigestillinger\/#breadcrumb","itemListElement":[{"@type":"ListItem","position":1,"name":"Hjem","item":"https:\/\/visitbo.no\/sentrumsringen\/"},{"@type":"ListItem","position":2,"name":"Ledige stillinger ved medlemsbedrifter"}]},{"@type":"WebSite","@id":"https:\/\/visitbo.no\/sentrumsringen\/#website","url":"https:\/\/visitbo.no\/sentrumsringen\/","name":"Sentrumsringen","description":"One online experience - for everything your destination has to offer.","potentialAction":[{"@type":"SearchAction","target":{"@type":"EntryPoint","urlTemplate":"https:\/\/visitbo.no\/sentrumsringen\/?s={search_term_string}"},"query-input":{"@type":"PropertyValueSpecification","valueRequired":true,"valueName":"search_term_string"}}],"inLanguage":"nb-NO"}]}},"_links":{"self":[{"href":"https:\/\/visitbo.no\/sentrumsringen\/wp-json\/wp\/v2\/pages\/7931","targetHints":{"allow":["GET"]}}],"collection":[{"href":"https:\/\/visitbo.no\/sentrumsringen\/wp-json\/wp\/v2\/pages"}],"about":[{"href":"https:\/\/visitbo.no\/sentrumsringen\/wp-json\/wp\/v2\/types\/page"}],"author":[{"embeddable":true,"href":"https:\/\/visitbo.no\/sentrumsringen\/wp-json\/wp\/v2\/users\/6"}],"replies":[{"embeddable":true,"href":"https:\/\/visitbo.no\/sentrumsringen\/wp-json\/wp\/v2\/comments?post=7931"}],"version-history":[{"count":88,"href":"https:\/\/visitbo.no\/sentrumsringen\/wp-json\/wp\/v2\/pages\/7931\/revisions"}],"predecessor-version":[{"id":9443,"href":"https:\/\/visitbo.no\/sentrumsringen\/wp-json\/wp\/v2\/pages\/7931\/revisions\/9443"}],"wp:attachment":[{"href":"https:\/\/visitbo.no\/sentrumsringen\/wp-json\/wp\/v2\/media?parent=7931"}],"curies":[{"name":"wp","href":"https:\/\/api.w.org\/{rel}","templated":true}]}}