{"id":7952,"date":"2020-11-11T11:27:29","date_gmt":"2020-11-11T10:27:29","guid":{"rendered":"https:\/\/visitbo.no\/sentrumsringen\/?page_id=7952"},"modified":"2024-01-16T15:29:43","modified_gmt":"2024-01-16T14:29:43","slug":"informasjon","status":"publish","type":"page","link":"https:\/\/visitbo.no\/sentrumsringen\/informasjon\/","title":{"rendered":"Hva gj\u00f8r Sentrumsringen"},"content":{"rendered":"<div id=\"cs-content\" class=\"cs-content\"><\/div>\n","protected":false},"excerpt":{"rendered":"<p>Hva gj\u00f8r Sentrumsringen&nbsp;&nbsp;Handelsstanden i B\u00f8 har et aktivt \u00e5rshjul med mange kunde-arrangementer. Natt\u00e5pent i juli er v\u00e5r definitivt st\u00f8rste handelsdag med g\u00e5gate, aktiviteter og et yrende folkeliv. V\u00e5rmarked og h\u00f8stmarked er hyggelige markedsdager p\u00e5 torget.\u00a0 \u201dB\u00f8 i Hondre\u201d, v\u00e5r salgskampanje p\u00e5 h\u00f8sten er popul\u00e6r og med felles kampanjemateriell for alle butikkene. I julesesongen tenner vi julegata med fakler, henger opp &#8230; <\/p>\n<div><a href=\"https:\/\/visitbo.no\/sentrumsringen\/informasjon\/\" class=\"more-link\">Read More<\/a><\/div>\n","protected":false},"author":6,"featured_media":0,"parent":0,"menu_order":3,"comment_status":"closed","ping_status":"closed","template":"template-blank-4.php","meta":{"_relevanssi_hide_post":"","_relevanssi_hide_content":"","_relevanssi_pin_for_all":"","_relevanssi_pin_keywords":"","_relevanssi_unpin_keywords":"","_relevanssi_related_keywords":"","_relevanssi_related_include_ids":"","_relevanssi_related_exclude_ids":"","_relevanssi_related_no_append":"","_relevanssi_related_not_related":"","_relevanssi_related_posts":"","_relevanssi_noindex_reason":"","footnotes":""},"class_list":["post-7952","page","type-page","status-publish","hentry","no-post-thumbnail"],"yoast_head":"<!-- This site is optimized with the Yoast SEO plugin v27.2 - https:\/\/yoast.com\/product\/yoast-seo-wordpress\/ -->\n<title>Hva gj\u00f8r Sentrumsringen - Sentrumsringen<\/title>\n<meta name=\"robots\" content=\"index, follow, max-snippet:-1, max-image-preview:large, max-video-preview:-1\" \/>\n<link rel=\"canonical\" href=\"https:\/\/visitbo.no\/sentrumsringen\/informasjon\/\" \/>\n<meta property=\"og:locale\" content=\"nb_NO\" \/>\n<meta property=\"og:type\" content=\"article\" \/>\n<meta property=\"og:title\" content=\"Hva gj\u00f8r Sentrumsringen - Sentrumsringen\" \/>\n<meta property=\"og:description\" content=\"Hva gj\u00f8r Sentrumsringen&nbsp;&nbsp;Handelsstanden i B\u00f8 har et aktivt \u00e5rshjul med mange kunde-arrangementer. Natt\u00e5pent i juli er v\u00e5r definitivt st\u00f8rste handelsdag med g\u00e5gate, aktiviteter og et yrende folkeliv. V\u00e5rmarked og h\u00f8stmarked er hyggelige markedsdager p\u00e5 torget.\u00a0 \u201dB\u00f8 i Hondre\u201d, v\u00e5r salgskampanje p\u00e5 h\u00f8sten er popul\u00e6r og med felles kampanjemateriell for alle butikkene. I julesesongen tenner vi julegata med fakler, henger opp ... Read More\" \/>\n<meta property=\"og:url\" content=\"https:\/\/visitbo.no\/sentrumsringen\/informasjon\/\" \/>\n<meta property=\"og:site_name\" content=\"Sentrumsringen\" \/>\n<meta property=\"article:modified_time\" content=\"2024-01-16T14:29:43+00:00\" \/>\n<meta name=\"twitter:card\" content=\"summary_large_image\" \/>\n<meta name=\"twitter:label1\" content=\"Ansl. lesetid\" \/>\n\t<meta name=\"twitter:data1\" content=\"4 minutter\" \/>\n<script type=\"application\/ld+json\" class=\"yoast-schema-graph\">{\"@context\":\"https:\/\/schema.org\",\"@graph\":[{\"@type\":\"WebPage\",\"@id\":\"https:\/\/visitbo.no\/sentrumsringen\/informasjon\/\",\"url\":\"https:\/\/visitbo.no\/sentrumsringen\/informasjon\/\",\"name\":\"Hva gj\u00f8r Sentrumsringen - Sentrumsringen\",\"isPartOf\":{\"@id\":\"https:\/\/visitbo.no\/sentrumsringen\/#website\"},\"datePublished\":\"2020-11-11T10:27:29+00:00\",\"dateModified\":\"2024-01-16T14:29:43+00:00\",\"breadcrumb\":{\"@id\":\"https:\/\/visitbo.no\/sentrumsringen\/informasjon\/#breadcrumb\"},\"inLanguage\":\"nb-NO\",\"potentialAction\":[{\"@type\":\"ReadAction\",\"target\":[\"https:\/\/visitbo.no\/sentrumsringen\/informasjon\/\"]}]},{\"@type\":\"BreadcrumbList\",\"@id\":\"https:\/\/visitbo.no\/sentrumsringen\/informasjon\/#breadcrumb\",\"itemListElement\":[{\"@type\":\"ListItem\",\"position\":1,\"name\":\"Hjem\",\"item\":\"https:\/\/visitbo.no\/sentrumsringen\/\"},{\"@type\":\"ListItem\",\"position\":2,\"name\":\"Hva gj\u00f8r Sentrumsringen\"}]},{\"@type\":\"WebSite\",\"@id\":\"https:\/\/visitbo.no\/sentrumsringen\/#website\",\"url\":\"https:\/\/visitbo.no\/sentrumsringen\/\",\"name\":\"Sentrumsringen\",\"description\":\"One online experience - for everything your destination has to offer.\",\"potentialAction\":[{\"@type\":\"SearchAction\",\"target\":{\"@type\":\"EntryPoint\",\"urlTemplate\":\"https:\/\/visitbo.no\/sentrumsringen\/?s={search_term_string}\"},\"query-input\":{\"@type\":\"PropertyValueSpecification\",\"valueRequired\":true,\"valueName\":\"search_term_string\"}}],\"inLanguage\":\"nb-NO\"}]}<\/script>\n<!-- \/ Yoast SEO plugin. -->","yoast_head_json":{"title":"Hva gj\u00f8r Sentrumsringen - Sentrumsringen","robots":{"index":"index","follow":"follow","max-snippet":"max-snippet:-1","max-image-preview":"max-image-preview:large","max-video-preview":"max-video-preview:-1"},"canonical":"https:\/\/visitbo.no\/sentrumsringen\/informasjon\/","og_locale":"nb_NO","og_type":"article","og_title":"Hva gj\u00f8r Sentrumsringen - Sentrumsringen","og_description":"Hva gj\u00f8r Sentrumsringen&nbsp;&nbsp;Handelsstanden i B\u00f8 har et aktivt \u00e5rshjul med mange kunde-arrangementer. Natt\u00e5pent i juli er v\u00e5r definitivt st\u00f8rste handelsdag med g\u00e5gate, aktiviteter og et yrende folkeliv. V\u00e5rmarked og h\u00f8stmarked er hyggelige markedsdager p\u00e5 torget.\u00a0 \u201dB\u00f8 i Hondre\u201d, v\u00e5r salgskampanje p\u00e5 h\u00f8sten er popul\u00e6r og med felles kampanjemateriell for alle butikkene. I julesesongen tenner vi julegata med fakler, henger opp ... Read More","og_url":"https:\/\/visitbo.no\/sentrumsringen\/informasjon\/","og_site_name":"Sentrumsringen","article_modified_time":"2024-01-16T14:29:43+00:00","twitter_card":"summary_large_image","twitter_misc":{"Ansl. lesetid":"4 minutter"},"schema":{"@context":"https:\/\/schema.org","@graph":[{"@type":"WebPage","@id":"https:\/\/visitbo.no\/sentrumsringen\/informasjon\/","url":"https:\/\/visitbo.no\/sentrumsringen\/informasjon\/","name":"Hva gj\u00f8r Sentrumsringen - Sentrumsringen","isPartOf":{"@id":"https:\/\/visitbo.no\/sentrumsringen\/#website"},"datePublished":"2020-11-11T10:27:29+00:00","dateModified":"2024-01-16T14:29:43+00:00","breadcrumb":{"@id":"https:\/\/visitbo.no\/sentrumsringen\/informasjon\/#breadcrumb"},"inLanguage":"nb-NO","potentialAction":[{"@type":"ReadAction","target":["https:\/\/visitbo.no\/sentrumsringen\/informasjon\/"]}]},{"@type":"BreadcrumbList","@id":"https:\/\/visitbo.no\/sentrumsringen\/informasjon\/#breadcrumb","itemListElement":[{"@type":"ListItem","position":1,"name":"Hjem","item":"https:\/\/visitbo.no\/sentrumsringen\/"},{"@type":"ListItem","position":2,"name":"Hva gj\u00f8r Sentrumsringen"}]},{"@type":"WebSite","@id":"https:\/\/visitbo.no\/sentrumsringen\/#website","url":"https:\/\/visitbo.no\/sentrumsringen\/","name":"Sentrumsringen","description":"One online experience - for everything your destination has to offer.","potentialAction":[{"@type":"SearchAction","target":{"@type":"EntryPoint","urlTemplate":"https:\/\/visitbo.no\/sentrumsringen\/?s={search_term_string}"},"query-input":{"@type":"PropertyValueSpecification","valueRequired":true,"valueName":"search_term_string"}}],"inLanguage":"nb-NO"}]}},"_links":{"self":[{"href":"https:\/\/visitbo.no\/sentrumsringen\/wp-json\/wp\/v2\/pages\/7952","targetHints":{"allow":["GET"]}}],"collection":[{"href":"https:\/\/visitbo.no\/sentrumsringen\/wp-json\/wp\/v2\/pages"}],"about":[{"href":"https:\/\/visitbo.no\/sentrumsringen\/wp-json\/wp\/v2\/types\/page"}],"author":[{"embeddable":true,"href":"https:\/\/visitbo.no\/sentrumsringen\/wp-json\/wp\/v2\/users\/6"}],"replies":[{"embeddable":true,"href":"https:\/\/visitbo.no\/sentrumsringen\/wp-json\/wp\/v2\/comments?post=7952"}],"version-history":[{"count":17,"href":"https:\/\/visitbo.no\/sentrumsringen\/wp-json\/wp\/v2\/pages\/7952\/revisions"}],"predecessor-version":[{"id":9087,"href":"https:\/\/visitbo.no\/sentrumsringen\/wp-json\/wp\/v2\/pages\/7952\/revisions\/9087"}],"wp:attachment":[{"href":"https:\/\/visitbo.no\/sentrumsringen\/wp-json\/wp\/v2\/media?parent=7952"}],"curies":[{"name":"wp","href":"https:\/\/api.w.org\/{rel}","templated":true}]}}