{"id":7957,"date":"2020-11-11T12:27:12","date_gmt":"2020-11-11T11:27:12","guid":{"rendered":"https:\/\/visitbo.no\/sentrumsringen\/?page_id=7957"},"modified":"2026-01-26T15:22:52","modified_gmt":"2026-01-26T14:22:52","slug":"universellutforming","status":"publish","type":"page","link":"https:\/\/visitbo.no\/sentrumsringen\/universellutforming\/","title":{"rendered":"Universell utforming"},"content":{"rendered":"<div id=\"cs-content\" class=\"cs-content\"><\/div>\n","protected":false},"excerpt":{"rendered":"<p>Universell utforming&nbsp;&nbsp;Sentrumsringen deltar i bedriftsnettverksprosjektet\u00a0\u201cInkluderende reiseliv i Telemark\u201d\u00a0for \u00e5 f\u00e5 mer kunnskap om tilrettelegging for mennesker med funksjonsnedsettelse. Ingen av deltakerbedriftene har mulighet til \u00e5 bli universelt utformet, men alle jobber med \u00e5 tilrettelegge for alle s\u00e5 langt de har mulighet. \u00abIngen kan tilrettelegge alt for alle, men alle kan tilrettelegge noe for noen\u00bb er prosjektets slagord og beskriver godt &#8230; <\/p>\n<div><a href=\"https:\/\/visitbo.no\/sentrumsringen\/universellutforming\/\" class=\"more-link\">Read More<\/a><\/div>\n","protected":false},"author":6,"featured_media":0,"parent":0,"menu_order":3,"comment_status":"closed","ping_status":"closed","template":"template-blank-4.php","meta":{"_relevanssi_hide_post":"","_relevanssi_hide_content":"","_relevanssi_pin_for_all":"","_relevanssi_pin_keywords":"","_relevanssi_unpin_keywords":"","_relevanssi_related_keywords":"","_relevanssi_related_include_ids":"","_relevanssi_related_exclude_ids":"","_relevanssi_related_no_append":"","_relevanssi_related_not_related":"","_relevanssi_related_posts":"","_relevanssi_noindex_reason":"","footnotes":""},"class_list":["post-7957","page","type-page","status-publish","hentry","no-post-thumbnail"],"yoast_head":"<!-- This site is optimized with the Yoast SEO plugin v27.2 - https:\/\/yoast.com\/product\/yoast-seo-wordpress\/ -->\n<title>Universell utforming - Sentrumsringen<\/title>\n<meta name=\"robots\" content=\"index, follow, max-snippet:-1, max-image-preview:large, max-video-preview:-1\" \/>\n<link rel=\"canonical\" href=\"https:\/\/visitbo.no\/sentrumsringen\/universellutforming\/\" \/>\n<meta property=\"og:locale\" content=\"nb_NO\" \/>\n<meta property=\"og:type\" content=\"article\" \/>\n<meta property=\"og:title\" content=\"Universell utforming - Sentrumsringen\" \/>\n<meta property=\"og:description\" content=\"Universell utforming&nbsp;&nbsp;Sentrumsringen deltar i bedriftsnettverksprosjektet\u00a0\u201cInkluderende reiseliv i Telemark\u201d\u00a0for \u00e5 f\u00e5 mer kunnskap om tilrettelegging for mennesker med funksjonsnedsettelse. Ingen av deltakerbedriftene har mulighet til \u00e5 bli universelt utformet, men alle jobber med \u00e5 tilrettelegge for alle s\u00e5 langt de har mulighet. \u00abIngen kan tilrettelegge alt for alle, men alle kan tilrettelegge noe for noen\u00bb er prosjektets slagord og beskriver godt ... Read More\" \/>\n<meta property=\"og:url\" content=\"https:\/\/visitbo.no\/sentrumsringen\/universellutforming\/\" \/>\n<meta property=\"og:site_name\" content=\"Sentrumsringen\" \/>\n<meta property=\"article:modified_time\" content=\"2026-01-26T14:22:52+00:00\" \/>\n<meta name=\"twitter:card\" content=\"summary_large_image\" \/>\n<script type=\"application\/ld+json\" class=\"yoast-schema-graph\">{\"@context\":\"https:\/\/schema.org\",\"@graph\":[{\"@type\":\"WebPage\",\"@id\":\"https:\/\/visitbo.no\/sentrumsringen\/universellutforming\/\",\"url\":\"https:\/\/visitbo.no\/sentrumsringen\/universellutforming\/\",\"name\":\"Universell utforming - Sentrumsringen\",\"isPartOf\":{\"@id\":\"https:\/\/visitbo.no\/sentrumsringen\/#website\"},\"datePublished\":\"2020-11-11T11:27:12+00:00\",\"dateModified\":\"2026-01-26T14:22:52+00:00\",\"breadcrumb\":{\"@id\":\"https:\/\/visitbo.no\/sentrumsringen\/universellutforming\/#breadcrumb\"},\"inLanguage\":\"nb-NO\",\"potentialAction\":[{\"@type\":\"ReadAction\",\"target\":[\"https:\/\/visitbo.no\/sentrumsringen\/universellutforming\/\"]}]},{\"@type\":\"BreadcrumbList\",\"@id\":\"https:\/\/visitbo.no\/sentrumsringen\/universellutforming\/#breadcrumb\",\"itemListElement\":[{\"@type\":\"ListItem\",\"position\":1,\"name\":\"Hjem\",\"item\":\"https:\/\/visitbo.no\/sentrumsringen\/\"},{\"@type\":\"ListItem\",\"position\":2,\"name\":\"Universell utforming\"}]},{\"@type\":\"WebSite\",\"@id\":\"https:\/\/visitbo.no\/sentrumsringen\/#website\",\"url\":\"https:\/\/visitbo.no\/sentrumsringen\/\",\"name\":\"Sentrumsringen\",\"description\":\"One online experience - for everything your destination has to offer.\",\"potentialAction\":[{\"@type\":\"SearchAction\",\"target\":{\"@type\":\"EntryPoint\",\"urlTemplate\":\"https:\/\/visitbo.no\/sentrumsringen\/?s={search_term_string}\"},\"query-input\":{\"@type\":\"PropertyValueSpecification\",\"valueRequired\":true,\"valueName\":\"search_term_string\"}}],\"inLanguage\":\"nb-NO\"}]}<\/script>\n<!-- \/ Yoast SEO plugin. -->","yoast_head_json":{"title":"Universell utforming - Sentrumsringen","robots":{"index":"index","follow":"follow","max-snippet":"max-snippet:-1","max-image-preview":"max-image-preview:large","max-video-preview":"max-video-preview:-1"},"canonical":"https:\/\/visitbo.no\/sentrumsringen\/universellutforming\/","og_locale":"nb_NO","og_type":"article","og_title":"Universell utforming - Sentrumsringen","og_description":"Universell utforming&nbsp;&nbsp;Sentrumsringen deltar i bedriftsnettverksprosjektet\u00a0\u201cInkluderende reiseliv i Telemark\u201d\u00a0for \u00e5 f\u00e5 mer kunnskap om tilrettelegging for mennesker med funksjonsnedsettelse. Ingen av deltakerbedriftene har mulighet til \u00e5 bli universelt utformet, men alle jobber med \u00e5 tilrettelegge for alle s\u00e5 langt de har mulighet. \u00abIngen kan tilrettelegge alt for alle, men alle kan tilrettelegge noe for noen\u00bb er prosjektets slagord og beskriver godt ... Read More","og_url":"https:\/\/visitbo.no\/sentrumsringen\/universellutforming\/","og_site_name":"Sentrumsringen","article_modified_time":"2026-01-26T14:22:52+00:00","twitter_card":"summary_large_image","schema":{"@context":"https:\/\/schema.org","@graph":[{"@type":"WebPage","@id":"https:\/\/visitbo.no\/sentrumsringen\/universellutforming\/","url":"https:\/\/visitbo.no\/sentrumsringen\/universellutforming\/","name":"Universell utforming - Sentrumsringen","isPartOf":{"@id":"https:\/\/visitbo.no\/sentrumsringen\/#website"},"datePublished":"2020-11-11T11:27:12+00:00","dateModified":"2026-01-26T14:22:52+00:00","breadcrumb":{"@id":"https:\/\/visitbo.no\/sentrumsringen\/universellutforming\/#breadcrumb"},"inLanguage":"nb-NO","potentialAction":[{"@type":"ReadAction","target":["https:\/\/visitbo.no\/sentrumsringen\/universellutforming\/"]}]},{"@type":"BreadcrumbList","@id":"https:\/\/visitbo.no\/sentrumsringen\/universellutforming\/#breadcrumb","itemListElement":[{"@type":"ListItem","position":1,"name":"Hjem","item":"https:\/\/visitbo.no\/sentrumsringen\/"},{"@type":"ListItem","position":2,"name":"Universell utforming"}]},{"@type":"WebSite","@id":"https:\/\/visitbo.no\/sentrumsringen\/#website","url":"https:\/\/visitbo.no\/sentrumsringen\/","name":"Sentrumsringen","description":"One online experience - for everything your destination has to offer.","potentialAction":[{"@type":"SearchAction","target":{"@type":"EntryPoint","urlTemplate":"https:\/\/visitbo.no\/sentrumsringen\/?s={search_term_string}"},"query-input":{"@type":"PropertyValueSpecification","valueRequired":true,"valueName":"search_term_string"}}],"inLanguage":"nb-NO"}]}},"_links":{"self":[{"href":"https:\/\/visitbo.no\/sentrumsringen\/wp-json\/wp\/v2\/pages\/7957","targetHints":{"allow":["GET"]}}],"collection":[{"href":"https:\/\/visitbo.no\/sentrumsringen\/wp-json\/wp\/v2\/pages"}],"about":[{"href":"https:\/\/visitbo.no\/sentrumsringen\/wp-json\/wp\/v2\/types\/page"}],"author":[{"embeddable":true,"href":"https:\/\/visitbo.no\/sentrumsringen\/wp-json\/wp\/v2\/users\/6"}],"replies":[{"embeddable":true,"href":"https:\/\/visitbo.no\/sentrumsringen\/wp-json\/wp\/v2\/comments?post=7957"}],"version-history":[{"count":49,"href":"https:\/\/visitbo.no\/sentrumsringen\/wp-json\/wp\/v2\/pages\/7957\/revisions"}],"predecessor-version":[{"id":8070,"href":"https:\/\/visitbo.no\/sentrumsringen\/wp-json\/wp\/v2\/pages\/7957\/revisions\/8070"}],"wp:attachment":[{"href":"https:\/\/visitbo.no\/sentrumsringen\/wp-json\/wp\/v2\/media?parent=7957"}],"curies":[{"name":"wp","href":"https:\/\/api.w.org\/{rel}","templated":true}]}}