{"id":7960,"date":"2020-11-11T12:46:04","date_gmt":"2020-11-11T11:46:04","guid":{"rendered":"https:\/\/visitbo.no\/sentrumsringen\/?page_id=7960"},"modified":"2026-01-13T13:41:52","modified_gmt":"2026-01-13T12:41:52","slug":"medlemmer","status":"publish","type":"page","link":"https:\/\/visitbo.no\/sentrumsringen\/medlemmer\/","title":{"rendered":"V\u00e5re medlemmer"},"content":{"rendered":"<div id=\"cs-content\" class=\"cs-content\"><\/div>\n","protected":false},"excerpt":{"rendered":"<p>V\u00e5re medlemmer&nbsp;&nbsp;Sentrumsringen har ca. 80 medlemsbedrifter. B\u00e5de kj\u00f8pesentrene og sentrumsbutikker er med &#8211; dette gir oss en unikt konkurransefortrinn! Sammen kan vi skape gode sentrumsopplevelser for kundene og \u00f8ke attraksjonskraften til B\u00f8 som handelssentrum.\u00a0 Hos mange av medlemmene v\u00e5re kan du bruke B\u00d8-KORTET, dog ikke ved alle. Sjekk her hvor du kan bruke det.&nbsp;1928 S\u00f8nsteb\u00f8\u00a0 Aasmundsen Bakeri Aktiv Eiendomsmegling Almank\u00e5s &#8230; <\/p>\n<div><a href=\"https:\/\/visitbo.no\/sentrumsringen\/medlemmer\/\" class=\"more-link\">Read More<\/a><\/div>\n","protected":false},"author":6,"featured_media":0,"parent":0,"menu_order":3,"comment_status":"closed","ping_status":"closed","template":"template-blank-4.php","meta":{"_relevanssi_hide_post":"","_relevanssi_hide_content":"","_relevanssi_pin_for_all":"","_relevanssi_pin_keywords":"","_relevanssi_unpin_keywords":"","_relevanssi_related_keywords":"","_relevanssi_related_include_ids":"","_relevanssi_related_exclude_ids":"","_relevanssi_related_no_append":"","_relevanssi_related_not_related":"","_relevanssi_related_posts":"","_relevanssi_noindex_reason":"","footnotes":""},"class_list":["post-7960","page","type-page","status-publish","hentry","no-post-thumbnail"],"yoast_head":"<!-- This site is optimized with the Yoast SEO plugin v27.2 - https:\/\/yoast.com\/product\/yoast-seo-wordpress\/ -->\n<title>V\u00e5re medlemmer - Sentrumsringen<\/title>\n<meta name=\"robots\" content=\"index, follow, max-snippet:-1, max-image-preview:large, max-video-preview:-1\" \/>\n<link rel=\"canonical\" href=\"https:\/\/visitbo.no\/sentrumsringen\/medlemmer\/\" \/>\n<meta property=\"og:locale\" content=\"nb_NO\" \/>\n<meta property=\"og:type\" content=\"article\" \/>\n<meta property=\"og:title\" content=\"V\u00e5re medlemmer - Sentrumsringen\" \/>\n<meta property=\"og:description\" content=\"V\u00e5re medlemmer&nbsp;&nbsp;Sentrumsringen har ca. 80 medlemsbedrifter. B\u00e5de kj\u00f8pesentrene og sentrumsbutikker er med - dette gir oss en unikt konkurransefortrinn! Sammen kan vi skape gode sentrumsopplevelser for kundene og \u00f8ke attraksjonskraften til B\u00f8 som handelssentrum.\u00a0 Hos mange av medlemmene v\u00e5re kan du bruke B\u00d8-KORTET, dog ikke ved alle. Sjekk her hvor du kan bruke det.&nbsp;1928 S\u00f8nsteb\u00f8\u00a0 Aasmundsen Bakeri Aktiv Eiendomsmegling Almank\u00e5s ... Read More\" \/>\n<meta property=\"og:url\" content=\"https:\/\/visitbo.no\/sentrumsringen\/medlemmer\/\" \/>\n<meta property=\"og:site_name\" content=\"Sentrumsringen\" \/>\n<meta property=\"article:modified_time\" content=\"2026-01-13T12:41:52+00:00\" \/>\n<meta name=\"twitter:card\" content=\"summary_large_image\" \/>\n<meta name=\"twitter:label1\" content=\"Ansl. lesetid\" \/>\n\t<meta name=\"twitter:data1\" content=\"3 minutter\" \/>\n<script type=\"application\/ld+json\" class=\"yoast-schema-graph\">{\"@context\":\"https:\/\/schema.org\",\"@graph\":[{\"@type\":\"WebPage\",\"@id\":\"https:\/\/visitbo.no\/sentrumsringen\/medlemmer\/\",\"url\":\"https:\/\/visitbo.no\/sentrumsringen\/medlemmer\/\",\"name\":\"V\u00e5re medlemmer - Sentrumsringen\",\"isPartOf\":{\"@id\":\"https:\/\/visitbo.no\/sentrumsringen\/#website\"},\"datePublished\":\"2020-11-11T11:46:04+00:00\",\"dateModified\":\"2026-01-13T12:41:52+00:00\",\"breadcrumb\":{\"@id\":\"https:\/\/visitbo.no\/sentrumsringen\/medlemmer\/#breadcrumb\"},\"inLanguage\":\"nb-NO\",\"potentialAction\":[{\"@type\":\"ReadAction\",\"target\":[\"https:\/\/visitbo.no\/sentrumsringen\/medlemmer\/\"]}]},{\"@type\":\"BreadcrumbList\",\"@id\":\"https:\/\/visitbo.no\/sentrumsringen\/medlemmer\/#breadcrumb\",\"itemListElement\":[{\"@type\":\"ListItem\",\"position\":1,\"name\":\"Hjem\",\"item\":\"https:\/\/visitbo.no\/sentrumsringen\/\"},{\"@type\":\"ListItem\",\"position\":2,\"name\":\"V\u00e5re medlemmer\"}]},{\"@type\":\"WebSite\",\"@id\":\"https:\/\/visitbo.no\/sentrumsringen\/#website\",\"url\":\"https:\/\/visitbo.no\/sentrumsringen\/\",\"name\":\"Sentrumsringen\",\"description\":\"One online experience - for everything your destination has to offer.\",\"potentialAction\":[{\"@type\":\"SearchAction\",\"target\":{\"@type\":\"EntryPoint\",\"urlTemplate\":\"https:\/\/visitbo.no\/sentrumsringen\/?s={search_term_string}\"},\"query-input\":{\"@type\":\"PropertyValueSpecification\",\"valueRequired\":true,\"valueName\":\"search_term_string\"}}],\"inLanguage\":\"nb-NO\"}]}<\/script>\n<!-- \/ Yoast SEO plugin. -->","yoast_head_json":{"title":"V\u00e5re medlemmer - Sentrumsringen","robots":{"index":"index","follow":"follow","max-snippet":"max-snippet:-1","max-image-preview":"max-image-preview:large","max-video-preview":"max-video-preview:-1"},"canonical":"https:\/\/visitbo.no\/sentrumsringen\/medlemmer\/","og_locale":"nb_NO","og_type":"article","og_title":"V\u00e5re medlemmer - Sentrumsringen","og_description":"V\u00e5re medlemmer&nbsp;&nbsp;Sentrumsringen har ca. 80 medlemsbedrifter. B\u00e5de kj\u00f8pesentrene og sentrumsbutikker er med - dette gir oss en unikt konkurransefortrinn! Sammen kan vi skape gode sentrumsopplevelser for kundene og \u00f8ke attraksjonskraften til B\u00f8 som handelssentrum.\u00a0 Hos mange av medlemmene v\u00e5re kan du bruke B\u00d8-KORTET, dog ikke ved alle. Sjekk her hvor du kan bruke det.&nbsp;1928 S\u00f8nsteb\u00f8\u00a0 Aasmundsen Bakeri Aktiv Eiendomsmegling Almank\u00e5s ... Read More","og_url":"https:\/\/visitbo.no\/sentrumsringen\/medlemmer\/","og_site_name":"Sentrumsringen","article_modified_time":"2026-01-13T12:41:52+00:00","twitter_card":"summary_large_image","twitter_misc":{"Ansl. lesetid":"3 minutter"},"schema":{"@context":"https:\/\/schema.org","@graph":[{"@type":"WebPage","@id":"https:\/\/visitbo.no\/sentrumsringen\/medlemmer\/","url":"https:\/\/visitbo.no\/sentrumsringen\/medlemmer\/","name":"V\u00e5re medlemmer - Sentrumsringen","isPartOf":{"@id":"https:\/\/visitbo.no\/sentrumsringen\/#website"},"datePublished":"2020-11-11T11:46:04+00:00","dateModified":"2026-01-13T12:41:52+00:00","breadcrumb":{"@id":"https:\/\/visitbo.no\/sentrumsringen\/medlemmer\/#breadcrumb"},"inLanguage":"nb-NO","potentialAction":[{"@type":"ReadAction","target":["https:\/\/visitbo.no\/sentrumsringen\/medlemmer\/"]}]},{"@type":"BreadcrumbList","@id":"https:\/\/visitbo.no\/sentrumsringen\/medlemmer\/#breadcrumb","itemListElement":[{"@type":"ListItem","position":1,"name":"Hjem","item":"https:\/\/visitbo.no\/sentrumsringen\/"},{"@type":"ListItem","position":2,"name":"V\u00e5re medlemmer"}]},{"@type":"WebSite","@id":"https:\/\/visitbo.no\/sentrumsringen\/#website","url":"https:\/\/visitbo.no\/sentrumsringen\/","name":"Sentrumsringen","description":"One online experience - for everything your destination has to offer.","potentialAction":[{"@type":"SearchAction","target":{"@type":"EntryPoint","urlTemplate":"https:\/\/visitbo.no\/sentrumsringen\/?s={search_term_string}"},"query-input":{"@type":"PropertyValueSpecification","valueRequired":true,"valueName":"search_term_string"}}],"inLanguage":"nb-NO"}]}},"_links":{"self":[{"href":"https:\/\/visitbo.no\/sentrumsringen\/wp-json\/wp\/v2\/pages\/7960","targetHints":{"allow":["GET"]}}],"collection":[{"href":"https:\/\/visitbo.no\/sentrumsringen\/wp-json\/wp\/v2\/pages"}],"about":[{"href":"https:\/\/visitbo.no\/sentrumsringen\/wp-json\/wp\/v2\/types\/page"}],"author":[{"embeddable":true,"href":"https:\/\/visitbo.no\/sentrumsringen\/wp-json\/wp\/v2\/users\/6"}],"replies":[{"embeddable":true,"href":"https:\/\/visitbo.no\/sentrumsringen\/wp-json\/wp\/v2\/comments?post=7960"}],"version-history":[{"count":113,"href":"https:\/\/visitbo.no\/sentrumsringen\/wp-json\/wp\/v2\/pages\/7960\/revisions"}],"predecessor-version":[{"id":9524,"href":"https:\/\/visitbo.no\/sentrumsringen\/wp-json\/wp\/v2\/pages\/7960\/revisions\/9524"}],"wp:attachment":[{"href":"https:\/\/visitbo.no\/sentrumsringen\/wp-json\/wp\/v2\/media?parent=7960"}],"curies":[{"name":"wp","href":"https:\/\/api.w.org\/{rel}","templated":true}]}}