{"id":2,"date":"2012-04-11T16:34:42","date_gmt":"2012-04-11T14:34:42","guid":{"rendered":"https:\/\/tonto.wp.oppdateringsfabrikken.no\/?page_id=2"},"modified":"2025-08-19T12:25:08","modified_gmt":"2025-08-19T10:25:08","slug":"forside","status":"publish","type":"page","link":"https:\/\/visitbo.no\/skogens-rom-sauna\/","title":{"rendered":"Skogens rom sauna"},"content":{"rendered":"<div id=\"cs-content\" class=\"cs-content\"><\/div>\n","protected":false},"excerpt":{"rendered":"<p>Skogens rom sauna Flytende badstue i Lunde og ved TelemarkskanalenDesign og komfort Den arkitekttegnede Skogens Rom Badstue, designet av Furore Arkitektur og Oslo Works, kombinerer moderne estetikk med naturskj\u00f8nn ro. Med plass til 10 personer og vedfyring som sikrer en varm og avslappende opplevelse fra f\u00f8rste stund, er dette stedet for b\u00e5de rekreasjon og sosialt samv\u00e6r. Like ved badstuen finner &#8230; <\/p>\n<div><a href=\"https:\/\/visitbo.no\/skogens-rom-sauna\/\" class=\"more-link\">Read More<\/a><\/div>\n","protected":false},"author":1,"featured_media":8226,"parent":0,"menu_order":0,"comment_status":"closed","ping_status":"closed","template":"template-blank-4.php","meta":{"_relevanssi_hide_post":"","_relevanssi_hide_content":"","_relevanssi_pin_for_all":"","_relevanssi_pin_keywords":"","_relevanssi_unpin_keywords":"","_relevanssi_related_keywords":"","_relevanssi_related_include_ids":"","_relevanssi_related_exclude_ids":"","_relevanssi_related_no_append":"","_relevanssi_related_not_related":"","_relevanssi_related_posts":"","_relevanssi_noindex_reason":"","footnotes":""},"class_list":["post-2","page","type-page","status-publish","has-post-thumbnail","hentry"],"yoast_head":"<!-- This site is optimized with the Yoast SEO plugin v27.2 - https:\/\/yoast.com\/product\/yoast-seo-wordpress\/ -->\n<title>Skogens rom - Flytende badstue - Utend\u00f8rs sauna i Lunde<\/title>\n<meta name=\"description\" content=\"Opplev Skogens Rom sauna i Lunde, Nome \u2013 en flytende badstue ved Telemarkskanalen. Perfekt for avslapning \u00e5ret rundt, med nydelig utsikt.\" \/>\n<meta name=\"robots\" content=\"index, follow, max-snippet:-1, max-image-preview:large, max-video-preview:-1\" \/>\n<link rel=\"canonical\" href=\"https:\/\/visitbo.no\/skogens-rom-sauna\/\" \/>\n<meta property=\"og:locale\" content=\"nb_NO\" \/>\n<meta property=\"og:type\" content=\"article\" \/>\n<meta property=\"og:title\" content=\"Skogens rom - Flytende badstue - Utend\u00f8rs sauna i Lunde\" \/>\n<meta property=\"og:description\" content=\"Opplev Skogens Rom sauna i Lunde, Nome \u2013 en flytende badstue ved Telemarkskanalen. Perfekt for avslapning \u00e5ret rundt, med nydelig utsikt.\" \/>\n<meta property=\"og:url\" content=\"https:\/\/visitbo.no\/skogens-rom-sauna\/\" \/>\n<meta property=\"og:site_name\" content=\"Skogens rom badstue\" \/>\n<meta property=\"article:modified_time\" content=\"2025-08-19T10:25:08+00:00\" \/>\n<meta property=\"og:image\" content=\"https:\/\/visitbo.no\/skogens-rom-sauna\/wp-content\/uploads\/sites\/94\/2025\/08\/skogens-rom-sauna-med-gjest--scaled.jpg\" \/>\n\t<meta property=\"og:image:width\" content=\"1707\" \/>\n\t<meta property=\"og:image:height\" content=\"2560\" \/>\n\t<meta property=\"og:image:type\" content=\"image\/jpeg\" \/>\n<meta name=\"twitter:card\" content=\"summary_large_image\" \/>\n<meta name=\"twitter:label1\" content=\"Ansl. lesetid\" \/>\n\t<meta name=\"twitter:data1\" content=\"2 minutter\" \/>\n<script type=\"application\/ld+json\" class=\"yoast-schema-graph\">{\"@context\":\"https:\/\/schema.org\",\"@graph\":[{\"@type\":\"WebPage\",\"@id\":\"https:\/\/visitbo.no\/skogens-rom-sauna\/\",\"url\":\"https:\/\/visitbo.no\/skogens-rom-sauna\/\",\"name\":\"Skogens rom - Flytende badstue - Utend\u00f8rs sauna i Lunde\",\"isPartOf\":{\"@id\":\"https:\/\/visitbo.no\/skogens-rom-sauna\/#website\"},\"primaryImageOfPage\":{\"@id\":\"https:\/\/visitbo.no\/skogens-rom-sauna\/#primaryimage\"},\"image\":{\"@id\":\"https:\/\/visitbo.no\/skogens-rom-sauna\/#primaryimage\"},\"thumbnailUrl\":\"https:\/\/visitbo.no\/skogens-rom-sauna\/wp-content\/uploads\/sites\/94\/2025\/08\/skogens-rom-sauna-med-gjest--scaled.jpg\",\"datePublished\":\"2012-04-11T14:34:42+00:00\",\"dateModified\":\"2025-08-19T10:25:08+00:00\",\"description\":\"Opplev Skogens Rom sauna i Lunde, Nome \u2013 en flytende badstue ved Telemarkskanalen. Perfekt for avslapning \u00e5ret rundt, med nydelig utsikt.\",\"breadcrumb\":{\"@id\":\"https:\/\/visitbo.no\/skogens-rom-sauna\/#breadcrumb\"},\"inLanguage\":\"nb-NO\",\"potentialAction\":[{\"@type\":\"ReadAction\",\"target\":[\"https:\/\/visitbo.no\/skogens-rom-sauna\/\"]}]},{\"@type\":\"ImageObject\",\"inLanguage\":\"nb-NO\",\"@id\":\"https:\/\/visitbo.no\/skogens-rom-sauna\/#primaryimage\",\"url\":\"https:\/\/visitbo.no\/skogens-rom-sauna\/wp-content\/uploads\/sites\/94\/2025\/08\/skogens-rom-sauna-med-gjest--scaled.jpg\",\"contentUrl\":\"https:\/\/visitbo.no\/skogens-rom-sauna\/wp-content\/uploads\/sites\/94\/2025\/08\/skogens-rom-sauna-med-gjest--scaled.jpg\",\"width\":1707,\"height\":2560,\"caption\":\"Skogens rom sauna med gjest. Foto\"},{\"@type\":\"BreadcrumbList\",\"@id\":\"https:\/\/visitbo.no\/skogens-rom-sauna\/#breadcrumb\",\"itemListElement\":[{\"@type\":\"ListItem\",\"position\":1,\"name\":\"Hjem\",\"item\":\"https:\/\/visitbo.no\/skogens-rom-sauna\/\"},{\"@type\":\"ListItem\",\"position\":2,\"name\":\"Skogens rom sauna\"}]},{\"@type\":\"WebSite\",\"@id\":\"https:\/\/visitbo.no\/skogens-rom-sauna\/#website\",\"url\":\"https:\/\/visitbo.no\/skogens-rom-sauna\/\",\"name\":\"Skogens rom badstue\",\"description\":\"One online experience - for everything your destination has to offer.\",\"potentialAction\":[{\"@type\":\"SearchAction\",\"target\":{\"@type\":\"EntryPoint\",\"urlTemplate\":\"https:\/\/visitbo.no\/skogens-rom-sauna\/?s={search_term_string}\"},\"query-input\":{\"@type\":\"PropertyValueSpecification\",\"valueRequired\":true,\"valueName\":\"search_term_string\"}}],\"inLanguage\":\"nb-NO\"}]}<\/script>\n<!-- \/ Yoast SEO plugin. -->","yoast_head_json":{"title":"Skogens rom - Flytende badstue - Utend\u00f8rs sauna i Lunde","description":"Opplev Skogens Rom sauna i Lunde, Nome \u2013 en flytende badstue ved Telemarkskanalen. Perfekt for avslapning \u00e5ret rundt, med nydelig utsikt.","robots":{"index":"index","follow":"follow","max-snippet":"max-snippet:-1","max-image-preview":"max-image-preview:large","max-video-preview":"max-video-preview:-1"},"canonical":"https:\/\/visitbo.no\/skogens-rom-sauna\/","og_locale":"nb_NO","og_type":"article","og_title":"Skogens rom - Flytende badstue - Utend\u00f8rs sauna i Lunde","og_description":"Opplev Skogens Rom sauna i Lunde, Nome \u2013 en flytende badstue ved Telemarkskanalen. Perfekt for avslapning \u00e5ret rundt, med nydelig utsikt.","og_url":"https:\/\/visitbo.no\/skogens-rom-sauna\/","og_site_name":"Skogens rom badstue","article_modified_time":"2025-08-19T10:25:08+00:00","og_image":[{"width":1707,"height":2560,"url":"https:\/\/visitbo.no\/skogens-rom-sauna\/wp-content\/uploads\/sites\/94\/2025\/08\/skogens-rom-sauna-med-gjest--scaled.jpg","type":"image\/jpeg"}],"twitter_card":"summary_large_image","twitter_misc":{"Ansl. lesetid":"2 minutter"},"schema":{"@context":"https:\/\/schema.org","@graph":[{"@type":"WebPage","@id":"https:\/\/visitbo.no\/skogens-rom-sauna\/","url":"https:\/\/visitbo.no\/skogens-rom-sauna\/","name":"Skogens rom - Flytende badstue - Utend\u00f8rs sauna i Lunde","isPartOf":{"@id":"https:\/\/visitbo.no\/skogens-rom-sauna\/#website"},"primaryImageOfPage":{"@id":"https:\/\/visitbo.no\/skogens-rom-sauna\/#primaryimage"},"image":{"@id":"https:\/\/visitbo.no\/skogens-rom-sauna\/#primaryimage"},"thumbnailUrl":"https:\/\/visitbo.no\/skogens-rom-sauna\/wp-content\/uploads\/sites\/94\/2025\/08\/skogens-rom-sauna-med-gjest--scaled.jpg","datePublished":"2012-04-11T14:34:42+00:00","dateModified":"2025-08-19T10:25:08+00:00","description":"Opplev Skogens Rom sauna i Lunde, Nome \u2013 en flytende badstue ved Telemarkskanalen. Perfekt for avslapning \u00e5ret rundt, med nydelig utsikt.","breadcrumb":{"@id":"https:\/\/visitbo.no\/skogens-rom-sauna\/#breadcrumb"},"inLanguage":"nb-NO","potentialAction":[{"@type":"ReadAction","target":["https:\/\/visitbo.no\/skogens-rom-sauna\/"]}]},{"@type":"ImageObject","inLanguage":"nb-NO","@id":"https:\/\/visitbo.no\/skogens-rom-sauna\/#primaryimage","url":"https:\/\/visitbo.no\/skogens-rom-sauna\/wp-content\/uploads\/sites\/94\/2025\/08\/skogens-rom-sauna-med-gjest--scaled.jpg","contentUrl":"https:\/\/visitbo.no\/skogens-rom-sauna\/wp-content\/uploads\/sites\/94\/2025\/08\/skogens-rom-sauna-med-gjest--scaled.jpg","width":1707,"height":2560,"caption":"Skogens rom sauna med gjest. Foto"},{"@type":"BreadcrumbList","@id":"https:\/\/visitbo.no\/skogens-rom-sauna\/#breadcrumb","itemListElement":[{"@type":"ListItem","position":1,"name":"Hjem","item":"https:\/\/visitbo.no\/skogens-rom-sauna\/"},{"@type":"ListItem","position":2,"name":"Skogens rom sauna"}]},{"@type":"WebSite","@id":"https:\/\/visitbo.no\/skogens-rom-sauna\/#website","url":"https:\/\/visitbo.no\/skogens-rom-sauna\/","name":"Skogens rom badstue","description":"One online experience - for everything your destination has to offer.","potentialAction":[{"@type":"SearchAction","target":{"@type":"EntryPoint","urlTemplate":"https:\/\/visitbo.no\/skogens-rom-sauna\/?s={search_term_string}"},"query-input":{"@type":"PropertyValueSpecification","valueRequired":true,"valueName":"search_term_string"}}],"inLanguage":"nb-NO"}]}},"_links":{"self":[{"href":"https:\/\/visitbo.no\/skogens-rom-sauna\/wp-json\/wp\/v2\/pages\/2","targetHints":{"allow":["GET"]}}],"collection":[{"href":"https:\/\/visitbo.no\/skogens-rom-sauna\/wp-json\/wp\/v2\/pages"}],"about":[{"href":"https:\/\/visitbo.no\/skogens-rom-sauna\/wp-json\/wp\/v2\/types\/page"}],"author":[{"embeddable":true,"href":"https:\/\/visitbo.no\/skogens-rom-sauna\/wp-json\/wp\/v2\/users\/1"}],"replies":[{"embeddable":true,"href":"https:\/\/visitbo.no\/skogens-rom-sauna\/wp-json\/wp\/v2\/comments?post=2"}],"version-history":[{"count":161,"href":"https:\/\/visitbo.no\/skogens-rom-sauna\/wp-json\/wp\/v2\/pages\/2\/revisions"}],"predecessor-version":[{"id":8231,"href":"https:\/\/visitbo.no\/skogens-rom-sauna\/wp-json\/wp\/v2\/pages\/2\/revisions\/8231"}],"wp:featuredmedia":[{"embeddable":true,"href":"https:\/\/visitbo.no\/skogens-rom-sauna\/wp-json\/wp\/v2\/media\/8226"}],"wp:attachment":[{"href":"https:\/\/visitbo.no\/skogens-rom-sauna\/wp-json\/wp\/v2\/media?parent=2"}],"curies":[{"name":"wp","href":"https:\/\/api.w.org\/{rel}","templated":true}]}}