{"id":8274,"date":"2012-04-11T16:34:42","date_gmt":"2012-04-11T14:34:42","guid":{"rendered":"https:\/\/visitbo.no\/solstua\/solstua-en\/"},"modified":"2024-03-11T15:13:21","modified_gmt":"2024-03-11T14:13:21","slug":"forside-2","status":"publish","type":"page","link":"https:\/\/visitbo.no\/solstua\/en\/","title":{"rendered":"Solstua (en)"},"content":{"rendered":"<div id=\"cs-content\" class=\"cs-content\"><\/div>\n","protected":false},"excerpt":{"rendered":"<p>Velkommen til Solstua Lifjell Flotte familieleiligheter og storhytte perfekt for sm\u00e5 og store samlinger. Milevis av merkede turstier og skil\u00f8yper rett utenfor d\u00f8ra med nydelig utsikt over Lifjell og Midt-Telemark. Solstua ligger p\u00e5 Lifjell i B\u00f8 midt i\u00a0 Telemark, og i over 100 \u00e5r har turister og gjester funnet rekreasjon i den vakre h\u00f8yfjellsnaturen som omkranser Solstua.\u00a0 \u00bb Til bookingskjema &#8230; <\/p>\n<div><a href=\"https:\/\/visitbo.no\/solstua\/en\/\" class=\"more-link\">Read More<\/a><\/div>\n","protected":false},"author":25,"featured_media":0,"parent":0,"menu_order":0,"comment_status":"closed","ping_status":"closed","template":"template-blank-4.php","meta":{"_relevanssi_hide_post":"","_relevanssi_hide_content":"","_relevanssi_pin_for_all":"","_relevanssi_pin_keywords":"","_relevanssi_unpin_keywords":"","_relevanssi_related_keywords":"","_relevanssi_related_include_ids":"","_relevanssi_related_exclude_ids":"","_relevanssi_related_no_append":"","_relevanssi_related_not_related":"","_relevanssi_related_posts":"","_relevanssi_noindex_reason":"","footnotes":""},"class_list":["post-8274","page","type-page","status-publish","hentry","no-post-thumbnail"],"yoast_head":"<!-- This site is optimized with the Yoast SEO plugin v27.2 - https:\/\/yoast.com\/product\/yoast-seo-wordpress\/ -->\n<title>Solstua (en) - Solstua<\/title>\n<meta name=\"robots\" content=\"index, follow, max-snippet:-1, max-image-preview:large, max-video-preview:-1\" \/>\n<link rel=\"canonical\" href=\"https:\/\/visitbo.no\/solstua\/en\/\" \/>\n<meta property=\"og:locale\" content=\"en_US\" \/>\n<meta property=\"og:type\" content=\"article\" \/>\n<meta property=\"og:title\" content=\"Solstua (en) - Solstua\" \/>\n<meta property=\"og:description\" content=\"Velkommen til Solstua Lifjell Flotte familieleiligheter og storhytte perfekt for sm\u00e5 og store samlinger. Milevis av merkede turstier og skil\u00f8yper rett utenfor d\u00f8ra med nydelig utsikt over Lifjell og Midt-Telemark. Solstua ligger p\u00e5 Lifjell i B\u00f8 midt i\u00a0 Telemark, og i over 100 \u00e5r har turister og gjester funnet rekreasjon i den vakre h\u00f8yfjellsnaturen som omkranser Solstua.\u00a0 \u00bb Til bookingskjema ... Read More\" \/>\n<meta property=\"og:url\" content=\"https:\/\/visitbo.no\/solstua\/en\/\" \/>\n<meta property=\"og:site_name\" content=\"Solstua\" \/>\n<meta property=\"article:modified_time\" content=\"2024-03-11T14:13:21+00:00\" \/>\n<meta name=\"twitter:card\" content=\"summary_large_image\" \/>\n<meta name=\"twitter:label1\" content=\"Est. reading time\" \/>\n\t<meta name=\"twitter:data1\" content=\"8 minutes\" \/>\n<script type=\"application\/ld+json\" class=\"yoast-schema-graph\">{\"@context\":\"https:\/\/schema.org\",\"@graph\":[{\"@type\":\"WebPage\",\"@id\":\"https:\/\/visitbo.no\/solstua\/en\/\",\"url\":\"https:\/\/visitbo.no\/solstua\/en\/\",\"name\":\"Solstua (en) - Solstua\",\"isPartOf\":{\"@id\":\"https:\/\/visitbo.no\/solstua\/en\/#website\"},\"datePublished\":\"2012-04-11T14:34:42+00:00\",\"dateModified\":\"2024-03-11T14:13:21+00:00\",\"breadcrumb\":{\"@id\":\"https:\/\/visitbo.no\/solstua\/en\/#breadcrumb\"},\"inLanguage\":\"en-US\",\"potentialAction\":[{\"@type\":\"ReadAction\",\"target\":[\"https:\/\/visitbo.no\/solstua\/en\/\"]}]},{\"@type\":\"BreadcrumbList\",\"@id\":\"https:\/\/visitbo.no\/solstua\/en\/#breadcrumb\",\"itemListElement\":[{\"@type\":\"ListItem\",\"position\":1,\"name\":\"Hjem\",\"item\":\"https:\/\/visitbo.no\/solstua\/en\/forside-2\/\"},{\"@type\":\"ListItem\",\"position\":2,\"name\":\"Solstua (en)\"}]},{\"@type\":\"WebSite\",\"@id\":\"https:\/\/visitbo.no\/solstua\/en\/#website\",\"url\":\"https:\/\/visitbo.no\/solstua\/en\/\",\"name\":\"Solstua\",\"description\":\"One online experience - for everything your destination has to offer.\",\"potentialAction\":[{\"@type\":\"SearchAction\",\"target\":{\"@type\":\"EntryPoint\",\"urlTemplate\":\"https:\/\/visitbo.no\/solstua\/en\/?s={search_term_string}\"},\"query-input\":{\"@type\":\"PropertyValueSpecification\",\"valueRequired\":true,\"valueName\":\"search_term_string\"}}],\"inLanguage\":\"en-US\"}]}<\/script>\n<!-- \/ Yoast SEO plugin. -->","yoast_head_json":{"title":"Solstua (en) - Solstua","robots":{"index":"index","follow":"follow","max-snippet":"max-snippet:-1","max-image-preview":"max-image-preview:large","max-video-preview":"max-video-preview:-1"},"canonical":"https:\/\/visitbo.no\/solstua\/en\/","og_locale":"en_US","og_type":"article","og_title":"Solstua (en) - Solstua","og_description":"Velkommen til Solstua Lifjell Flotte familieleiligheter og storhytte perfekt for sm\u00e5 og store samlinger. Milevis av merkede turstier og skil\u00f8yper rett utenfor d\u00f8ra med nydelig utsikt over Lifjell og Midt-Telemark. Solstua ligger p\u00e5 Lifjell i B\u00f8 midt i\u00a0 Telemark, og i over 100 \u00e5r har turister og gjester funnet rekreasjon i den vakre h\u00f8yfjellsnaturen som omkranser Solstua.\u00a0 \u00bb Til bookingskjema ... Read More","og_url":"https:\/\/visitbo.no\/solstua\/en\/","og_site_name":"Solstua","article_modified_time":"2024-03-11T14:13:21+00:00","twitter_card":"summary_large_image","twitter_misc":{"Est. reading time":"8 minutes"},"schema":{"@context":"https:\/\/schema.org","@graph":[{"@type":"WebPage","@id":"https:\/\/visitbo.no\/solstua\/en\/","url":"https:\/\/visitbo.no\/solstua\/en\/","name":"Solstua (en) - Solstua","isPartOf":{"@id":"https:\/\/visitbo.no\/solstua\/en\/#website"},"datePublished":"2012-04-11T14:34:42+00:00","dateModified":"2024-03-11T14:13:21+00:00","breadcrumb":{"@id":"https:\/\/visitbo.no\/solstua\/en\/#breadcrumb"},"inLanguage":"en-US","potentialAction":[{"@type":"ReadAction","target":["https:\/\/visitbo.no\/solstua\/en\/"]}]},{"@type":"BreadcrumbList","@id":"https:\/\/visitbo.no\/solstua\/en\/#breadcrumb","itemListElement":[{"@type":"ListItem","position":1,"name":"Hjem","item":"https:\/\/visitbo.no\/solstua\/en\/forside-2\/"},{"@type":"ListItem","position":2,"name":"Solstua (en)"}]},{"@type":"WebSite","@id":"https:\/\/visitbo.no\/solstua\/en\/#website","url":"https:\/\/visitbo.no\/solstua\/en\/","name":"Solstua","description":"One online experience - for everything your destination has to offer.","potentialAction":[{"@type":"SearchAction","target":{"@type":"EntryPoint","urlTemplate":"https:\/\/visitbo.no\/solstua\/en\/?s={search_term_string}"},"query-input":{"@type":"PropertyValueSpecification","valueRequired":true,"valueName":"search_term_string"}}],"inLanguage":"en-US"}]}},"_links":{"self":[{"href":"https:\/\/visitbo.no\/solstua\/en\/wp-json\/wp\/v2\/pages\/8274","targetHints":{"allow":["GET"]}}],"collection":[{"href":"https:\/\/visitbo.no\/solstua\/en\/wp-json\/wp\/v2\/pages"}],"about":[{"href":"https:\/\/visitbo.no\/solstua\/en\/wp-json\/wp\/v2\/types\/page"}],"author":[{"embeddable":true,"href":"https:\/\/visitbo.no\/solstua\/en\/wp-json\/wp\/v2\/users\/25"}],"replies":[{"embeddable":true,"href":"https:\/\/visitbo.no\/solstua\/en\/wp-json\/wp\/v2\/comments?post=8274"}],"version-history":[{"count":2,"href":"https:\/\/visitbo.no\/solstua\/en\/wp-json\/wp\/v2\/pages\/8274\/revisions"}],"predecessor-version":[{"id":8276,"href":"https:\/\/visitbo.no\/solstua\/en\/wp-json\/wp\/v2\/pages\/8274\/revisions\/8276"}],"wp:attachment":[{"href":"https:\/\/visitbo.no\/solstua\/en\/wp-json\/wp\/v2\/media?parent=8274"}],"curies":[{"name":"wp","href":"https:\/\/api.w.org\/{rel}","templated":true}]}}