{"id":2,"date":"2012-04-11T16:34:42","date_gmt":"2012-04-11T14:34:42","guid":{"rendered":"https:\/\/tonto.wp.oppdateringsfabrikken.no\/?page_id=2"},"modified":"2024-04-22T13:26:53","modified_gmt":"2024-04-22T11:26:53","slug":"forside","status":"publish","type":"page","link":"https:\/\/visitbo.no\/solstua\/","title":{"rendered":"Solstua"},"content":{"rendered":"<div id=\"cs-content\" class=\"cs-content\"><\/div>\n","protected":false},"excerpt":{"rendered":"<p>Velkommen til Solstua Lifjell Flotte familieleiligheter og storhytte perfekt for sm\u00e5 og store samlinger. Milevis av merkede turstier og skil\u00f8yper p\u00e5 vinteren rett utenfor d\u00f8ra. Nydelig utsikt over Lifjell og Midt-Telemark! Solstua ligger p\u00e5 Lifjell i B\u00f8 midt i\u00a0 Telemark, og i over 100 \u00e5r har turister og gjester funnet rekreasjon i den vakre h\u00f8yfjellsnaturen som omkranser Solstua.\u00a0 \u00bb Til &#8230; <\/p>\n<div><a href=\"https:\/\/visitbo.no\/lifjell\/sesongkort-kampanje-1-4-klasse\/\" class=\"more-link\">Read More<\/a><\/div>\n","protected":false},"author":1,"featured_media":0,"parent":0,"menu_order":0,"comment_status":"closed","ping_status":"closed","template":"template-blank-4.php","meta":{"_relevanssi_hide_post":"","_relevanssi_hide_content":"","_relevanssi_pin_for_all":"","_relevanssi_pin_keywords":"","_relevanssi_unpin_keywords":"","_relevanssi_related_keywords":"","_relevanssi_related_include_ids":"","_relevanssi_related_exclude_ids":"","_relevanssi_related_no_append":"","_relevanssi_related_not_related":"","_relevanssi_related_posts":"","_relevanssi_noindex_reason":"","footnotes":""},"class_list":["post-2","page","type-page","status-publish","hentry","no-post-thumbnail"],"yoast_head":"<!-- This site is optimized with the Yoast SEO plugin v27.2 - https:\/\/yoast.com\/product\/yoast-seo-wordpress\/ -->\n<title>Solstua \u2502 Familieleiligheter og storhytter p\u00e5 Lifjell<\/title>\n<meta name=\"description\" content=\"Solstua tilbyr familieleiligheter og storhytter for grupper p\u00e5 Lifjell. Milevis av merkede turstier\/skil\u00f8yper rett utenfor d\u00f8ra.\" \/>\n<meta name=\"robots\" content=\"index, follow, max-snippet:-1, max-image-preview:large, max-video-preview:-1\" \/>\n<link rel=\"canonical\" href=\"https:\/\/visitbo.no\/solstua\/\" \/>\n<meta property=\"og:locale\" content=\"nb_NO\" \/>\n<meta property=\"og:type\" content=\"article\" \/>\n<meta property=\"og:title\" content=\"Solstua \u2502 Familieleiligheter og storhytter p\u00e5 Lifjell\" \/>\n<meta property=\"og:description\" content=\"Solstua tilbyr familieleiligheter og storhytter for grupper p\u00e5 Lifjell. Milevis av merkede turstier\/skil\u00f8yper rett utenfor d\u00f8ra.\" \/>\n<meta property=\"og:url\" content=\"https:\/\/visitbo.no\/solstua\/\" \/>\n<meta property=\"og:site_name\" content=\"Solstua\" \/>\n<meta property=\"article:modified_time\" content=\"2024-04-22T11:26:53+00:00\" \/>\n<meta name=\"twitter:card\" content=\"summary_large_image\" \/>\n<meta name=\"twitter:label1\" content=\"Ansl. lesetid\" \/>\n\t<meta name=\"twitter:data1\" content=\"4 minutter\" \/>\n<script type=\"application\/ld+json\" class=\"yoast-schema-graph\">{\"@context\":\"https:\/\/schema.org\",\"@graph\":[{\"@type\":\"WebPage\",\"@id\":\"https:\/\/visitbo.no\/solstua\/\",\"url\":\"https:\/\/visitbo.no\/solstua\/\",\"name\":\"Solstua \u2502 Familieleiligheter og storhytter p\u00e5 Lifjell\",\"isPartOf\":{\"@id\":\"https:\/\/visitbo.no\/solstua\/#website\"},\"datePublished\":\"2012-04-11T14:34:42+00:00\",\"dateModified\":\"2024-04-22T11:26:53+00:00\",\"description\":\"Solstua tilbyr familieleiligheter og storhytter for grupper p\u00e5 Lifjell. Milevis av merkede turstier\/skil\u00f8yper rett utenfor d\u00f8ra.\",\"breadcrumb\":{\"@id\":\"https:\/\/visitbo.no\/solstua\/#breadcrumb\"},\"inLanguage\":\"nb-NO\",\"potentialAction\":[{\"@type\":\"ReadAction\",\"target\":[\"https:\/\/visitbo.no\/solstua\/\"]}]},{\"@type\":\"BreadcrumbList\",\"@id\":\"https:\/\/visitbo.no\/solstua\/#breadcrumb\",\"itemListElement\":[{\"@type\":\"ListItem\",\"position\":1,\"name\":\"Hjem\",\"item\":\"https:\/\/visitbo.no\/solstua\/\"},{\"@type\":\"ListItem\",\"position\":2,\"name\":\"Solstua\"}]},{\"@type\":\"WebSite\",\"@id\":\"https:\/\/visitbo.no\/solstua\/#website\",\"url\":\"https:\/\/visitbo.no\/solstua\/\",\"name\":\"Solstua\",\"description\":\"One online experience - for everything your destination has to offer.\",\"potentialAction\":[{\"@type\":\"SearchAction\",\"target\":{\"@type\":\"EntryPoint\",\"urlTemplate\":\"https:\/\/visitbo.no\/solstua\/?s={search_term_string}\"},\"query-input\":{\"@type\":\"PropertyValueSpecification\",\"valueRequired\":true,\"valueName\":\"search_term_string\"}}],\"inLanguage\":\"nb-NO\"}]}<\/script>\n<!-- \/ Yoast SEO plugin. -->","yoast_head_json":{"title":"Solstua \u2502 Familieleiligheter og storhytter p\u00e5 Lifjell","description":"Solstua tilbyr familieleiligheter og storhytter for grupper p\u00e5 Lifjell. Milevis av merkede turstier\/skil\u00f8yper rett utenfor d\u00f8ra.","robots":{"index":"index","follow":"follow","max-snippet":"max-snippet:-1","max-image-preview":"max-image-preview:large","max-video-preview":"max-video-preview:-1"},"canonical":"https:\/\/visitbo.no\/solstua\/","og_locale":"nb_NO","og_type":"article","og_title":"Solstua \u2502 Familieleiligheter og storhytter p\u00e5 Lifjell","og_description":"Solstua tilbyr familieleiligheter og storhytter for grupper p\u00e5 Lifjell. Milevis av merkede turstier\/skil\u00f8yper rett utenfor d\u00f8ra.","og_url":"https:\/\/visitbo.no\/solstua\/","og_site_name":"Solstua","article_modified_time":"2024-04-22T11:26:53+00:00","twitter_card":"summary_large_image","twitter_misc":{"Ansl. lesetid":"4 minutter"},"schema":{"@context":"https:\/\/schema.org","@graph":[{"@type":"WebPage","@id":"https:\/\/visitbo.no\/solstua\/","url":"https:\/\/visitbo.no\/solstua\/","name":"Solstua \u2502 Familieleiligheter og storhytter p\u00e5 Lifjell","isPartOf":{"@id":"https:\/\/visitbo.no\/solstua\/#website"},"datePublished":"2012-04-11T14:34:42+00:00","dateModified":"2024-04-22T11:26:53+00:00","description":"Solstua tilbyr familieleiligheter og storhytter for grupper p\u00e5 Lifjell. Milevis av merkede turstier\/skil\u00f8yper rett utenfor d\u00f8ra.","breadcrumb":{"@id":"https:\/\/visitbo.no\/solstua\/#breadcrumb"},"inLanguage":"nb-NO","potentialAction":[{"@type":"ReadAction","target":["https:\/\/visitbo.no\/solstua\/"]}]},{"@type":"BreadcrumbList","@id":"https:\/\/visitbo.no\/solstua\/#breadcrumb","itemListElement":[{"@type":"ListItem","position":1,"name":"Hjem","item":"https:\/\/visitbo.no\/solstua\/"},{"@type":"ListItem","position":2,"name":"Solstua"}]},{"@type":"WebSite","@id":"https:\/\/visitbo.no\/solstua\/#website","url":"https:\/\/visitbo.no\/solstua\/","name":"Solstua","description":"One online experience - for everything your destination has to offer.","potentialAction":[{"@type":"SearchAction","target":{"@type":"EntryPoint","urlTemplate":"https:\/\/visitbo.no\/solstua\/?s={search_term_string}"},"query-input":{"@type":"PropertyValueSpecification","valueRequired":true,"valueName":"search_term_string"}}],"inLanguage":"nb-NO"}]}},"_links":{"self":[{"href":"https:\/\/visitbo.no\/solstua\/wp-json\/wp\/v2\/pages\/2","targetHints":{"allow":["GET"]}}],"collection":[{"href":"https:\/\/visitbo.no\/solstua\/wp-json\/wp\/v2\/pages"}],"about":[{"href":"https:\/\/visitbo.no\/solstua\/wp-json\/wp\/v2\/types\/page"}],"author":[{"embeddable":true,"href":"https:\/\/visitbo.no\/solstua\/wp-json\/wp\/v2\/users\/1"}],"replies":[{"embeddable":true,"href":"https:\/\/visitbo.no\/solstua\/wp-json\/wp\/v2\/comments?post=2"}],"version-history":[{"count":178,"href":"https:\/\/visitbo.no\/solstua\/wp-json\/wp\/v2\/pages\/2\/revisions"}],"predecessor-version":[{"id":8336,"href":"https:\/\/visitbo.no\/solstua\/wp-json\/wp\/v2\/pages\/2\/revisions\/8336"}],"wp:attachment":[{"href":"https:\/\/visitbo.no\/solstua\/wp-json\/wp\/v2\/media?parent=2"}],"curies":[{"name":"wp","href":"https:\/\/api.w.org\/{rel}","templated":true}]}}