{"id":7818,"date":"2019-10-17T15:04:14","date_gmt":"2019-10-17T13:04:14","guid":{"rendered":"https:\/\/visitbo.no\/solstua\/?page_id=7818"},"modified":"2020-11-18T11:30:22","modified_gmt":"2020-11-18T10:30:22","slug":"om-solstua","status":"publish","type":"page","link":"https:\/\/visitbo.no\/solstua\/om-solstua\/","title":{"rendered":"Om Solstua"},"content":{"rendered":"<div id=\"cs-content\" class=\"cs-content\"><\/div>\n","protected":false},"excerpt":{"rendered":"<p>Her er det varmt og trivelig! Solstua er den ideelle ramme for de fleste arrangementer. B\u00e5de beliggenheten og lokalene er varme, intime, s\u00e6rpreget, og den h\u00f8ye kvaliteten p\u00e5 alle fasilitetene innfrir alle \u00f8nsker. Hvor finner du Solstua? Solstua ligger p\u00e5 Lifjell i B\u00f8 midt i kulturfylket Telemark, og i over 100 \u00e5r har turister og gjester funnet rekreasjon i den &#8230; <\/p>\n<div><a href=\"https:\/\/visitbo.no\/solstua\/om-solstua\/\" class=\"more-link\">Read More<\/a><\/div>\n","protected":false},"author":6,"featured_media":0,"parent":0,"menu_order":3,"comment_status":"closed","ping_status":"closed","template":"","meta":{"_relevanssi_hide_post":"","_relevanssi_hide_content":"","_relevanssi_pin_for_all":"","_relevanssi_pin_keywords":"","_relevanssi_unpin_keywords":"","_relevanssi_related_keywords":"","_relevanssi_related_include_ids":"","_relevanssi_related_exclude_ids":"","_relevanssi_related_no_append":"","_relevanssi_related_not_related":"","_relevanssi_related_posts":"","_relevanssi_noindex_reason":"","footnotes":""},"class_list":["post-7818","page","type-page","status-publish","hentry","no-post-thumbnail"],"yoast_head":"<!-- This site is optimized with the Yoast SEO plugin v27.2 - https:\/\/yoast.com\/product\/yoast-seo-wordpress\/ -->\n<title>Om Solstua - Solstua<\/title>\n<meta name=\"robots\" content=\"index, follow, max-snippet:-1, max-image-preview:large, max-video-preview:-1\" \/>\n<link rel=\"canonical\" href=\"https:\/\/visitbo.no\/solstua\/om-solstua\/\" \/>\n<meta property=\"og:locale\" content=\"nb_NO\" \/>\n<meta property=\"og:type\" content=\"article\" \/>\n<meta property=\"og:title\" content=\"Om Solstua - Solstua\" \/>\n<meta property=\"og:description\" content=\"Her er det varmt og trivelig! Solstua er den ideelle ramme for de fleste arrangementer. B\u00e5de beliggenheten og lokalene er varme, intime, s\u00e6rpreget, og den h\u00f8ye kvaliteten p\u00e5 alle fasilitetene innfrir alle \u00f8nsker. Hvor finner du Solstua? Solstua ligger p\u00e5 Lifjell i B\u00f8 midt i kulturfylket Telemark, og i over 100 \u00e5r har turister og gjester funnet rekreasjon i den ... Read More\" \/>\n<meta property=\"og:url\" content=\"https:\/\/visitbo.no\/solstua\/om-solstua\/\" \/>\n<meta property=\"og:site_name\" content=\"Solstua\" \/>\n<meta property=\"article:modified_time\" content=\"2020-11-18T10:30:22+00:00\" \/>\n<meta name=\"twitter:card\" content=\"summary_large_image\" \/>\n<meta name=\"twitter:label1\" content=\"Ansl. lesetid\" \/>\n\t<meta name=\"twitter:data1\" content=\"2 minutter\" \/>\n<script type=\"application\/ld+json\" class=\"yoast-schema-graph\">{\"@context\":\"https:\/\/schema.org\",\"@graph\":[{\"@type\":\"WebPage\",\"@id\":\"https:\/\/visitbo.no\/solstua\/om-solstua\/\",\"url\":\"https:\/\/visitbo.no\/solstua\/om-solstua\/\",\"name\":\"Om Solstua - Solstua\",\"isPartOf\":{\"@id\":\"https:\/\/visitbo.no\/solstua\/#website\"},\"datePublished\":\"2019-10-17T13:04:14+00:00\",\"dateModified\":\"2020-11-18T10:30:22+00:00\",\"breadcrumb\":{\"@id\":\"https:\/\/visitbo.no\/solstua\/om-solstua\/#breadcrumb\"},\"inLanguage\":\"nb-NO\",\"potentialAction\":[{\"@type\":\"ReadAction\",\"target\":[\"https:\/\/visitbo.no\/solstua\/om-solstua\/\"]}]},{\"@type\":\"BreadcrumbList\",\"@id\":\"https:\/\/visitbo.no\/solstua\/om-solstua\/#breadcrumb\",\"itemListElement\":[{\"@type\":\"ListItem\",\"position\":1,\"name\":\"Hjem\",\"item\":\"https:\/\/visitbo.no\/solstua\/\"},{\"@type\":\"ListItem\",\"position\":2,\"name\":\"Om Solstua\"}]},{\"@type\":\"WebSite\",\"@id\":\"https:\/\/visitbo.no\/solstua\/#website\",\"url\":\"https:\/\/visitbo.no\/solstua\/\",\"name\":\"Solstua\",\"description\":\"One online experience - for everything your destination has to offer.\",\"potentialAction\":[{\"@type\":\"SearchAction\",\"target\":{\"@type\":\"EntryPoint\",\"urlTemplate\":\"https:\/\/visitbo.no\/solstua\/?s={search_term_string}\"},\"query-input\":{\"@type\":\"PropertyValueSpecification\",\"valueRequired\":true,\"valueName\":\"search_term_string\"}}],\"inLanguage\":\"nb-NO\"}]}<\/script>\n<!-- \/ Yoast SEO plugin. -->","yoast_head_json":{"title":"Om Solstua - Solstua","robots":{"index":"index","follow":"follow","max-snippet":"max-snippet:-1","max-image-preview":"max-image-preview:large","max-video-preview":"max-video-preview:-1"},"canonical":"https:\/\/visitbo.no\/solstua\/om-solstua\/","og_locale":"nb_NO","og_type":"article","og_title":"Om Solstua - Solstua","og_description":"Her er det varmt og trivelig! Solstua er den ideelle ramme for de fleste arrangementer. B\u00e5de beliggenheten og lokalene er varme, intime, s\u00e6rpreget, og den h\u00f8ye kvaliteten p\u00e5 alle fasilitetene innfrir alle \u00f8nsker. Hvor finner du Solstua? Solstua ligger p\u00e5 Lifjell i B\u00f8 midt i kulturfylket Telemark, og i over 100 \u00e5r har turister og gjester funnet rekreasjon i den ... Read More","og_url":"https:\/\/visitbo.no\/solstua\/om-solstua\/","og_site_name":"Solstua","article_modified_time":"2020-11-18T10:30:22+00:00","twitter_card":"summary_large_image","twitter_misc":{"Ansl. lesetid":"2 minutter"},"schema":{"@context":"https:\/\/schema.org","@graph":[{"@type":"WebPage","@id":"https:\/\/visitbo.no\/solstua\/om-solstua\/","url":"https:\/\/visitbo.no\/solstua\/om-solstua\/","name":"Om Solstua - Solstua","isPartOf":{"@id":"https:\/\/visitbo.no\/solstua\/#website"},"datePublished":"2019-10-17T13:04:14+00:00","dateModified":"2020-11-18T10:30:22+00:00","breadcrumb":{"@id":"https:\/\/visitbo.no\/solstua\/om-solstua\/#breadcrumb"},"inLanguage":"nb-NO","potentialAction":[{"@type":"ReadAction","target":["https:\/\/visitbo.no\/solstua\/om-solstua\/"]}]},{"@type":"BreadcrumbList","@id":"https:\/\/visitbo.no\/solstua\/om-solstua\/#breadcrumb","itemListElement":[{"@type":"ListItem","position":1,"name":"Hjem","item":"https:\/\/visitbo.no\/solstua\/"},{"@type":"ListItem","position":2,"name":"Om Solstua"}]},{"@type":"WebSite","@id":"https:\/\/visitbo.no\/solstua\/#website","url":"https:\/\/visitbo.no\/solstua\/","name":"Solstua","description":"One online experience - for everything your destination has to offer.","potentialAction":[{"@type":"SearchAction","target":{"@type":"EntryPoint","urlTemplate":"https:\/\/visitbo.no\/solstua\/?s={search_term_string}"},"query-input":{"@type":"PropertyValueSpecification","valueRequired":true,"valueName":"search_term_string"}}],"inLanguage":"nb-NO"}]}},"_links":{"self":[{"href":"https:\/\/visitbo.no\/solstua\/wp-json\/wp\/v2\/pages\/7818","targetHints":{"allow":["GET"]}}],"collection":[{"href":"https:\/\/visitbo.no\/solstua\/wp-json\/wp\/v2\/pages"}],"about":[{"href":"https:\/\/visitbo.no\/solstua\/wp-json\/wp\/v2\/types\/page"}],"author":[{"embeddable":true,"href":"https:\/\/visitbo.no\/solstua\/wp-json\/wp\/v2\/users\/6"}],"replies":[{"embeddable":true,"href":"https:\/\/visitbo.no\/solstua\/wp-json\/wp\/v2\/comments?post=7818"}],"version-history":[{"count":6,"href":"https:\/\/visitbo.no\/solstua\/wp-json\/wp\/v2\/pages\/7818\/revisions"}],"predecessor-version":[{"id":7975,"href":"https:\/\/visitbo.no\/solstua\/wp-json\/wp\/v2\/pages\/7818\/revisions\/7975"}],"wp:attachment":[{"href":"https:\/\/visitbo.no\/solstua\/wp-json\/wp\/v2\/media?parent=7818"}],"curies":[{"name":"wp","href":"https:\/\/api.w.org\/{rel}","templated":true}]}}