{"id":7823,"date":"2019-10-17T15:06:08","date_gmt":"2019-10-17T13:06:08","guid":{"rendered":"https:\/\/visitbo.no\/solstua\/?page_id=7823"},"modified":"2019-11-14T15:50:05","modified_gmt":"2019-11-14T14:50:05","slug":"ting-aa-gjore","status":"publish","type":"page","link":"https:\/\/visitbo.no\/solstua\/ting-aa-gjore\/","title":{"rendered":"Ting \u00e5 gj\u00f8re"},"content":{"rendered":"<div id=\"cs-content\" class=\"cs-content\"><\/div>\n","protected":false},"excerpt":{"rendered":"<p>Det arrangeres ulike aktiviteter p\u00e5 Lifjell i l\u00f8pet av vinteren. Flere morsomme familiearrangementer i vinter- og p\u00e5skeferiene &#8211; n\u00e5 ogs\u00e5 Afterski for de voksne. Lifjell store deler av kommunene B\u00f8, Hjartdal, Notodden og Seljord \u2013 med det store fjellomr\u00e5det p\u00e5 n\u00e6rmere 200. H\u00f8yfjellsterrenget utgj\u00f8r et flott turterreng med flere topper over 1200 moh. Hytteomr\u00e5dene og alpinanlegget ligger p\u00e5 700-800 moh. &#8230; <\/p>\n<div><a href=\"https:\/\/visitbo.no\/solstua\/ting-aa-gjore\/\" class=\"more-link\">Read More<\/a><\/div>\n","protected":false},"author":6,"featured_media":0,"parent":0,"menu_order":3,"comment_status":"closed","ping_status":"closed","template":"","meta":{"_relevanssi_hide_post":"","_relevanssi_hide_content":"","_relevanssi_pin_for_all":"","_relevanssi_pin_keywords":"","_relevanssi_unpin_keywords":"","_relevanssi_related_keywords":"","_relevanssi_related_include_ids":"","_relevanssi_related_exclude_ids":"","_relevanssi_related_no_append":"","_relevanssi_related_not_related":"","_relevanssi_related_posts":"","_relevanssi_noindex_reason":"","footnotes":""},"class_list":["post-7823","page","type-page","status-publish","hentry","no-post-thumbnail"],"yoast_head":"<!-- This site is optimized with the Yoast SEO plugin v27.2 - https:\/\/yoast.com\/product\/yoast-seo-wordpress\/ -->\n<title>Ting \u00e5 gj\u00f8re - Solstua<\/title>\n<meta name=\"robots\" content=\"index, follow, max-snippet:-1, max-image-preview:large, max-video-preview:-1\" \/>\n<link rel=\"canonical\" href=\"https:\/\/visitbo.no\/solstua\/ting-aa-gjore\/\" \/>\n<meta property=\"og:locale\" content=\"nb_NO\" \/>\n<meta property=\"og:type\" content=\"article\" \/>\n<meta property=\"og:title\" content=\"Ting \u00e5 gj\u00f8re - Solstua\" \/>\n<meta property=\"og:description\" content=\"Det arrangeres ulike aktiviteter p\u00e5 Lifjell i l\u00f8pet av vinteren. Flere morsomme familiearrangementer i vinter- og p\u00e5skeferiene - n\u00e5 ogs\u00e5 Afterski for de voksne. Lifjell store deler av kommunene B\u00f8, Hjartdal, Notodden og Seljord \u2013 med det store fjellomr\u00e5det p\u00e5 n\u00e6rmere 200. H\u00f8yfjellsterrenget utgj\u00f8r et flott turterreng med flere topper over 1200 moh. Hytteomr\u00e5dene og alpinanlegget ligger p\u00e5 700-800 moh. ... Read More\" \/>\n<meta property=\"og:url\" content=\"https:\/\/visitbo.no\/solstua\/ting-aa-gjore\/\" \/>\n<meta property=\"og:site_name\" content=\"Solstua\" \/>\n<meta property=\"article:modified_time\" content=\"2019-11-14T14:50:05+00:00\" \/>\n<meta name=\"twitter:card\" content=\"summary_large_image\" \/>\n<meta name=\"twitter:label1\" content=\"Ansl. lesetid\" \/>\n\t<meta name=\"twitter:data1\" content=\"3 minutter\" \/>\n<script type=\"application\/ld+json\" class=\"yoast-schema-graph\">{\"@context\":\"https:\/\/schema.org\",\"@graph\":[{\"@type\":\"WebPage\",\"@id\":\"https:\/\/visitbo.no\/solstua\/ting-aa-gjore\/\",\"url\":\"https:\/\/visitbo.no\/solstua\/ting-aa-gjore\/\",\"name\":\"Ting \u00e5 gj\u00f8re - Solstua\",\"isPartOf\":{\"@id\":\"https:\/\/visitbo.no\/solstua\/#website\"},\"datePublished\":\"2019-10-17T13:06:08+00:00\",\"dateModified\":\"2019-11-14T14:50:05+00:00\",\"breadcrumb\":{\"@id\":\"https:\/\/visitbo.no\/solstua\/ting-aa-gjore\/#breadcrumb\"},\"inLanguage\":\"nb-NO\",\"potentialAction\":[{\"@type\":\"ReadAction\",\"target\":[\"https:\/\/visitbo.no\/solstua\/ting-aa-gjore\/\"]}]},{\"@type\":\"BreadcrumbList\",\"@id\":\"https:\/\/visitbo.no\/solstua\/ting-aa-gjore\/#breadcrumb\",\"itemListElement\":[{\"@type\":\"ListItem\",\"position\":1,\"name\":\"Hjem\",\"item\":\"https:\/\/visitbo.no\/solstua\/\"},{\"@type\":\"ListItem\",\"position\":2,\"name\":\"Ting \u00e5 gj\u00f8re\"}]},{\"@type\":\"WebSite\",\"@id\":\"https:\/\/visitbo.no\/solstua\/#website\",\"url\":\"https:\/\/visitbo.no\/solstua\/\",\"name\":\"Solstua\",\"description\":\"One online experience - for everything your destination has to offer.\",\"potentialAction\":[{\"@type\":\"SearchAction\",\"target\":{\"@type\":\"EntryPoint\",\"urlTemplate\":\"https:\/\/visitbo.no\/solstua\/?s={search_term_string}\"},\"query-input\":{\"@type\":\"PropertyValueSpecification\",\"valueRequired\":true,\"valueName\":\"search_term_string\"}}],\"inLanguage\":\"nb-NO\"}]}<\/script>\n<!-- \/ Yoast SEO plugin. -->","yoast_head_json":{"title":"Ting \u00e5 gj\u00f8re - Solstua","robots":{"index":"index","follow":"follow","max-snippet":"max-snippet:-1","max-image-preview":"max-image-preview:large","max-video-preview":"max-video-preview:-1"},"canonical":"https:\/\/visitbo.no\/solstua\/ting-aa-gjore\/","og_locale":"nb_NO","og_type":"article","og_title":"Ting \u00e5 gj\u00f8re - Solstua","og_description":"Det arrangeres ulike aktiviteter p\u00e5 Lifjell i l\u00f8pet av vinteren. Flere morsomme familiearrangementer i vinter- og p\u00e5skeferiene - n\u00e5 ogs\u00e5 Afterski for de voksne. Lifjell store deler av kommunene B\u00f8, Hjartdal, Notodden og Seljord \u2013 med det store fjellomr\u00e5det p\u00e5 n\u00e6rmere 200. H\u00f8yfjellsterrenget utgj\u00f8r et flott turterreng med flere topper over 1200 moh. Hytteomr\u00e5dene og alpinanlegget ligger p\u00e5 700-800 moh. ... Read More","og_url":"https:\/\/visitbo.no\/solstua\/ting-aa-gjore\/","og_site_name":"Solstua","article_modified_time":"2019-11-14T14:50:05+00:00","twitter_card":"summary_large_image","twitter_misc":{"Ansl. lesetid":"3 minutter"},"schema":{"@context":"https:\/\/schema.org","@graph":[{"@type":"WebPage","@id":"https:\/\/visitbo.no\/solstua\/ting-aa-gjore\/","url":"https:\/\/visitbo.no\/solstua\/ting-aa-gjore\/","name":"Ting \u00e5 gj\u00f8re - Solstua","isPartOf":{"@id":"https:\/\/visitbo.no\/solstua\/#website"},"datePublished":"2019-10-17T13:06:08+00:00","dateModified":"2019-11-14T14:50:05+00:00","breadcrumb":{"@id":"https:\/\/visitbo.no\/solstua\/ting-aa-gjore\/#breadcrumb"},"inLanguage":"nb-NO","potentialAction":[{"@type":"ReadAction","target":["https:\/\/visitbo.no\/solstua\/ting-aa-gjore\/"]}]},{"@type":"BreadcrumbList","@id":"https:\/\/visitbo.no\/solstua\/ting-aa-gjore\/#breadcrumb","itemListElement":[{"@type":"ListItem","position":1,"name":"Hjem","item":"https:\/\/visitbo.no\/solstua\/"},{"@type":"ListItem","position":2,"name":"Ting \u00e5 gj\u00f8re"}]},{"@type":"WebSite","@id":"https:\/\/visitbo.no\/solstua\/#website","url":"https:\/\/visitbo.no\/solstua\/","name":"Solstua","description":"One online experience - for everything your destination has to offer.","potentialAction":[{"@type":"SearchAction","target":{"@type":"EntryPoint","urlTemplate":"https:\/\/visitbo.no\/solstua\/?s={search_term_string}"},"query-input":{"@type":"PropertyValueSpecification","valueRequired":true,"valueName":"search_term_string"}}],"inLanguage":"nb-NO"}]}},"_links":{"self":[{"href":"https:\/\/visitbo.no\/solstua\/wp-json\/wp\/v2\/pages\/7823","targetHints":{"allow":["GET"]}}],"collection":[{"href":"https:\/\/visitbo.no\/solstua\/wp-json\/wp\/v2\/pages"}],"about":[{"href":"https:\/\/visitbo.no\/solstua\/wp-json\/wp\/v2\/types\/page"}],"author":[{"embeddable":true,"href":"https:\/\/visitbo.no\/solstua\/wp-json\/wp\/v2\/users\/6"}],"replies":[{"embeddable":true,"href":"https:\/\/visitbo.no\/solstua\/wp-json\/wp\/v2\/comments?post=7823"}],"version-history":[{"count":3,"href":"https:\/\/visitbo.no\/solstua\/wp-json\/wp\/v2\/pages\/7823\/revisions"}],"predecessor-version":[{"id":7843,"href":"https:\/\/visitbo.no\/solstua\/wp-json\/wp\/v2\/pages\/7823\/revisions\/7843"}],"wp:attachment":[{"href":"https:\/\/visitbo.no\/solstua\/wp-json\/wp\/v2\/media?parent=7823"}],"curies":[{"name":"wp","href":"https:\/\/api.w.org\/{rel}","templated":true}]}}