{"id":2,"date":"2012-08-31T13:15:42","date_gmt":"2012-08-31T11:15:42","guid":{"rendered":"https:\/\/tonto.wp.oppdateringsfabrikken.no\/?page_id=2"},"modified":"2025-09-18T12:14:27","modified_gmt":"2025-09-18T10:14:27","slug":"forside","status":"publish","type":"page","link":"https:\/\/visitbo.no\/sommarlandfestivalen\/","title":{"rendered":"Sommarlandfestivalen"},"content":{"rendered":"<div id=\"cs-content\" class=\"cs-content\"><\/div>\n","protected":false},"excerpt":{"rendered":"<p>&nbsp;Velkommen til Sommarlandfestivalen 2026- 19.-21.juni i B\u00f8 i Telemark. Velkommen til Sommarlandfestivalen, &laquo;Musikkfestivalen for alle.&raquo; Frist for p\u00e5melding er 15.mars. P\u00e5melding INVITASJON Les mer om Sommarlandfestivalen. Les Mer P\u00c5MELDING OG PRIS P\u00e5meldingsskjema finner du her. Les Mer BILDEGALLERI Se bilder fra Sommarlandfestivalen. Les Mer Kontakt oss!Sommarlandfestivalen &#8211; Musikkfestivalen for alle. Arrang\u00f8r er Midt-Telemark kulturnettverk Gullbringvegen 34, 3800 B\u00f8 i Telemark975 &#8230; <\/p>\n<div><a href=\"https:\/\/visitbo.no\/sommarlandfestivalen\/arrangementer\/konsert-med-midt-telemark-smaband\/\" class=\"more-link\">Read More<\/a><\/div>\n","protected":false},"author":1,"featured_media":0,"parent":0,"menu_order":0,"comment_status":"closed","ping_status":"closed","template":"template-blank-4.php","meta":{"_relevanssi_hide_post":"","_relevanssi_hide_content":"","_relevanssi_pin_for_all":"","_relevanssi_pin_keywords":"","_relevanssi_unpin_keywords":"","_relevanssi_related_keywords":"","_relevanssi_related_include_ids":"","_relevanssi_related_exclude_ids":"","_relevanssi_related_no_append":"","_relevanssi_related_not_related":"","_relevanssi_related_posts":"","_relevanssi_noindex_reason":"","footnotes":""},"class_list":["post-2","page","type-page","status-publish","hentry","no-post-thumbnail"],"yoast_head":"<!-- This site is optimized with the Yoast SEO plugin v27.2 - https:\/\/yoast.com\/product\/yoast-seo-wordpress\/ -->\n<title>Sommarlandfestivalen | Musikk, korps og inkludering<\/title>\n<meta name=\"description\" content=\"Korpsfestival, kor, orkester, sommarland - en musikkfestival for alle. Velkommen til Sommarlandfestivalen i B\u00f8 i Telemark!\" \/>\n<meta name=\"robots\" content=\"index, follow, max-snippet:-1, max-image-preview:large, max-video-preview:-1\" \/>\n<link rel=\"canonical\" href=\"https:\/\/visitbo.no\/sommarlandfestivalen\/\" \/>\n<meta property=\"og:locale\" content=\"nb_NO\" \/>\n<meta property=\"og:type\" content=\"article\" \/>\n<meta property=\"og:title\" content=\"Sommarlandfestivalen | Musikk, korps og inkludering\" \/>\n<meta property=\"og:description\" content=\"Korpsfestival, kor, orkester, sommarland - en musikkfestival for alle. Velkommen til Sommarlandfestivalen i B\u00f8 i Telemark!\" \/>\n<meta property=\"og:url\" content=\"https:\/\/visitbo.no\/sommarlandfestivalen\/\" \/>\n<meta property=\"og:site_name\" content=\"Sommarlandfestivalen\" \/>\n<meta property=\"article:modified_time\" content=\"2025-09-18T10:14:27+00:00\" \/>\n<meta name=\"twitter:card\" content=\"summary_large_image\" \/>\n<meta name=\"twitter:label1\" content=\"Ansl. lesetid\" \/>\n\t<meta name=\"twitter:data1\" content=\"4 minutter\" \/>\n<script type=\"application\/ld+json\" class=\"yoast-schema-graph\">{\"@context\":\"https:\/\/schema.org\",\"@graph\":[{\"@type\":\"WebPage\",\"@id\":\"https:\/\/visitbo.no\/sommarlandfestivalen\/\",\"url\":\"https:\/\/visitbo.no\/sommarlandfestivalen\/\",\"name\":\"Sommarlandfestivalen | Musikk, korps og inkludering\",\"isPartOf\":{\"@id\":\"https:\/\/visitbo.no\/sommarlandfestivalen\/#website\"},\"datePublished\":\"2012-08-31T11:15:42+00:00\",\"dateModified\":\"2025-09-18T10:14:27+00:00\",\"description\":\"Korpsfestival, kor, orkester, sommarland - en musikkfestival for alle. Velkommen til Sommarlandfestivalen i B\u00f8 i Telemark!\",\"breadcrumb\":{\"@id\":\"https:\/\/visitbo.no\/sommarlandfestivalen\/#breadcrumb\"},\"inLanguage\":\"nb-NO\",\"potentialAction\":[{\"@type\":\"ReadAction\",\"target\":[\"https:\/\/visitbo.no\/sommarlandfestivalen\/\"]}]},{\"@type\":\"BreadcrumbList\",\"@id\":\"https:\/\/visitbo.no\/sommarlandfestivalen\/#breadcrumb\",\"itemListElement\":[{\"@type\":\"ListItem\",\"position\":1,\"name\":\"Hjem\",\"item\":\"https:\/\/visitbo.no\/sommarlandfestivalen\/\"},{\"@type\":\"ListItem\",\"position\":2,\"name\":\"Sommarlandfestivalen\"}]},{\"@type\":\"WebSite\",\"@id\":\"https:\/\/visitbo.no\/sommarlandfestivalen\/#website\",\"url\":\"https:\/\/visitbo.no\/sommarlandfestivalen\/\",\"name\":\"Sommarlandfestivalen\",\"description\":\"One online experience - for everything your destination has to offer.\",\"potentialAction\":[{\"@type\":\"SearchAction\",\"target\":{\"@type\":\"EntryPoint\",\"urlTemplate\":\"https:\/\/visitbo.no\/sommarlandfestivalen\/?s={search_term_string}\"},\"query-input\":{\"@type\":\"PropertyValueSpecification\",\"valueRequired\":true,\"valueName\":\"search_term_string\"}}],\"inLanguage\":\"nb-NO\"}]}<\/script>\n<!-- \/ Yoast SEO plugin. -->","yoast_head_json":{"title":"Sommarlandfestivalen | Musikk, korps og inkludering","description":"Korpsfestival, kor, orkester, sommarland - en musikkfestival for alle. Velkommen til Sommarlandfestivalen i B\u00f8 i Telemark!","robots":{"index":"index","follow":"follow","max-snippet":"max-snippet:-1","max-image-preview":"max-image-preview:large","max-video-preview":"max-video-preview:-1"},"canonical":"https:\/\/visitbo.no\/sommarlandfestivalen\/","og_locale":"nb_NO","og_type":"article","og_title":"Sommarlandfestivalen | Musikk, korps og inkludering","og_description":"Korpsfestival, kor, orkester, sommarland - en musikkfestival for alle. Velkommen til Sommarlandfestivalen i B\u00f8 i Telemark!","og_url":"https:\/\/visitbo.no\/sommarlandfestivalen\/","og_site_name":"Sommarlandfestivalen","article_modified_time":"2025-09-18T10:14:27+00:00","twitter_card":"summary_large_image","twitter_misc":{"Ansl. lesetid":"4 minutter"},"schema":{"@context":"https:\/\/schema.org","@graph":[{"@type":"WebPage","@id":"https:\/\/visitbo.no\/sommarlandfestivalen\/","url":"https:\/\/visitbo.no\/sommarlandfestivalen\/","name":"Sommarlandfestivalen | Musikk, korps og inkludering","isPartOf":{"@id":"https:\/\/visitbo.no\/sommarlandfestivalen\/#website"},"datePublished":"2012-08-31T11:15:42+00:00","dateModified":"2025-09-18T10:14:27+00:00","description":"Korpsfestival, kor, orkester, sommarland - en musikkfestival for alle. Velkommen til Sommarlandfestivalen i B\u00f8 i Telemark!","breadcrumb":{"@id":"https:\/\/visitbo.no\/sommarlandfestivalen\/#breadcrumb"},"inLanguage":"nb-NO","potentialAction":[{"@type":"ReadAction","target":["https:\/\/visitbo.no\/sommarlandfestivalen\/"]}]},{"@type":"BreadcrumbList","@id":"https:\/\/visitbo.no\/sommarlandfestivalen\/#breadcrumb","itemListElement":[{"@type":"ListItem","position":1,"name":"Hjem","item":"https:\/\/visitbo.no\/sommarlandfestivalen\/"},{"@type":"ListItem","position":2,"name":"Sommarlandfestivalen"}]},{"@type":"WebSite","@id":"https:\/\/visitbo.no\/sommarlandfestivalen\/#website","url":"https:\/\/visitbo.no\/sommarlandfestivalen\/","name":"Sommarlandfestivalen","description":"One online experience - for everything your destination has to offer.","potentialAction":[{"@type":"SearchAction","target":{"@type":"EntryPoint","urlTemplate":"https:\/\/visitbo.no\/sommarlandfestivalen\/?s={search_term_string}"},"query-input":{"@type":"PropertyValueSpecification","valueRequired":true,"valueName":"search_term_string"}}],"inLanguage":"nb-NO"}]}},"_links":{"self":[{"href":"https:\/\/visitbo.no\/sommarlandfestivalen\/wp-json\/wp\/v2\/pages\/2","targetHints":{"allow":["GET"]}}],"collection":[{"href":"https:\/\/visitbo.no\/sommarlandfestivalen\/wp-json\/wp\/v2\/pages"}],"about":[{"href":"https:\/\/visitbo.no\/sommarlandfestivalen\/wp-json\/wp\/v2\/types\/page"}],"author":[{"embeddable":true,"href":"https:\/\/visitbo.no\/sommarlandfestivalen\/wp-json\/wp\/v2\/users\/1"}],"replies":[{"embeddable":true,"href":"https:\/\/visitbo.no\/sommarlandfestivalen\/wp-json\/wp\/v2\/comments?post=2"}],"version-history":[{"count":254,"href":"https:\/\/visitbo.no\/sommarlandfestivalen\/wp-json\/wp\/v2\/pages\/2\/revisions"}],"predecessor-version":[{"id":8391,"href":"https:\/\/visitbo.no\/sommarlandfestivalen\/wp-json\/wp\/v2\/pages\/2\/revisions\/8391"}],"wp:attachment":[{"href":"https:\/\/visitbo.no\/sommarlandfestivalen\/wp-json\/wp\/v2\/media?parent=2"}],"curies":[{"name":"wp","href":"https:\/\/api.w.org\/{rel}","templated":true}]}}