{"id":6898,"date":"2019-02-25T11:44:09","date_gmt":"2019-02-25T10:44:09","guid":{"rendered":"https:\/\/visitbo.no\/sommarlandfestivalen\/?page_id=6898"},"modified":"2025-09-15T10:58:07","modified_gmt":"2025-09-15T08:58:07","slug":"paamelding","status":"publish","type":"page","link":"https:\/\/visitbo.no\/sommarlandfestivalen\/paamelding\/","title":{"rendered":"P\u00e5melding og pris"},"content":{"rendered":"<div id=\"cs-content\" class=\"cs-content\"><\/div>\n","protected":false},"excerpt":{"rendered":"<p>Se p\u00e5meldingsskjema nedenfor! Festivalavgifta pr. deltakar: 2000 kroner for overnatting p\u00e5 skule. Laga blir lagt i klasserom. Alle m\u00e5 ta med liggeunderlag og sovepose. 2650 kroner for overnatting p\u00e5 campingplass. P\u00e5 camping-plassane er det senger og dyner\/puter til alle, ta med senget\u00f8y. Nokre av hyttene har ikkje dusj\/toalett. Utvask er inkludert i prisen. Avgifta inkluderar: Overnatting og mat fr\u00e5 fredag &#8230; <\/p>\n<div><a href=\"https:\/\/visitbo.no\/sommarlandfestivalen\/paamelding\/\" class=\"more-link\">Read More<\/a><\/div>\n","protected":false},"author":4,"featured_media":0,"parent":0,"menu_order":3,"comment_status":"closed","ping_status":"closed","template":"","meta":{"_relevanssi_hide_post":"","_relevanssi_hide_content":"","_relevanssi_pin_for_all":"","_relevanssi_pin_keywords":"","_relevanssi_unpin_keywords":"","_relevanssi_related_keywords":"","_relevanssi_related_include_ids":"","_relevanssi_related_exclude_ids":"","_relevanssi_related_no_append":"","_relevanssi_related_not_related":"","_relevanssi_related_posts":"","_relevanssi_noindex_reason":"","footnotes":""},"class_list":["post-6898","page","type-page","status-publish","hentry","no-post-thumbnail"],"yoast_head":"<!-- This site is optimized with the Yoast SEO plugin v27.2 - https:\/\/yoast.com\/product\/yoast-seo-wordpress\/ -->\n<title>P\u00e5melding og pris - Sommarlandfestivalen<\/title>\n<meta name=\"robots\" content=\"index, follow, max-snippet:-1, max-image-preview:large, max-video-preview:-1\" \/>\n<link rel=\"canonical\" href=\"https:\/\/visitbo.no\/sommarlandfestivalen\/paamelding\/\" \/>\n<meta property=\"og:locale\" content=\"nb_NO\" \/>\n<meta property=\"og:type\" content=\"article\" \/>\n<meta property=\"og:title\" content=\"P\u00e5melding og pris - Sommarlandfestivalen\" \/>\n<meta property=\"og:description\" content=\"Se p\u00e5meldingsskjema nedenfor! Festivalavgifta pr. deltakar: 2000 kroner for overnatting p\u00e5 skule. Laga blir lagt i klasserom. Alle m\u00e5 ta med liggeunderlag og sovepose. 2650 kroner for overnatting p\u00e5 campingplass. P\u00e5 camping-plassane er det senger og dyner\/puter til alle, ta med senget\u00f8y. Nokre av hyttene har ikkje dusj\/toalett. Utvask er inkludert i prisen. Avgifta inkluderar: Overnatting og mat fr\u00e5 fredag ... Read More\" \/>\n<meta property=\"og:url\" content=\"https:\/\/visitbo.no\/sommarlandfestivalen\/paamelding\/\" \/>\n<meta property=\"og:site_name\" content=\"Sommarlandfestivalen\" \/>\n<meta property=\"article:modified_time\" content=\"2025-09-15T08:58:07+00:00\" \/>\n<meta name=\"twitter:card\" content=\"summary_large_image\" \/>\n<meta name=\"twitter:label1\" content=\"Ansl. lesetid\" \/>\n\t<meta name=\"twitter:data1\" content=\"2 minutter\" \/>\n<script type=\"application\/ld+json\" class=\"yoast-schema-graph\">{\"@context\":\"https:\/\/schema.org\",\"@graph\":[{\"@type\":\"WebPage\",\"@id\":\"https:\/\/visitbo.no\/sommarlandfestivalen\/paamelding\/\",\"url\":\"https:\/\/visitbo.no\/sommarlandfestivalen\/paamelding\/\",\"name\":\"P\u00e5melding og pris - Sommarlandfestivalen\",\"isPartOf\":{\"@id\":\"https:\/\/visitbo.no\/sommarlandfestivalen\/#website\"},\"datePublished\":\"2019-02-25T10:44:09+00:00\",\"dateModified\":\"2025-09-15T08:58:07+00:00\",\"breadcrumb\":{\"@id\":\"https:\/\/visitbo.no\/sommarlandfestivalen\/paamelding\/#breadcrumb\"},\"inLanguage\":\"nb-NO\",\"potentialAction\":[{\"@type\":\"ReadAction\",\"target\":[\"https:\/\/visitbo.no\/sommarlandfestivalen\/paamelding\/\"]}]},{\"@type\":\"BreadcrumbList\",\"@id\":\"https:\/\/visitbo.no\/sommarlandfestivalen\/paamelding\/#breadcrumb\",\"itemListElement\":[{\"@type\":\"ListItem\",\"position\":1,\"name\":\"Hjem\",\"item\":\"https:\/\/visitbo.no\/sommarlandfestivalen\/\"},{\"@type\":\"ListItem\",\"position\":2,\"name\":\"P\u00e5melding og pris\"}]},{\"@type\":\"WebSite\",\"@id\":\"https:\/\/visitbo.no\/sommarlandfestivalen\/#website\",\"url\":\"https:\/\/visitbo.no\/sommarlandfestivalen\/\",\"name\":\"Sommarlandfestivalen\",\"description\":\"One online experience - for everything your destination has to offer.\",\"potentialAction\":[{\"@type\":\"SearchAction\",\"target\":{\"@type\":\"EntryPoint\",\"urlTemplate\":\"https:\/\/visitbo.no\/sommarlandfestivalen\/?s={search_term_string}\"},\"query-input\":{\"@type\":\"PropertyValueSpecification\",\"valueRequired\":true,\"valueName\":\"search_term_string\"}}],\"inLanguage\":\"nb-NO\"}]}<\/script>\n<!-- \/ Yoast SEO plugin. -->","yoast_head_json":{"title":"P\u00e5melding og pris - Sommarlandfestivalen","robots":{"index":"index","follow":"follow","max-snippet":"max-snippet:-1","max-image-preview":"max-image-preview:large","max-video-preview":"max-video-preview:-1"},"canonical":"https:\/\/visitbo.no\/sommarlandfestivalen\/paamelding\/","og_locale":"nb_NO","og_type":"article","og_title":"P\u00e5melding og pris - Sommarlandfestivalen","og_description":"Se p\u00e5meldingsskjema nedenfor! Festivalavgifta pr. deltakar: 2000 kroner for overnatting p\u00e5 skule. Laga blir lagt i klasserom. Alle m\u00e5 ta med liggeunderlag og sovepose. 2650 kroner for overnatting p\u00e5 campingplass. P\u00e5 camping-plassane er det senger og dyner\/puter til alle, ta med senget\u00f8y. Nokre av hyttene har ikkje dusj\/toalett. Utvask er inkludert i prisen. Avgifta inkluderar: Overnatting og mat fr\u00e5 fredag ... Read More","og_url":"https:\/\/visitbo.no\/sommarlandfestivalen\/paamelding\/","og_site_name":"Sommarlandfestivalen","article_modified_time":"2025-09-15T08:58:07+00:00","twitter_card":"summary_large_image","twitter_misc":{"Ansl. lesetid":"2 minutter"},"schema":{"@context":"https:\/\/schema.org","@graph":[{"@type":"WebPage","@id":"https:\/\/visitbo.no\/sommarlandfestivalen\/paamelding\/","url":"https:\/\/visitbo.no\/sommarlandfestivalen\/paamelding\/","name":"P\u00e5melding og pris - Sommarlandfestivalen","isPartOf":{"@id":"https:\/\/visitbo.no\/sommarlandfestivalen\/#website"},"datePublished":"2019-02-25T10:44:09+00:00","dateModified":"2025-09-15T08:58:07+00:00","breadcrumb":{"@id":"https:\/\/visitbo.no\/sommarlandfestivalen\/paamelding\/#breadcrumb"},"inLanguage":"nb-NO","potentialAction":[{"@type":"ReadAction","target":["https:\/\/visitbo.no\/sommarlandfestivalen\/paamelding\/"]}]},{"@type":"BreadcrumbList","@id":"https:\/\/visitbo.no\/sommarlandfestivalen\/paamelding\/#breadcrumb","itemListElement":[{"@type":"ListItem","position":1,"name":"Hjem","item":"https:\/\/visitbo.no\/sommarlandfestivalen\/"},{"@type":"ListItem","position":2,"name":"P\u00e5melding og pris"}]},{"@type":"WebSite","@id":"https:\/\/visitbo.no\/sommarlandfestivalen\/#website","url":"https:\/\/visitbo.no\/sommarlandfestivalen\/","name":"Sommarlandfestivalen","description":"One online experience - for everything your destination has to offer.","potentialAction":[{"@type":"SearchAction","target":{"@type":"EntryPoint","urlTemplate":"https:\/\/visitbo.no\/sommarlandfestivalen\/?s={search_term_string}"},"query-input":{"@type":"PropertyValueSpecification","valueRequired":true,"valueName":"search_term_string"}}],"inLanguage":"nb-NO"}]}},"_links":{"self":[{"href":"https:\/\/visitbo.no\/sommarlandfestivalen\/wp-json\/wp\/v2\/pages\/6898","targetHints":{"allow":["GET"]}}],"collection":[{"href":"https:\/\/visitbo.no\/sommarlandfestivalen\/wp-json\/wp\/v2\/pages"}],"about":[{"href":"https:\/\/visitbo.no\/sommarlandfestivalen\/wp-json\/wp\/v2\/types\/page"}],"author":[{"embeddable":true,"href":"https:\/\/visitbo.no\/sommarlandfestivalen\/wp-json\/wp\/v2\/users\/4"}],"replies":[{"embeddable":true,"href":"https:\/\/visitbo.no\/sommarlandfestivalen\/wp-json\/wp\/v2\/comments?post=6898"}],"version-history":[{"count":47,"href":"https:\/\/visitbo.no\/sommarlandfestivalen\/wp-json\/wp\/v2\/pages\/6898\/revisions"}],"predecessor-version":[{"id":8388,"href":"https:\/\/visitbo.no\/sommarlandfestivalen\/wp-json\/wp\/v2\/pages\/6898\/revisions\/8388"}],"wp:attachment":[{"href":"https:\/\/visitbo.no\/sommarlandfestivalen\/wp-json\/wp\/v2\/media?parent=6898"}],"curies":[{"name":"wp","href":"https:\/\/api.w.org\/{rel}","templated":true}]}}