{"id":10395,"date":"2026-04-07T09:23:07","date_gmt":"2026-04-07T07:23:07","guid":{"rendered":"https:\/\/visitbo.no\/sonstebotunet\/?page_id=10395"},"modified":"2026-04-07T10:36:26","modified_gmt":"2026-04-07T08:36:26","slug":"jysk","status":"publish","type":"page","link":"https:\/\/visitbo.no\/sonstebotunet\/butikker\/jysk\/","title":{"rendered":"Jysk"},"content":{"rendered":"<div id=\"cs-content\" class=\"cs-content\"><\/div>\n","protected":false},"excerpt":{"rendered":"<p>JYSKScandinavian Sleeping &amp; Living. Prisgunstig, skandinavisk kvalitet. &nbsp;&nbsp;\u00c5pner hos oss i l\u00f8pet av juni. Vi gleder oss! Mer informasjon om \u00e5pningen kommer. Hos JYSK finner du alt du trenger til hjemmet. JYSK er en internasjonal kjede som selger \u00abalt til boligen\u00bb. Vi har et stort utvalg av m\u00f8bler, madrasser, dyner, puter og annet, og har alltid et godt tilbud til &#8230; <\/p>\n<div><a href=\"https:\/\/visitbo.no\/sonstebotunet\/butikker\/jysk\/\" class=\"more-link\">Read More<\/a><\/div>\n","protected":false},"author":46,"featured_media":0,"parent":7946,"menu_order":3,"comment_status":"closed","ping_status":"closed","template":"template-blank-4.php","meta":{"_relevanssi_hide_post":"","_relevanssi_hide_content":"","_relevanssi_pin_for_all":"","_relevanssi_pin_keywords":"","_relevanssi_unpin_keywords":"","_relevanssi_related_keywords":"","_relevanssi_related_include_ids":"","_relevanssi_related_exclude_ids":"","_relevanssi_related_no_append":"","_relevanssi_related_not_related":"","_relevanssi_related_posts":"","_relevanssi_noindex_reason":"","footnotes":""},"class_list":["post-10395","page","type-page","status-publish","hentry","no-post-thumbnail"],"yoast_head":"<!-- This site is optimized with the Yoast SEO plugin v27.2 - https:\/\/yoast.com\/product\/yoast-seo-wordpress\/ -->\n<title>Jysk - S\u00f8nsteb\u00f8tunet<\/title>\n<meta name=\"description\" content=\"I JYSK finner du alltid gode tilbud p\u00e5 alt til hjemmet. Vi \u00f8nsker \u00e5 tilby v\u00e5re kunder en inspirerende handle opplevelse i v\u00e5re butikker. V\u00e5rt sortiment og gode tilbud skal v\u00e6re i tr\u00e5d med v\u00e5r merkevare.\" \/>\n<meta name=\"robots\" content=\"index, follow, max-snippet:-1, max-image-preview:large, max-video-preview:-1\" \/>\n<link rel=\"canonical\" href=\"https:\/\/visitbo.no\/sonstebotunet\/butikker\/jysk\/\" \/>\n<meta property=\"og:locale\" content=\"nb_NO\" \/>\n<meta property=\"og:type\" content=\"article\" \/>\n<meta property=\"og:title\" content=\"Jysk - S\u00f8nsteb\u00f8tunet\" \/>\n<meta property=\"og:description\" content=\"I JYSK finner du alltid gode tilbud p\u00e5 alt til hjemmet. Vi \u00f8nsker \u00e5 tilby v\u00e5re kunder en inspirerende handle opplevelse i v\u00e5re butikker. V\u00e5rt sortiment og gode tilbud skal v\u00e6re i tr\u00e5d med v\u00e5r merkevare.\" \/>\n<meta property=\"og:url\" content=\"https:\/\/visitbo.no\/sonstebotunet\/butikker\/jysk\/\" \/>\n<meta property=\"og:site_name\" content=\"S\u00f8nsteb\u00f8tunet\" \/>\n<meta property=\"article:modified_time\" content=\"2026-04-07T08:36:26+00:00\" \/>\n<meta property=\"og:image\" content=\"https:\/\/visitbo.no\/sonstebotunet\/wp-content\/uploads\/sites\/51\/2026\/04\/Bildevegg_Top-Picture_1140x450.jpg\" \/>\n<meta name=\"twitter:card\" content=\"summary_large_image\" \/>\n<script type=\"application\/ld+json\" class=\"yoast-schema-graph\">{\"@context\":\"https:\/\/schema.org\",\"@graph\":[{\"@type\":\"WebPage\",\"@id\":\"https:\/\/visitbo.no\/sonstebotunet\/butikker\/jysk\/\",\"url\":\"https:\/\/visitbo.no\/sonstebotunet\/butikker\/jysk\/\",\"name\":\"Jysk - S\u00f8nsteb\u00f8tunet\",\"isPartOf\":{\"@id\":\"https:\/\/visitbo.no\/sonstebotunet\/#website\"},\"primaryImageOfPage\":{\"@id\":\"https:\/\/visitbo.no\/sonstebotunet\/butikker\/jysk\/#primaryimage\"},\"image\":{\"@id\":\"https:\/\/visitbo.no\/sonstebotunet\/butikker\/jysk\/#primaryimage\"},\"thumbnailUrl\":\"https:\/\/visitbo.no\/sonstebotunet\/wp-content\/uploads\/sites\/51\/2026\/04\/Bildevegg_Top-Picture_1140x450.jpg\",\"datePublished\":\"2026-04-07T07:23:07+00:00\",\"dateModified\":\"2026-04-07T08:36:26+00:00\",\"description\":\"I JYSK finner du alltid gode tilbud p\u00e5 alt til hjemmet. Vi \u00f8nsker \u00e5 tilby v\u00e5re kunder en inspirerende handle opplevelse i v\u00e5re butikker. V\u00e5rt sortiment og gode tilbud skal v\u00e6re i tr\u00e5d med v\u00e5r merkevare.\",\"breadcrumb\":{\"@id\":\"https:\/\/visitbo.no\/sonstebotunet\/butikker\/jysk\/#breadcrumb\"},\"inLanguage\":\"nb-NO\",\"potentialAction\":[{\"@type\":\"ReadAction\",\"target\":[\"https:\/\/visitbo.no\/sonstebotunet\/butikker\/jysk\/\"]}]},{\"@type\":\"ImageObject\",\"inLanguage\":\"nb-NO\",\"@id\":\"https:\/\/visitbo.no\/sonstebotunet\/butikker\/jysk\/#primaryimage\",\"url\":\"https:\/\/visitbo.no\/sonstebotunet\/wp-content\/uploads\/sites\/51\/2026\/04\/Bildevegg_Top-Picture_1140x450.jpg\",\"contentUrl\":\"https:\/\/visitbo.no\/sonstebotunet\/wp-content\/uploads\/sites\/51\/2026\/04\/Bildevegg_Top-Picture_1140x450.jpg\",\"width\":1140,\"height\":450,\"caption\":\"Moderne kunstverk og plakater i rammer p\u00e5 gr\u00e5 vegg, som gir et stilrent interi\u00f8rdesign.\"},{\"@type\":\"BreadcrumbList\",\"@id\":\"https:\/\/visitbo.no\/sonstebotunet\/butikker\/jysk\/#breadcrumb\",\"itemListElement\":[{\"@type\":\"ListItem\",\"position\":1,\"name\":\"Hjem\",\"item\":\"https:\/\/visitbo.no\/sonstebotunet\/\"},{\"@type\":\"ListItem\",\"position\":2,\"name\":\"Butikkoversikt\",\"item\":\"https:\/\/visitbo.no\/sonstebotunet\/butikker\/\"},{\"@type\":\"ListItem\",\"position\":3,\"name\":\"Jysk\"}]},{\"@type\":\"WebSite\",\"@id\":\"https:\/\/visitbo.no\/sonstebotunet\/#website\",\"url\":\"https:\/\/visitbo.no\/sonstebotunet\/\",\"name\":\"S\u00f8nsteb\u00f8tunet\",\"description\":\"One online experience - for everything your destination has to offer.\",\"potentialAction\":[{\"@type\":\"SearchAction\",\"target\":{\"@type\":\"EntryPoint\",\"urlTemplate\":\"https:\/\/visitbo.no\/sonstebotunet\/?s={search_term_string}\"},\"query-input\":{\"@type\":\"PropertyValueSpecification\",\"valueRequired\":true,\"valueName\":\"search_term_string\"}}],\"inLanguage\":\"nb-NO\"}]}<\/script>\n<!-- \/ Yoast SEO plugin. -->","yoast_head_json":{"title":"Jysk - S\u00f8nsteb\u00f8tunet","description":"I JYSK finner du alltid gode tilbud p\u00e5 alt til hjemmet. Vi \u00f8nsker \u00e5 tilby v\u00e5re kunder en inspirerende handle opplevelse i v\u00e5re butikker. V\u00e5rt sortiment og gode tilbud skal v\u00e6re i tr\u00e5d med v\u00e5r merkevare.","robots":{"index":"index","follow":"follow","max-snippet":"max-snippet:-1","max-image-preview":"max-image-preview:large","max-video-preview":"max-video-preview:-1"},"canonical":"https:\/\/visitbo.no\/sonstebotunet\/butikker\/jysk\/","og_locale":"nb_NO","og_type":"article","og_title":"Jysk - S\u00f8nsteb\u00f8tunet","og_description":"I JYSK finner du alltid gode tilbud p\u00e5 alt til hjemmet. Vi \u00f8nsker \u00e5 tilby v\u00e5re kunder en inspirerende handle opplevelse i v\u00e5re butikker. V\u00e5rt sortiment og gode tilbud skal v\u00e6re i tr\u00e5d med v\u00e5r merkevare.","og_url":"https:\/\/visitbo.no\/sonstebotunet\/butikker\/jysk\/","og_site_name":"S\u00f8nsteb\u00f8tunet","article_modified_time":"2026-04-07T08:36:26+00:00","og_image":[{"url":"https:\/\/visitbo.no\/sonstebotunet\/wp-content\/uploads\/sites\/51\/2026\/04\/Bildevegg_Top-Picture_1140x450.jpg","type":"","width":"","height":""}],"twitter_card":"summary_large_image","schema":{"@context":"https:\/\/schema.org","@graph":[{"@type":"WebPage","@id":"https:\/\/visitbo.no\/sonstebotunet\/butikker\/jysk\/","url":"https:\/\/visitbo.no\/sonstebotunet\/butikker\/jysk\/","name":"Jysk - S\u00f8nsteb\u00f8tunet","isPartOf":{"@id":"https:\/\/visitbo.no\/sonstebotunet\/#website"},"primaryImageOfPage":{"@id":"https:\/\/visitbo.no\/sonstebotunet\/butikker\/jysk\/#primaryimage"},"image":{"@id":"https:\/\/visitbo.no\/sonstebotunet\/butikker\/jysk\/#primaryimage"},"thumbnailUrl":"https:\/\/visitbo.no\/sonstebotunet\/wp-content\/uploads\/sites\/51\/2026\/04\/Bildevegg_Top-Picture_1140x450.jpg","datePublished":"2026-04-07T07:23:07+00:00","dateModified":"2026-04-07T08:36:26+00:00","description":"I JYSK finner du alltid gode tilbud p\u00e5 alt til hjemmet. Vi \u00f8nsker \u00e5 tilby v\u00e5re kunder en inspirerende handle opplevelse i v\u00e5re butikker. V\u00e5rt sortiment og gode tilbud skal v\u00e6re i tr\u00e5d med v\u00e5r merkevare.","breadcrumb":{"@id":"https:\/\/visitbo.no\/sonstebotunet\/butikker\/jysk\/#breadcrumb"},"inLanguage":"nb-NO","potentialAction":[{"@type":"ReadAction","target":["https:\/\/visitbo.no\/sonstebotunet\/butikker\/jysk\/"]}]},{"@type":"ImageObject","inLanguage":"nb-NO","@id":"https:\/\/visitbo.no\/sonstebotunet\/butikker\/jysk\/#primaryimage","url":"https:\/\/visitbo.no\/sonstebotunet\/wp-content\/uploads\/sites\/51\/2026\/04\/Bildevegg_Top-Picture_1140x450.jpg","contentUrl":"https:\/\/visitbo.no\/sonstebotunet\/wp-content\/uploads\/sites\/51\/2026\/04\/Bildevegg_Top-Picture_1140x450.jpg","width":1140,"height":450,"caption":"Moderne kunstverk og plakater i rammer p\u00e5 gr\u00e5 vegg, som gir et stilrent interi\u00f8rdesign."},{"@type":"BreadcrumbList","@id":"https:\/\/visitbo.no\/sonstebotunet\/butikker\/jysk\/#breadcrumb","itemListElement":[{"@type":"ListItem","position":1,"name":"Hjem","item":"https:\/\/visitbo.no\/sonstebotunet\/"},{"@type":"ListItem","position":2,"name":"Butikkoversikt","item":"https:\/\/visitbo.no\/sonstebotunet\/butikker\/"},{"@type":"ListItem","position":3,"name":"Jysk"}]},{"@type":"WebSite","@id":"https:\/\/visitbo.no\/sonstebotunet\/#website","url":"https:\/\/visitbo.no\/sonstebotunet\/","name":"S\u00f8nsteb\u00f8tunet","description":"One online experience - for everything your destination has to offer.","potentialAction":[{"@type":"SearchAction","target":{"@type":"EntryPoint","urlTemplate":"https:\/\/visitbo.no\/sonstebotunet\/?s={search_term_string}"},"query-input":{"@type":"PropertyValueSpecification","valueRequired":true,"valueName":"search_term_string"}}],"inLanguage":"nb-NO"}]}},"_links":{"self":[{"href":"https:\/\/visitbo.no\/sonstebotunet\/wp-json\/wp\/v2\/pages\/10395","targetHints":{"allow":["GET"]}}],"collection":[{"href":"https:\/\/visitbo.no\/sonstebotunet\/wp-json\/wp\/v2\/pages"}],"about":[{"href":"https:\/\/visitbo.no\/sonstebotunet\/wp-json\/wp\/v2\/types\/page"}],"author":[{"embeddable":true,"href":"https:\/\/visitbo.no\/sonstebotunet\/wp-json\/wp\/v2\/users\/46"}],"replies":[{"embeddable":true,"href":"https:\/\/visitbo.no\/sonstebotunet\/wp-json\/wp\/v2\/comments?post=10395"}],"version-history":[{"count":8,"href":"https:\/\/visitbo.no\/sonstebotunet\/wp-json\/wp\/v2\/pages\/10395\/revisions"}],"predecessor-version":[{"id":10440,"href":"https:\/\/visitbo.no\/sonstebotunet\/wp-json\/wp\/v2\/pages\/10395\/revisions\/10440"}],"up":[{"embeddable":true,"href":"https:\/\/visitbo.no\/sonstebotunet\/wp-json\/wp\/v2\/pages\/7946"}],"wp:attachment":[{"href":"https:\/\/visitbo.no\/sonstebotunet\/wp-json\/wp\/v2\/media?parent=10395"}],"curies":[{"name":"wp","href":"https:\/\/api.w.org\/{rel}","templated":true}]}}