{"id":2,"date":"2012-04-11T16:34:42","date_gmt":"2012-04-11T14:34:42","guid":{"rendered":"https:\/\/tonto.wp.oppdateringsfabrikken.no\/?page_id=2"},"modified":"2025-01-18T11:43:52","modified_gmt":"2025-01-18T10:43:52","slug":"forside-2","status":"publish","type":"page","link":"https:\/\/visitbo.no\/sonstebotunet\/","title":{"rendered":"S\u00f8nsteb\u00f8tunet"},"content":{"rendered":"<div id=\"cs-content\" class=\"cs-content\"><\/div>\n","protected":false},"excerpt":{"rendered":"<p>\u00c5pningstider: Mandag-fredag: 10-18 L\u00f8rdag: 10-16 Et annerledes kj\u00f8pesenter midt i hjertet av B\u00f8 sentrum. Kun 5 minutter med bil fra B\u00f8 Sommarland. S\u00f8nsteb\u00f8tunet har butikker med alt du trenger til hele familien. Alt fra sko,\u00a0 kl\u00e6r til alle anledninger , middag og bowling og det du trenger til hjemmet.\u00a0&nbsp; \u00c5PNINGSTIDER Les mer BUTIKKOVERSIKT Les mer INFORMASJON Les merNyheter og tilbud &#8230; <\/p>\n<div><a href=\"https:\/\/visitbo.no\/sonstebotunet\/skreddersy-din-egen-dress\/\" class=\"more-link\">Read More<\/a><\/div>\n","protected":false},"author":1,"featured_media":0,"parent":0,"menu_order":0,"comment_status":"closed","ping_status":"closed","template":"template-blank-4.php","meta":{"_relevanssi_hide_post":"","_relevanssi_hide_content":"","_relevanssi_pin_for_all":"","_relevanssi_pin_keywords":"","_relevanssi_unpin_keywords":"","_relevanssi_related_keywords":"","_relevanssi_related_include_ids":"","_relevanssi_related_exclude_ids":"","_relevanssi_related_no_append":"","_relevanssi_related_not_related":"","_relevanssi_related_posts":"","_relevanssi_noindex_reason":"","footnotes":""},"class_list":["post-2","page","type-page","status-publish","hentry","no-post-thumbnail"],"yoast_head":"<!-- This site is optimized with the Yoast SEO plugin v27.2 - https:\/\/yoast.com\/product\/yoast-seo-wordpress\/ -->\n<title>S\u00f8nsteb\u00f8tunet | Sjarmerende kj\u00f8pesenter i B\u00f8 i Telemark<\/title>\n<meta name=\"description\" content=\"Kj\u00f8pesenteret S\u00f8nsteb\u00f8tunet i B\u00f8 i Telemark tilbyr shopping, vinmonopol og spennende familieaktiviteter. Velkommen!\" \/>\n<meta name=\"robots\" content=\"index, follow, max-snippet:-1, max-image-preview:large, max-video-preview:-1\" \/>\n<link rel=\"canonical\" href=\"https:\/\/visitbo.no\/sonstebotunet\/\" \/>\n<meta property=\"og:locale\" content=\"nb_NO\" \/>\n<meta property=\"og:type\" content=\"article\" \/>\n<meta property=\"og:title\" content=\"S\u00f8nsteb\u00f8tunet | Sjarmerende kj\u00f8pesenter i B\u00f8 i Telemark\" \/>\n<meta property=\"og:description\" content=\"Kj\u00f8pesenteret S\u00f8nsteb\u00f8tunet i B\u00f8 i Telemark tilbyr shopping, vinmonopol og spennende familieaktiviteter. Velkommen!\" \/>\n<meta property=\"og:url\" content=\"https:\/\/visitbo.no\/sonstebotunet\/\" \/>\n<meta property=\"og:site_name\" content=\"S\u00f8nsteb\u00f8tunet\" \/>\n<meta property=\"article:modified_time\" content=\"2025-01-18T10:43:52+00:00\" \/>\n<meta name=\"twitter:card\" content=\"summary_large_image\" \/>\n<meta name=\"twitter:label1\" content=\"Ansl. lesetid\" \/>\n\t<meta name=\"twitter:data1\" content=\"4 minutter\" \/>\n<script type=\"application\/ld+json\" class=\"yoast-schema-graph\">{\"@context\":\"https:\/\/schema.org\",\"@graph\":[{\"@type\":\"WebPage\",\"@id\":\"https:\/\/visitbo.no\/sonstebotunet\/\",\"url\":\"https:\/\/visitbo.no\/sonstebotunet\/\",\"name\":\"S\u00f8nsteb\u00f8tunet | Sjarmerende kj\u00f8pesenter i B\u00f8 i Telemark\",\"isPartOf\":{\"@id\":\"https:\/\/visitbo.no\/sonstebotunet\/#website\"},\"datePublished\":\"2012-04-11T14:34:42+00:00\",\"dateModified\":\"2025-01-18T10:43:52+00:00\",\"description\":\"Kj\u00f8pesenteret S\u00f8nsteb\u00f8tunet i B\u00f8 i Telemark tilbyr shopping, vinmonopol og spennende familieaktiviteter. Velkommen!\",\"breadcrumb\":{\"@id\":\"https:\/\/visitbo.no\/sonstebotunet\/#breadcrumb\"},\"inLanguage\":\"nb-NO\",\"potentialAction\":[{\"@type\":\"ReadAction\",\"target\":[\"https:\/\/visitbo.no\/sonstebotunet\/\"]}]},{\"@type\":\"BreadcrumbList\",\"@id\":\"https:\/\/visitbo.no\/sonstebotunet\/#breadcrumb\",\"itemListElement\":[{\"@type\":\"ListItem\",\"position\":1,\"name\":\"Hjem\",\"item\":\"https:\/\/visitbo.no\/sonstebotunet\/\"},{\"@type\":\"ListItem\",\"position\":2,\"name\":\"S\u00f8nsteb\u00f8tunet\"}]},{\"@type\":\"WebSite\",\"@id\":\"https:\/\/visitbo.no\/sonstebotunet\/#website\",\"url\":\"https:\/\/visitbo.no\/sonstebotunet\/\",\"name\":\"S\u00f8nsteb\u00f8tunet\",\"description\":\"One online experience - for everything your destination has to offer.\",\"potentialAction\":[{\"@type\":\"SearchAction\",\"target\":{\"@type\":\"EntryPoint\",\"urlTemplate\":\"https:\/\/visitbo.no\/sonstebotunet\/?s={search_term_string}\"},\"query-input\":{\"@type\":\"PropertyValueSpecification\",\"valueRequired\":true,\"valueName\":\"search_term_string\"}}],\"inLanguage\":\"nb-NO\"}]}<\/script>\n<!-- \/ Yoast SEO plugin. -->","yoast_head_json":{"title":"S\u00f8nsteb\u00f8tunet | Sjarmerende kj\u00f8pesenter i B\u00f8 i Telemark","description":"Kj\u00f8pesenteret S\u00f8nsteb\u00f8tunet i B\u00f8 i Telemark tilbyr shopping, vinmonopol og spennende familieaktiviteter. Velkommen!","robots":{"index":"index","follow":"follow","max-snippet":"max-snippet:-1","max-image-preview":"max-image-preview:large","max-video-preview":"max-video-preview:-1"},"canonical":"https:\/\/visitbo.no\/sonstebotunet\/","og_locale":"nb_NO","og_type":"article","og_title":"S\u00f8nsteb\u00f8tunet | Sjarmerende kj\u00f8pesenter i B\u00f8 i Telemark","og_description":"Kj\u00f8pesenteret S\u00f8nsteb\u00f8tunet i B\u00f8 i Telemark tilbyr shopping, vinmonopol og spennende familieaktiviteter. Velkommen!","og_url":"https:\/\/visitbo.no\/sonstebotunet\/","og_site_name":"S\u00f8nsteb\u00f8tunet","article_modified_time":"2025-01-18T10:43:52+00:00","twitter_card":"summary_large_image","twitter_misc":{"Ansl. lesetid":"4 minutter"},"schema":{"@context":"https:\/\/schema.org","@graph":[{"@type":"WebPage","@id":"https:\/\/visitbo.no\/sonstebotunet\/","url":"https:\/\/visitbo.no\/sonstebotunet\/","name":"S\u00f8nsteb\u00f8tunet | Sjarmerende kj\u00f8pesenter i B\u00f8 i Telemark","isPartOf":{"@id":"https:\/\/visitbo.no\/sonstebotunet\/#website"},"datePublished":"2012-04-11T14:34:42+00:00","dateModified":"2025-01-18T10:43:52+00:00","description":"Kj\u00f8pesenteret S\u00f8nsteb\u00f8tunet i B\u00f8 i Telemark tilbyr shopping, vinmonopol og spennende familieaktiviteter. Velkommen!","breadcrumb":{"@id":"https:\/\/visitbo.no\/sonstebotunet\/#breadcrumb"},"inLanguage":"nb-NO","potentialAction":[{"@type":"ReadAction","target":["https:\/\/visitbo.no\/sonstebotunet\/"]}]},{"@type":"BreadcrumbList","@id":"https:\/\/visitbo.no\/sonstebotunet\/#breadcrumb","itemListElement":[{"@type":"ListItem","position":1,"name":"Hjem","item":"https:\/\/visitbo.no\/sonstebotunet\/"},{"@type":"ListItem","position":2,"name":"S\u00f8nsteb\u00f8tunet"}]},{"@type":"WebSite","@id":"https:\/\/visitbo.no\/sonstebotunet\/#website","url":"https:\/\/visitbo.no\/sonstebotunet\/","name":"S\u00f8nsteb\u00f8tunet","description":"One online experience - for everything your destination has to offer.","potentialAction":[{"@type":"SearchAction","target":{"@type":"EntryPoint","urlTemplate":"https:\/\/visitbo.no\/sonstebotunet\/?s={search_term_string}"},"query-input":{"@type":"PropertyValueSpecification","valueRequired":true,"valueName":"search_term_string"}}],"inLanguage":"nb-NO"}]}},"_links":{"self":[{"href":"https:\/\/visitbo.no\/sonstebotunet\/wp-json\/wp\/v2\/pages\/2","targetHints":{"allow":["GET"]}}],"collection":[{"href":"https:\/\/visitbo.no\/sonstebotunet\/wp-json\/wp\/v2\/pages"}],"about":[{"href":"https:\/\/visitbo.no\/sonstebotunet\/wp-json\/wp\/v2\/types\/page"}],"author":[{"embeddable":true,"href":"https:\/\/visitbo.no\/sonstebotunet\/wp-json\/wp\/v2\/users\/1"}],"replies":[{"embeddable":true,"href":"https:\/\/visitbo.no\/sonstebotunet\/wp-json\/wp\/v2\/comments?post=2"}],"version-history":[{"count":254,"href":"https:\/\/visitbo.no\/sonstebotunet\/wp-json\/wp\/v2\/pages\/2\/revisions"}],"predecessor-version":[{"id":10255,"href":"https:\/\/visitbo.no\/sonstebotunet\/wp-json\/wp\/v2\/pages\/2\/revisions\/10255"}],"wp:attachment":[{"href":"https:\/\/visitbo.no\/sonstebotunet\/wp-json\/wp\/v2\/media?parent=2"}],"curies":[{"name":"wp","href":"https:\/\/api.w.org\/{rel}","templated":true}]}}