{"id":8020,"date":"2020-02-18T00:11:32","date_gmt":"2020-02-17T23:11:32","guid":{"rendered":"https:\/\/visitbo.no\/sonstebotunet\/?page_id=8020"},"modified":"2023-12-07T09:05:58","modified_gmt":"2023-12-07T08:05:58","slug":"gavekort","status":"publish","type":"page","link":"https:\/\/visitbo.no\/sonstebotunet\/gavekort\/","title":{"rendered":"Gavekort"},"content":{"rendered":"<div id=\"cs-content\" class=\"cs-content\"><\/div>\n","protected":false},"excerpt":{"rendered":"<p>Kj\u00f8p gavekort hos oss Vet du ikke hva du skal gi i gave? Vi har gavekort som kan brukes i alle v\u00e5re butikker (ikke vinmonopolet). Perfekt til de som har alt. Eller trenger du en gave til bedriften? Et gavekort p\u00e5 S\u00f8nsteb\u00f8tunet er et perfekt valg. Gavekort f\u00e5r du kj\u00f8pt i butikken 1928 S\u00f8nsteb\u00f8. Velkommen!<\/p>\n","protected":false},"author":6,"featured_media":0,"parent":0,"menu_order":3,"comment_status":"closed","ping_status":"closed","template":"template-blank-4.php","meta":{"_relevanssi_hide_post":"","_relevanssi_hide_content":"","_relevanssi_pin_for_all":"","_relevanssi_pin_keywords":"","_relevanssi_unpin_keywords":"","_relevanssi_related_keywords":"","_relevanssi_related_include_ids":"","_relevanssi_related_exclude_ids":"","_relevanssi_related_no_append":"","_relevanssi_related_not_related":"","_relevanssi_related_posts":"","_relevanssi_noindex_reason":"","footnotes":""},"class_list":["post-8020","page","type-page","status-publish","hentry","no-post-thumbnail"],"yoast_head":"<!-- This site is optimized with the Yoast SEO plugin v27.2 - https:\/\/yoast.com\/product\/yoast-seo-wordpress\/ -->\n<title>Gavekort - S\u00f8nsteb\u00f8tunet<\/title>\n<meta name=\"robots\" content=\"index, follow, max-snippet:-1, max-image-preview:large, max-video-preview:-1\" \/>\n<link rel=\"canonical\" href=\"https:\/\/visitbo.no\/sonstebotunet\/gavekort\/\" \/>\n<meta property=\"og:locale\" content=\"nb_NO\" \/>\n<meta property=\"og:type\" content=\"article\" \/>\n<meta property=\"og:title\" content=\"Gavekort - S\u00f8nsteb\u00f8tunet\" \/>\n<meta property=\"og:description\" content=\"Kj\u00f8p gavekort hos oss Vet du ikke hva du skal gi i gave? Vi har gavekort som kan brukes i alle v\u00e5re butikker (ikke vinmonopolet). Perfekt til de som har alt. Eller trenger du en gave til bedriften? Et gavekort p\u00e5 S\u00f8nsteb\u00f8tunet er et perfekt valg. Gavekort f\u00e5r du kj\u00f8pt i butikken 1928 S\u00f8nsteb\u00f8. Velkommen!\" \/>\n<meta property=\"og:url\" content=\"https:\/\/visitbo.no\/sonstebotunet\/gavekort\/\" \/>\n<meta property=\"og:site_name\" content=\"S\u00f8nsteb\u00f8tunet\" \/>\n<meta property=\"article:modified_time\" content=\"2023-12-07T08:05:58+00:00\" \/>\n<meta name=\"twitter:card\" content=\"summary_large_image\" \/>\n<meta name=\"twitter:label1\" content=\"Ansl. lesetid\" \/>\n\t<meta name=\"twitter:data1\" content=\"2 minutter\" \/>\n<script type=\"application\/ld+json\" class=\"yoast-schema-graph\">{\"@context\":\"https:\/\/schema.org\",\"@graph\":[{\"@type\":\"WebPage\",\"@id\":\"https:\/\/visitbo.no\/sonstebotunet\/gavekort\/\",\"url\":\"https:\/\/visitbo.no\/sonstebotunet\/gavekort\/\",\"name\":\"Gavekort - S\u00f8nsteb\u00f8tunet\",\"isPartOf\":{\"@id\":\"https:\/\/visitbo.no\/sonstebotunet\/#website\"},\"datePublished\":\"2020-02-17T23:11:32+00:00\",\"dateModified\":\"2023-12-07T08:05:58+00:00\",\"breadcrumb\":{\"@id\":\"https:\/\/visitbo.no\/sonstebotunet\/gavekort\/#breadcrumb\"},\"inLanguage\":\"nb-NO\",\"potentialAction\":[{\"@type\":\"ReadAction\",\"target\":[\"https:\/\/visitbo.no\/sonstebotunet\/gavekort\/\"]}]},{\"@type\":\"BreadcrumbList\",\"@id\":\"https:\/\/visitbo.no\/sonstebotunet\/gavekort\/#breadcrumb\",\"itemListElement\":[{\"@type\":\"ListItem\",\"position\":1,\"name\":\"Hjem\",\"item\":\"https:\/\/visitbo.no\/sonstebotunet\/\"},{\"@type\":\"ListItem\",\"position\":2,\"name\":\"Gavekort\"}]},{\"@type\":\"WebSite\",\"@id\":\"https:\/\/visitbo.no\/sonstebotunet\/#website\",\"url\":\"https:\/\/visitbo.no\/sonstebotunet\/\",\"name\":\"S\u00f8nsteb\u00f8tunet\",\"description\":\"One online experience - for everything your destination has to offer.\",\"potentialAction\":[{\"@type\":\"SearchAction\",\"target\":{\"@type\":\"EntryPoint\",\"urlTemplate\":\"https:\/\/visitbo.no\/sonstebotunet\/?s={search_term_string}\"},\"query-input\":{\"@type\":\"PropertyValueSpecification\",\"valueRequired\":true,\"valueName\":\"search_term_string\"}}],\"inLanguage\":\"nb-NO\"}]}<\/script>\n<!-- \/ Yoast SEO plugin. -->","yoast_head_json":{"title":"Gavekort - S\u00f8nsteb\u00f8tunet","robots":{"index":"index","follow":"follow","max-snippet":"max-snippet:-1","max-image-preview":"max-image-preview:large","max-video-preview":"max-video-preview:-1"},"canonical":"https:\/\/visitbo.no\/sonstebotunet\/gavekort\/","og_locale":"nb_NO","og_type":"article","og_title":"Gavekort - S\u00f8nsteb\u00f8tunet","og_description":"Kj\u00f8p gavekort hos oss Vet du ikke hva du skal gi i gave? Vi har gavekort som kan brukes i alle v\u00e5re butikker (ikke vinmonopolet). Perfekt til de som har alt. Eller trenger du en gave til bedriften? Et gavekort p\u00e5 S\u00f8nsteb\u00f8tunet er et perfekt valg. Gavekort f\u00e5r du kj\u00f8pt i butikken 1928 S\u00f8nsteb\u00f8. Velkommen!","og_url":"https:\/\/visitbo.no\/sonstebotunet\/gavekort\/","og_site_name":"S\u00f8nsteb\u00f8tunet","article_modified_time":"2023-12-07T08:05:58+00:00","twitter_card":"summary_large_image","twitter_misc":{"Ansl. lesetid":"2 minutter"},"schema":{"@context":"https:\/\/schema.org","@graph":[{"@type":"WebPage","@id":"https:\/\/visitbo.no\/sonstebotunet\/gavekort\/","url":"https:\/\/visitbo.no\/sonstebotunet\/gavekort\/","name":"Gavekort - S\u00f8nsteb\u00f8tunet","isPartOf":{"@id":"https:\/\/visitbo.no\/sonstebotunet\/#website"},"datePublished":"2020-02-17T23:11:32+00:00","dateModified":"2023-12-07T08:05:58+00:00","breadcrumb":{"@id":"https:\/\/visitbo.no\/sonstebotunet\/gavekort\/#breadcrumb"},"inLanguage":"nb-NO","potentialAction":[{"@type":"ReadAction","target":["https:\/\/visitbo.no\/sonstebotunet\/gavekort\/"]}]},{"@type":"BreadcrumbList","@id":"https:\/\/visitbo.no\/sonstebotunet\/gavekort\/#breadcrumb","itemListElement":[{"@type":"ListItem","position":1,"name":"Hjem","item":"https:\/\/visitbo.no\/sonstebotunet\/"},{"@type":"ListItem","position":2,"name":"Gavekort"}]},{"@type":"WebSite","@id":"https:\/\/visitbo.no\/sonstebotunet\/#website","url":"https:\/\/visitbo.no\/sonstebotunet\/","name":"S\u00f8nsteb\u00f8tunet","description":"One online experience - for everything your destination has to offer.","potentialAction":[{"@type":"SearchAction","target":{"@type":"EntryPoint","urlTemplate":"https:\/\/visitbo.no\/sonstebotunet\/?s={search_term_string}"},"query-input":{"@type":"PropertyValueSpecification","valueRequired":true,"valueName":"search_term_string"}}],"inLanguage":"nb-NO"}]}},"_links":{"self":[{"href":"https:\/\/visitbo.no\/sonstebotunet\/wp-json\/wp\/v2\/pages\/8020","targetHints":{"allow":["GET"]}}],"collection":[{"href":"https:\/\/visitbo.no\/sonstebotunet\/wp-json\/wp\/v2\/pages"}],"about":[{"href":"https:\/\/visitbo.no\/sonstebotunet\/wp-json\/wp\/v2\/types\/page"}],"author":[{"embeddable":true,"href":"https:\/\/visitbo.no\/sonstebotunet\/wp-json\/wp\/v2\/users\/6"}],"replies":[{"embeddable":true,"href":"https:\/\/visitbo.no\/sonstebotunet\/wp-json\/wp\/v2\/comments?post=8020"}],"version-history":[{"count":14,"href":"https:\/\/visitbo.no\/sonstebotunet\/wp-json\/wp\/v2\/pages\/8020\/revisions"}],"predecessor-version":[{"id":10132,"href":"https:\/\/visitbo.no\/sonstebotunet\/wp-json\/wp\/v2\/pages\/8020\/revisions\/10132"}],"wp:attachment":[{"href":"https:\/\/visitbo.no\/sonstebotunet\/wp-json\/wp\/v2\/media?parent=8020"}],"curies":[{"name":"wp","href":"https:\/\/api.w.org\/{rel}","templated":true}]}}