{"id":8562,"date":"2020-06-29T02:11:10","date_gmt":"2020-06-29T00:11:10","guid":{"rendered":"https:\/\/visitbo.no\/sonstebotunet\/?page_id=8562"},"modified":"2025-01-18T11:40:18","modified_gmt":"2025-01-18T10:40:18","slug":"sonstebotunet-apningstider","status":"publish","type":"page","link":"https:\/\/visitbo.no\/sonstebotunet\/sonstebotunet-apningstider\/","title":{"rendered":"\u00c5pningstider"},"content":{"rendered":"<div id=\"cs-content\" class=\"cs-content\"><\/div>\n","protected":false},"excerpt":{"rendered":"","protected":false},"author":6,"featured_media":0,"parent":0,"menu_order":3,"comment_status":"closed","ping_status":"closed","template":"template-blank-4.php","meta":{"_relevanssi_hide_post":"","_relevanssi_hide_content":"","_relevanssi_pin_for_all":"","_relevanssi_pin_keywords":"","_relevanssi_unpin_keywords":"","_relevanssi_related_keywords":"","_relevanssi_related_include_ids":"","_relevanssi_related_exclude_ids":"","_relevanssi_related_no_append":"","_relevanssi_related_not_related":"","_relevanssi_related_posts":"","_relevanssi_noindex_reason":"","footnotes":""},"class_list":["post-8562","page","type-page","status-publish","hentry","no-post-thumbnail"],"yoast_head":"<!-- This site is optimized with the Yoast SEO plugin v27.2 - https:\/\/yoast.com\/product\/yoast-seo-wordpress\/ -->\n<title>\u00c5pningstider - S\u00f8nsteb\u00f8tunet<\/title>\n<meta name=\"robots\" content=\"index, follow, max-snippet:-1, max-image-preview:large, max-video-preview:-1\" \/>\n<link rel=\"canonical\" href=\"https:\/\/visitbo.no\/sonstebotunet\/sonstebotunet-apningstider\/\" \/>\n<meta property=\"og:locale\" content=\"nb_NO\" \/>\n<meta property=\"og:type\" content=\"article\" \/>\n<meta property=\"og:title\" content=\"\u00c5pningstider - S\u00f8nsteb\u00f8tunet\" \/>\n<meta property=\"og:url\" content=\"https:\/\/visitbo.no\/sonstebotunet\/sonstebotunet-apningstider\/\" \/>\n<meta property=\"og:site_name\" content=\"S\u00f8nsteb\u00f8tunet\" \/>\n<meta property=\"article:modified_time\" content=\"2025-01-18T10:40:18+00:00\" \/>\n<meta property=\"og:image\" content=\"https:\/\/visitbo.no\/sonstebotunet\/wp-content\/uploads\/sites\/51\/2023\/06\/4ENG_Bowling_FB_1200x62d8px_ENG.jpg\" \/>\n<meta name=\"twitter:card\" content=\"summary_large_image\" \/>\n<meta name=\"twitter:label1\" content=\"Ansl. lesetid\" \/>\n\t<meta name=\"twitter:data1\" content=\"1 minutt\" \/>\n<script type=\"application\/ld+json\" class=\"yoast-schema-graph\">{\"@context\":\"https:\/\/schema.org\",\"@graph\":[{\"@type\":\"WebPage\",\"@id\":\"https:\/\/visitbo.no\/sonstebotunet\/sonstebotunet-apningstider\/\",\"url\":\"https:\/\/visitbo.no\/sonstebotunet\/sonstebotunet-apningstider\/\",\"name\":\"\u00c5pningstider - S\u00f8nsteb\u00f8tunet\",\"isPartOf\":{\"@id\":\"https:\/\/visitbo.no\/sonstebotunet\/#website\"},\"primaryImageOfPage\":{\"@id\":\"https:\/\/visitbo.no\/sonstebotunet\/sonstebotunet-apningstider\/#primaryimage\"},\"image\":{\"@id\":\"https:\/\/visitbo.no\/sonstebotunet\/sonstebotunet-apningstider\/#primaryimage\"},\"thumbnailUrl\":\"https:\/\/visitbo.no\/sonstebotunet\/wp-content\/uploads\/sites\/51\/2023\/06\/4ENG_Bowling_FB_1200x62d8px_ENG.jpg\",\"datePublished\":\"2020-06-29T00:11:10+00:00\",\"dateModified\":\"2025-01-18T10:40:18+00:00\",\"breadcrumb\":{\"@id\":\"https:\/\/visitbo.no\/sonstebotunet\/sonstebotunet-apningstider\/#breadcrumb\"},\"inLanguage\":\"nb-NO\",\"potentialAction\":[{\"@type\":\"ReadAction\",\"target\":[\"https:\/\/visitbo.no\/sonstebotunet\/sonstebotunet-apningstider\/\"]}]},{\"@type\":\"ImageObject\",\"inLanguage\":\"nb-NO\",\"@id\":\"https:\/\/visitbo.no\/sonstebotunet\/sonstebotunet-apningstider\/#primaryimage\",\"url\":\"https:\/\/visitbo.no\/sonstebotunet\/wp-content\/uploads\/sites\/51\/2023\/06\/4ENG_Bowling_FB_1200x62d8px_ENG.jpg\",\"contentUrl\":\"https:\/\/visitbo.no\/sonstebotunet\/wp-content\/uploads\/sites\/51\/2023\/06\/4ENG_Bowling_FB_1200x62d8px_ENG.jpg\",\"width\":420,\"height\":212,\"caption\":\"Olearys logo\"},{\"@type\":\"BreadcrumbList\",\"@id\":\"https:\/\/visitbo.no\/sonstebotunet\/sonstebotunet-apningstider\/#breadcrumb\",\"itemListElement\":[{\"@type\":\"ListItem\",\"position\":1,\"name\":\"Hjem\",\"item\":\"https:\/\/visitbo.no\/sonstebotunet\/\"},{\"@type\":\"ListItem\",\"position\":2,\"name\":\"\u00c5pningstider\"}]},{\"@type\":\"WebSite\",\"@id\":\"https:\/\/visitbo.no\/sonstebotunet\/#website\",\"url\":\"https:\/\/visitbo.no\/sonstebotunet\/\",\"name\":\"S\u00f8nsteb\u00f8tunet\",\"description\":\"One online experience - for everything your destination has to offer.\",\"potentialAction\":[{\"@type\":\"SearchAction\",\"target\":{\"@type\":\"EntryPoint\",\"urlTemplate\":\"https:\/\/visitbo.no\/sonstebotunet\/?s={search_term_string}\"},\"query-input\":{\"@type\":\"PropertyValueSpecification\",\"valueRequired\":true,\"valueName\":\"search_term_string\"}}],\"inLanguage\":\"nb-NO\"}]}<\/script>\n<!-- \/ Yoast SEO plugin. -->","yoast_head_json":{"title":"\u00c5pningstider - S\u00f8nsteb\u00f8tunet","robots":{"index":"index","follow":"follow","max-snippet":"max-snippet:-1","max-image-preview":"max-image-preview:large","max-video-preview":"max-video-preview:-1"},"canonical":"https:\/\/visitbo.no\/sonstebotunet\/sonstebotunet-apningstider\/","og_locale":"nb_NO","og_type":"article","og_title":"\u00c5pningstider - S\u00f8nsteb\u00f8tunet","og_url":"https:\/\/visitbo.no\/sonstebotunet\/sonstebotunet-apningstider\/","og_site_name":"S\u00f8nsteb\u00f8tunet","article_modified_time":"2025-01-18T10:40:18+00:00","og_image":[{"url":"https:\/\/visitbo.no\/sonstebotunet\/wp-content\/uploads\/sites\/51\/2023\/06\/4ENG_Bowling_FB_1200x62d8px_ENG.jpg","type":"","width":"","height":""}],"twitter_card":"summary_large_image","twitter_misc":{"Ansl. lesetid":"1 minutt"},"schema":{"@context":"https:\/\/schema.org","@graph":[{"@type":"WebPage","@id":"https:\/\/visitbo.no\/sonstebotunet\/sonstebotunet-apningstider\/","url":"https:\/\/visitbo.no\/sonstebotunet\/sonstebotunet-apningstider\/","name":"\u00c5pningstider - S\u00f8nsteb\u00f8tunet","isPartOf":{"@id":"https:\/\/visitbo.no\/sonstebotunet\/#website"},"primaryImageOfPage":{"@id":"https:\/\/visitbo.no\/sonstebotunet\/sonstebotunet-apningstider\/#primaryimage"},"image":{"@id":"https:\/\/visitbo.no\/sonstebotunet\/sonstebotunet-apningstider\/#primaryimage"},"thumbnailUrl":"https:\/\/visitbo.no\/sonstebotunet\/wp-content\/uploads\/sites\/51\/2023\/06\/4ENG_Bowling_FB_1200x62d8px_ENG.jpg","datePublished":"2020-06-29T00:11:10+00:00","dateModified":"2025-01-18T10:40:18+00:00","breadcrumb":{"@id":"https:\/\/visitbo.no\/sonstebotunet\/sonstebotunet-apningstider\/#breadcrumb"},"inLanguage":"nb-NO","potentialAction":[{"@type":"ReadAction","target":["https:\/\/visitbo.no\/sonstebotunet\/sonstebotunet-apningstider\/"]}]},{"@type":"ImageObject","inLanguage":"nb-NO","@id":"https:\/\/visitbo.no\/sonstebotunet\/sonstebotunet-apningstider\/#primaryimage","url":"https:\/\/visitbo.no\/sonstebotunet\/wp-content\/uploads\/sites\/51\/2023\/06\/4ENG_Bowling_FB_1200x62d8px_ENG.jpg","contentUrl":"https:\/\/visitbo.no\/sonstebotunet\/wp-content\/uploads\/sites\/51\/2023\/06\/4ENG_Bowling_FB_1200x62d8px_ENG.jpg","width":420,"height":212,"caption":"Olearys logo"},{"@type":"BreadcrumbList","@id":"https:\/\/visitbo.no\/sonstebotunet\/sonstebotunet-apningstider\/#breadcrumb","itemListElement":[{"@type":"ListItem","position":1,"name":"Hjem","item":"https:\/\/visitbo.no\/sonstebotunet\/"},{"@type":"ListItem","position":2,"name":"\u00c5pningstider"}]},{"@type":"WebSite","@id":"https:\/\/visitbo.no\/sonstebotunet\/#website","url":"https:\/\/visitbo.no\/sonstebotunet\/","name":"S\u00f8nsteb\u00f8tunet","description":"One online experience - for everything your destination has to offer.","potentialAction":[{"@type":"SearchAction","target":{"@type":"EntryPoint","urlTemplate":"https:\/\/visitbo.no\/sonstebotunet\/?s={search_term_string}"},"query-input":{"@type":"PropertyValueSpecification","valueRequired":true,"valueName":"search_term_string"}}],"inLanguage":"nb-NO"}]}},"_links":{"self":[{"href":"https:\/\/visitbo.no\/sonstebotunet\/wp-json\/wp\/v2\/pages\/8562","targetHints":{"allow":["GET"]}}],"collection":[{"href":"https:\/\/visitbo.no\/sonstebotunet\/wp-json\/wp\/v2\/pages"}],"about":[{"href":"https:\/\/visitbo.no\/sonstebotunet\/wp-json\/wp\/v2\/types\/page"}],"author":[{"embeddable":true,"href":"https:\/\/visitbo.no\/sonstebotunet\/wp-json\/wp\/v2\/users\/6"}],"replies":[{"embeddable":true,"href":"https:\/\/visitbo.no\/sonstebotunet\/wp-json\/wp\/v2\/comments?post=8562"}],"version-history":[{"count":23,"href":"https:\/\/visitbo.no\/sonstebotunet\/wp-json\/wp\/v2\/pages\/8562\/revisions"}],"predecessor-version":[{"id":10253,"href":"https:\/\/visitbo.no\/sonstebotunet\/wp-json\/wp\/v2\/pages\/8562\/revisions\/10253"}],"wp:attachment":[{"href":"https:\/\/visitbo.no\/sonstebotunet\/wp-json\/wp\/v2\/media?parent=8562"}],"curies":[{"name":"wp","href":"https:\/\/api.w.org\/{rel}","templated":true}]}}