{"id":6898,"date":"2019-02-25T11:44:09","date_gmt":"2019-02-25T10:44:09","guid":{"rendered":"https:\/\/visitbo.no\/tekstencamping\/?page_id=6898"},"modified":"2024-02-16T13:30:44","modified_gmt":"2024-02-16T12:30:44","slug":"aktiviteter","status":"publish","type":"page","link":"https:\/\/visitbo.no\/tekstencamping\/aktiviteter\/","title":{"rendered":"Aktiviteter"},"content":{"rendered":"<div id=\"cs-content\" class=\"cs-content\"><\/div>\n","protected":false},"excerpt":{"rendered":"<p>N\u00e5r barna f\u00e5r velge! Teksten Camping er en barnevennlig campingplass med stor lekeplass p\u00e5 5000 m2 og 1 km strandlinje med flere sm\u00e5 sandstrender.\u00a0 Vi har: Lekeplassen er stor og romslig 5000 m2 med mange aktiviteter. Alt i fra stor sandkasse, huske, kjempehoppepute 80 m2, tarzanl\u00f8ype, ballplass med sandvollyball- Utleie av rob\u00e5t, kano og tr\u00e5kkeb\u00e5t. Koselig h\u00f8nseg\u00e5rd med h\u00f8ner og &#8230; <\/p>\n<div><a href=\"https:\/\/visitbo.no\/tekstencamping\/aktiviteter\/\" class=\"more-link\">Read More<\/a><\/div>\n","protected":false},"author":4,"featured_media":0,"parent":0,"menu_order":3,"comment_status":"closed","ping_status":"closed","template":"","meta":{"_relevanssi_hide_post":"","_relevanssi_hide_content":"","_relevanssi_pin_for_all":"","_relevanssi_pin_keywords":"","_relevanssi_unpin_keywords":"","_relevanssi_related_keywords":"","_relevanssi_related_include_ids":"","_relevanssi_related_exclude_ids":"","_relevanssi_related_no_append":"","_relevanssi_related_not_related":"","_relevanssi_related_posts":"","_relevanssi_noindex_reason":"","footnotes":""},"class_list":["post-6898","page","type-page","status-publish","hentry","no-post-thumbnail"],"yoast_head":"<!-- This site is optimized with the Yoast SEO plugin v27.2 - https:\/\/yoast.com\/product\/yoast-seo-wordpress\/ -->\n<title>Aktiviteter p\u00e5 Teksten Camping\u2503Lekeplass, h\u00f8nseg\u00e5rd m.m.<\/title>\n<meta name=\"description\" content=\"Stor lekeplass, utleie av rob\u00e5t, kano og tr\u00e5kkeb\u00e5t. Koselig h\u00f8nseg\u00e5rd, gratis griller, landhandel, WiFi og padling\/fiskemuligheter.\" \/>\n<meta name=\"robots\" content=\"index, follow, max-snippet:-1, max-image-preview:large, max-video-preview:-1\" \/>\n<link rel=\"canonical\" href=\"https:\/\/visitbo.no\/tekstencamping\/aktiviteter\/\" \/>\n<meta property=\"og:locale\" content=\"nb_NO\" \/>\n<meta property=\"og:type\" content=\"article\" \/>\n<meta property=\"og:title\" content=\"Aktiviteter p\u00e5 Teksten Camping\u2503Lekeplass, h\u00f8nseg\u00e5rd m.m.\" \/>\n<meta property=\"og:description\" content=\"Stor lekeplass, utleie av rob\u00e5t, kano og tr\u00e5kkeb\u00e5t. Koselig h\u00f8nseg\u00e5rd, gratis griller, landhandel, WiFi og padling\/fiskemuligheter.\" \/>\n<meta property=\"og:url\" content=\"https:\/\/visitbo.no\/tekstencamping\/aktiviteter\/\" \/>\n<meta property=\"og:site_name\" content=\"Teksten Camping\" \/>\n<meta property=\"article:modified_time\" content=\"2024-02-16T12:30:44+00:00\" \/>\n<meta name=\"twitter:card\" content=\"summary_large_image\" \/>\n<meta name=\"twitter:label1\" content=\"Ansl. lesetid\" \/>\n\t<meta name=\"twitter:data1\" content=\"3 minutter\" \/>\n<script type=\"application\/ld+json\" class=\"yoast-schema-graph\">{\"@context\":\"https:\/\/schema.org\",\"@graph\":[{\"@type\":\"WebPage\",\"@id\":\"https:\/\/visitbo.no\/tekstencamping\/aktiviteter\/\",\"url\":\"https:\/\/visitbo.no\/tekstencamping\/aktiviteter\/\",\"name\":\"Aktiviteter p\u00e5 Teksten Camping\u2503Lekeplass, h\u00f8nseg\u00e5rd m.m.\",\"isPartOf\":{\"@id\":\"https:\/\/visitbo.no\/tekstencamping\/#website\"},\"datePublished\":\"2019-02-25T10:44:09+00:00\",\"dateModified\":\"2024-02-16T12:30:44+00:00\",\"description\":\"Stor lekeplass, utleie av rob\u00e5t, kano og tr\u00e5kkeb\u00e5t. Koselig h\u00f8nseg\u00e5rd, gratis griller, landhandel, WiFi og padling\/fiskemuligheter.\",\"breadcrumb\":{\"@id\":\"https:\/\/visitbo.no\/tekstencamping\/aktiviteter\/#breadcrumb\"},\"inLanguage\":\"nb-NO\",\"potentialAction\":[{\"@type\":\"ReadAction\",\"target\":[\"https:\/\/visitbo.no\/tekstencamping\/aktiviteter\/\"]}]},{\"@type\":\"BreadcrumbList\",\"@id\":\"https:\/\/visitbo.no\/tekstencamping\/aktiviteter\/#breadcrumb\",\"itemListElement\":[{\"@type\":\"ListItem\",\"position\":1,\"name\":\"Hjem\",\"item\":\"https:\/\/visitbo.no\/tekstencamping\/\"},{\"@type\":\"ListItem\",\"position\":2,\"name\":\"Aktiviteter\"}]},{\"@type\":\"WebSite\",\"@id\":\"https:\/\/visitbo.no\/tekstencamping\/#website\",\"url\":\"https:\/\/visitbo.no\/tekstencamping\/\",\"name\":\"Teksten Camping\",\"description\":\"One online experience - for everything your destination has to offer.\",\"potentialAction\":[{\"@type\":\"SearchAction\",\"target\":{\"@type\":\"EntryPoint\",\"urlTemplate\":\"https:\/\/visitbo.no\/tekstencamping\/?s={search_term_string}\"},\"query-input\":{\"@type\":\"PropertyValueSpecification\",\"valueRequired\":true,\"valueName\":\"search_term_string\"}}],\"inLanguage\":\"nb-NO\"}]}<\/script>\n<!-- \/ Yoast SEO plugin. -->","yoast_head_json":{"title":"Aktiviteter p\u00e5 Teksten Camping\u2503Lekeplass, h\u00f8nseg\u00e5rd m.m.","description":"Stor lekeplass, utleie av rob\u00e5t, kano og tr\u00e5kkeb\u00e5t. Koselig h\u00f8nseg\u00e5rd, gratis griller, landhandel, WiFi og padling\/fiskemuligheter.","robots":{"index":"index","follow":"follow","max-snippet":"max-snippet:-1","max-image-preview":"max-image-preview:large","max-video-preview":"max-video-preview:-1"},"canonical":"https:\/\/visitbo.no\/tekstencamping\/aktiviteter\/","og_locale":"nb_NO","og_type":"article","og_title":"Aktiviteter p\u00e5 Teksten Camping\u2503Lekeplass, h\u00f8nseg\u00e5rd m.m.","og_description":"Stor lekeplass, utleie av rob\u00e5t, kano og tr\u00e5kkeb\u00e5t. Koselig h\u00f8nseg\u00e5rd, gratis griller, landhandel, WiFi og padling\/fiskemuligheter.","og_url":"https:\/\/visitbo.no\/tekstencamping\/aktiviteter\/","og_site_name":"Teksten Camping","article_modified_time":"2024-02-16T12:30:44+00:00","twitter_card":"summary_large_image","twitter_misc":{"Ansl. lesetid":"3 minutter"},"schema":{"@context":"https:\/\/schema.org","@graph":[{"@type":"WebPage","@id":"https:\/\/visitbo.no\/tekstencamping\/aktiviteter\/","url":"https:\/\/visitbo.no\/tekstencamping\/aktiviteter\/","name":"Aktiviteter p\u00e5 Teksten Camping\u2503Lekeplass, h\u00f8nseg\u00e5rd m.m.","isPartOf":{"@id":"https:\/\/visitbo.no\/tekstencamping\/#website"},"datePublished":"2019-02-25T10:44:09+00:00","dateModified":"2024-02-16T12:30:44+00:00","description":"Stor lekeplass, utleie av rob\u00e5t, kano og tr\u00e5kkeb\u00e5t. Koselig h\u00f8nseg\u00e5rd, gratis griller, landhandel, WiFi og padling\/fiskemuligheter.","breadcrumb":{"@id":"https:\/\/visitbo.no\/tekstencamping\/aktiviteter\/#breadcrumb"},"inLanguage":"nb-NO","potentialAction":[{"@type":"ReadAction","target":["https:\/\/visitbo.no\/tekstencamping\/aktiviteter\/"]}]},{"@type":"BreadcrumbList","@id":"https:\/\/visitbo.no\/tekstencamping\/aktiviteter\/#breadcrumb","itemListElement":[{"@type":"ListItem","position":1,"name":"Hjem","item":"https:\/\/visitbo.no\/tekstencamping\/"},{"@type":"ListItem","position":2,"name":"Aktiviteter"}]},{"@type":"WebSite","@id":"https:\/\/visitbo.no\/tekstencamping\/#website","url":"https:\/\/visitbo.no\/tekstencamping\/","name":"Teksten Camping","description":"One online experience - for everything your destination has to offer.","potentialAction":[{"@type":"SearchAction","target":{"@type":"EntryPoint","urlTemplate":"https:\/\/visitbo.no\/tekstencamping\/?s={search_term_string}"},"query-input":{"@type":"PropertyValueSpecification","valueRequired":true,"valueName":"search_term_string"}}],"inLanguage":"nb-NO"}]}},"_links":{"self":[{"href":"https:\/\/visitbo.no\/tekstencamping\/wp-json\/wp\/v2\/pages\/6898","targetHints":{"allow":["GET"]}}],"collection":[{"href":"https:\/\/visitbo.no\/tekstencamping\/wp-json\/wp\/v2\/pages"}],"about":[{"href":"https:\/\/visitbo.no\/tekstencamping\/wp-json\/wp\/v2\/types\/page"}],"author":[{"embeddable":true,"href":"https:\/\/visitbo.no\/tekstencamping\/wp-json\/wp\/v2\/users\/4"}],"replies":[{"embeddable":true,"href":"https:\/\/visitbo.no\/tekstencamping\/wp-json\/wp\/v2\/comments?post=6898"}],"version-history":[{"count":31,"href":"https:\/\/visitbo.no\/tekstencamping\/wp-json\/wp\/v2\/pages\/6898\/revisions"}],"predecessor-version":[{"id":8519,"href":"https:\/\/visitbo.no\/tekstencamping\/wp-json\/wp\/v2\/pages\/6898\/revisions\/8519"}],"wp:attachment":[{"href":"https:\/\/visitbo.no\/tekstencamping\/wp-json\/wp\/v2\/media?parent=6898"}],"curies":[{"name":"wp","href":"https:\/\/api.w.org\/{rel}","templated":true}]}}