{"id":7809,"date":"2019-12-01T17:53:47","date_gmt":"2019-12-01T16:53:47","guid":{"rendered":"https:\/\/visitbo.no\/tekstencamping\/?page_id=7809"},"modified":"2024-02-23T15:07:51","modified_gmt":"2024-02-23T14:07:51","slug":"hytter","status":"publish","type":"page","link":"https:\/\/visitbo.no\/tekstencamping\/hytter\/","title":{"rendered":"Hytter &#8211; overnatting"},"content":{"rendered":"<div id=\"cs-content\" class=\"cs-content\"><\/div>\n","protected":false},"excerpt":{"rendered":"<p>Hytte 1 &amp; 2 5 -sengs hytte Vi har to like hytter p\u00e5 35 m\u00b2 ved siden av hverandre. Stue med kj\u00f8kken, spisekrok og TV.\u00a0 Kj\u00f8kken er lettere utstyrt, har kj\u00f8leskap, to kokeplater, liten oppvaskmaskin, vannkoker og kaffetrakter. Kj\u00f8kken utstyr for fem personer. 2 sovealkover med dyne og puter til 5 personer.\u00a0 En familiek\u00f8ye og en vanlig k\u00f8yeseng. Bad med &#8230; <\/p>\n<div><a href=\"https:\/\/visitbo.no\/tekstencamping\/hytter\/\" class=\"more-link\">Read More<\/a><\/div>\n","protected":false},"author":6,"featured_media":0,"parent":0,"menu_order":3,"comment_status":"closed","ping_status":"closed","template":"","meta":{"_relevanssi_hide_post":"","_relevanssi_hide_content":"","_relevanssi_pin_for_all":"","_relevanssi_pin_keywords":"","_relevanssi_unpin_keywords":"","_relevanssi_related_keywords":"","_relevanssi_related_include_ids":"","_relevanssi_related_exclude_ids":"","_relevanssi_related_no_append":"","_relevanssi_related_not_related":"","_relevanssi_related_posts":"","_relevanssi_noindex_reason":"","footnotes":""},"class_list":["post-7809","page","type-page","status-publish","hentry","no-post-thumbnail"],"yoast_head":"<!-- This site is optimized with the Yoast SEO plugin v27.2 - https:\/\/yoast.com\/product\/yoast-seo-wordpress\/ -->\n<title>Hytter og overnatting - Teksten Camping - Familiecamping i Gvarv<\/title>\n<meta name=\"description\" content=\"Opplev v\u00e5re sjarmerende hytter p\u00e5 Teksten Camping og sjekk ut v\u00e5re priser per natt. Velg oss for en minneverdig overnatting med familien!\" \/>\n<meta name=\"robots\" content=\"index, follow, max-snippet:-1, max-image-preview:large, max-video-preview:-1\" \/>\n<link rel=\"canonical\" href=\"https:\/\/visitbo.no\/tekstencamping\/hytter\/\" \/>\n<meta property=\"og:locale\" content=\"nb_NO\" \/>\n<meta property=\"og:type\" content=\"article\" \/>\n<meta property=\"og:title\" content=\"Hytter og overnatting - Teksten Camping - Familiecamping i Gvarv\" \/>\n<meta property=\"og:description\" content=\"Opplev v\u00e5re sjarmerende hytter p\u00e5 Teksten Camping og sjekk ut v\u00e5re priser per natt. Velg oss for en minneverdig overnatting med familien!\" \/>\n<meta property=\"og:url\" content=\"https:\/\/visitbo.no\/tekstencamping\/hytter\/\" \/>\n<meta property=\"og:site_name\" content=\"Teksten Camping\" \/>\n<meta property=\"article:modified_time\" content=\"2024-02-23T14:07:51+00:00\" \/>\n<meta name=\"twitter:card\" content=\"summary_large_image\" \/>\n<meta name=\"twitter:label1\" content=\"Ansl. lesetid\" \/>\n\t<meta name=\"twitter:data1\" content=\"5 minutter\" \/>\n<script type=\"application\/ld+json\" class=\"yoast-schema-graph\">{\"@context\":\"https:\/\/schema.org\",\"@graph\":[{\"@type\":\"WebPage\",\"@id\":\"https:\/\/visitbo.no\/tekstencamping\/hytter\/\",\"url\":\"https:\/\/visitbo.no\/tekstencamping\/hytter\/\",\"name\":\"Hytter og overnatting - Teksten Camping - Familiecamping i Gvarv\",\"isPartOf\":{\"@id\":\"https:\/\/visitbo.no\/tekstencamping\/#website\"},\"datePublished\":\"2019-12-01T16:53:47+00:00\",\"dateModified\":\"2024-02-23T14:07:51+00:00\",\"description\":\"Opplev v\u00e5re sjarmerende hytter p\u00e5 Teksten Camping og sjekk ut v\u00e5re priser per natt. Velg oss for en minneverdig overnatting med familien!\",\"breadcrumb\":{\"@id\":\"https:\/\/visitbo.no\/tekstencamping\/hytter\/#breadcrumb\"},\"inLanguage\":\"nb-NO\",\"potentialAction\":[{\"@type\":\"ReadAction\",\"target\":[\"https:\/\/visitbo.no\/tekstencamping\/hytter\/\"]}]},{\"@type\":\"BreadcrumbList\",\"@id\":\"https:\/\/visitbo.no\/tekstencamping\/hytter\/#breadcrumb\",\"itemListElement\":[{\"@type\":\"ListItem\",\"position\":1,\"name\":\"Hjem\",\"item\":\"https:\/\/visitbo.no\/tekstencamping\/\"},{\"@type\":\"ListItem\",\"position\":2,\"name\":\"Hytter &#8211; overnatting\"}]},{\"@type\":\"WebSite\",\"@id\":\"https:\/\/visitbo.no\/tekstencamping\/#website\",\"url\":\"https:\/\/visitbo.no\/tekstencamping\/\",\"name\":\"Teksten Camping\",\"description\":\"One online experience - for everything your destination has to offer.\",\"potentialAction\":[{\"@type\":\"SearchAction\",\"target\":{\"@type\":\"EntryPoint\",\"urlTemplate\":\"https:\/\/visitbo.no\/tekstencamping\/?s={search_term_string}\"},\"query-input\":{\"@type\":\"PropertyValueSpecification\",\"valueRequired\":true,\"valueName\":\"search_term_string\"}}],\"inLanguage\":\"nb-NO\"}]}<\/script>\n<!-- \/ Yoast SEO plugin. -->","yoast_head_json":{"title":"Hytter og overnatting - Teksten Camping - Familiecamping i Gvarv","description":"Opplev v\u00e5re sjarmerende hytter p\u00e5 Teksten Camping og sjekk ut v\u00e5re priser per natt. Velg oss for en minneverdig overnatting med familien!","robots":{"index":"index","follow":"follow","max-snippet":"max-snippet:-1","max-image-preview":"max-image-preview:large","max-video-preview":"max-video-preview:-1"},"canonical":"https:\/\/visitbo.no\/tekstencamping\/hytter\/","og_locale":"nb_NO","og_type":"article","og_title":"Hytter og overnatting - Teksten Camping - Familiecamping i Gvarv","og_description":"Opplev v\u00e5re sjarmerende hytter p\u00e5 Teksten Camping og sjekk ut v\u00e5re priser per natt. Velg oss for en minneverdig overnatting med familien!","og_url":"https:\/\/visitbo.no\/tekstencamping\/hytter\/","og_site_name":"Teksten Camping","article_modified_time":"2024-02-23T14:07:51+00:00","twitter_card":"summary_large_image","twitter_misc":{"Ansl. lesetid":"5 minutter"},"schema":{"@context":"https:\/\/schema.org","@graph":[{"@type":"WebPage","@id":"https:\/\/visitbo.no\/tekstencamping\/hytter\/","url":"https:\/\/visitbo.no\/tekstencamping\/hytter\/","name":"Hytter og overnatting - Teksten Camping - Familiecamping i Gvarv","isPartOf":{"@id":"https:\/\/visitbo.no\/tekstencamping\/#website"},"datePublished":"2019-12-01T16:53:47+00:00","dateModified":"2024-02-23T14:07:51+00:00","description":"Opplev v\u00e5re sjarmerende hytter p\u00e5 Teksten Camping og sjekk ut v\u00e5re priser per natt. Velg oss for en minneverdig overnatting med familien!","breadcrumb":{"@id":"https:\/\/visitbo.no\/tekstencamping\/hytter\/#breadcrumb"},"inLanguage":"nb-NO","potentialAction":[{"@type":"ReadAction","target":["https:\/\/visitbo.no\/tekstencamping\/hytter\/"]}]},{"@type":"BreadcrumbList","@id":"https:\/\/visitbo.no\/tekstencamping\/hytter\/#breadcrumb","itemListElement":[{"@type":"ListItem","position":1,"name":"Hjem","item":"https:\/\/visitbo.no\/tekstencamping\/"},{"@type":"ListItem","position":2,"name":"Hytter &#8211; overnatting"}]},{"@type":"WebSite","@id":"https:\/\/visitbo.no\/tekstencamping\/#website","url":"https:\/\/visitbo.no\/tekstencamping\/","name":"Teksten Camping","description":"One online experience - for everything your destination has to offer.","potentialAction":[{"@type":"SearchAction","target":{"@type":"EntryPoint","urlTemplate":"https:\/\/visitbo.no\/tekstencamping\/?s={search_term_string}"},"query-input":{"@type":"PropertyValueSpecification","valueRequired":true,"valueName":"search_term_string"}}],"inLanguage":"nb-NO"}]}},"_links":{"self":[{"href":"https:\/\/visitbo.no\/tekstencamping\/wp-json\/wp\/v2\/pages\/7809","targetHints":{"allow":["GET"]}}],"collection":[{"href":"https:\/\/visitbo.no\/tekstencamping\/wp-json\/wp\/v2\/pages"}],"about":[{"href":"https:\/\/visitbo.no\/tekstencamping\/wp-json\/wp\/v2\/types\/page"}],"author":[{"embeddable":true,"href":"https:\/\/visitbo.no\/tekstencamping\/wp-json\/wp\/v2\/users\/6"}],"replies":[{"embeddable":true,"href":"https:\/\/visitbo.no\/tekstencamping\/wp-json\/wp\/v2\/comments?post=7809"}],"version-history":[{"count":73,"href":"https:\/\/visitbo.no\/tekstencamping\/wp-json\/wp\/v2\/pages\/7809\/revisions"}],"predecessor-version":[{"id":8573,"href":"https:\/\/visitbo.no\/tekstencamping\/wp-json\/wp\/v2\/pages\/7809\/revisions\/8573"}],"wp:attachment":[{"href":"https:\/\/visitbo.no\/tekstencamping\/wp-json\/wp\/v2\/media?parent=7809"}],"curies":[{"name":"wp","href":"https:\/\/api.w.org\/{rel}","templated":true}]}}