{"id":7810,"date":"2019-12-01T17:53:57","date_gmt":"2019-12-01T16:53:57","guid":{"rendered":"https:\/\/visitbo.no\/tekstencamping\/?page_id=7810"},"modified":"2025-06-11T21:31:01","modified_gmt":"2025-06-11T19:31:01","slug":"camping","status":"publish","type":"page","link":"https:\/\/visitbo.no\/tekstencamping\/camping\/","title":{"rendered":"Camping"},"content":{"rendered":"<div id=\"cs-content\" class=\"cs-content\"><\/div>\n","protected":false},"excerpt":{"rendered":"<p>Priser Camping 2025 \u00c5PENT FRA 01.05 \u2013 01.09. Lavsesong pris pr. enhet pr. d\u00f8gn ink. str\u00f8m: Hele mai 300,- Hele juni 350,- Fra 4. august 350,- Prisene gjelder h\u00f8ysesong 30.06-04.08. Alle prisene er inkl. MVA. Familie inntil 5 personer pr. d\u00f8gn. Campingvogn\/buss\/bobil m\/str\u00f8m 420,- Familietelt\/combicamp m\/str\u00f8m 420,- Tillegg utover 5 personer pr. person 20,- Par inntil 2 personer pr. d\u00f8gn. &#8230; <\/p>\n<div><a href=\"https:\/\/visitbo.no\/tekstencamping\/camping\/\" class=\"more-link\">Read More<\/a><\/div>\n","protected":false},"author":6,"featured_media":0,"parent":0,"menu_order":3,"comment_status":"closed","ping_status":"closed","template":"","meta":{"_relevanssi_hide_post":"","_relevanssi_hide_content":"","_relevanssi_pin_for_all":"","_relevanssi_pin_keywords":"","_relevanssi_unpin_keywords":"","_relevanssi_related_keywords":"","_relevanssi_related_include_ids":"","_relevanssi_related_exclude_ids":"","_relevanssi_related_no_append":"","_relevanssi_related_not_related":"","_relevanssi_related_posts":"","_relevanssi_noindex_reason":"","footnotes":""},"class_list":["post-7810","page","type-page","status-publish","hentry","no-post-thumbnail"],"yoast_head":"<!-- This site is optimized with the Yoast SEO plugin v27.2 - https:\/\/yoast.com\/product\/yoast-seo-wordpress\/ -->\n<title>Camping - Sesongplasser og drop-in - Teksten Camping<\/title>\n<meta name=\"description\" content=\"F\u00e5 mer informasjon om campingplasspriser og sesongplasser p\u00e5 Teksten Camping. Vi tilbyr ogs\u00e5 muligheten for drop-in eller plassreservasjon.\" \/>\n<meta name=\"robots\" content=\"index, follow, max-snippet:-1, max-image-preview:large, max-video-preview:-1\" \/>\n<link rel=\"canonical\" href=\"https:\/\/visitbo.no\/tekstencamping\/camping\/\" \/>\n<meta property=\"og:locale\" content=\"nb_NO\" \/>\n<meta property=\"og:type\" content=\"article\" \/>\n<meta property=\"og:title\" content=\"Camping - Sesongplasser og drop-in - Teksten Camping\" \/>\n<meta property=\"og:description\" content=\"F\u00e5 mer informasjon om campingplasspriser og sesongplasser p\u00e5 Teksten Camping. Vi tilbyr ogs\u00e5 muligheten for drop-in eller plassreservasjon.\" \/>\n<meta property=\"og:url\" content=\"https:\/\/visitbo.no\/tekstencamping\/camping\/\" \/>\n<meta property=\"og:site_name\" content=\"Teksten Camping\" \/>\n<meta property=\"article:modified_time\" content=\"2025-06-11T19:31:01+00:00\" \/>\n<meta name=\"twitter:card\" content=\"summary_large_image\" \/>\n<meta name=\"twitter:label1\" content=\"Ansl. lesetid\" \/>\n\t<meta name=\"twitter:data1\" content=\"3 minutter\" \/>\n<script type=\"application\/ld+json\" class=\"yoast-schema-graph\">{\"@context\":\"https:\/\/schema.org\",\"@graph\":[{\"@type\":\"WebPage\",\"@id\":\"https:\/\/visitbo.no\/tekstencamping\/camping\/\",\"url\":\"https:\/\/visitbo.no\/tekstencamping\/camping\/\",\"name\":\"Camping - Sesongplasser og drop-in - Teksten Camping\",\"isPartOf\":{\"@id\":\"https:\/\/visitbo.no\/tekstencamping\/#website\"},\"datePublished\":\"2019-12-01T16:53:57+00:00\",\"dateModified\":\"2025-06-11T19:31:01+00:00\",\"description\":\"F\u00e5 mer informasjon om campingplasspriser og sesongplasser p\u00e5 Teksten Camping. Vi tilbyr ogs\u00e5 muligheten for drop-in eller plassreservasjon.\",\"breadcrumb\":{\"@id\":\"https:\/\/visitbo.no\/tekstencamping\/camping\/#breadcrumb\"},\"inLanguage\":\"nb-NO\",\"potentialAction\":[{\"@type\":\"ReadAction\",\"target\":[\"https:\/\/visitbo.no\/tekstencamping\/camping\/\"]}]},{\"@type\":\"BreadcrumbList\",\"@id\":\"https:\/\/visitbo.no\/tekstencamping\/camping\/#breadcrumb\",\"itemListElement\":[{\"@type\":\"ListItem\",\"position\":1,\"name\":\"Hjem\",\"item\":\"https:\/\/visitbo.no\/tekstencamping\/\"},{\"@type\":\"ListItem\",\"position\":2,\"name\":\"Camping\"}]},{\"@type\":\"WebSite\",\"@id\":\"https:\/\/visitbo.no\/tekstencamping\/#website\",\"url\":\"https:\/\/visitbo.no\/tekstencamping\/\",\"name\":\"Teksten Camping\",\"description\":\"One online experience - for everything your destination has to offer.\",\"potentialAction\":[{\"@type\":\"SearchAction\",\"target\":{\"@type\":\"EntryPoint\",\"urlTemplate\":\"https:\/\/visitbo.no\/tekstencamping\/?s={search_term_string}\"},\"query-input\":{\"@type\":\"PropertyValueSpecification\",\"valueRequired\":true,\"valueName\":\"search_term_string\"}}],\"inLanguage\":\"nb-NO\"}]}<\/script>\n<!-- \/ Yoast SEO plugin. -->","yoast_head_json":{"title":"Camping - Sesongplasser og drop-in - Teksten Camping","description":"F\u00e5 mer informasjon om campingplasspriser og sesongplasser p\u00e5 Teksten Camping. Vi tilbyr ogs\u00e5 muligheten for drop-in eller plassreservasjon.","robots":{"index":"index","follow":"follow","max-snippet":"max-snippet:-1","max-image-preview":"max-image-preview:large","max-video-preview":"max-video-preview:-1"},"canonical":"https:\/\/visitbo.no\/tekstencamping\/camping\/","og_locale":"nb_NO","og_type":"article","og_title":"Camping - Sesongplasser og drop-in - Teksten Camping","og_description":"F\u00e5 mer informasjon om campingplasspriser og sesongplasser p\u00e5 Teksten Camping. Vi tilbyr ogs\u00e5 muligheten for drop-in eller plassreservasjon.","og_url":"https:\/\/visitbo.no\/tekstencamping\/camping\/","og_site_name":"Teksten Camping","article_modified_time":"2025-06-11T19:31:01+00:00","twitter_card":"summary_large_image","twitter_misc":{"Ansl. lesetid":"3 minutter"},"schema":{"@context":"https:\/\/schema.org","@graph":[{"@type":"WebPage","@id":"https:\/\/visitbo.no\/tekstencamping\/camping\/","url":"https:\/\/visitbo.no\/tekstencamping\/camping\/","name":"Camping - Sesongplasser og drop-in - Teksten Camping","isPartOf":{"@id":"https:\/\/visitbo.no\/tekstencamping\/#website"},"datePublished":"2019-12-01T16:53:57+00:00","dateModified":"2025-06-11T19:31:01+00:00","description":"F\u00e5 mer informasjon om campingplasspriser og sesongplasser p\u00e5 Teksten Camping. Vi tilbyr ogs\u00e5 muligheten for drop-in eller plassreservasjon.","breadcrumb":{"@id":"https:\/\/visitbo.no\/tekstencamping\/camping\/#breadcrumb"},"inLanguage":"nb-NO","potentialAction":[{"@type":"ReadAction","target":["https:\/\/visitbo.no\/tekstencamping\/camping\/"]}]},{"@type":"BreadcrumbList","@id":"https:\/\/visitbo.no\/tekstencamping\/camping\/#breadcrumb","itemListElement":[{"@type":"ListItem","position":1,"name":"Hjem","item":"https:\/\/visitbo.no\/tekstencamping\/"},{"@type":"ListItem","position":2,"name":"Camping"}]},{"@type":"WebSite","@id":"https:\/\/visitbo.no\/tekstencamping\/#website","url":"https:\/\/visitbo.no\/tekstencamping\/","name":"Teksten Camping","description":"One online experience - for everything your destination has to offer.","potentialAction":[{"@type":"SearchAction","target":{"@type":"EntryPoint","urlTemplate":"https:\/\/visitbo.no\/tekstencamping\/?s={search_term_string}"},"query-input":{"@type":"PropertyValueSpecification","valueRequired":true,"valueName":"search_term_string"}}],"inLanguage":"nb-NO"}]}},"_links":{"self":[{"href":"https:\/\/visitbo.no\/tekstencamping\/wp-json\/wp\/v2\/pages\/7810","targetHints":{"allow":["GET"]}}],"collection":[{"href":"https:\/\/visitbo.no\/tekstencamping\/wp-json\/wp\/v2\/pages"}],"about":[{"href":"https:\/\/visitbo.no\/tekstencamping\/wp-json\/wp\/v2\/types\/page"}],"author":[{"embeddable":true,"href":"https:\/\/visitbo.no\/tekstencamping\/wp-json\/wp\/v2\/users\/6"}],"replies":[{"embeddable":true,"href":"https:\/\/visitbo.no\/tekstencamping\/wp-json\/wp\/v2\/comments?post=7810"}],"version-history":[{"count":46,"href":"https:\/\/visitbo.no\/tekstencamping\/wp-json\/wp\/v2\/pages\/7810\/revisions"}],"predecessor-version":[{"id":8667,"href":"https:\/\/visitbo.no\/tekstencamping\/wp-json\/wp\/v2\/pages\/7810\/revisions\/8667"}],"wp:attachment":[{"href":"https:\/\/visitbo.no\/tekstencamping\/wp-json\/wp\/v2\/media?parent=7810"}],"curies":[{"name":"wp","href":"https:\/\/api.w.org\/{rel}","templated":true}]}}