{"id":12450,"date":"2025-03-21T09:34:46","date_gmt":"2025-03-21T08:34:46","guid":{"rendered":"https:\/\/visitbo.no\/telemarkskanalen-aktivitetssenter\/?page_id=12450"},"modified":"2025-03-21T16:16:08","modified_gmt":"2025-03-21T15:16:08","slug":"turforslag","status":"publish","type":"page","link":"https:\/\/visitbo.no\/telemarkskanalen-aktivitetssenter\/en\/turforslag\/","title":{"rendered":"Turforslag"},"content":{"rendered":"<div id=\"cs-content\" class=\"cs-content\"><\/div>\n","protected":false},"excerpt":{"rendered":"<p>Turforslag &nbsp; padleturer Sykkelturer Fotturer Ikke noe nytt \u00e5 vise akkurat n\u00e5.&#xa;Ikke noe nytt \u00e5 vise akkurat n\u00e5.&#xa;AlleAktiviteterApartments\u00c5rem\u00e5lshytterB&amp;BBar \/ After SkiButikkerCampingEntrepren\u00f8rerFeriepakkerFjellstuer\/MotellFritidseiendomG\u00e5rdsmat \/ lokalmatHotelH\u00f8stHytteKafeteriaKonferanseKonferanseKursLeilighetN\u00e6ringslivOffentlige tjenesterOvernattingRestaurantServeringService &amp; tjenesterSkoleSommerTomterTransportV\u00e5rVinterSort By&nbsp;DateTitlePopular post26. March 2019B\u00f8 Hotell Comments04. January 2018Test Gap Comments0Telemarkskanalen aktivitetessenter er del av First Camp Lunde First Camp Lunde &ndash; Telemark ligger ved Lunde sluse i Telemarkskanalen. Her er det store oppstillingsplasser med &#8230; <\/p>\n<div><a href=\"https:\/\/visitbo.no\/telemarkskanalen-aktivitetssenter\/en\/network-directory\/test-gap\/\" class=\"more-link\">Read More<\/a><\/div>\n","protected":false},"author":88,"featured_media":0,"parent":0,"menu_order":0,"comment_status":"closed","ping_status":"closed","template":"template-blank-4.php","meta":{"_relevanssi_hide_post":"","_relevanssi_hide_content":"","_relevanssi_pin_for_all":"","_relevanssi_pin_keywords":"","_relevanssi_unpin_keywords":"","_relevanssi_related_keywords":"","_relevanssi_related_include_ids":"","_relevanssi_related_exclude_ids":"","_relevanssi_related_no_append":"","_relevanssi_related_not_related":"","_relevanssi_related_posts":"","_relevanssi_noindex_reason":"","footnotes":""},"class_list":["post-12450","page","type-page","status-publish","hentry","no-post-thumbnail"],"yoast_head":"<!-- This site is optimized with the Yoast SEO plugin v27.2 - https:\/\/yoast.com\/product\/yoast-seo-wordpress\/ -->\n<title>Turforslag - First Camp Lunde<\/title>\n<meta name=\"robots\" content=\"index, follow, max-snippet:-1, max-image-preview:large, max-video-preview:-1\" \/>\n<link rel=\"canonical\" href=\"https:\/\/visitbo.no\/telemarkskanalen-aktivitetssenter\/en\/turforslag\/\" \/>\n<meta property=\"og:locale\" content=\"en_US\" \/>\n<meta property=\"og:type\" content=\"article\" \/>\n<meta property=\"og:title\" content=\"Turforslag - First Camp Lunde\" \/>\n<meta property=\"og:description\" content=\"Turforslag &nbsp; padleturer Sykkelturer Fotturer Ikke noe nytt \u00e5 vise akkurat n\u00e5.&#xa;Ikke noe nytt \u00e5 vise akkurat n\u00e5.&#xa;AlleAktiviteterApartments\u00c5rem\u00e5lshytterB&amp;BBar \/ After SkiButikkerCampingEntrepren\u00f8rerFeriepakkerFjellstuer\/MotellFritidseiendomG\u00e5rdsmat \/ lokalmatHotelH\u00f8stHytteKafeteriaKonferanseKonferanseKursLeilighetN\u00e6ringslivOffentlige tjenesterOvernattingRestaurantServeringService &amp; tjenesterSkoleSommerTomterTransportV\u00e5rVinterSort By&nbsp;DateTitlePopular post26. March 2019B\u00f8 Hotell Comments04. January 2018Test Gap Comments0Telemarkskanalen aktivitetessenter er del av First Camp Lunde First Camp Lunde &ndash; Telemark ligger ved Lunde sluse i Telemarkskanalen. Her er det store oppstillingsplasser med ... Read More\" \/>\n<meta property=\"og:url\" content=\"https:\/\/visitbo.no\/telemarkskanalen-aktivitetssenter\/en\/turforslag\/\" \/>\n<meta property=\"og:site_name\" content=\"First Camp Lunde\" \/>\n<meta property=\"article:modified_time\" content=\"2025-03-21T15:16:08+00:00\" \/>\n<meta name=\"twitter:card\" content=\"summary_large_image\" \/>\n<script type=\"application\/ld+json\" class=\"yoast-schema-graph\">{\"@context\":\"https:\/\/schema.org\",\"@graph\":[{\"@type\":\"WebPage\",\"@id\":\"https:\/\/visitbo.no\/telemarkskanalen-aktivitetssenter\/en\/turforslag\/\",\"url\":\"https:\/\/visitbo.no\/telemarkskanalen-aktivitetssenter\/en\/turforslag\/\",\"name\":\"Turforslag - First Camp Lunde\",\"isPartOf\":{\"@id\":\"https:\/\/visitbo.no\/telemarkskanalen-aktivitetssenter\/en\/#website\"},\"datePublished\":\"2025-03-21T08:34:46+00:00\",\"dateModified\":\"2025-03-21T15:16:08+00:00\",\"breadcrumb\":{\"@id\":\"https:\/\/visitbo.no\/telemarkskanalen-aktivitetssenter\/en\/turforslag\/#breadcrumb\"},\"inLanguage\":\"en-US\",\"potentialAction\":[{\"@type\":\"ReadAction\",\"target\":[\"https:\/\/visitbo.no\/telemarkskanalen-aktivitetssenter\/en\/turforslag\/\"]}]},{\"@type\":\"BreadcrumbList\",\"@id\":\"https:\/\/visitbo.no\/telemarkskanalen-aktivitetssenter\/en\/turforslag\/#breadcrumb\",\"itemListElement\":[{\"@type\":\"ListItem\",\"position\":1,\"name\":\"Hjem\",\"item\":\"https:\/\/visitbo.no\/telemarkskanalen-aktivitetssenter\/en\/\"},{\"@type\":\"ListItem\",\"position\":2,\"name\":\"Turforslag\"}]},{\"@type\":\"WebSite\",\"@id\":\"https:\/\/visitbo.no\/telemarkskanalen-aktivitetssenter\/en\/#website\",\"url\":\"https:\/\/visitbo.no\/telemarkskanalen-aktivitetssenter\/en\/\",\"name\":\"First Camp Lunde\",\"description\":\"One online experience - for everything your destination has to offer.\",\"potentialAction\":[{\"@type\":\"SearchAction\",\"target\":{\"@type\":\"EntryPoint\",\"urlTemplate\":\"https:\/\/visitbo.no\/telemarkskanalen-aktivitetssenter\/en\/?s={search_term_string}\"},\"query-input\":{\"@type\":\"PropertyValueSpecification\",\"valueRequired\":true,\"valueName\":\"search_term_string\"}}],\"inLanguage\":\"en-US\"}]}<\/script>\n<!-- \/ Yoast SEO plugin. -->","yoast_head_json":{"title":"Turforslag - First Camp Lunde","robots":{"index":"index","follow":"follow","max-snippet":"max-snippet:-1","max-image-preview":"max-image-preview:large","max-video-preview":"max-video-preview:-1"},"canonical":"https:\/\/visitbo.no\/telemarkskanalen-aktivitetssenter\/en\/turforslag\/","og_locale":"en_US","og_type":"article","og_title":"Turforslag - First Camp Lunde","og_description":"Turforslag &nbsp; padleturer Sykkelturer Fotturer Ikke noe nytt \u00e5 vise akkurat n\u00e5.&#xa;Ikke noe nytt \u00e5 vise akkurat n\u00e5.&#xa;AlleAktiviteterApartments\u00c5rem\u00e5lshytterB&amp;BBar \/ After SkiButikkerCampingEntrepren\u00f8rerFeriepakkerFjellstuer\/MotellFritidseiendomG\u00e5rdsmat \/ lokalmatHotelH\u00f8stHytteKafeteriaKonferanseKonferanseKursLeilighetN\u00e6ringslivOffentlige tjenesterOvernattingRestaurantServeringService &amp; tjenesterSkoleSommerTomterTransportV\u00e5rVinterSort By&nbsp;DateTitlePopular post26. March 2019B\u00f8 Hotell Comments04. January 2018Test Gap Comments0Telemarkskanalen aktivitetessenter er del av First Camp Lunde First Camp Lunde &ndash; Telemark ligger ved Lunde sluse i Telemarkskanalen. Her er det store oppstillingsplasser med ... Read More","og_url":"https:\/\/visitbo.no\/telemarkskanalen-aktivitetssenter\/en\/turforslag\/","og_site_name":"First Camp Lunde","article_modified_time":"2025-03-21T15:16:08+00:00","twitter_card":"summary_large_image","schema":{"@context":"https:\/\/schema.org","@graph":[{"@type":"WebPage","@id":"https:\/\/visitbo.no\/telemarkskanalen-aktivitetssenter\/en\/turforslag\/","url":"https:\/\/visitbo.no\/telemarkskanalen-aktivitetssenter\/en\/turforslag\/","name":"Turforslag - First Camp Lunde","isPartOf":{"@id":"https:\/\/visitbo.no\/telemarkskanalen-aktivitetssenter\/en\/#website"},"datePublished":"2025-03-21T08:34:46+00:00","dateModified":"2025-03-21T15:16:08+00:00","breadcrumb":{"@id":"https:\/\/visitbo.no\/telemarkskanalen-aktivitetssenter\/en\/turforslag\/#breadcrumb"},"inLanguage":"en-US","potentialAction":[{"@type":"ReadAction","target":["https:\/\/visitbo.no\/telemarkskanalen-aktivitetssenter\/en\/turforslag\/"]}]},{"@type":"BreadcrumbList","@id":"https:\/\/visitbo.no\/telemarkskanalen-aktivitetssenter\/en\/turforslag\/#breadcrumb","itemListElement":[{"@type":"ListItem","position":1,"name":"Hjem","item":"https:\/\/visitbo.no\/telemarkskanalen-aktivitetssenter\/en\/"},{"@type":"ListItem","position":2,"name":"Turforslag"}]},{"@type":"WebSite","@id":"https:\/\/visitbo.no\/telemarkskanalen-aktivitetssenter\/en\/#website","url":"https:\/\/visitbo.no\/telemarkskanalen-aktivitetssenter\/en\/","name":"First Camp Lunde","description":"One online experience - for everything your destination has to offer.","potentialAction":[{"@type":"SearchAction","target":{"@type":"EntryPoint","urlTemplate":"https:\/\/visitbo.no\/telemarkskanalen-aktivitetssenter\/en\/?s={search_term_string}"},"query-input":{"@type":"PropertyValueSpecification","valueRequired":true,"valueName":"search_term_string"}}],"inLanguage":"en-US"}]}},"_links":{"self":[{"href":"https:\/\/visitbo.no\/telemarkskanalen-aktivitetssenter\/en\/wp-json\/wp\/v2\/pages\/12450","targetHints":{"allow":["GET"]}}],"collection":[{"href":"https:\/\/visitbo.no\/telemarkskanalen-aktivitetssenter\/en\/wp-json\/wp\/v2\/pages"}],"about":[{"href":"https:\/\/visitbo.no\/telemarkskanalen-aktivitetssenter\/en\/wp-json\/wp\/v2\/types\/page"}],"author":[{"embeddable":true,"href":"https:\/\/visitbo.no\/telemarkskanalen-aktivitetssenter\/en\/wp-json\/wp\/v2\/users\/88"}],"replies":[{"embeddable":true,"href":"https:\/\/visitbo.no\/telemarkskanalen-aktivitetssenter\/en\/wp-json\/wp\/v2\/comments?post=12450"}],"version-history":[{"count":28,"href":"https:\/\/visitbo.no\/telemarkskanalen-aktivitetssenter\/en\/wp-json\/wp\/v2\/pages\/12450\/revisions"}],"predecessor-version":[{"id":12491,"href":"https:\/\/visitbo.no\/telemarkskanalen-aktivitetssenter\/en\/wp-json\/wp\/v2\/pages\/12450\/revisions\/12491"}],"wp:attachment":[{"href":"https:\/\/visitbo.no\/telemarkskanalen-aktivitetssenter\/en\/wp-json\/wp\/v2\/media?parent=12450"}],"curies":[{"name":"wp","href":"https:\/\/api.w.org\/{rel}","templated":true}]}}