{"id":7962,"date":"2020-01-13T14:43:33","date_gmt":"2020-01-13T13:43:33","guid":{"rendered":"https:\/\/kanalcamping.no\/?page_id=7962"},"modified":"2023-03-14T09:29:47","modified_gmt":"2023-03-14T08:29:47","slug":"aktiviteter-turforslag","status":"publish","type":"page","link":"https:\/\/visitbo.no\/telemarkskanalen-aktivitetssenter\/aktiviteter-turforslag\/","title":{"rendered":"Aktiviteter og turforslag"},"content":{"rendered":"<div id=\"cs-content\" class=\"cs-content\"><\/div>\n","protected":false},"excerpt":{"rendered":"<p>Aktiviteter og Turforslag &nbsp;Se v\u00e5re forslag til turer, v\u00e5re tips for kanalb\u00e5t fra Lunde og noen andre aktiviteter med utgangspunkt fra Lunde.\u00a0 Lunde har mange og flotte turmuligheter i n\u00e6romr\u00e5det, s\u00e5 det er et ypperlig utgangspunkt for b\u00e5de padling, sykling og vandring. Du kan fiske og oppleve bever p\u00e5 n\u00e6rt hold og det ligger sentralt i Telemark med korte avstander &#8230; <\/p>\n<div><a href=\"https:\/\/visitbo.no\/telemarkskanalen-aktivitetssenter\/aktiviteter-turforslag\/\" class=\"more-link\">Read More<\/a><\/div>\n","protected":false},"author":6,"featured_media":7822,"parent":0,"menu_order":3,"comment_status":"closed","ping_status":"closed","template":"template-sites.php","meta":{"_relevanssi_hide_post":"","_relevanssi_hide_content":"","_relevanssi_pin_for_all":"","_relevanssi_pin_keywords":"","_relevanssi_unpin_keywords":"","_relevanssi_related_keywords":"","_relevanssi_related_include_ids":"","_relevanssi_related_exclude_ids":"","_relevanssi_related_no_append":"","_relevanssi_related_not_related":"","_relevanssi_related_posts":"","_relevanssi_noindex_reason":"","footnotes":""},"class_list":["post-7962","page","type-page","status-publish","has-post-thumbnail","hentry"],"yoast_head":"<!-- This site is optimized with the Yoast SEO plugin v27.2 - https:\/\/yoast.com\/product\/yoast-seo-wordpress\/ -->\n<title>Aktiviteter og turforslag - First Camp Lunde<\/title>\n<meta name=\"description\" content=\"Lunde ligger sentralt i Telemark og er et bra startpunkt for sykling, padling, turer til fots og for \u00e5 oppleve Telemarkskanalen.\" \/>\n<meta name=\"robots\" content=\"index, follow, max-snippet:-1, max-image-preview:large, max-video-preview:-1\" \/>\n<link rel=\"canonical\" href=\"https:\/\/visitbo.no\/telemarkskanalen-aktivitetssenter\/aktiviteter-turforslag\/\" \/>\n<meta property=\"og:locale\" content=\"nb_NO\" \/>\n<meta property=\"og:type\" content=\"article\" \/>\n<meta property=\"og:title\" content=\"Aktiviteter og turforslag - First Camp Lunde\" \/>\n<meta property=\"og:description\" content=\"Lunde ligger sentralt i Telemark og er et bra startpunkt for sykling, padling, turer til fots og for \u00e5 oppleve Telemarkskanalen.\" \/>\n<meta property=\"og:url\" content=\"https:\/\/visitbo.no\/telemarkskanalen-aktivitetssenter\/aktiviteter-turforslag\/\" \/>\n<meta property=\"og:site_name\" content=\"First Camp Lunde\" \/>\n<meta property=\"article:modified_time\" content=\"2023-03-14T08:29:47+00:00\" \/>\n<meta property=\"og:image\" content=\"https:\/\/visitbo.no\/telemarkskanalen-aktivitetssenter\/wp-content\/uploads\/sites\/19\/2019\/12\/Forside4-turforslag.jpg\" \/>\n\t<meta property=\"og:image:width\" content=\"1024\" \/>\n\t<meta property=\"og:image:height\" content=\"576\" \/>\n\t<meta property=\"og:image:type\" content=\"image\/jpeg\" \/>\n<meta name=\"twitter:card\" content=\"summary_large_image\" \/>\n<meta name=\"twitter:label1\" content=\"Ansl. lesetid\" \/>\n\t<meta name=\"twitter:data1\" content=\"5 minutter\" \/>\n<script type=\"application\/ld+json\" class=\"yoast-schema-graph\">{\"@context\":\"https:\/\/schema.org\",\"@graph\":[{\"@type\":\"WebPage\",\"@id\":\"https:\/\/visitbo.no\/telemarkskanalen-aktivitetssenter\/aktiviteter-turforslag\/\",\"url\":\"https:\/\/visitbo.no\/telemarkskanalen-aktivitetssenter\/aktiviteter-turforslag\/\",\"name\":\"Aktiviteter og turforslag - First Camp Lunde\",\"isPartOf\":{\"@id\":\"https:\/\/visitbo.no\/telemarkskanalen-aktivitetssenter\/#website\"},\"primaryImageOfPage\":{\"@id\":\"https:\/\/visitbo.no\/telemarkskanalen-aktivitetssenter\/aktiviteter-turforslag\/#primaryimage\"},\"image\":{\"@id\":\"https:\/\/visitbo.no\/telemarkskanalen-aktivitetssenter\/aktiviteter-turforslag\/#primaryimage\"},\"thumbnailUrl\":\"https:\/\/visitbo.no\/telemarkskanalen-aktivitetssenter\/wp-content\/uploads\/sites\/19\/2019\/12\/Forside4-turforslag.jpg\",\"datePublished\":\"2020-01-13T13:43:33+00:00\",\"dateModified\":\"2023-03-14T08:29:47+00:00\",\"description\":\"Lunde ligger sentralt i Telemark og er et bra startpunkt for sykling, padling, turer til fots og for \u00e5 oppleve Telemarkskanalen.\",\"breadcrumb\":{\"@id\":\"https:\/\/visitbo.no\/telemarkskanalen-aktivitetssenter\/aktiviteter-turforslag\/#breadcrumb\"},\"inLanguage\":\"nb-NO\",\"potentialAction\":[{\"@type\":\"ReadAction\",\"target\":[\"https:\/\/visitbo.no\/telemarkskanalen-aktivitetssenter\/aktiviteter-turforslag\/\"]}]},{\"@type\":\"ImageObject\",\"inLanguage\":\"nb-NO\",\"@id\":\"https:\/\/visitbo.no\/telemarkskanalen-aktivitetssenter\/aktiviteter-turforslag\/#primaryimage\",\"url\":\"https:\/\/visitbo.no\/telemarkskanalen-aktivitetssenter\/wp-content\/uploads\/sites\/19\/2019\/12\/Forside4-turforslag.jpg\",\"contentUrl\":\"https:\/\/visitbo.no\/telemarkskanalen-aktivitetssenter\/wp-content\/uploads\/sites\/19\/2019\/12\/Forside4-turforslag.jpg\",\"width\":1024,\"height\":576,\"caption\":\"Padling i kano ved Hogga sluse\"},{\"@type\":\"BreadcrumbList\",\"@id\":\"https:\/\/visitbo.no\/telemarkskanalen-aktivitetssenter\/aktiviteter-turforslag\/#breadcrumb\",\"itemListElement\":[{\"@type\":\"ListItem\",\"position\":1,\"name\":\"Hjem\",\"item\":\"https:\/\/visitbo.no\/telemarkskanalen-aktivitetssenter\/\"},{\"@type\":\"ListItem\",\"position\":2,\"name\":\"Aktiviteter og turforslag\"}]},{\"@type\":\"WebSite\",\"@id\":\"https:\/\/visitbo.no\/telemarkskanalen-aktivitetssenter\/#website\",\"url\":\"https:\/\/visitbo.no\/telemarkskanalen-aktivitetssenter\/\",\"name\":\"First Camp Lunde\",\"description\":\"One online experience - for everything your destination has to offer.\",\"potentialAction\":[{\"@type\":\"SearchAction\",\"target\":{\"@type\":\"EntryPoint\",\"urlTemplate\":\"https:\/\/visitbo.no\/telemarkskanalen-aktivitetssenter\/?s={search_term_string}\"},\"query-input\":{\"@type\":\"PropertyValueSpecification\",\"valueRequired\":true,\"valueName\":\"search_term_string\"}}],\"inLanguage\":\"nb-NO\"}]}<\/script>\n<!-- \/ Yoast SEO plugin. -->","yoast_head_json":{"title":"Aktiviteter og turforslag - First Camp Lunde","description":"Lunde ligger sentralt i Telemark og er et bra startpunkt for sykling, padling, turer til fots og for \u00e5 oppleve Telemarkskanalen.","robots":{"index":"index","follow":"follow","max-snippet":"max-snippet:-1","max-image-preview":"max-image-preview:large","max-video-preview":"max-video-preview:-1"},"canonical":"https:\/\/visitbo.no\/telemarkskanalen-aktivitetssenter\/aktiviteter-turforslag\/","og_locale":"nb_NO","og_type":"article","og_title":"Aktiviteter og turforslag - First Camp Lunde","og_description":"Lunde ligger sentralt i Telemark og er et bra startpunkt for sykling, padling, turer til fots og for \u00e5 oppleve Telemarkskanalen.","og_url":"https:\/\/visitbo.no\/telemarkskanalen-aktivitetssenter\/aktiviteter-turforslag\/","og_site_name":"First Camp Lunde","article_modified_time":"2023-03-14T08:29:47+00:00","og_image":[{"width":1024,"height":576,"url":"https:\/\/visitbo.no\/telemarkskanalen-aktivitetssenter\/wp-content\/uploads\/sites\/19\/2019\/12\/Forside4-turforslag.jpg","type":"image\/jpeg"}],"twitter_card":"summary_large_image","twitter_misc":{"Ansl. lesetid":"5 minutter"},"schema":{"@context":"https:\/\/schema.org","@graph":[{"@type":"WebPage","@id":"https:\/\/visitbo.no\/telemarkskanalen-aktivitetssenter\/aktiviteter-turforslag\/","url":"https:\/\/visitbo.no\/telemarkskanalen-aktivitetssenter\/aktiviteter-turforslag\/","name":"Aktiviteter og turforslag - First Camp Lunde","isPartOf":{"@id":"https:\/\/visitbo.no\/telemarkskanalen-aktivitetssenter\/#website"},"primaryImageOfPage":{"@id":"https:\/\/visitbo.no\/telemarkskanalen-aktivitetssenter\/aktiviteter-turforslag\/#primaryimage"},"image":{"@id":"https:\/\/visitbo.no\/telemarkskanalen-aktivitetssenter\/aktiviteter-turforslag\/#primaryimage"},"thumbnailUrl":"https:\/\/visitbo.no\/telemarkskanalen-aktivitetssenter\/wp-content\/uploads\/sites\/19\/2019\/12\/Forside4-turforslag.jpg","datePublished":"2020-01-13T13:43:33+00:00","dateModified":"2023-03-14T08:29:47+00:00","description":"Lunde ligger sentralt i Telemark og er et bra startpunkt for sykling, padling, turer til fots og for \u00e5 oppleve Telemarkskanalen.","breadcrumb":{"@id":"https:\/\/visitbo.no\/telemarkskanalen-aktivitetssenter\/aktiviteter-turforslag\/#breadcrumb"},"inLanguage":"nb-NO","potentialAction":[{"@type":"ReadAction","target":["https:\/\/visitbo.no\/telemarkskanalen-aktivitetssenter\/aktiviteter-turforslag\/"]}]},{"@type":"ImageObject","inLanguage":"nb-NO","@id":"https:\/\/visitbo.no\/telemarkskanalen-aktivitetssenter\/aktiviteter-turforslag\/#primaryimage","url":"https:\/\/visitbo.no\/telemarkskanalen-aktivitetssenter\/wp-content\/uploads\/sites\/19\/2019\/12\/Forside4-turforslag.jpg","contentUrl":"https:\/\/visitbo.no\/telemarkskanalen-aktivitetssenter\/wp-content\/uploads\/sites\/19\/2019\/12\/Forside4-turforslag.jpg","width":1024,"height":576,"caption":"Padling i kano ved Hogga sluse"},{"@type":"BreadcrumbList","@id":"https:\/\/visitbo.no\/telemarkskanalen-aktivitetssenter\/aktiviteter-turforslag\/#breadcrumb","itemListElement":[{"@type":"ListItem","position":1,"name":"Hjem","item":"https:\/\/visitbo.no\/telemarkskanalen-aktivitetssenter\/"},{"@type":"ListItem","position":2,"name":"Aktiviteter og turforslag"}]},{"@type":"WebSite","@id":"https:\/\/visitbo.no\/telemarkskanalen-aktivitetssenter\/#website","url":"https:\/\/visitbo.no\/telemarkskanalen-aktivitetssenter\/","name":"First Camp Lunde","description":"One online experience - for everything your destination has to offer.","potentialAction":[{"@type":"SearchAction","target":{"@type":"EntryPoint","urlTemplate":"https:\/\/visitbo.no\/telemarkskanalen-aktivitetssenter\/?s={search_term_string}"},"query-input":{"@type":"PropertyValueSpecification","valueRequired":true,"valueName":"search_term_string"}}],"inLanguage":"nb-NO"}]}},"_links":{"self":[{"href":"https:\/\/visitbo.no\/telemarkskanalen-aktivitetssenter\/wp-json\/wp\/v2\/pages\/7962","targetHints":{"allow":["GET"]}}],"collection":[{"href":"https:\/\/visitbo.no\/telemarkskanalen-aktivitetssenter\/wp-json\/wp\/v2\/pages"}],"about":[{"href":"https:\/\/visitbo.no\/telemarkskanalen-aktivitetssenter\/wp-json\/wp\/v2\/types\/page"}],"author":[{"embeddable":true,"href":"https:\/\/visitbo.no\/telemarkskanalen-aktivitetssenter\/wp-json\/wp\/v2\/users\/6"}],"replies":[{"embeddable":true,"href":"https:\/\/visitbo.no\/telemarkskanalen-aktivitetssenter\/wp-json\/wp\/v2\/comments?post=7962"}],"version-history":[{"count":30,"href":"https:\/\/visitbo.no\/telemarkskanalen-aktivitetssenter\/wp-json\/wp\/v2\/pages\/7962\/revisions"}],"predecessor-version":[{"id":12058,"href":"https:\/\/visitbo.no\/telemarkskanalen-aktivitetssenter\/wp-json\/wp\/v2\/pages\/7962\/revisions\/12058"}],"wp:featuredmedia":[{"embeddable":true,"href":"https:\/\/visitbo.no\/telemarkskanalen-aktivitetssenter\/wp-json\/wp\/v2\/media\/7822"}],"wp:attachment":[{"href":"https:\/\/visitbo.no\/telemarkskanalen-aktivitetssenter\/wp-json\/wp\/v2\/media?parent=7962"}],"curies":[{"name":"wp","href":"https:\/\/api.w.org\/{rel}","templated":true}]}}