{"id":2,"date":"2012-04-11T16:34:42","date_gmt":"2012-04-11T14:34:42","guid":{"rendered":"https:\/\/tonto.wp.oppdateringsfabrikken.no\/?page_id=2"},"modified":"2024-01-15T15:04:32","modified_gmt":"2024-01-15T14:04:32","slug":"forside","status":"publish","type":"page","link":"https:\/\/visitbo.no\/telemarksveka\/","title":{"rendered":"TelemarksVeka"},"content":{"rendered":"<div id=\"cs-content\" class=\"cs-content\"><\/div>\n","protected":false},"excerpt":{"rendered":"<p>Sommarland Skiskole 2023Deltaker rulleskiProgram 2023TelemarksVeka \u2013 en epoke er over TelemarksVeka har skapt uforglemmelige minner for store og sm\u00e5 og virkelig satt Telemark p\u00e5 kartet med sitt engasjerende innhold og sterke historier. Dessverre har alt en ende, og styret har besluttet \u00e5 avslutte TelemarksVeka. Takk til idrettslag, frivillige, deltagere, n\u00e6ringsliv, og alle samarbeidspartnere og bidragsytere! Les pressemeldingen her KANALRENNET Startskuddet &#8230; <\/p>\n<div><a href=\"https:\/\/visitbo.no\/telemarksveka\/telemarksveka-program-2023\/\" class=\"more-link\">Read More<\/a><\/div>\n","protected":false},"author":1,"featured_media":0,"parent":0,"menu_order":0,"comment_status":"closed","ping_status":"closed","template":"template-blank-4.php","meta":{"_relevanssi_hide_post":"","_relevanssi_hide_content":"","_relevanssi_pin_for_all":"","_relevanssi_pin_keywords":"","_relevanssi_unpin_keywords":"","_relevanssi_related_keywords":"","_relevanssi_related_include_ids":"","_relevanssi_related_exclude_ids":"","_relevanssi_related_no_append":"","_relevanssi_related_not_related":"","_relevanssi_related_posts":"","_relevanssi_noindex_reason":"","footnotes":""},"class_list":["post-2","page","type-page","status-publish","hentry","no-post-thumbnail"],"yoast_head":"<!-- This site is optimized with the Yoast SEO plugin v27.2 - https:\/\/yoast.com\/product\/yoast-seo-wordpress\/ -->\n<title>TelemarksVeka - Norges mest inkluderende idrettsarrangement<\/title>\n<meta name=\"description\" content=\"TelemarksVeka - En uke med spennende arrangementer i Telemark i samarbeid med TV2. Idrettsstjerner, kjendiser og store artister vil bes\u00f8ke Telemark!\" \/>\n<meta name=\"robots\" content=\"index, follow, max-snippet:-1, max-image-preview:large, max-video-preview:-1\" \/>\n<link rel=\"canonical\" href=\"https:\/\/visitbo.no\/telemarksveka\/\" \/>\n<meta property=\"og:locale\" content=\"nb_NO\" \/>\n<meta property=\"og:type\" content=\"article\" \/>\n<meta property=\"og:title\" content=\"TelemarksVeka - Norges mest inkluderende idrettsarrangement\" \/>\n<meta property=\"og:description\" content=\"TelemarksVeka - En uke med spennende arrangementer i Telemark i samarbeid med TV2. Idrettsstjerner, kjendiser og store artister vil bes\u00f8ke Telemark!\" \/>\n<meta property=\"og:url\" content=\"https:\/\/visitbo.no\/telemarksveka\/\" \/>\n<meta property=\"og:site_name\" content=\"TelemarksVeka\" \/>\n<meta property=\"article:modified_time\" content=\"2024-01-15T14:04:32+00:00\" \/>\n<meta name=\"twitter:card\" content=\"summary_large_image\" \/>\n<meta name=\"twitter:label1\" content=\"Ansl. lesetid\" \/>\n\t<meta name=\"twitter:data1\" content=\"10 minutter\" \/>\n<script type=\"application\/ld+json\" class=\"yoast-schema-graph\">{\"@context\":\"https:\/\/schema.org\",\"@graph\":[{\"@type\":\"WebPage\",\"@id\":\"https:\/\/visitbo.no\/telemarksveka\/\",\"url\":\"https:\/\/visitbo.no\/telemarksveka\/\",\"name\":\"TelemarksVeka - Norges mest inkluderende idrettsarrangement\",\"isPartOf\":{\"@id\":\"https:\/\/visitbo.no\/telemarksveka\/#website\"},\"datePublished\":\"2012-04-11T14:34:42+00:00\",\"dateModified\":\"2024-01-15T14:04:32+00:00\",\"description\":\"TelemarksVeka - En uke med spennende arrangementer i Telemark i samarbeid med TV2. Idrettsstjerner, kjendiser og store artister vil bes\u00f8ke Telemark!\",\"breadcrumb\":{\"@id\":\"https:\/\/visitbo.no\/telemarksveka\/#breadcrumb\"},\"inLanguage\":\"nb-NO\",\"potentialAction\":[{\"@type\":\"ReadAction\",\"target\":[\"https:\/\/visitbo.no\/telemarksveka\/\"]}]},{\"@type\":\"BreadcrumbList\",\"@id\":\"https:\/\/visitbo.no\/telemarksveka\/#breadcrumb\",\"itemListElement\":[{\"@type\":\"ListItem\",\"position\":1,\"name\":\"Hjem\",\"item\":\"https:\/\/visitbo.no\/telemarksveka\/\"},{\"@type\":\"ListItem\",\"position\":2,\"name\":\"TelemarksVeka\"}]},{\"@type\":\"WebSite\",\"@id\":\"https:\/\/visitbo.no\/telemarksveka\/#website\",\"url\":\"https:\/\/visitbo.no\/telemarksveka\/\",\"name\":\"TelemarksVeka\",\"description\":\"One online experience - for everything your destination has to offer.\",\"potentialAction\":[{\"@type\":\"SearchAction\",\"target\":{\"@type\":\"EntryPoint\",\"urlTemplate\":\"https:\/\/visitbo.no\/telemarksveka\/?s={search_term_string}\"},\"query-input\":{\"@type\":\"PropertyValueSpecification\",\"valueRequired\":true,\"valueName\":\"search_term_string\"}}],\"inLanguage\":\"nb-NO\"}]}<\/script>\n<!-- \/ Yoast SEO plugin. -->","yoast_head_json":{"title":"TelemarksVeka - Norges mest inkluderende idrettsarrangement","description":"TelemarksVeka - En uke med spennende arrangementer i Telemark i samarbeid med TV2. Idrettsstjerner, kjendiser og store artister vil bes\u00f8ke Telemark!","robots":{"index":"index","follow":"follow","max-snippet":"max-snippet:-1","max-image-preview":"max-image-preview:large","max-video-preview":"max-video-preview:-1"},"canonical":"https:\/\/visitbo.no\/telemarksveka\/","og_locale":"nb_NO","og_type":"article","og_title":"TelemarksVeka - Norges mest inkluderende idrettsarrangement","og_description":"TelemarksVeka - En uke med spennende arrangementer i Telemark i samarbeid med TV2. Idrettsstjerner, kjendiser og store artister vil bes\u00f8ke Telemark!","og_url":"https:\/\/visitbo.no\/telemarksveka\/","og_site_name":"TelemarksVeka","article_modified_time":"2024-01-15T14:04:32+00:00","twitter_card":"summary_large_image","twitter_misc":{"Ansl. lesetid":"10 minutter"},"schema":{"@context":"https:\/\/schema.org","@graph":[{"@type":"WebPage","@id":"https:\/\/visitbo.no\/telemarksveka\/","url":"https:\/\/visitbo.no\/telemarksveka\/","name":"TelemarksVeka - Norges mest inkluderende idrettsarrangement","isPartOf":{"@id":"https:\/\/visitbo.no\/telemarksveka\/#website"},"datePublished":"2012-04-11T14:34:42+00:00","dateModified":"2024-01-15T14:04:32+00:00","description":"TelemarksVeka - En uke med spennende arrangementer i Telemark i samarbeid med TV2. Idrettsstjerner, kjendiser og store artister vil bes\u00f8ke Telemark!","breadcrumb":{"@id":"https:\/\/visitbo.no\/telemarksveka\/#breadcrumb"},"inLanguage":"nb-NO","potentialAction":[{"@type":"ReadAction","target":["https:\/\/visitbo.no\/telemarksveka\/"]}]},{"@type":"BreadcrumbList","@id":"https:\/\/visitbo.no\/telemarksveka\/#breadcrumb","itemListElement":[{"@type":"ListItem","position":1,"name":"Hjem","item":"https:\/\/visitbo.no\/telemarksveka\/"},{"@type":"ListItem","position":2,"name":"TelemarksVeka"}]},{"@type":"WebSite","@id":"https:\/\/visitbo.no\/telemarksveka\/#website","url":"https:\/\/visitbo.no\/telemarksveka\/","name":"TelemarksVeka","description":"One online experience - for everything your destination has to offer.","potentialAction":[{"@type":"SearchAction","target":{"@type":"EntryPoint","urlTemplate":"https:\/\/visitbo.no\/telemarksveka\/?s={search_term_string}"},"query-input":{"@type":"PropertyValueSpecification","valueRequired":true,"valueName":"search_term_string"}}],"inLanguage":"nb-NO"}]}},"_links":{"self":[{"href":"https:\/\/visitbo.no\/telemarksveka\/wp-json\/wp\/v2\/pages\/2","targetHints":{"allow":["GET"]}}],"collection":[{"href":"https:\/\/visitbo.no\/telemarksveka\/wp-json\/wp\/v2\/pages"}],"about":[{"href":"https:\/\/visitbo.no\/telemarksveka\/wp-json\/wp\/v2\/types\/page"}],"author":[{"embeddable":true,"href":"https:\/\/visitbo.no\/telemarksveka\/wp-json\/wp\/v2\/users\/1"}],"replies":[{"embeddable":true,"href":"https:\/\/visitbo.no\/telemarksveka\/wp-json\/wp\/v2\/comments?post=2"}],"version-history":[{"count":321,"href":"https:\/\/visitbo.no\/telemarksveka\/wp-json\/wp\/v2\/pages\/2\/revisions"}],"predecessor-version":[{"id":9854,"href":"https:\/\/visitbo.no\/telemarksveka\/wp-json\/wp\/v2\/pages\/2\/revisions\/9854"}],"wp:attachment":[{"href":"https:\/\/visitbo.no\/telemarksveka\/wp-json\/wp\/v2\/media?parent=2"}],"curies":[{"name":"wp","href":"https:\/\/api.w.org\/{rel}","templated":true}]}}