{"id":493,"date":"2017-10-12T20:47:30","date_gmt":"2017-10-12T18:47:30","guid":{"rendered":"https:\/\/visitbo.no\/telemarksveka\/?page_id=493"},"modified":"2023-11-01T08:16:31","modified_gmt":"2023-11-01T07:16:31","slug":"om-telemarksveka","status":"publish","type":"page","link":"https:\/\/visitbo.no\/telemarksveka\/om-telemarksveka\/","title":{"rendered":"Om TelemarksVeka"},"content":{"rendered":"<div id=\"cs-content\" class=\"cs-content\"><\/div>\n","protected":false},"excerpt":{"rendered":"<p>Om TelemarksVekaTelemarksveka er et samarbeid mellom ca 50 n\u00e6ringslivsbedrifter, lokale idrettslag, TV 2, Visit Telemark, Norges Skiforbund, kommunene i Telemark samt ParaVeka p\u00e5 Notodden. Prosjektet har en s\u00e6rdeles bred spennvidde og er mye mer enn et rulleskiarrangement, selv om dette er kjernen til alle de \u00f8vrige aktivitetene. Telemarks st\u00f8rste attraksjoner blir vist p\u00e5 et bredt spekter av flater, b\u00e5de digitalt &#8230; <\/p>\n<div><a href=\"https:\/\/visitbo.no\/telemarksveka\/om-telemarksveka\/\" class=\"more-link\">Read More<\/a><\/div>\n","protected":false},"author":1,"featured_media":0,"parent":0,"menu_order":3,"comment_status":"closed","ping_status":"closed","template":"template-blank-4.php","meta":{"_relevanssi_hide_post":"","_relevanssi_hide_content":"","_relevanssi_pin_for_all":"","_relevanssi_pin_keywords":"","_relevanssi_unpin_keywords":"","_relevanssi_related_keywords":"","_relevanssi_related_include_ids":"","_relevanssi_related_exclude_ids":"","_relevanssi_related_no_append":"","_relevanssi_related_not_related":"","_relevanssi_related_posts":"","_relevanssi_noindex_reason":"","footnotes":""},"class_list":["post-493","page","type-page","status-publish","hentry","no-post-thumbnail"],"yoast_head":"<!-- This site is optimized with the Yoast SEO plugin v27.2 - https:\/\/yoast.com\/product\/yoast-seo-wordpress\/ -->\n<title>Om TelemarksVeka - TelemarksVeka<\/title>\n<meta name=\"description\" content=\"TelemarksVeka er et prosjekt startet av ivrige folk som \u00f8nsker \u00e5 f\u00e5 til noe stort. I dag er vi et av Norges flotteste og st\u00f8rste rulleskiarrangement. Les mer om oss her.\" \/>\n<meta name=\"robots\" content=\"index, follow, max-snippet:-1, max-image-preview:large, max-video-preview:-1\" \/>\n<link rel=\"canonical\" href=\"https:\/\/visitbo.no\/telemarksveka\/om-telemarksveka\/\" \/>\n<meta property=\"og:locale\" content=\"nb_NO\" \/>\n<meta property=\"og:type\" content=\"article\" \/>\n<meta property=\"og:title\" content=\"Om TelemarksVeka - TelemarksVeka\" \/>\n<meta property=\"og:description\" content=\"TelemarksVeka er et prosjekt startet av ivrige folk som \u00f8nsker \u00e5 f\u00e5 til noe stort. I dag er vi et av Norges flotteste og st\u00f8rste rulleskiarrangement. Les mer om oss her.\" \/>\n<meta property=\"og:url\" content=\"https:\/\/visitbo.no\/telemarksveka\/om-telemarksveka\/\" \/>\n<meta property=\"og:site_name\" content=\"TelemarksVeka\" \/>\n<meta property=\"article:modified_time\" content=\"2023-11-01T07:16:31+00:00\" \/>\n<meta name=\"twitter:card\" content=\"summary_large_image\" \/>\n<meta name=\"twitter:label1\" content=\"Ansl. lesetid\" \/>\n\t<meta name=\"twitter:data1\" content=\"8 minutter\" \/>\n<script type=\"application\/ld+json\" class=\"yoast-schema-graph\">{\"@context\":\"https:\/\/schema.org\",\"@graph\":[{\"@type\":\"WebPage\",\"@id\":\"https:\/\/visitbo.no\/telemarksveka\/om-telemarksveka\/\",\"url\":\"https:\/\/visitbo.no\/telemarksveka\/om-telemarksveka\/\",\"name\":\"Om TelemarksVeka - TelemarksVeka\",\"isPartOf\":{\"@id\":\"https:\/\/visitbo.no\/telemarksveka\/#website\"},\"datePublished\":\"2017-10-12T18:47:30+00:00\",\"dateModified\":\"2023-11-01T07:16:31+00:00\",\"description\":\"TelemarksVeka er et prosjekt startet av ivrige folk som \u00f8nsker \u00e5 f\u00e5 til noe stort. I dag er vi et av Norges flotteste og st\u00f8rste rulleskiarrangement. Les mer om oss her.\",\"breadcrumb\":{\"@id\":\"https:\/\/visitbo.no\/telemarksveka\/om-telemarksveka\/#breadcrumb\"},\"inLanguage\":\"nb-NO\",\"potentialAction\":[{\"@type\":\"ReadAction\",\"target\":[\"https:\/\/visitbo.no\/telemarksveka\/om-telemarksveka\/\"]}]},{\"@type\":\"BreadcrumbList\",\"@id\":\"https:\/\/visitbo.no\/telemarksveka\/om-telemarksveka\/#breadcrumb\",\"itemListElement\":[{\"@type\":\"ListItem\",\"position\":1,\"name\":\"Hjem\",\"item\":\"https:\/\/visitbo.no\/telemarksveka\/\"},{\"@type\":\"ListItem\",\"position\":2,\"name\":\"Om TelemarksVeka\"}]},{\"@type\":\"WebSite\",\"@id\":\"https:\/\/visitbo.no\/telemarksveka\/#website\",\"url\":\"https:\/\/visitbo.no\/telemarksveka\/\",\"name\":\"TelemarksVeka\",\"description\":\"One online experience - for everything your destination has to offer.\",\"potentialAction\":[{\"@type\":\"SearchAction\",\"target\":{\"@type\":\"EntryPoint\",\"urlTemplate\":\"https:\/\/visitbo.no\/telemarksveka\/?s={search_term_string}\"},\"query-input\":{\"@type\":\"PropertyValueSpecification\",\"valueRequired\":true,\"valueName\":\"search_term_string\"}}],\"inLanguage\":\"nb-NO\"}]}<\/script>\n<!-- \/ Yoast SEO plugin. -->","yoast_head_json":{"title":"Om TelemarksVeka - TelemarksVeka","description":"TelemarksVeka er et prosjekt startet av ivrige folk som \u00f8nsker \u00e5 f\u00e5 til noe stort. I dag er vi et av Norges flotteste og st\u00f8rste rulleskiarrangement. Les mer om oss her.","robots":{"index":"index","follow":"follow","max-snippet":"max-snippet:-1","max-image-preview":"max-image-preview:large","max-video-preview":"max-video-preview:-1"},"canonical":"https:\/\/visitbo.no\/telemarksveka\/om-telemarksveka\/","og_locale":"nb_NO","og_type":"article","og_title":"Om TelemarksVeka - TelemarksVeka","og_description":"TelemarksVeka er et prosjekt startet av ivrige folk som \u00f8nsker \u00e5 f\u00e5 til noe stort. I dag er vi et av Norges flotteste og st\u00f8rste rulleskiarrangement. Les mer om oss her.","og_url":"https:\/\/visitbo.no\/telemarksveka\/om-telemarksveka\/","og_site_name":"TelemarksVeka","article_modified_time":"2023-11-01T07:16:31+00:00","twitter_card":"summary_large_image","twitter_misc":{"Ansl. lesetid":"8 minutter"},"schema":{"@context":"https:\/\/schema.org","@graph":[{"@type":"WebPage","@id":"https:\/\/visitbo.no\/telemarksveka\/om-telemarksveka\/","url":"https:\/\/visitbo.no\/telemarksveka\/om-telemarksveka\/","name":"Om TelemarksVeka - TelemarksVeka","isPartOf":{"@id":"https:\/\/visitbo.no\/telemarksveka\/#website"},"datePublished":"2017-10-12T18:47:30+00:00","dateModified":"2023-11-01T07:16:31+00:00","description":"TelemarksVeka er et prosjekt startet av ivrige folk som \u00f8nsker \u00e5 f\u00e5 til noe stort. I dag er vi et av Norges flotteste og st\u00f8rste rulleskiarrangement. Les mer om oss her.","breadcrumb":{"@id":"https:\/\/visitbo.no\/telemarksveka\/om-telemarksveka\/#breadcrumb"},"inLanguage":"nb-NO","potentialAction":[{"@type":"ReadAction","target":["https:\/\/visitbo.no\/telemarksveka\/om-telemarksveka\/"]}]},{"@type":"BreadcrumbList","@id":"https:\/\/visitbo.no\/telemarksveka\/om-telemarksveka\/#breadcrumb","itemListElement":[{"@type":"ListItem","position":1,"name":"Hjem","item":"https:\/\/visitbo.no\/telemarksveka\/"},{"@type":"ListItem","position":2,"name":"Om TelemarksVeka"}]},{"@type":"WebSite","@id":"https:\/\/visitbo.no\/telemarksveka\/#website","url":"https:\/\/visitbo.no\/telemarksveka\/","name":"TelemarksVeka","description":"One online experience - for everything your destination has to offer.","potentialAction":[{"@type":"SearchAction","target":{"@type":"EntryPoint","urlTemplate":"https:\/\/visitbo.no\/telemarksveka\/?s={search_term_string}"},"query-input":{"@type":"PropertyValueSpecification","valueRequired":true,"valueName":"search_term_string"}}],"inLanguage":"nb-NO"}]}},"_links":{"self":[{"href":"https:\/\/visitbo.no\/telemarksveka\/wp-json\/wp\/v2\/pages\/493","targetHints":{"allow":["GET"]}}],"collection":[{"href":"https:\/\/visitbo.no\/telemarksveka\/wp-json\/wp\/v2\/pages"}],"about":[{"href":"https:\/\/visitbo.no\/telemarksveka\/wp-json\/wp\/v2\/types\/page"}],"author":[{"embeddable":true,"href":"https:\/\/visitbo.no\/telemarksveka\/wp-json\/wp\/v2\/users\/1"}],"replies":[{"embeddable":true,"href":"https:\/\/visitbo.no\/telemarksveka\/wp-json\/wp\/v2\/comments?post=493"}],"version-history":[{"count":69,"href":"https:\/\/visitbo.no\/telemarksveka\/wp-json\/wp\/v2\/pages\/493\/revisions"}],"predecessor-version":[{"id":9553,"href":"https:\/\/visitbo.no\/telemarksveka\/wp-json\/wp\/v2\/pages\/493\/revisions\/9553"}],"wp:attachment":[{"href":"https:\/\/visitbo.no\/telemarksveka\/wp-json\/wp\/v2\/media?parent=493"}],"curies":[{"name":"wp","href":"https:\/\/api.w.org\/{rel}","templated":true}]}}