{"id":7995,"date":"2021-08-26T10:20:20","date_gmt":"2021-08-26T08:20:20","guid":{"rendered":"https:\/\/visitbo.no\/telemarksveka\/?page_id=7995"},"modified":"2023-09-18T14:10:41","modified_gmt":"2023-09-18T12:10:41","slug":"samarbeidspartnere","status":"publish","type":"page","link":"https:\/\/visitbo.no\/telemarksveka\/samarbeidspartnere\/","title":{"rendered":"Samarbeidspartnere"},"content":{"rendered":"<div id=\"cs-content\" class=\"cs-content\"><\/div>\n","protected":false},"excerpt":{"rendered":"<p>Takk til v\u00e5re samarbeidspartnere!&nbsp;&nbsp;TelemarksVeka har et stort nettverk av samarbeidspartnere og alle er like viktige. Uten disse hadde ikke arrangementene v\u00e6rt mulig \u00e5 gjennomf\u00f8re. Det er samtidig viktig at sponsorer og samtlige samarbeidspartnere opplever effekter av \u00e5 v\u00e6re med. Det blir derfor vektlagt h\u00f8yt deres involvering og innspill. Utover hovedarrangementet siste helgen i juni arrangerer TelemarksVeka B2B-samlinger for bedriftsnettverket. M\u00e5lsettingen &#8230; <\/p>\n<div><a href=\"https:\/\/visitbo.no\/telemarksveka\/samarbeidspartnere\/\" class=\"more-link\">Read More<\/a><\/div>\n","protected":false},"author":29,"featured_media":0,"parent":0,"menu_order":3,"comment_status":"closed","ping_status":"closed","template":"template-blank-4.php","meta":{"_relevanssi_hide_post":"","_relevanssi_hide_content":"","_relevanssi_pin_for_all":"","_relevanssi_pin_keywords":"","_relevanssi_unpin_keywords":"","_relevanssi_related_keywords":"","_relevanssi_related_include_ids":"","_relevanssi_related_exclude_ids":"","_relevanssi_related_no_append":"","_relevanssi_related_not_related":"","_relevanssi_related_posts":"","_relevanssi_noindex_reason":"","footnotes":""},"class_list":["post-7995","page","type-page","status-publish","hentry","no-post-thumbnail"],"yoast_head":"<!-- This site is optimized with the Yoast SEO plugin v27.2 - https:\/\/yoast.com\/product\/yoast-seo-wordpress\/ -->\n<title>Samarbeidspartnere - TelemarksVeka<\/title>\n<meta name=\"description\" content=\"For \u00e5 kunne gjennomf\u00f8re TelemarksVeka \u00e5r etter \u00e5r er vi helt avhengige av \u00e5 ha gode samarbeidspartnere med oss. Les mer her.\" \/>\n<meta name=\"robots\" content=\"index, follow, max-snippet:-1, max-image-preview:large, max-video-preview:-1\" \/>\n<link rel=\"canonical\" href=\"https:\/\/visitbo.no\/telemarksveka\/samarbeidspartnere\/\" \/>\n<meta property=\"og:locale\" content=\"nb_NO\" \/>\n<meta property=\"og:type\" content=\"article\" \/>\n<meta property=\"og:title\" content=\"Samarbeidspartnere - TelemarksVeka\" \/>\n<meta property=\"og:description\" content=\"For \u00e5 kunne gjennomf\u00f8re TelemarksVeka \u00e5r etter \u00e5r er vi helt avhengige av \u00e5 ha gode samarbeidspartnere med oss. Les mer her.\" \/>\n<meta property=\"og:url\" content=\"https:\/\/visitbo.no\/telemarksveka\/samarbeidspartnere\/\" \/>\n<meta property=\"og:site_name\" content=\"TelemarksVeka\" \/>\n<meta property=\"article:modified_time\" content=\"2023-09-18T12:10:41+00:00\" \/>\n<meta name=\"twitter:card\" content=\"summary_large_image\" \/>\n<meta name=\"twitter:label1\" content=\"Ansl. lesetid\" \/>\n\t<meta name=\"twitter:data1\" content=\"10 minutter\" \/>\n<script type=\"application\/ld+json\" class=\"yoast-schema-graph\">{\"@context\":\"https:\/\/schema.org\",\"@graph\":[{\"@type\":\"WebPage\",\"@id\":\"https:\/\/visitbo.no\/telemarksveka\/samarbeidspartnere\/\",\"url\":\"https:\/\/visitbo.no\/telemarksveka\/samarbeidspartnere\/\",\"name\":\"Samarbeidspartnere - TelemarksVeka\",\"isPartOf\":{\"@id\":\"https:\/\/visitbo.no\/telemarksveka\/#website\"},\"datePublished\":\"2021-08-26T08:20:20+00:00\",\"dateModified\":\"2023-09-18T12:10:41+00:00\",\"description\":\"For \u00e5 kunne gjennomf\u00f8re TelemarksVeka \u00e5r etter \u00e5r er vi helt avhengige av \u00e5 ha gode samarbeidspartnere med oss. Les mer her.\",\"breadcrumb\":{\"@id\":\"https:\/\/visitbo.no\/telemarksveka\/samarbeidspartnere\/#breadcrumb\"},\"inLanguage\":\"nb-NO\",\"potentialAction\":[{\"@type\":\"ReadAction\",\"target\":[\"https:\/\/visitbo.no\/telemarksveka\/samarbeidspartnere\/\"]}]},{\"@type\":\"BreadcrumbList\",\"@id\":\"https:\/\/visitbo.no\/telemarksveka\/samarbeidspartnere\/#breadcrumb\",\"itemListElement\":[{\"@type\":\"ListItem\",\"position\":1,\"name\":\"Hjem\",\"item\":\"https:\/\/visitbo.no\/telemarksveka\/\"},{\"@type\":\"ListItem\",\"position\":2,\"name\":\"Samarbeidspartnere\"}]},{\"@type\":\"WebSite\",\"@id\":\"https:\/\/visitbo.no\/telemarksveka\/#website\",\"url\":\"https:\/\/visitbo.no\/telemarksveka\/\",\"name\":\"TelemarksVeka\",\"description\":\"One online experience - for everything your destination has to offer.\",\"potentialAction\":[{\"@type\":\"SearchAction\",\"target\":{\"@type\":\"EntryPoint\",\"urlTemplate\":\"https:\/\/visitbo.no\/telemarksveka\/?s={search_term_string}\"},\"query-input\":{\"@type\":\"PropertyValueSpecification\",\"valueRequired\":true,\"valueName\":\"search_term_string\"}}],\"inLanguage\":\"nb-NO\"}]}<\/script>\n<!-- \/ Yoast SEO plugin. -->","yoast_head_json":{"title":"Samarbeidspartnere - TelemarksVeka","description":"For \u00e5 kunne gjennomf\u00f8re TelemarksVeka \u00e5r etter \u00e5r er vi helt avhengige av \u00e5 ha gode samarbeidspartnere med oss. Les mer her.","robots":{"index":"index","follow":"follow","max-snippet":"max-snippet:-1","max-image-preview":"max-image-preview:large","max-video-preview":"max-video-preview:-1"},"canonical":"https:\/\/visitbo.no\/telemarksveka\/samarbeidspartnere\/","og_locale":"nb_NO","og_type":"article","og_title":"Samarbeidspartnere - TelemarksVeka","og_description":"For \u00e5 kunne gjennomf\u00f8re TelemarksVeka \u00e5r etter \u00e5r er vi helt avhengige av \u00e5 ha gode samarbeidspartnere med oss. Les mer her.","og_url":"https:\/\/visitbo.no\/telemarksveka\/samarbeidspartnere\/","og_site_name":"TelemarksVeka","article_modified_time":"2023-09-18T12:10:41+00:00","twitter_card":"summary_large_image","twitter_misc":{"Ansl. lesetid":"10 minutter"},"schema":{"@context":"https:\/\/schema.org","@graph":[{"@type":"WebPage","@id":"https:\/\/visitbo.no\/telemarksveka\/samarbeidspartnere\/","url":"https:\/\/visitbo.no\/telemarksveka\/samarbeidspartnere\/","name":"Samarbeidspartnere - TelemarksVeka","isPartOf":{"@id":"https:\/\/visitbo.no\/telemarksveka\/#website"},"datePublished":"2021-08-26T08:20:20+00:00","dateModified":"2023-09-18T12:10:41+00:00","description":"For \u00e5 kunne gjennomf\u00f8re TelemarksVeka \u00e5r etter \u00e5r er vi helt avhengige av \u00e5 ha gode samarbeidspartnere med oss. Les mer her.","breadcrumb":{"@id":"https:\/\/visitbo.no\/telemarksveka\/samarbeidspartnere\/#breadcrumb"},"inLanguage":"nb-NO","potentialAction":[{"@type":"ReadAction","target":["https:\/\/visitbo.no\/telemarksveka\/samarbeidspartnere\/"]}]},{"@type":"BreadcrumbList","@id":"https:\/\/visitbo.no\/telemarksveka\/samarbeidspartnere\/#breadcrumb","itemListElement":[{"@type":"ListItem","position":1,"name":"Hjem","item":"https:\/\/visitbo.no\/telemarksveka\/"},{"@type":"ListItem","position":2,"name":"Samarbeidspartnere"}]},{"@type":"WebSite","@id":"https:\/\/visitbo.no\/telemarksveka\/#website","url":"https:\/\/visitbo.no\/telemarksveka\/","name":"TelemarksVeka","description":"One online experience - for everything your destination has to offer.","potentialAction":[{"@type":"SearchAction","target":{"@type":"EntryPoint","urlTemplate":"https:\/\/visitbo.no\/telemarksveka\/?s={search_term_string}"},"query-input":{"@type":"PropertyValueSpecification","valueRequired":true,"valueName":"search_term_string"}}],"inLanguage":"nb-NO"}]}},"_links":{"self":[{"href":"https:\/\/visitbo.no\/telemarksveka\/wp-json\/wp\/v2\/pages\/7995","targetHints":{"allow":["GET"]}}],"collection":[{"href":"https:\/\/visitbo.no\/telemarksveka\/wp-json\/wp\/v2\/pages"}],"about":[{"href":"https:\/\/visitbo.no\/telemarksveka\/wp-json\/wp\/v2\/types\/page"}],"author":[{"embeddable":true,"href":"https:\/\/visitbo.no\/telemarksveka\/wp-json\/wp\/v2\/users\/29"}],"replies":[{"embeddable":true,"href":"https:\/\/visitbo.no\/telemarksveka\/wp-json\/wp\/v2\/comments?post=7995"}],"version-history":[{"count":51,"href":"https:\/\/visitbo.no\/telemarksveka\/wp-json\/wp\/v2\/pages\/7995\/revisions"}],"predecessor-version":[{"id":9535,"href":"https:\/\/visitbo.no\/telemarksveka\/wp-json\/wp\/v2\/pages\/7995\/revisions\/9535"}],"wp:attachment":[{"href":"https:\/\/visitbo.no\/telemarksveka\/wp-json\/wp\/v2\/media?parent=7995"}],"curies":[{"name":"wp","href":"https:\/\/api.w.org\/{rel}","templated":true}]}}