{"id":8001,"date":"2021-08-31T09:26:09","date_gmt":"2021-08-31T07:26:09","guid":{"rendered":"https:\/\/visitbo.no\/telemarksveka\/?page_id=8001"},"modified":"2023-01-20T08:50:59","modified_gmt":"2023-01-20T07:50:59","slug":"telemarks-turne","status":"publish","type":"page","link":"https:\/\/visitbo.no\/telemarksveka\/telemarks-turne\/","title":{"rendered":"Telemarks turn\u00e9 i sosiale medier"},"content":{"rendered":"<div id=\"cs-content\" class=\"cs-content\"><\/div>\n","protected":false},"excerpt":{"rendered":"<p>F\u00f8lg oss p\u00e5 tur &nbsp;&nbsp;I 2022 hadde vi stor suksess med \u00e5 f\u00f8lge Lasse Matberg og Terje Sporsem rundreise i Telemark. Nesten 2,5 millioner nordmenn fikk oppleve det beste fra v\u00e5rt distrikt. I \u00e5r kommer de nok en gang tilbake for \u00e5 oppdage nye skatter i v\u00e5rt innholdsrike fylke. Se hele turneen p\u00e5 TV2s plattformhttps:\/\/www.youtube.com\/watch?v=BHZJLU3yGWA Program for 2022 Tirs 21. &#8230; <\/p>\n<div><a href=\"https:\/\/visitbo.no\/telemarksveka\/telemarks-turne\/\" class=\"more-link\">Read More<\/a><\/div>\n","protected":false},"author":29,"featured_media":0,"parent":0,"menu_order":3,"comment_status":"closed","ping_status":"closed","template":"template-blank-4.php","meta":{"_relevanssi_hide_post":"","_relevanssi_hide_content":"","_relevanssi_pin_for_all":"","_relevanssi_pin_keywords":"","_relevanssi_unpin_keywords":"","_relevanssi_related_keywords":"","_relevanssi_related_include_ids":"","_relevanssi_related_exclude_ids":"","_relevanssi_related_no_append":"","_relevanssi_related_not_related":"","_relevanssi_related_posts":"","_relevanssi_noindex_reason":"","footnotes":""},"class_list":["post-8001","page","type-page","status-publish","hentry","no-post-thumbnail"],"yoast_head":"<!-- This site is optimized with the Yoast SEO plugin v27.2 - https:\/\/yoast.com\/product\/yoast-seo-wordpress\/ -->\n<title>Telemarks turn\u00e9 i sosiale medier - TelemarksVeka<\/title>\n<meta name=\"description\" content=\"Gjennom en hel uke reiser kjendisene rundt p\u00e5 Telemarks turne. Her finner du programmet for turneen, i tillegg til informasjon om de ulike stedene.\" \/>\n<meta name=\"robots\" content=\"index, follow, max-snippet:-1, max-image-preview:large, max-video-preview:-1\" \/>\n<link rel=\"canonical\" href=\"https:\/\/visitbo.no\/telemarksveka\/telemarks-turne\/\" \/>\n<meta property=\"og:locale\" content=\"nb_NO\" \/>\n<meta property=\"og:type\" content=\"article\" \/>\n<meta property=\"og:title\" content=\"Telemarks turn\u00e9 i sosiale medier - TelemarksVeka\" \/>\n<meta property=\"og:description\" content=\"Gjennom en hel uke reiser kjendisene rundt p\u00e5 Telemarks turne. Her finner du programmet for turneen, i tillegg til informasjon om de ulike stedene.\" \/>\n<meta property=\"og:url\" content=\"https:\/\/visitbo.no\/telemarksveka\/telemarks-turne\/\" \/>\n<meta property=\"og:site_name\" content=\"TelemarksVeka\" \/>\n<meta property=\"article:modified_time\" content=\"2023-01-20T07:50:59+00:00\" \/>\n<meta name=\"twitter:card\" content=\"summary_large_image\" \/>\n<meta name=\"twitter:label1\" content=\"Ansl. lesetid\" \/>\n\t<meta name=\"twitter:data1\" content=\"7 minutter\" \/>\n<script type=\"application\/ld+json\" class=\"yoast-schema-graph\">{\"@context\":\"https:\/\/schema.org\",\"@graph\":[{\"@type\":\"WebPage\",\"@id\":\"https:\/\/visitbo.no\/telemarksveka\/telemarks-turne\/\",\"url\":\"https:\/\/visitbo.no\/telemarksveka\/telemarks-turne\/\",\"name\":\"Telemarks turn\u00e9 i sosiale medier - TelemarksVeka\",\"isPartOf\":{\"@id\":\"https:\/\/visitbo.no\/telemarksveka\/#website\"},\"datePublished\":\"2021-08-31T07:26:09+00:00\",\"dateModified\":\"2023-01-20T07:50:59+00:00\",\"description\":\"Gjennom en hel uke reiser kjendisene rundt p\u00e5 Telemarks turne. Her finner du programmet for turneen, i tillegg til informasjon om de ulike stedene.\",\"breadcrumb\":{\"@id\":\"https:\/\/visitbo.no\/telemarksveka\/telemarks-turne\/#breadcrumb\"},\"inLanguage\":\"nb-NO\",\"potentialAction\":[{\"@type\":\"ReadAction\",\"target\":[\"https:\/\/visitbo.no\/telemarksveka\/telemarks-turne\/\"]}]},{\"@type\":\"BreadcrumbList\",\"@id\":\"https:\/\/visitbo.no\/telemarksveka\/telemarks-turne\/#breadcrumb\",\"itemListElement\":[{\"@type\":\"ListItem\",\"position\":1,\"name\":\"Hjem\",\"item\":\"https:\/\/visitbo.no\/telemarksveka\/\"},{\"@type\":\"ListItem\",\"position\":2,\"name\":\"Telemarks turn\u00e9 i sosiale medier\"}]},{\"@type\":\"WebSite\",\"@id\":\"https:\/\/visitbo.no\/telemarksveka\/#website\",\"url\":\"https:\/\/visitbo.no\/telemarksveka\/\",\"name\":\"TelemarksVeka\",\"description\":\"One online experience - for everything your destination has to offer.\",\"potentialAction\":[{\"@type\":\"SearchAction\",\"target\":{\"@type\":\"EntryPoint\",\"urlTemplate\":\"https:\/\/visitbo.no\/telemarksveka\/?s={search_term_string}\"},\"query-input\":{\"@type\":\"PropertyValueSpecification\",\"valueRequired\":true,\"valueName\":\"search_term_string\"}}],\"inLanguage\":\"nb-NO\"}]}<\/script>\n<!-- \/ Yoast SEO plugin. -->","yoast_head_json":{"title":"Telemarks turn\u00e9 i sosiale medier - TelemarksVeka","description":"Gjennom en hel uke reiser kjendisene rundt p\u00e5 Telemarks turne. Her finner du programmet for turneen, i tillegg til informasjon om de ulike stedene.","robots":{"index":"index","follow":"follow","max-snippet":"max-snippet:-1","max-image-preview":"max-image-preview:large","max-video-preview":"max-video-preview:-1"},"canonical":"https:\/\/visitbo.no\/telemarksveka\/telemarks-turne\/","og_locale":"nb_NO","og_type":"article","og_title":"Telemarks turn\u00e9 i sosiale medier - TelemarksVeka","og_description":"Gjennom en hel uke reiser kjendisene rundt p\u00e5 Telemarks turne. Her finner du programmet for turneen, i tillegg til informasjon om de ulike stedene.","og_url":"https:\/\/visitbo.no\/telemarksveka\/telemarks-turne\/","og_site_name":"TelemarksVeka","article_modified_time":"2023-01-20T07:50:59+00:00","twitter_card":"summary_large_image","twitter_misc":{"Ansl. lesetid":"7 minutter"},"schema":{"@context":"https:\/\/schema.org","@graph":[{"@type":"WebPage","@id":"https:\/\/visitbo.no\/telemarksveka\/telemarks-turne\/","url":"https:\/\/visitbo.no\/telemarksveka\/telemarks-turne\/","name":"Telemarks turn\u00e9 i sosiale medier - TelemarksVeka","isPartOf":{"@id":"https:\/\/visitbo.no\/telemarksveka\/#website"},"datePublished":"2021-08-31T07:26:09+00:00","dateModified":"2023-01-20T07:50:59+00:00","description":"Gjennom en hel uke reiser kjendisene rundt p\u00e5 Telemarks turne. Her finner du programmet for turneen, i tillegg til informasjon om de ulike stedene.","breadcrumb":{"@id":"https:\/\/visitbo.no\/telemarksveka\/telemarks-turne\/#breadcrumb"},"inLanguage":"nb-NO","potentialAction":[{"@type":"ReadAction","target":["https:\/\/visitbo.no\/telemarksveka\/telemarks-turne\/"]}]},{"@type":"BreadcrumbList","@id":"https:\/\/visitbo.no\/telemarksveka\/telemarks-turne\/#breadcrumb","itemListElement":[{"@type":"ListItem","position":1,"name":"Hjem","item":"https:\/\/visitbo.no\/telemarksveka\/"},{"@type":"ListItem","position":2,"name":"Telemarks turn\u00e9 i sosiale medier"}]},{"@type":"WebSite","@id":"https:\/\/visitbo.no\/telemarksveka\/#website","url":"https:\/\/visitbo.no\/telemarksveka\/","name":"TelemarksVeka","description":"One online experience - for everything your destination has to offer.","potentialAction":[{"@type":"SearchAction","target":{"@type":"EntryPoint","urlTemplate":"https:\/\/visitbo.no\/telemarksveka\/?s={search_term_string}"},"query-input":{"@type":"PropertyValueSpecification","valueRequired":true,"valueName":"search_term_string"}}],"inLanguage":"nb-NO"}]}},"_links":{"self":[{"href":"https:\/\/visitbo.no\/telemarksveka\/wp-json\/wp\/v2\/pages\/8001","targetHints":{"allow":["GET"]}}],"collection":[{"href":"https:\/\/visitbo.no\/telemarksveka\/wp-json\/wp\/v2\/pages"}],"about":[{"href":"https:\/\/visitbo.no\/telemarksveka\/wp-json\/wp\/v2\/types\/page"}],"author":[{"embeddable":true,"href":"https:\/\/visitbo.no\/telemarksveka\/wp-json\/wp\/v2\/users\/29"}],"replies":[{"embeddable":true,"href":"https:\/\/visitbo.no\/telemarksveka\/wp-json\/wp\/v2\/comments?post=8001"}],"version-history":[{"count":22,"href":"https:\/\/visitbo.no\/telemarksveka\/wp-json\/wp\/v2\/pages\/8001\/revisions"}],"predecessor-version":[{"id":9304,"href":"https:\/\/visitbo.no\/telemarksveka\/wp-json\/wp\/v2\/pages\/8001\/revisions\/9304"}],"wp:attachment":[{"href":"https:\/\/visitbo.no\/telemarksveka\/wp-json\/wp\/v2\/media?parent=8001"}],"curies":[{"name":"wp","href":"https:\/\/api.w.org\/{rel}","templated":true}]}}