{"id":8039,"date":"2021-12-10T11:13:37","date_gmt":"2021-12-10T10:13:37","guid":{"rendered":"https:\/\/visitbo.no\/telemarksveka\/?page_id=8039"},"modified":"2023-03-27T12:35:10","modified_gmt":"2023-03-27T10:35:10","slug":"skiskole","status":"publish","type":"page","link":"https:\/\/visitbo.no\/telemarksveka\/skiskole\/","title":{"rendered":"Sommarland Skiskole"},"content":{"rendered":"<div id=\"cs-content\" class=\"cs-content\"><\/div>\n","protected":false},"excerpt":{"rendered":"<p>Sommarland SkiskoleP\u00e5melding til Skiskolen 2023 er \u00e5pen!\u00a0 Velkommen til den 8. utgaven av Norges r\u00e5este skiskole! I \u00e5r med selveste Petter Northug Jr.\u00a0 som instrukt\u00f8r! Velkommen til Sommarland Skiskole 21. juni \u2013 25. juni 2023. Sommerens beste skiskole for deg fra 12 \u00e5r og oppover som vil l\u00e6re av verdens beste skil\u00f8pere! Skiskolen arrangeres i \u00e5r for 8. gang med &#8230; <\/p>\n<div><a href=\"https:\/\/visitbo.no\/telemarksveka\/skiskole\/\" class=\"more-link\">Read More<\/a><\/div>\n","protected":false},"author":6,"featured_media":0,"parent":0,"menu_order":3,"comment_status":"closed","ping_status":"closed","template":"template-blank-4.php","meta":{"_relevanssi_hide_post":"","_relevanssi_hide_content":"","_relevanssi_pin_for_all":"","_relevanssi_pin_keywords":"","_relevanssi_unpin_keywords":"","_relevanssi_related_keywords":"","_relevanssi_related_include_ids":"","_relevanssi_related_exclude_ids":"","_relevanssi_related_no_append":"","_relevanssi_related_not_related":"","_relevanssi_related_posts":"","_relevanssi_noindex_reason":"","footnotes":""},"class_list":["post-8039","page","type-page","status-publish","hentry","no-post-thumbnail"],"yoast_head":"<!-- This site is optimized with the Yoast SEO plugin v27.2 - https:\/\/yoast.com\/product\/yoast-seo-wordpress\/ -->\n<title>Sommarland Skiskole - TelemarksVeka<\/title>\n<meta name=\"description\" content=\"Velkommen til Sommarland Skiskole! Skiskolen arrangeres for 7. gang 2022 med topp instrukt\u00f8rer, trenings\u00f8kter og morsomme konkurranser.\u00a0\" \/>\n<meta name=\"robots\" content=\"index, follow, max-snippet:-1, max-image-preview:large, max-video-preview:-1\" \/>\n<link rel=\"canonical\" href=\"https:\/\/visitbo.no\/telemarksveka\/skiskole\/\" \/>\n<meta property=\"og:locale\" content=\"nb_NO\" \/>\n<meta property=\"og:type\" content=\"article\" \/>\n<meta property=\"og:title\" content=\"Sommarland Skiskole - TelemarksVeka\" \/>\n<meta property=\"og:description\" content=\"Velkommen til Sommarland Skiskole! Skiskolen arrangeres for 7. gang 2022 med topp instrukt\u00f8rer, trenings\u00f8kter og morsomme konkurranser.\u00a0\" \/>\n<meta property=\"og:url\" content=\"https:\/\/visitbo.no\/telemarksveka\/skiskole\/\" \/>\n<meta property=\"og:site_name\" content=\"TelemarksVeka\" \/>\n<meta property=\"article:modified_time\" content=\"2023-03-27T10:35:10+00:00\" \/>\n<meta name=\"twitter:card\" content=\"summary_large_image\" \/>\n<meta name=\"twitter:label1\" content=\"Ansl. lesetid\" \/>\n\t<meta name=\"twitter:data1\" content=\"7 minutter\" \/>\n<script type=\"application\/ld+json\" class=\"yoast-schema-graph\">{\"@context\":\"https:\/\/schema.org\",\"@graph\":[{\"@type\":\"WebPage\",\"@id\":\"https:\/\/visitbo.no\/telemarksveka\/skiskole\/\",\"url\":\"https:\/\/visitbo.no\/telemarksveka\/skiskole\/\",\"name\":\"Sommarland Skiskole - TelemarksVeka\",\"isPartOf\":{\"@id\":\"https:\/\/visitbo.no\/telemarksveka\/#website\"},\"datePublished\":\"2021-12-10T10:13:37+00:00\",\"dateModified\":\"2023-03-27T10:35:10+00:00\",\"description\":\"Velkommen til Sommarland Skiskole! Skiskolen arrangeres for 7. gang 2022 med topp instrukt\u00f8rer, trenings\u00f8kter og morsomme konkurranser.\u00a0\",\"breadcrumb\":{\"@id\":\"https:\/\/visitbo.no\/telemarksveka\/skiskole\/#breadcrumb\"},\"inLanguage\":\"nb-NO\",\"potentialAction\":[{\"@type\":\"ReadAction\",\"target\":[\"https:\/\/visitbo.no\/telemarksveka\/skiskole\/\"]}]},{\"@type\":\"BreadcrumbList\",\"@id\":\"https:\/\/visitbo.no\/telemarksveka\/skiskole\/#breadcrumb\",\"itemListElement\":[{\"@type\":\"ListItem\",\"position\":1,\"name\":\"Hjem\",\"item\":\"https:\/\/visitbo.no\/telemarksveka\/\"},{\"@type\":\"ListItem\",\"position\":2,\"name\":\"Sommarland Skiskole\"}]},{\"@type\":\"WebSite\",\"@id\":\"https:\/\/visitbo.no\/telemarksveka\/#website\",\"url\":\"https:\/\/visitbo.no\/telemarksveka\/\",\"name\":\"TelemarksVeka\",\"description\":\"One online experience - for everything your destination has to offer.\",\"potentialAction\":[{\"@type\":\"SearchAction\",\"target\":{\"@type\":\"EntryPoint\",\"urlTemplate\":\"https:\/\/visitbo.no\/telemarksveka\/?s={search_term_string}\"},\"query-input\":{\"@type\":\"PropertyValueSpecification\",\"valueRequired\":true,\"valueName\":\"search_term_string\"}}],\"inLanguage\":\"nb-NO\"}]}<\/script>\n<!-- \/ Yoast SEO plugin. -->","yoast_head_json":{"title":"Sommarland Skiskole - TelemarksVeka","description":"Velkommen til Sommarland Skiskole! Skiskolen arrangeres for 7. gang 2022 med topp instrukt\u00f8rer, trenings\u00f8kter og morsomme konkurranser.\u00a0","robots":{"index":"index","follow":"follow","max-snippet":"max-snippet:-1","max-image-preview":"max-image-preview:large","max-video-preview":"max-video-preview:-1"},"canonical":"https:\/\/visitbo.no\/telemarksveka\/skiskole\/","og_locale":"nb_NO","og_type":"article","og_title":"Sommarland Skiskole - TelemarksVeka","og_description":"Velkommen til Sommarland Skiskole! Skiskolen arrangeres for 7. gang 2022 med topp instrukt\u00f8rer, trenings\u00f8kter og morsomme konkurranser.\u00a0","og_url":"https:\/\/visitbo.no\/telemarksveka\/skiskole\/","og_site_name":"TelemarksVeka","article_modified_time":"2023-03-27T10:35:10+00:00","twitter_card":"summary_large_image","twitter_misc":{"Ansl. lesetid":"7 minutter"},"schema":{"@context":"https:\/\/schema.org","@graph":[{"@type":"WebPage","@id":"https:\/\/visitbo.no\/telemarksveka\/skiskole\/","url":"https:\/\/visitbo.no\/telemarksveka\/skiskole\/","name":"Sommarland Skiskole - TelemarksVeka","isPartOf":{"@id":"https:\/\/visitbo.no\/telemarksveka\/#website"},"datePublished":"2021-12-10T10:13:37+00:00","dateModified":"2023-03-27T10:35:10+00:00","description":"Velkommen til Sommarland Skiskole! Skiskolen arrangeres for 7. gang 2022 med topp instrukt\u00f8rer, trenings\u00f8kter og morsomme konkurranser.\u00a0","breadcrumb":{"@id":"https:\/\/visitbo.no\/telemarksveka\/skiskole\/#breadcrumb"},"inLanguage":"nb-NO","potentialAction":[{"@type":"ReadAction","target":["https:\/\/visitbo.no\/telemarksveka\/skiskole\/"]}]},{"@type":"BreadcrumbList","@id":"https:\/\/visitbo.no\/telemarksveka\/skiskole\/#breadcrumb","itemListElement":[{"@type":"ListItem","position":1,"name":"Hjem","item":"https:\/\/visitbo.no\/telemarksveka\/"},{"@type":"ListItem","position":2,"name":"Sommarland Skiskole"}]},{"@type":"WebSite","@id":"https:\/\/visitbo.no\/telemarksveka\/#website","url":"https:\/\/visitbo.no\/telemarksveka\/","name":"TelemarksVeka","description":"One online experience - for everything your destination has to offer.","potentialAction":[{"@type":"SearchAction","target":{"@type":"EntryPoint","urlTemplate":"https:\/\/visitbo.no\/telemarksveka\/?s={search_term_string}"},"query-input":{"@type":"PropertyValueSpecification","valueRequired":true,"valueName":"search_term_string"}}],"inLanguage":"nb-NO"}]}},"_links":{"self":[{"href":"https:\/\/visitbo.no\/telemarksveka\/wp-json\/wp\/v2\/pages\/8039","targetHints":{"allow":["GET"]}}],"collection":[{"href":"https:\/\/visitbo.no\/telemarksveka\/wp-json\/wp\/v2\/pages"}],"about":[{"href":"https:\/\/visitbo.no\/telemarksveka\/wp-json\/wp\/v2\/types\/page"}],"author":[{"embeddable":true,"href":"https:\/\/visitbo.no\/telemarksveka\/wp-json\/wp\/v2\/users\/6"}],"replies":[{"embeddable":true,"href":"https:\/\/visitbo.no\/telemarksveka\/wp-json\/wp\/v2\/comments?post=8039"}],"version-history":[{"count":32,"href":"https:\/\/visitbo.no\/telemarksveka\/wp-json\/wp\/v2\/pages\/8039\/revisions"}],"predecessor-version":[{"id":9385,"href":"https:\/\/visitbo.no\/telemarksveka\/wp-json\/wp\/v2\/pages\/8039\/revisions\/9385"}],"wp:attachment":[{"href":"https:\/\/visitbo.no\/telemarksveka\/wp-json\/wp\/v2\/media?parent=8039"}],"curies":[{"name":"wp","href":"https:\/\/api.w.org\/{rel}","templated":true}]}}