{"id":8240,"date":"2021-12-10T13:24:35","date_gmt":"2021-12-10T12:24:35","guid":{"rendered":"https:\/\/visitbo.no\/telemarksveka\/?page_id=8240"},"modified":"2023-12-20T10:49:44","modified_gmt":"2023-12-20T09:49:44","slug":"kanalrennet","status":"publish","type":"page","link":"https:\/\/visitbo.no\/telemarksveka\/kanalrennet\/","title":{"rendered":"Kanalrennet"},"content":{"rendered":"<div id=\"cs-content\" class=\"cs-content\"><\/div>\n","protected":false},"excerpt":{"rendered":"<p>KanalrennetEtter ni fantastiske \u00e5r og en reise som f\u00e5 kunne forutse, er Kanalrennet n\u00e5 over. Tusen takk til alle frivillige! TelemarksVeka annonserte med sin pressemelding at det ikke blir noen arrangement i 2024. De har v\u00e6rt v\u00e5r viktigste samarbeidspartner som har gjort det mulig \u00e5 arrangere Kanalrennet i den form vi n\u00e5 har blitt vant til, med ut\u00f8vere fra barn &#8230; <\/p>\n<div><a href=\"https:\/\/visitbo.no\/telemarksveka\/kanalrennet\/\" class=\"more-link\">Read More<\/a><\/div>\n","protected":false},"author":29,"featured_media":0,"parent":0,"menu_order":3,"comment_status":"closed","ping_status":"closed","template":"template-blank-4.php","meta":{"_relevanssi_hide_post":"","_relevanssi_hide_content":"","_relevanssi_pin_for_all":"","_relevanssi_pin_keywords":"","_relevanssi_unpin_keywords":"","_relevanssi_related_keywords":"","_relevanssi_related_include_ids":"","_relevanssi_related_exclude_ids":"","_relevanssi_related_no_append":"","_relevanssi_related_not_related":"","_relevanssi_related_posts":"","_relevanssi_noindex_reason":"","footnotes":""},"class_list":["post-8240","page","type-page","status-publish","hentry","no-post-thumbnail"],"yoast_head":"<!-- This site is optimized with the Yoast SEO plugin v27.2 - https:\/\/yoast.com\/product\/yoast-seo-wordpress\/ -->\n<title>Kanalrennet - TelemarksVeka<\/title>\n<meta name=\"description\" content=\"L\u00f8rdag 24. juni 2023 arrangeres Kanalrennet for 9. gang; et 25\/50 km (klassisk) rulleskirenn langs vakre Telemarkskanalen. Les mer her\" \/>\n<meta name=\"robots\" content=\"index, follow, max-snippet:-1, max-image-preview:large, max-video-preview:-1\" \/>\n<link rel=\"canonical\" href=\"https:\/\/visitbo.no\/telemarksveka\/kanalrennet\/\" \/>\n<meta property=\"og:locale\" content=\"nb_NO\" \/>\n<meta property=\"og:type\" content=\"article\" \/>\n<meta property=\"og:title\" content=\"Kanalrennet - TelemarksVeka\" \/>\n<meta property=\"og:description\" content=\"L\u00f8rdag 24. juni 2023 arrangeres Kanalrennet for 9. gang; et 25\/50 km (klassisk) rulleskirenn langs vakre Telemarkskanalen. Les mer her\" \/>\n<meta property=\"og:url\" content=\"https:\/\/visitbo.no\/telemarksveka\/kanalrennet\/\" \/>\n<meta property=\"og:site_name\" content=\"TelemarksVeka\" \/>\n<meta property=\"article:modified_time\" content=\"2023-12-20T09:49:44+00:00\" \/>\n<meta name=\"twitter:card\" content=\"summary_large_image\" \/>\n<meta name=\"twitter:label1\" content=\"Ansl. lesetid\" \/>\n\t<meta name=\"twitter:data1\" content=\"6 minutter\" \/>\n<script type=\"application\/ld+json\" class=\"yoast-schema-graph\">{\"@context\":\"https:\/\/schema.org\",\"@graph\":[{\"@type\":\"WebPage\",\"@id\":\"https:\/\/visitbo.no\/telemarksveka\/kanalrennet\/\",\"url\":\"https:\/\/visitbo.no\/telemarksveka\/kanalrennet\/\",\"name\":\"Kanalrennet - TelemarksVeka\",\"isPartOf\":{\"@id\":\"https:\/\/visitbo.no\/telemarksveka\/#website\"},\"datePublished\":\"2021-12-10T12:24:35+00:00\",\"dateModified\":\"2023-12-20T09:49:44+00:00\",\"description\":\"L\u00f8rdag 24. juni 2023 arrangeres Kanalrennet for 9. gang; et 25\/50 km (klassisk) rulleskirenn langs vakre Telemarkskanalen. Les mer her\",\"breadcrumb\":{\"@id\":\"https:\/\/visitbo.no\/telemarksveka\/kanalrennet\/#breadcrumb\"},\"inLanguage\":\"nb-NO\",\"potentialAction\":[{\"@type\":\"ReadAction\",\"target\":[\"https:\/\/visitbo.no\/telemarksveka\/kanalrennet\/\"]}]},{\"@type\":\"BreadcrumbList\",\"@id\":\"https:\/\/visitbo.no\/telemarksveka\/kanalrennet\/#breadcrumb\",\"itemListElement\":[{\"@type\":\"ListItem\",\"position\":1,\"name\":\"Hjem\",\"item\":\"https:\/\/visitbo.no\/telemarksveka\/\"},{\"@type\":\"ListItem\",\"position\":2,\"name\":\"Kanalrennet\"}]},{\"@type\":\"WebSite\",\"@id\":\"https:\/\/visitbo.no\/telemarksveka\/#website\",\"url\":\"https:\/\/visitbo.no\/telemarksveka\/\",\"name\":\"TelemarksVeka\",\"description\":\"One online experience - for everything your destination has to offer.\",\"potentialAction\":[{\"@type\":\"SearchAction\",\"target\":{\"@type\":\"EntryPoint\",\"urlTemplate\":\"https:\/\/visitbo.no\/telemarksveka\/?s={search_term_string}\"},\"query-input\":{\"@type\":\"PropertyValueSpecification\",\"valueRequired\":true,\"valueName\":\"search_term_string\"}}],\"inLanguage\":\"nb-NO\"}]}<\/script>\n<!-- \/ Yoast SEO plugin. -->","yoast_head_json":{"title":"Kanalrennet - TelemarksVeka","description":"L\u00f8rdag 24. juni 2023 arrangeres Kanalrennet for 9. gang; et 25\/50 km (klassisk) rulleskirenn langs vakre Telemarkskanalen. Les mer her","robots":{"index":"index","follow":"follow","max-snippet":"max-snippet:-1","max-image-preview":"max-image-preview:large","max-video-preview":"max-video-preview:-1"},"canonical":"https:\/\/visitbo.no\/telemarksveka\/kanalrennet\/","og_locale":"nb_NO","og_type":"article","og_title":"Kanalrennet - TelemarksVeka","og_description":"L\u00f8rdag 24. juni 2023 arrangeres Kanalrennet for 9. gang; et 25\/50 km (klassisk) rulleskirenn langs vakre Telemarkskanalen. Les mer her","og_url":"https:\/\/visitbo.no\/telemarksveka\/kanalrennet\/","og_site_name":"TelemarksVeka","article_modified_time":"2023-12-20T09:49:44+00:00","twitter_card":"summary_large_image","twitter_misc":{"Ansl. lesetid":"6 minutter"},"schema":{"@context":"https:\/\/schema.org","@graph":[{"@type":"WebPage","@id":"https:\/\/visitbo.no\/telemarksveka\/kanalrennet\/","url":"https:\/\/visitbo.no\/telemarksveka\/kanalrennet\/","name":"Kanalrennet - TelemarksVeka","isPartOf":{"@id":"https:\/\/visitbo.no\/telemarksveka\/#website"},"datePublished":"2021-12-10T12:24:35+00:00","dateModified":"2023-12-20T09:49:44+00:00","description":"L\u00f8rdag 24. juni 2023 arrangeres Kanalrennet for 9. gang; et 25\/50 km (klassisk) rulleskirenn langs vakre Telemarkskanalen. Les mer her","breadcrumb":{"@id":"https:\/\/visitbo.no\/telemarksveka\/kanalrennet\/#breadcrumb"},"inLanguage":"nb-NO","potentialAction":[{"@type":"ReadAction","target":["https:\/\/visitbo.no\/telemarksveka\/kanalrennet\/"]}]},{"@type":"BreadcrumbList","@id":"https:\/\/visitbo.no\/telemarksveka\/kanalrennet\/#breadcrumb","itemListElement":[{"@type":"ListItem","position":1,"name":"Hjem","item":"https:\/\/visitbo.no\/telemarksveka\/"},{"@type":"ListItem","position":2,"name":"Kanalrennet"}]},{"@type":"WebSite","@id":"https:\/\/visitbo.no\/telemarksveka\/#website","url":"https:\/\/visitbo.no\/telemarksveka\/","name":"TelemarksVeka","description":"One online experience - for everything your destination has to offer.","potentialAction":[{"@type":"SearchAction","target":{"@type":"EntryPoint","urlTemplate":"https:\/\/visitbo.no\/telemarksveka\/?s={search_term_string}"},"query-input":{"@type":"PropertyValueSpecification","valueRequired":true,"valueName":"search_term_string"}}],"inLanguage":"nb-NO"}]}},"_links":{"self":[{"href":"https:\/\/visitbo.no\/telemarksveka\/wp-json\/wp\/v2\/pages\/8240","targetHints":{"allow":["GET"]}}],"collection":[{"href":"https:\/\/visitbo.no\/telemarksveka\/wp-json\/wp\/v2\/pages"}],"about":[{"href":"https:\/\/visitbo.no\/telemarksveka\/wp-json\/wp\/v2\/types\/page"}],"author":[{"embeddable":true,"href":"https:\/\/visitbo.no\/telemarksveka\/wp-json\/wp\/v2\/users\/29"}],"replies":[{"embeddable":true,"href":"https:\/\/visitbo.no\/telemarksveka\/wp-json\/wp\/v2\/comments?post=8240"}],"version-history":[{"count":46,"href":"https:\/\/visitbo.no\/telemarksveka\/wp-json\/wp\/v2\/pages\/8240\/revisions"}],"predecessor-version":[{"id":9849,"href":"https:\/\/visitbo.no\/telemarksveka\/wp-json\/wp\/v2\/pages\/8240\/revisions\/9849"}],"wp:attachment":[{"href":"https:\/\/visitbo.no\/telemarksveka\/wp-json\/wp\/v2\/media?parent=8240"}],"curies":[{"name":"wp","href":"https:\/\/api.w.org\/{rel}","templated":true}]}}