{"id":8263,"date":"2021-12-10T14:17:31","date_gmt":"2021-12-10T13:17:31","guid":{"rendered":"https:\/\/visitbo.no\/telemarksveka\/?page_id=8263"},"modified":"2023-03-05T20:37:28","modified_gmt":"2023-03-05T19:37:28","slug":"om-kanalrennet","status":"publish","type":"page","link":"https:\/\/visitbo.no\/telemarksveka\/kanalrennet\/om-kanalrennet\/","title":{"rendered":"Om Kanalrennet"},"content":{"rendered":"<div id=\"cs-content\" class=\"cs-content\"><\/div>\n","protected":false},"excerpt":{"rendered":"<p>Langrennsgruppa i IL Skade arrangerer Kanalrennet langs Telemarkskanalen mellom Lunde og Fl\u00e5bygd hvert \u00e5r i m\u00e5nedsskiftet juni\/juli. Rennet er ene og alene basert p\u00e5 dugnad, og et team p\u00e5 10 personer starter planlegging og tilrettelegging h\u00f8sten \u00e5ret i forveien. P\u00e5 selve renndagen har vi rundt 130 dugnadspersoner i sving for \u00e5 gjennomf\u00f8re arrangementet. Overskuddet fra Kanalrennet g\u00e5r uavkortet til idrettslaget. &#8230; <\/p>\n<div><a href=\"https:\/\/visitbo.no\/telemarksveka\/kanalrennet\/om-kanalrennet\/\" class=\"more-link\">Read More<\/a><\/div>\n","protected":false},"author":29,"featured_media":0,"parent":8240,"menu_order":3,"comment_status":"closed","ping_status":"closed","template":"","meta":{"_relevanssi_hide_post":"","_relevanssi_hide_content":"","_relevanssi_pin_for_all":"","_relevanssi_pin_keywords":"","_relevanssi_unpin_keywords":"","_relevanssi_related_keywords":"","_relevanssi_related_include_ids":"","_relevanssi_related_exclude_ids":"","_relevanssi_related_no_append":"","_relevanssi_related_not_related":"","_relevanssi_related_posts":"","_relevanssi_noindex_reason":"","footnotes":""},"class_list":["post-8263","page","type-page","status-publish","hentry","no-post-thumbnail"],"yoast_head":"<!-- This site is optimized with the Yoast SEO plugin v27.2 - https:\/\/yoast.com\/product\/yoast-seo-wordpress\/ -->\n<title>Om Kanalrennet - TelemarksVeka<\/title>\n<meta name=\"description\" content=\"Langrennsgruppa i IL Skade arrangerer Kanalrennet langs Telemarkskanalen mellom Lunde og Fl\u00e5bygd hvert \u00e5r i m\u00e5nedsskiftet juni\/juli. Les mer om folka bak Kanalrennet her\" \/>\n<meta name=\"robots\" content=\"index, follow, max-snippet:-1, max-image-preview:large, max-video-preview:-1\" \/>\n<link rel=\"canonical\" href=\"https:\/\/visitbo.no\/telemarksveka\/kanalrennet\/om-kanalrennet\/\" \/>\n<meta property=\"og:locale\" content=\"nb_NO\" \/>\n<meta property=\"og:type\" content=\"article\" \/>\n<meta property=\"og:title\" content=\"Om Kanalrennet - TelemarksVeka\" \/>\n<meta property=\"og:description\" content=\"Langrennsgruppa i IL Skade arrangerer Kanalrennet langs Telemarkskanalen mellom Lunde og Fl\u00e5bygd hvert \u00e5r i m\u00e5nedsskiftet juni\/juli. Les mer om folka bak Kanalrennet her\" \/>\n<meta property=\"og:url\" content=\"https:\/\/visitbo.no\/telemarksveka\/kanalrennet\/om-kanalrennet\/\" \/>\n<meta property=\"og:site_name\" content=\"TelemarksVeka\" \/>\n<meta property=\"article:modified_time\" content=\"2023-03-05T19:37:28+00:00\" \/>\n<meta name=\"twitter:card\" content=\"summary_large_image\" \/>\n<meta name=\"twitter:label1\" content=\"Ansl. lesetid\" \/>\n\t<meta name=\"twitter:data1\" content=\"4 minutter\" \/>\n<script type=\"application\/ld+json\" class=\"yoast-schema-graph\">{\"@context\":\"https:\/\/schema.org\",\"@graph\":[{\"@type\":\"WebPage\",\"@id\":\"https:\/\/visitbo.no\/telemarksveka\/kanalrennet\/om-kanalrennet\/\",\"url\":\"https:\/\/visitbo.no\/telemarksveka\/kanalrennet\/om-kanalrennet\/\",\"name\":\"Om Kanalrennet - TelemarksVeka\",\"isPartOf\":{\"@id\":\"https:\/\/visitbo.no\/telemarksveka\/#website\"},\"datePublished\":\"2021-12-10T13:17:31+00:00\",\"dateModified\":\"2023-03-05T19:37:28+00:00\",\"description\":\"Langrennsgruppa i IL Skade arrangerer Kanalrennet langs Telemarkskanalen mellom Lunde og Fl\u00e5bygd hvert \u00e5r i m\u00e5nedsskiftet juni\/juli. Les mer om folka bak Kanalrennet her\",\"breadcrumb\":{\"@id\":\"https:\/\/visitbo.no\/telemarksveka\/kanalrennet\/om-kanalrennet\/#breadcrumb\"},\"inLanguage\":\"nb-NO\",\"potentialAction\":[{\"@type\":\"ReadAction\",\"target\":[\"https:\/\/visitbo.no\/telemarksveka\/kanalrennet\/om-kanalrennet\/\"]}]},{\"@type\":\"BreadcrumbList\",\"@id\":\"https:\/\/visitbo.no\/telemarksveka\/kanalrennet\/om-kanalrennet\/#breadcrumb\",\"itemListElement\":[{\"@type\":\"ListItem\",\"position\":1,\"name\":\"Hjem\",\"item\":\"https:\/\/visitbo.no\/telemarksveka\/\"},{\"@type\":\"ListItem\",\"position\":2,\"name\":\"Kanalrennet\",\"item\":\"https:\/\/visitbo.no\/telemarksveka\/kanalrennet\/\"},{\"@type\":\"ListItem\",\"position\":3,\"name\":\"Om Kanalrennet\"}]},{\"@type\":\"WebSite\",\"@id\":\"https:\/\/visitbo.no\/telemarksveka\/#website\",\"url\":\"https:\/\/visitbo.no\/telemarksveka\/\",\"name\":\"TelemarksVeka\",\"description\":\"One online experience - for everything your destination has to offer.\",\"potentialAction\":[{\"@type\":\"SearchAction\",\"target\":{\"@type\":\"EntryPoint\",\"urlTemplate\":\"https:\/\/visitbo.no\/telemarksveka\/?s={search_term_string}\"},\"query-input\":{\"@type\":\"PropertyValueSpecification\",\"valueRequired\":true,\"valueName\":\"search_term_string\"}}],\"inLanguage\":\"nb-NO\"}]}<\/script>\n<!-- \/ Yoast SEO plugin. -->","yoast_head_json":{"title":"Om Kanalrennet - TelemarksVeka","description":"Langrennsgruppa i IL Skade arrangerer Kanalrennet langs Telemarkskanalen mellom Lunde og Fl\u00e5bygd hvert \u00e5r i m\u00e5nedsskiftet juni\/juli. Les mer om folka bak Kanalrennet her","robots":{"index":"index","follow":"follow","max-snippet":"max-snippet:-1","max-image-preview":"max-image-preview:large","max-video-preview":"max-video-preview:-1"},"canonical":"https:\/\/visitbo.no\/telemarksveka\/kanalrennet\/om-kanalrennet\/","og_locale":"nb_NO","og_type":"article","og_title":"Om Kanalrennet - TelemarksVeka","og_description":"Langrennsgruppa i IL Skade arrangerer Kanalrennet langs Telemarkskanalen mellom Lunde og Fl\u00e5bygd hvert \u00e5r i m\u00e5nedsskiftet juni\/juli. Les mer om folka bak Kanalrennet her","og_url":"https:\/\/visitbo.no\/telemarksveka\/kanalrennet\/om-kanalrennet\/","og_site_name":"TelemarksVeka","article_modified_time":"2023-03-05T19:37:28+00:00","twitter_card":"summary_large_image","twitter_misc":{"Ansl. lesetid":"4 minutter"},"schema":{"@context":"https:\/\/schema.org","@graph":[{"@type":"WebPage","@id":"https:\/\/visitbo.no\/telemarksveka\/kanalrennet\/om-kanalrennet\/","url":"https:\/\/visitbo.no\/telemarksveka\/kanalrennet\/om-kanalrennet\/","name":"Om Kanalrennet - TelemarksVeka","isPartOf":{"@id":"https:\/\/visitbo.no\/telemarksveka\/#website"},"datePublished":"2021-12-10T13:17:31+00:00","dateModified":"2023-03-05T19:37:28+00:00","description":"Langrennsgruppa i IL Skade arrangerer Kanalrennet langs Telemarkskanalen mellom Lunde og Fl\u00e5bygd hvert \u00e5r i m\u00e5nedsskiftet juni\/juli. Les mer om folka bak Kanalrennet her","breadcrumb":{"@id":"https:\/\/visitbo.no\/telemarksveka\/kanalrennet\/om-kanalrennet\/#breadcrumb"},"inLanguage":"nb-NO","potentialAction":[{"@type":"ReadAction","target":["https:\/\/visitbo.no\/telemarksveka\/kanalrennet\/om-kanalrennet\/"]}]},{"@type":"BreadcrumbList","@id":"https:\/\/visitbo.no\/telemarksveka\/kanalrennet\/om-kanalrennet\/#breadcrumb","itemListElement":[{"@type":"ListItem","position":1,"name":"Hjem","item":"https:\/\/visitbo.no\/telemarksveka\/"},{"@type":"ListItem","position":2,"name":"Kanalrennet","item":"https:\/\/visitbo.no\/telemarksveka\/kanalrennet\/"},{"@type":"ListItem","position":3,"name":"Om Kanalrennet"}]},{"@type":"WebSite","@id":"https:\/\/visitbo.no\/telemarksveka\/#website","url":"https:\/\/visitbo.no\/telemarksveka\/","name":"TelemarksVeka","description":"One online experience - for everything your destination has to offer.","potentialAction":[{"@type":"SearchAction","target":{"@type":"EntryPoint","urlTemplate":"https:\/\/visitbo.no\/telemarksveka\/?s={search_term_string}"},"query-input":{"@type":"PropertyValueSpecification","valueRequired":true,"valueName":"search_term_string"}}],"inLanguage":"nb-NO"}]}},"_links":{"self":[{"href":"https:\/\/visitbo.no\/telemarksveka\/wp-json\/wp\/v2\/pages\/8263","targetHints":{"allow":["GET"]}}],"collection":[{"href":"https:\/\/visitbo.no\/telemarksveka\/wp-json\/wp\/v2\/pages"}],"about":[{"href":"https:\/\/visitbo.no\/telemarksveka\/wp-json\/wp\/v2\/types\/page"}],"author":[{"embeddable":true,"href":"https:\/\/visitbo.no\/telemarksveka\/wp-json\/wp\/v2\/users\/29"}],"replies":[{"embeddable":true,"href":"https:\/\/visitbo.no\/telemarksveka\/wp-json\/wp\/v2\/comments?post=8263"}],"version-history":[{"count":7,"href":"https:\/\/visitbo.no\/telemarksveka\/wp-json\/wp\/v2\/pages\/8263\/revisions"}],"predecessor-version":[{"id":9341,"href":"https:\/\/visitbo.no\/telemarksveka\/wp-json\/wp\/v2\/pages\/8263\/revisions\/9341"}],"up":[{"embeddable":true,"href":"https:\/\/visitbo.no\/telemarksveka\/wp-json\/wp\/v2\/pages\/8240"}],"wp:attachment":[{"href":"https:\/\/visitbo.no\/telemarksveka\/wp-json\/wp\/v2\/media?parent=8263"}],"curies":[{"name":"wp","href":"https:\/\/api.w.org\/{rel}","templated":true}]}}