{"id":8279,"date":"2021-12-10T14:54:02","date_gmt":"2021-12-10T13:54:02","guid":{"rendered":"https:\/\/visitbo.no\/telemarksveka\/?page_id=8279"},"modified":"2023-03-05T21:55:36","modified_gmt":"2023-03-05T20:55:36","slug":"paamelding","status":"publish","type":"page","link":"https:\/\/visitbo.no\/telemarksveka\/kanalrennet\/paamelding\/","title":{"rendered":"P\u00e5melding Kanalrennet"},"content":{"rendered":"<div id=\"cs-content\" class=\"cs-content\"><\/div>\n","protected":false},"excerpt":{"rendered":"<p>Velkommen til Kanalrennet 2023! 1 runde (25 km) eller 2 runder (50km) rundt Fl\u00e5bygd\/Telemarkskanalen. P\u00e5melding 2023&nbsp;Rennet g\u00e5r langs Telemarkskanalen med start og m\u00e5l i Lunde, hvor 25 km er 1 runde og 50 km er 2 runder. 50 km Menn senior\/elite Type renn: Klassisk rulleski med 3&#8217;er hjul. Alle g\u00e5r p\u00e5 l\u00e5neski fra IDT. Pris: NOK 550,- Premiering: Premiering av &#8230; <\/p>\n<div><a href=\"https:\/\/visitbo.no\/telemarksveka\/kanalrennet\/paamelding\/\" class=\"more-link\">Read More<\/a><\/div>\n","protected":false},"author":29,"featured_media":0,"parent":8240,"menu_order":3,"comment_status":"closed","ping_status":"closed","template":"","meta":{"_relevanssi_hide_post":"","_relevanssi_hide_content":"","_relevanssi_pin_for_all":"","_relevanssi_pin_keywords":"","_relevanssi_unpin_keywords":"","_relevanssi_related_keywords":"","_relevanssi_related_include_ids":"","_relevanssi_related_exclude_ids":"","_relevanssi_related_no_append":"","_relevanssi_related_not_related":"","_relevanssi_related_posts":"","_relevanssi_noindex_reason":"","footnotes":""},"class_list":["post-8279","page","type-page","status-publish","hentry","no-post-thumbnail"],"yoast_head":"<!-- This site is optimized with the Yoast SEO plugin v27.2 - https:\/\/yoast.com\/product\/yoast-seo-wordpress\/ -->\n<title>P\u00e5melding Kanalrennet - TelemarksVeka<\/title>\n<meta name=\"description\" content=\"\u00d8nsker du \u00e5 konkurrere mot verdens beste skil\u00f8pere? Meld deg p\u00e5 Kanalrennet! Les mer og meld deg p\u00e5 her\" \/>\n<meta name=\"robots\" content=\"index, follow, max-snippet:-1, max-image-preview:large, max-video-preview:-1\" \/>\n<link rel=\"canonical\" href=\"https:\/\/visitbo.no\/telemarksveka\/kanalrennet\/paamelding\/\" \/>\n<meta property=\"og:locale\" content=\"nb_NO\" \/>\n<meta property=\"og:type\" content=\"article\" \/>\n<meta property=\"og:title\" content=\"P\u00e5melding Kanalrennet - TelemarksVeka\" \/>\n<meta property=\"og:description\" content=\"\u00d8nsker du \u00e5 konkurrere mot verdens beste skil\u00f8pere? Meld deg p\u00e5 Kanalrennet! Les mer og meld deg p\u00e5 her\" \/>\n<meta property=\"og:url\" content=\"https:\/\/visitbo.no\/telemarksveka\/kanalrennet\/paamelding\/\" \/>\n<meta property=\"og:site_name\" content=\"TelemarksVeka\" \/>\n<meta property=\"article:modified_time\" content=\"2023-03-05T20:55:36+00:00\" \/>\n<meta name=\"twitter:card\" content=\"summary_large_image\" \/>\n<meta name=\"twitter:label1\" content=\"Ansl. lesetid\" \/>\n\t<meta name=\"twitter:data1\" content=\"4 minutter\" \/>\n<script type=\"application\/ld+json\" class=\"yoast-schema-graph\">{\"@context\":\"https:\/\/schema.org\",\"@graph\":[{\"@type\":\"WebPage\",\"@id\":\"https:\/\/visitbo.no\/telemarksveka\/kanalrennet\/paamelding\/\",\"url\":\"https:\/\/visitbo.no\/telemarksveka\/kanalrennet\/paamelding\/\",\"name\":\"P\u00e5melding Kanalrennet - TelemarksVeka\",\"isPartOf\":{\"@id\":\"https:\/\/visitbo.no\/telemarksveka\/#website\"},\"datePublished\":\"2021-12-10T13:54:02+00:00\",\"dateModified\":\"2023-03-05T20:55:36+00:00\",\"description\":\"\u00d8nsker du \u00e5 konkurrere mot verdens beste skil\u00f8pere? Meld deg p\u00e5 Kanalrennet! Les mer og meld deg p\u00e5 her\",\"breadcrumb\":{\"@id\":\"https:\/\/visitbo.no\/telemarksveka\/kanalrennet\/paamelding\/#breadcrumb\"},\"inLanguage\":\"nb-NO\",\"potentialAction\":[{\"@type\":\"ReadAction\",\"target\":[\"https:\/\/visitbo.no\/telemarksveka\/kanalrennet\/paamelding\/\"]}]},{\"@type\":\"BreadcrumbList\",\"@id\":\"https:\/\/visitbo.no\/telemarksveka\/kanalrennet\/paamelding\/#breadcrumb\",\"itemListElement\":[{\"@type\":\"ListItem\",\"position\":1,\"name\":\"Hjem\",\"item\":\"https:\/\/visitbo.no\/telemarksveka\/\"},{\"@type\":\"ListItem\",\"position\":2,\"name\":\"Kanalrennet\",\"item\":\"https:\/\/visitbo.no\/telemarksveka\/kanalrennet\/\"},{\"@type\":\"ListItem\",\"position\":3,\"name\":\"P\u00e5melding Kanalrennet\"}]},{\"@type\":\"WebSite\",\"@id\":\"https:\/\/visitbo.no\/telemarksveka\/#website\",\"url\":\"https:\/\/visitbo.no\/telemarksveka\/\",\"name\":\"TelemarksVeka\",\"description\":\"One online experience - for everything your destination has to offer.\",\"potentialAction\":[{\"@type\":\"SearchAction\",\"target\":{\"@type\":\"EntryPoint\",\"urlTemplate\":\"https:\/\/visitbo.no\/telemarksveka\/?s={search_term_string}\"},\"query-input\":{\"@type\":\"PropertyValueSpecification\",\"valueRequired\":true,\"valueName\":\"search_term_string\"}}],\"inLanguage\":\"nb-NO\"}]}<\/script>\n<!-- \/ Yoast SEO plugin. -->","yoast_head_json":{"title":"P\u00e5melding Kanalrennet - TelemarksVeka","description":"\u00d8nsker du \u00e5 konkurrere mot verdens beste skil\u00f8pere? Meld deg p\u00e5 Kanalrennet! Les mer og meld deg p\u00e5 her","robots":{"index":"index","follow":"follow","max-snippet":"max-snippet:-1","max-image-preview":"max-image-preview:large","max-video-preview":"max-video-preview:-1"},"canonical":"https:\/\/visitbo.no\/telemarksveka\/kanalrennet\/paamelding\/","og_locale":"nb_NO","og_type":"article","og_title":"P\u00e5melding Kanalrennet - TelemarksVeka","og_description":"\u00d8nsker du \u00e5 konkurrere mot verdens beste skil\u00f8pere? Meld deg p\u00e5 Kanalrennet! Les mer og meld deg p\u00e5 her","og_url":"https:\/\/visitbo.no\/telemarksveka\/kanalrennet\/paamelding\/","og_site_name":"TelemarksVeka","article_modified_time":"2023-03-05T20:55:36+00:00","twitter_card":"summary_large_image","twitter_misc":{"Ansl. lesetid":"4 minutter"},"schema":{"@context":"https:\/\/schema.org","@graph":[{"@type":"WebPage","@id":"https:\/\/visitbo.no\/telemarksveka\/kanalrennet\/paamelding\/","url":"https:\/\/visitbo.no\/telemarksveka\/kanalrennet\/paamelding\/","name":"P\u00e5melding Kanalrennet - TelemarksVeka","isPartOf":{"@id":"https:\/\/visitbo.no\/telemarksveka\/#website"},"datePublished":"2021-12-10T13:54:02+00:00","dateModified":"2023-03-05T20:55:36+00:00","description":"\u00d8nsker du \u00e5 konkurrere mot verdens beste skil\u00f8pere? Meld deg p\u00e5 Kanalrennet! Les mer og meld deg p\u00e5 her","breadcrumb":{"@id":"https:\/\/visitbo.no\/telemarksveka\/kanalrennet\/paamelding\/#breadcrumb"},"inLanguage":"nb-NO","potentialAction":[{"@type":"ReadAction","target":["https:\/\/visitbo.no\/telemarksveka\/kanalrennet\/paamelding\/"]}]},{"@type":"BreadcrumbList","@id":"https:\/\/visitbo.no\/telemarksveka\/kanalrennet\/paamelding\/#breadcrumb","itemListElement":[{"@type":"ListItem","position":1,"name":"Hjem","item":"https:\/\/visitbo.no\/telemarksveka\/"},{"@type":"ListItem","position":2,"name":"Kanalrennet","item":"https:\/\/visitbo.no\/telemarksveka\/kanalrennet\/"},{"@type":"ListItem","position":3,"name":"P\u00e5melding Kanalrennet"}]},{"@type":"WebSite","@id":"https:\/\/visitbo.no\/telemarksveka\/#website","url":"https:\/\/visitbo.no\/telemarksveka\/","name":"TelemarksVeka","description":"One online experience - for everything your destination has to offer.","potentialAction":[{"@type":"SearchAction","target":{"@type":"EntryPoint","urlTemplate":"https:\/\/visitbo.no\/telemarksveka\/?s={search_term_string}"},"query-input":{"@type":"PropertyValueSpecification","valueRequired":true,"valueName":"search_term_string"}}],"inLanguage":"nb-NO"}]}},"_links":{"self":[{"href":"https:\/\/visitbo.no\/telemarksveka\/wp-json\/wp\/v2\/pages\/8279","targetHints":{"allow":["GET"]}}],"collection":[{"href":"https:\/\/visitbo.no\/telemarksveka\/wp-json\/wp\/v2\/pages"}],"about":[{"href":"https:\/\/visitbo.no\/telemarksveka\/wp-json\/wp\/v2\/types\/page"}],"author":[{"embeddable":true,"href":"https:\/\/visitbo.no\/telemarksveka\/wp-json\/wp\/v2\/users\/29"}],"replies":[{"embeddable":true,"href":"https:\/\/visitbo.no\/telemarksveka\/wp-json\/wp\/v2\/comments?post=8279"}],"version-history":[{"count":14,"href":"https:\/\/visitbo.no\/telemarksveka\/wp-json\/wp\/v2\/pages\/8279\/revisions"}],"predecessor-version":[{"id":9352,"href":"https:\/\/visitbo.no\/telemarksveka\/wp-json\/wp\/v2\/pages\/8279\/revisions\/9352"}],"up":[{"embeddable":true,"href":"https:\/\/visitbo.no\/telemarksveka\/wp-json\/wp\/v2\/pages\/8240"}],"wp:attachment":[{"href":"https:\/\/visitbo.no\/telemarksveka\/wp-json\/wp\/v2\/media?parent=8279"}],"curies":[{"name":"wp","href":"https:\/\/api.w.org\/{rel}","templated":true}]}}