{"id":8287,"date":"2021-12-10T15:06:29","date_gmt":"2021-12-10T14:06:29","guid":{"rendered":"https:\/\/visitbo.no\/telemarksveka\/?page_id=8287"},"modified":"2023-06-24T23:33:50","modified_gmt":"2023-06-24T21:33:50","slug":"startlister-resultat","status":"publish","type":"page","link":"https:\/\/visitbo.no\/telemarksveka\/kanalrennet\/startlister-resultat\/","title":{"rendered":"Startlister og resultater"},"content":{"rendered":"<div id=\"cs-content\" class=\"cs-content\"><\/div>\n","protected":false},"excerpt":{"rendered":"<p>Her finner du startlister for 2023 og resultater fra tidligere \u00e5r og \u00e5rets renn n\u00e5r dette er klart. Ved \u00e5 trykke p\u00e5 en av linkene under kan du ogs\u00e5 f\u00f8lge rennet i sanntid. Startlister Klikk her Resultater: \ud83e\udd47 Kanalrennet 2023 Resultater fra tidligere renn \ud83e\udd47 Kanalrennet FIS WC kvinner junior 2022 \ud83e\udd47 Kanalrennet FIS WC kvinner senior 2022 \ud83e\udd47 Kanalrennet &#8230; <\/p>\n<div><a href=\"https:\/\/visitbo.no\/telemarksveka\/kanalrennet\/startlister-resultat\/\" class=\"more-link\">Read More<\/a><\/div>\n","protected":false},"author":29,"featured_media":0,"parent":8240,"menu_order":3,"comment_status":"closed","ping_status":"closed","template":"","meta":{"_relevanssi_hide_post":"","_relevanssi_hide_content":"","_relevanssi_pin_for_all":"","_relevanssi_pin_keywords":"","_relevanssi_unpin_keywords":"","_relevanssi_related_keywords":"","_relevanssi_related_include_ids":"","_relevanssi_related_exclude_ids":"","_relevanssi_related_no_append":"","_relevanssi_related_not_related":"","_relevanssi_related_posts":"","_relevanssi_noindex_reason":"","footnotes":""},"class_list":["post-8287","page","type-page","status-publish","hentry","no-post-thumbnail"],"yoast_head":"<!-- This site is optimized with the Yoast SEO plugin v27.2 - https:\/\/yoast.com\/product\/yoast-seo-wordpress\/ -->\n<title>Startlister og resultater for Kanalrennet - TelemarksVeka<\/title>\n<meta name=\"description\" content=\"Her finner du informasjon om startlister og resultater for \u00e5rets renn og tidligere renn.\" \/>\n<meta name=\"robots\" content=\"index, follow, max-snippet:-1, max-image-preview:large, max-video-preview:-1\" \/>\n<link rel=\"canonical\" href=\"https:\/\/visitbo.no\/telemarksveka\/kanalrennet\/startlister-resultat\/\" \/>\n<meta property=\"og:locale\" content=\"nb_NO\" \/>\n<meta property=\"og:type\" content=\"article\" \/>\n<meta property=\"og:title\" content=\"Startlister og resultater for Kanalrennet - TelemarksVeka\" \/>\n<meta property=\"og:description\" content=\"Her finner du informasjon om startlister og resultater for \u00e5rets renn og tidligere renn.\" \/>\n<meta property=\"og:url\" content=\"https:\/\/visitbo.no\/telemarksveka\/kanalrennet\/startlister-resultat\/\" \/>\n<meta property=\"og:site_name\" content=\"TelemarksVeka\" \/>\n<meta property=\"article:modified_time\" content=\"2023-06-24T21:33:50+00:00\" \/>\n<meta name=\"twitter:card\" content=\"summary_large_image\" \/>\n<meta name=\"twitter:label1\" content=\"Ansl. lesetid\" \/>\n\t<meta name=\"twitter:data1\" content=\"3 minutter\" \/>\n<script type=\"application\/ld+json\" class=\"yoast-schema-graph\">{\"@context\":\"https:\/\/schema.org\",\"@graph\":[{\"@type\":\"WebPage\",\"@id\":\"https:\/\/visitbo.no\/telemarksveka\/kanalrennet\/startlister-resultat\/\",\"url\":\"https:\/\/visitbo.no\/telemarksveka\/kanalrennet\/startlister-resultat\/\",\"name\":\"Startlister og resultater for Kanalrennet - TelemarksVeka\",\"isPartOf\":{\"@id\":\"https:\/\/visitbo.no\/telemarksveka\/#website\"},\"datePublished\":\"2021-12-10T14:06:29+00:00\",\"dateModified\":\"2023-06-24T21:33:50+00:00\",\"description\":\"Her finner du informasjon om startlister og resultater for \u00e5rets renn og tidligere renn.\",\"breadcrumb\":{\"@id\":\"https:\/\/visitbo.no\/telemarksveka\/kanalrennet\/startlister-resultat\/#breadcrumb\"},\"inLanguage\":\"nb-NO\",\"potentialAction\":[{\"@type\":\"ReadAction\",\"target\":[\"https:\/\/visitbo.no\/telemarksveka\/kanalrennet\/startlister-resultat\/\"]}]},{\"@type\":\"BreadcrumbList\",\"@id\":\"https:\/\/visitbo.no\/telemarksveka\/kanalrennet\/startlister-resultat\/#breadcrumb\",\"itemListElement\":[{\"@type\":\"ListItem\",\"position\":1,\"name\":\"Hjem\",\"item\":\"https:\/\/visitbo.no\/telemarksveka\/\"},{\"@type\":\"ListItem\",\"position\":2,\"name\":\"Kanalrennet\",\"item\":\"https:\/\/visitbo.no\/telemarksveka\/kanalrennet\/\"},{\"@type\":\"ListItem\",\"position\":3,\"name\":\"Startlister og resultater\"}]},{\"@type\":\"WebSite\",\"@id\":\"https:\/\/visitbo.no\/telemarksveka\/#website\",\"url\":\"https:\/\/visitbo.no\/telemarksveka\/\",\"name\":\"TelemarksVeka\",\"description\":\"One online experience - for everything your destination has to offer.\",\"potentialAction\":[{\"@type\":\"SearchAction\",\"target\":{\"@type\":\"EntryPoint\",\"urlTemplate\":\"https:\/\/visitbo.no\/telemarksveka\/?s={search_term_string}\"},\"query-input\":{\"@type\":\"PropertyValueSpecification\",\"valueRequired\":true,\"valueName\":\"search_term_string\"}}],\"inLanguage\":\"nb-NO\"}]}<\/script>\n<!-- \/ Yoast SEO plugin. -->","yoast_head_json":{"title":"Startlister og resultater for Kanalrennet - TelemarksVeka","description":"Her finner du informasjon om startlister og resultater for \u00e5rets renn og tidligere renn.","robots":{"index":"index","follow":"follow","max-snippet":"max-snippet:-1","max-image-preview":"max-image-preview:large","max-video-preview":"max-video-preview:-1"},"canonical":"https:\/\/visitbo.no\/telemarksveka\/kanalrennet\/startlister-resultat\/","og_locale":"nb_NO","og_type":"article","og_title":"Startlister og resultater for Kanalrennet - TelemarksVeka","og_description":"Her finner du informasjon om startlister og resultater for \u00e5rets renn og tidligere renn.","og_url":"https:\/\/visitbo.no\/telemarksveka\/kanalrennet\/startlister-resultat\/","og_site_name":"TelemarksVeka","article_modified_time":"2023-06-24T21:33:50+00:00","twitter_card":"summary_large_image","twitter_misc":{"Ansl. lesetid":"3 minutter"},"schema":{"@context":"https:\/\/schema.org","@graph":[{"@type":"WebPage","@id":"https:\/\/visitbo.no\/telemarksveka\/kanalrennet\/startlister-resultat\/","url":"https:\/\/visitbo.no\/telemarksveka\/kanalrennet\/startlister-resultat\/","name":"Startlister og resultater for Kanalrennet - TelemarksVeka","isPartOf":{"@id":"https:\/\/visitbo.no\/telemarksveka\/#website"},"datePublished":"2021-12-10T14:06:29+00:00","dateModified":"2023-06-24T21:33:50+00:00","description":"Her finner du informasjon om startlister og resultater for \u00e5rets renn og tidligere renn.","breadcrumb":{"@id":"https:\/\/visitbo.no\/telemarksveka\/kanalrennet\/startlister-resultat\/#breadcrumb"},"inLanguage":"nb-NO","potentialAction":[{"@type":"ReadAction","target":["https:\/\/visitbo.no\/telemarksveka\/kanalrennet\/startlister-resultat\/"]}]},{"@type":"BreadcrumbList","@id":"https:\/\/visitbo.no\/telemarksveka\/kanalrennet\/startlister-resultat\/#breadcrumb","itemListElement":[{"@type":"ListItem","position":1,"name":"Hjem","item":"https:\/\/visitbo.no\/telemarksveka\/"},{"@type":"ListItem","position":2,"name":"Kanalrennet","item":"https:\/\/visitbo.no\/telemarksveka\/kanalrennet\/"},{"@type":"ListItem","position":3,"name":"Startlister og resultater"}]},{"@type":"WebSite","@id":"https:\/\/visitbo.no\/telemarksveka\/#website","url":"https:\/\/visitbo.no\/telemarksveka\/","name":"TelemarksVeka","description":"One online experience - for everything your destination has to offer.","potentialAction":[{"@type":"SearchAction","target":{"@type":"EntryPoint","urlTemplate":"https:\/\/visitbo.no\/telemarksveka\/?s={search_term_string}"},"query-input":{"@type":"PropertyValueSpecification","valueRequired":true,"valueName":"search_term_string"}}],"inLanguage":"nb-NO"}]}},"_links":{"self":[{"href":"https:\/\/visitbo.no\/telemarksveka\/wp-json\/wp\/v2\/pages\/8287","targetHints":{"allow":["GET"]}}],"collection":[{"href":"https:\/\/visitbo.no\/telemarksveka\/wp-json\/wp\/v2\/pages"}],"about":[{"href":"https:\/\/visitbo.no\/telemarksveka\/wp-json\/wp\/v2\/types\/page"}],"author":[{"embeddable":true,"href":"https:\/\/visitbo.no\/telemarksveka\/wp-json\/wp\/v2\/users\/29"}],"replies":[{"embeddable":true,"href":"https:\/\/visitbo.no\/telemarksveka\/wp-json\/wp\/v2\/comments?post=8287"}],"version-history":[{"count":22,"href":"https:\/\/visitbo.no\/telemarksveka\/wp-json\/wp\/v2\/pages\/8287\/revisions"}],"predecessor-version":[{"id":9514,"href":"https:\/\/visitbo.no\/telemarksveka\/wp-json\/wp\/v2\/pages\/8287\/revisions\/9514"}],"up":[{"embeddable":true,"href":"https:\/\/visitbo.no\/telemarksveka\/wp-json\/wp\/v2\/pages\/8240"}],"wp:attachment":[{"href":"https:\/\/visitbo.no\/telemarksveka\/wp-json\/wp\/v2\/media?parent=8287"}],"curies":[{"name":"wp","href":"https:\/\/api.w.org\/{rel}","templated":true}]}}