{"id":8420,"date":"2021-12-16T15:48:29","date_gmt":"2021-12-16T14:48:29","guid":{"rendered":"https:\/\/visitbo.no\/telemarksveka\/?page_id=8420"},"modified":"2023-05-31T12:32:17","modified_gmt":"2023-05-31T10:32:17","slug":"frivillig","status":"publish","type":"page","link":"https:\/\/visitbo.no\/telemarksveka\/frivillig\/","title":{"rendered":"Frivillig"},"content":{"rendered":"<div id=\"cs-content\" class=\"cs-content\"><\/div>\n","protected":false},"excerpt":{"rendered":"<p>Har du lyst til \u00e5 v\u00e6re en del av S\u00f8r-Norges st\u00f8rste idrettsarrangement sommerstid? Bli med og m\u00f8t verdens st\u00f8rste skistjerner, kjendiser og artister i tillegg til \u00e5 f\u00e5 nye bekjentskaper og g\u00f8yale arbeidsoppgaver! V\u00e5re arrangement er helt avhengig av ildsjeler og frivillige som er med \u00e5 gj\u00f8re en innsats\u00a0 &#8211; vil du bli med p\u00e5 laget? Enten du brenner for &#8230; <\/p>\n<div><a href=\"https:\/\/visitbo.no\/telemarksveka\/frivillig\/\" class=\"more-link\">Read More<\/a><\/div>\n","protected":false},"author":29,"featured_media":0,"parent":0,"menu_order":3,"comment_status":"closed","ping_status":"closed","template":"","meta":{"_relevanssi_hide_post":"","_relevanssi_hide_content":"","_relevanssi_pin_for_all":"","_relevanssi_pin_keywords":"","_relevanssi_unpin_keywords":"","_relevanssi_related_keywords":"","_relevanssi_related_include_ids":"","_relevanssi_related_exclude_ids":"","_relevanssi_related_no_append":"","_relevanssi_related_not_related":"","_relevanssi_related_posts":"","_relevanssi_noindex_reason":"","footnotes":""},"class_list":["post-8420","page","type-page","status-publish","hentry","no-post-thumbnail"],"yoast_head":"<!-- This site is optimized with the Yoast SEO plugin v27.2 - https:\/\/yoast.com\/product\/yoast-seo-wordpress\/ -->\n<title>Frivillig - TelemarksVeka<\/title>\n<meta name=\"description\" content=\"Vil du komme og oppleve TelemarksVeka fra innsiden? Vi har behov for frivillige hos oss! Her f\u00e5r du spennende arbeidsoppgaver som er med p\u00e5 \u00e5 s\u00f8rge for viktige midler til de lokale langrennslagene. Les mer her\" \/>\n<meta name=\"robots\" content=\"index, follow, max-snippet:-1, max-image-preview:large, max-video-preview:-1\" \/>\n<link rel=\"canonical\" href=\"https:\/\/visitbo.no\/telemarksveka\/frivillig\/\" \/>\n<meta property=\"og:locale\" content=\"nb_NO\" \/>\n<meta property=\"og:type\" content=\"article\" \/>\n<meta property=\"og:title\" content=\"Frivillig - TelemarksVeka\" \/>\n<meta property=\"og:description\" content=\"Vil du komme og oppleve TelemarksVeka fra innsiden? Vi har behov for frivillige hos oss! Her f\u00e5r du spennende arbeidsoppgaver som er med p\u00e5 \u00e5 s\u00f8rge for viktige midler til de lokale langrennslagene. Les mer her\" \/>\n<meta property=\"og:url\" content=\"https:\/\/visitbo.no\/telemarksveka\/frivillig\/\" \/>\n<meta property=\"og:site_name\" content=\"TelemarksVeka\" \/>\n<meta property=\"article:modified_time\" content=\"2023-05-31T10:32:17+00:00\" \/>\n<meta name=\"twitter:card\" content=\"summary_large_image\" \/>\n<meta name=\"twitter:label1\" content=\"Ansl. lesetid\" \/>\n\t<meta name=\"twitter:data1\" content=\"3 minutter\" \/>\n<script type=\"application\/ld+json\" class=\"yoast-schema-graph\">{\"@context\":\"https:\/\/schema.org\",\"@graph\":[{\"@type\":\"WebPage\",\"@id\":\"https:\/\/visitbo.no\/telemarksveka\/frivillig\/\",\"url\":\"https:\/\/visitbo.no\/telemarksveka\/frivillig\/\",\"name\":\"Frivillig - TelemarksVeka\",\"isPartOf\":{\"@id\":\"https:\/\/visitbo.no\/telemarksveka\/#website\"},\"datePublished\":\"2021-12-16T14:48:29+00:00\",\"dateModified\":\"2023-05-31T10:32:17+00:00\",\"description\":\"Vil du komme og oppleve TelemarksVeka fra innsiden? Vi har behov for frivillige hos oss! Her f\u00e5r du spennende arbeidsoppgaver som er med p\u00e5 \u00e5 s\u00f8rge for viktige midler til de lokale langrennslagene. Les mer her\",\"breadcrumb\":{\"@id\":\"https:\/\/visitbo.no\/telemarksveka\/frivillig\/#breadcrumb\"},\"inLanguage\":\"nb-NO\",\"potentialAction\":[{\"@type\":\"ReadAction\",\"target\":[\"https:\/\/visitbo.no\/telemarksveka\/frivillig\/\"]}]},{\"@type\":\"BreadcrumbList\",\"@id\":\"https:\/\/visitbo.no\/telemarksveka\/frivillig\/#breadcrumb\",\"itemListElement\":[{\"@type\":\"ListItem\",\"position\":1,\"name\":\"Hjem\",\"item\":\"https:\/\/visitbo.no\/telemarksveka\/\"},{\"@type\":\"ListItem\",\"position\":2,\"name\":\"Frivillig\"}]},{\"@type\":\"WebSite\",\"@id\":\"https:\/\/visitbo.no\/telemarksveka\/#website\",\"url\":\"https:\/\/visitbo.no\/telemarksveka\/\",\"name\":\"TelemarksVeka\",\"description\":\"One online experience - for everything your destination has to offer.\",\"potentialAction\":[{\"@type\":\"SearchAction\",\"target\":{\"@type\":\"EntryPoint\",\"urlTemplate\":\"https:\/\/visitbo.no\/telemarksveka\/?s={search_term_string}\"},\"query-input\":{\"@type\":\"PropertyValueSpecification\",\"valueRequired\":true,\"valueName\":\"search_term_string\"}}],\"inLanguage\":\"nb-NO\"}]}<\/script>\n<!-- \/ Yoast SEO plugin. -->","yoast_head_json":{"title":"Frivillig - TelemarksVeka","description":"Vil du komme og oppleve TelemarksVeka fra innsiden? Vi har behov for frivillige hos oss! Her f\u00e5r du spennende arbeidsoppgaver som er med p\u00e5 \u00e5 s\u00f8rge for viktige midler til de lokale langrennslagene. Les mer her","robots":{"index":"index","follow":"follow","max-snippet":"max-snippet:-1","max-image-preview":"max-image-preview:large","max-video-preview":"max-video-preview:-1"},"canonical":"https:\/\/visitbo.no\/telemarksveka\/frivillig\/","og_locale":"nb_NO","og_type":"article","og_title":"Frivillig - TelemarksVeka","og_description":"Vil du komme og oppleve TelemarksVeka fra innsiden? Vi har behov for frivillige hos oss! Her f\u00e5r du spennende arbeidsoppgaver som er med p\u00e5 \u00e5 s\u00f8rge for viktige midler til de lokale langrennslagene. Les mer her","og_url":"https:\/\/visitbo.no\/telemarksveka\/frivillig\/","og_site_name":"TelemarksVeka","article_modified_time":"2023-05-31T10:32:17+00:00","twitter_card":"summary_large_image","twitter_misc":{"Ansl. lesetid":"3 minutter"},"schema":{"@context":"https:\/\/schema.org","@graph":[{"@type":"WebPage","@id":"https:\/\/visitbo.no\/telemarksveka\/frivillig\/","url":"https:\/\/visitbo.no\/telemarksveka\/frivillig\/","name":"Frivillig - TelemarksVeka","isPartOf":{"@id":"https:\/\/visitbo.no\/telemarksveka\/#website"},"datePublished":"2021-12-16T14:48:29+00:00","dateModified":"2023-05-31T10:32:17+00:00","description":"Vil du komme og oppleve TelemarksVeka fra innsiden? Vi har behov for frivillige hos oss! Her f\u00e5r du spennende arbeidsoppgaver som er med p\u00e5 \u00e5 s\u00f8rge for viktige midler til de lokale langrennslagene. Les mer her","breadcrumb":{"@id":"https:\/\/visitbo.no\/telemarksveka\/frivillig\/#breadcrumb"},"inLanguage":"nb-NO","potentialAction":[{"@type":"ReadAction","target":["https:\/\/visitbo.no\/telemarksveka\/frivillig\/"]}]},{"@type":"BreadcrumbList","@id":"https:\/\/visitbo.no\/telemarksveka\/frivillig\/#breadcrumb","itemListElement":[{"@type":"ListItem","position":1,"name":"Hjem","item":"https:\/\/visitbo.no\/telemarksveka\/"},{"@type":"ListItem","position":2,"name":"Frivillig"}]},{"@type":"WebSite","@id":"https:\/\/visitbo.no\/telemarksveka\/#website","url":"https:\/\/visitbo.no\/telemarksveka\/","name":"TelemarksVeka","description":"One online experience - for everything your destination has to offer.","potentialAction":[{"@type":"SearchAction","target":{"@type":"EntryPoint","urlTemplate":"https:\/\/visitbo.no\/telemarksveka\/?s={search_term_string}"},"query-input":{"@type":"PropertyValueSpecification","valueRequired":true,"valueName":"search_term_string"}}],"inLanguage":"nb-NO"}]}},"_links":{"self":[{"href":"https:\/\/visitbo.no\/telemarksveka\/wp-json\/wp\/v2\/pages\/8420","targetHints":{"allow":["GET"]}}],"collection":[{"href":"https:\/\/visitbo.no\/telemarksveka\/wp-json\/wp\/v2\/pages"}],"about":[{"href":"https:\/\/visitbo.no\/telemarksveka\/wp-json\/wp\/v2\/types\/page"}],"author":[{"embeddable":true,"href":"https:\/\/visitbo.no\/telemarksveka\/wp-json\/wp\/v2\/users\/29"}],"replies":[{"embeddable":true,"href":"https:\/\/visitbo.no\/telemarksveka\/wp-json\/wp\/v2\/comments?post=8420"}],"version-history":[{"count":20,"href":"https:\/\/visitbo.no\/telemarksveka\/wp-json\/wp\/v2\/pages\/8420\/revisions"}],"predecessor-version":[{"id":9464,"href":"https:\/\/visitbo.no\/telemarksveka\/wp-json\/wp\/v2\/pages\/8420\/revisions\/9464"}],"wp:attachment":[{"href":"https:\/\/visitbo.no\/telemarksveka\/wp-json\/wp\/v2\/media?parent=8420"}],"curies":[{"name":"wp","href":"https:\/\/api.w.org\/{rel}","templated":true}]}}