{"id":8464,"date":"2021-12-22T08:38:29","date_gmt":"2021-12-22T07:38:29","guid":{"rendered":"https:\/\/visitbo.no\/telemarksveka\/?page_id=8464"},"modified":"2023-02-20T15:21:27","modified_gmt":"2023-02-20T14:21:27","slug":"pamelding","status":"publish","type":"page","link":"https:\/\/visitbo.no\/telemarksveka\/skiskole\/pamelding\/","title":{"rendered":"P\u00e5melding Skiskole"},"content":{"rendered":"<div id=\"cs-content\" class=\"cs-content\"><\/div>\n","protected":false},"excerpt":{"rendered":"<p>Velkommen til Sommarland Skiskole 21. -25. juni 2023! Vi gleder oss stort til et nytt \u00e5r med skiskole &#8211; med l\u00e6rerike trenings\u00f8kter, topp instrukt\u00f8rer og 5 dager med action! Vil du bli med p\u00e5 moroa? Meld deg p\u00e5 da vel! Viktig beskjed: Ett p\u00e5meldingsskjema m\u00e5 fylles ut for hver deltager. Dette for \u00e5 sikre at du f\u00e5r den beste oppf\u00f8lgingen &#8230; <\/p>\n<div><a href=\"https:\/\/visitbo.no\/telemarksveka\/skiskole\/pamelding\/\" class=\"more-link\">Read More<\/a><\/div>\n","protected":false},"author":29,"featured_media":0,"parent":8039,"menu_order":3,"comment_status":"closed","ping_status":"closed","template":"","meta":{"_relevanssi_hide_post":"","_relevanssi_hide_content":"","_relevanssi_pin_for_all":"","_relevanssi_pin_keywords":"","_relevanssi_unpin_keywords":"","_relevanssi_related_keywords":"","_relevanssi_related_include_ids":"","_relevanssi_related_exclude_ids":"","_relevanssi_related_no_append":"","_relevanssi_related_not_related":"","_relevanssi_related_posts":"","_relevanssi_noindex_reason":"","footnotes":""},"class_list":["post-8464","page","type-page","status-publish","hentry","no-post-thumbnail"],"yoast_head":"<!-- This site is optimized with the Yoast SEO plugin v27.2 - https:\/\/yoast.com\/product\/yoast-seo-wordpress\/ -->\n<title>P\u00e5melding Skiskole - TelemarksVeka<\/title>\n<meta name=\"description\" content=\"Velkommen til Sommarland Skiskole 20. juni \u2013 24. juni 2022. L\u00e6r av verdens beste skil\u00f8pere! Meld deg p\u00e5 her:\" \/>\n<meta name=\"robots\" content=\"index, follow, max-snippet:-1, max-image-preview:large, max-video-preview:-1\" \/>\n<link rel=\"canonical\" href=\"https:\/\/visitbo.no\/telemarksveka\/skiskole\/pamelding\/\" \/>\n<meta property=\"og:locale\" content=\"nb_NO\" \/>\n<meta property=\"og:type\" content=\"article\" \/>\n<meta property=\"og:title\" content=\"P\u00e5melding Skiskole - TelemarksVeka\" \/>\n<meta property=\"og:description\" content=\"Velkommen til Sommarland Skiskole 20. juni \u2013 24. juni 2022. L\u00e6r av verdens beste skil\u00f8pere! Meld deg p\u00e5 her:\" \/>\n<meta property=\"og:url\" content=\"https:\/\/visitbo.no\/telemarksveka\/skiskole\/pamelding\/\" \/>\n<meta property=\"og:site_name\" content=\"TelemarksVeka\" \/>\n<meta property=\"article:modified_time\" content=\"2023-02-20T14:21:27+00:00\" \/>\n<meta name=\"twitter:card\" content=\"summary_large_image\" \/>\n<meta name=\"twitter:label1\" content=\"Ansl. lesetid\" \/>\n\t<meta name=\"twitter:data1\" content=\"2 minutter\" \/>\n<script type=\"application\/ld+json\" class=\"yoast-schema-graph\">{\"@context\":\"https:\/\/schema.org\",\"@graph\":[{\"@type\":\"WebPage\",\"@id\":\"https:\/\/visitbo.no\/telemarksveka\/skiskole\/pamelding\/\",\"url\":\"https:\/\/visitbo.no\/telemarksveka\/skiskole\/pamelding\/\",\"name\":\"P\u00e5melding Skiskole - TelemarksVeka\",\"isPartOf\":{\"@id\":\"https:\/\/visitbo.no\/telemarksveka\/#website\"},\"datePublished\":\"2021-12-22T07:38:29+00:00\",\"dateModified\":\"2023-02-20T14:21:27+00:00\",\"description\":\"Velkommen til Sommarland Skiskole 20. juni \u2013 24. juni 2022. L\u00e6r av verdens beste skil\u00f8pere! Meld deg p\u00e5 her:\",\"breadcrumb\":{\"@id\":\"https:\/\/visitbo.no\/telemarksveka\/skiskole\/pamelding\/#breadcrumb\"},\"inLanguage\":\"nb-NO\",\"potentialAction\":[{\"@type\":\"ReadAction\",\"target\":[\"https:\/\/visitbo.no\/telemarksveka\/skiskole\/pamelding\/\"]}]},{\"@type\":\"BreadcrumbList\",\"@id\":\"https:\/\/visitbo.no\/telemarksveka\/skiskole\/pamelding\/#breadcrumb\",\"itemListElement\":[{\"@type\":\"ListItem\",\"position\":1,\"name\":\"Hjem\",\"item\":\"https:\/\/visitbo.no\/telemarksveka\/\"},{\"@type\":\"ListItem\",\"position\":2,\"name\":\"Sommarland Skiskole\",\"item\":\"https:\/\/visitbo.no\/telemarksveka\/skiskole\/\"},{\"@type\":\"ListItem\",\"position\":3,\"name\":\"P\u00e5melding Skiskole\"}]},{\"@type\":\"WebSite\",\"@id\":\"https:\/\/visitbo.no\/telemarksveka\/#website\",\"url\":\"https:\/\/visitbo.no\/telemarksveka\/\",\"name\":\"TelemarksVeka\",\"description\":\"One online experience - for everything your destination has to offer.\",\"potentialAction\":[{\"@type\":\"SearchAction\",\"target\":{\"@type\":\"EntryPoint\",\"urlTemplate\":\"https:\/\/visitbo.no\/telemarksveka\/?s={search_term_string}\"},\"query-input\":{\"@type\":\"PropertyValueSpecification\",\"valueRequired\":true,\"valueName\":\"search_term_string\"}}],\"inLanguage\":\"nb-NO\"}]}<\/script>\n<!-- \/ Yoast SEO plugin. -->","yoast_head_json":{"title":"P\u00e5melding Skiskole - TelemarksVeka","description":"Velkommen til Sommarland Skiskole 20. juni \u2013 24. juni 2022. L\u00e6r av verdens beste skil\u00f8pere! Meld deg p\u00e5 her:","robots":{"index":"index","follow":"follow","max-snippet":"max-snippet:-1","max-image-preview":"max-image-preview:large","max-video-preview":"max-video-preview:-1"},"canonical":"https:\/\/visitbo.no\/telemarksveka\/skiskole\/pamelding\/","og_locale":"nb_NO","og_type":"article","og_title":"P\u00e5melding Skiskole - TelemarksVeka","og_description":"Velkommen til Sommarland Skiskole 20. juni \u2013 24. juni 2022. L\u00e6r av verdens beste skil\u00f8pere! Meld deg p\u00e5 her:","og_url":"https:\/\/visitbo.no\/telemarksveka\/skiskole\/pamelding\/","og_site_name":"TelemarksVeka","article_modified_time":"2023-02-20T14:21:27+00:00","twitter_card":"summary_large_image","twitter_misc":{"Ansl. lesetid":"2 minutter"},"schema":{"@context":"https:\/\/schema.org","@graph":[{"@type":"WebPage","@id":"https:\/\/visitbo.no\/telemarksveka\/skiskole\/pamelding\/","url":"https:\/\/visitbo.no\/telemarksveka\/skiskole\/pamelding\/","name":"P\u00e5melding Skiskole - TelemarksVeka","isPartOf":{"@id":"https:\/\/visitbo.no\/telemarksveka\/#website"},"datePublished":"2021-12-22T07:38:29+00:00","dateModified":"2023-02-20T14:21:27+00:00","description":"Velkommen til Sommarland Skiskole 20. juni \u2013 24. juni 2022. L\u00e6r av verdens beste skil\u00f8pere! Meld deg p\u00e5 her:","breadcrumb":{"@id":"https:\/\/visitbo.no\/telemarksveka\/skiskole\/pamelding\/#breadcrumb"},"inLanguage":"nb-NO","potentialAction":[{"@type":"ReadAction","target":["https:\/\/visitbo.no\/telemarksveka\/skiskole\/pamelding\/"]}]},{"@type":"BreadcrumbList","@id":"https:\/\/visitbo.no\/telemarksveka\/skiskole\/pamelding\/#breadcrumb","itemListElement":[{"@type":"ListItem","position":1,"name":"Hjem","item":"https:\/\/visitbo.no\/telemarksveka\/"},{"@type":"ListItem","position":2,"name":"Sommarland Skiskole","item":"https:\/\/visitbo.no\/telemarksveka\/skiskole\/"},{"@type":"ListItem","position":3,"name":"P\u00e5melding Skiskole"}]},{"@type":"WebSite","@id":"https:\/\/visitbo.no\/telemarksveka\/#website","url":"https:\/\/visitbo.no\/telemarksveka\/","name":"TelemarksVeka","description":"One online experience - for everything your destination has to offer.","potentialAction":[{"@type":"SearchAction","target":{"@type":"EntryPoint","urlTemplate":"https:\/\/visitbo.no\/telemarksveka\/?s={search_term_string}"},"query-input":{"@type":"PropertyValueSpecification","valueRequired":true,"valueName":"search_term_string"}}],"inLanguage":"nb-NO"}]}},"_links":{"self":[{"href":"https:\/\/visitbo.no\/telemarksveka\/wp-json\/wp\/v2\/pages\/8464","targetHints":{"allow":["GET"]}}],"collection":[{"href":"https:\/\/visitbo.no\/telemarksveka\/wp-json\/wp\/v2\/pages"}],"about":[{"href":"https:\/\/visitbo.no\/telemarksveka\/wp-json\/wp\/v2\/types\/page"}],"author":[{"embeddable":true,"href":"https:\/\/visitbo.no\/telemarksveka\/wp-json\/wp\/v2\/users\/29"}],"replies":[{"embeddable":true,"href":"https:\/\/visitbo.no\/telemarksveka\/wp-json\/wp\/v2\/comments?post=8464"}],"version-history":[{"count":8,"href":"https:\/\/visitbo.no\/telemarksveka\/wp-json\/wp\/v2\/pages\/8464\/revisions"}],"predecessor-version":[{"id":9318,"href":"https:\/\/visitbo.no\/telemarksveka\/wp-json\/wp\/v2\/pages\/8464\/revisions\/9318"}],"up":[{"embeddable":true,"href":"https:\/\/visitbo.no\/telemarksveka\/wp-json\/wp\/v2\/pages\/8039"}],"wp:attachment":[{"href":"https:\/\/visitbo.no\/telemarksveka\/wp-json\/wp\/v2\/media?parent=8464"}],"curies":[{"name":"wp","href":"https:\/\/api.w.org\/{rel}","templated":true}]}}