{"id":2,"date":"2012-04-11T16:34:42","date_gmt":"2012-04-11T14:34:42","guid":{"rendered":"https:\/\/tonto.wp.oppdateringsfabrikken.no\/?page_id=2"},"modified":"2024-08-06T11:55:07","modified_gmt":"2024-08-06T09:55:07","slug":"forside","status":"publish","type":"page","link":"https:\/\/visitbo.no\/telnessanden\/","title":{"rendered":"Telnessanden Camping og Friluftssenter"},"content":{"rendered":"<div id=\"cs-content\" class=\"cs-content\"><\/div>\n","protected":false},"excerpt":{"rendered":"<p>Telnessanden Camping og Friluftssenter Familiecamping, hytter og og aktiviteterTelnessanden Camping og Friluftsenter sin herlige 500 m sandstrand skaper idylliske muligheter for all slags bading og b\u00e5tliv. Friluftsomr\u00e5det gir deg muligheten til \u00e5 nyte solfylte dager ved vannet, med det beste av campingopplevelser. Beliggende nydelig til ved Seljordsvannet 116 moh, 12 km fra Seljord sentrum. Campingplassen er fordelt p\u00e5 2 strender.Kontakt &#8230; <\/p>\n<div><a href=\"https:\/\/visitbo.no\/telnessanden\/\" class=\"more-link\">Read More<\/a><\/div>\n","protected":false},"author":1,"featured_media":0,"parent":0,"menu_order":0,"comment_status":"closed","ping_status":"closed","template":"template-blank-4.php","meta":{"_relevanssi_hide_post":"","_relevanssi_hide_content":"","_relevanssi_pin_for_all":"","_relevanssi_pin_keywords":"","_relevanssi_unpin_keywords":"","_relevanssi_related_keywords":"","_relevanssi_related_include_ids":"","_relevanssi_related_exclude_ids":"","_relevanssi_related_no_append":"","_relevanssi_related_not_related":"","_relevanssi_related_posts":"","_relevanssi_noindex_reason":"","footnotes":""},"class_list":["post-2","page","type-page","status-publish","hentry","no-post-thumbnail"],"yoast_head":"<!-- This site is optimized with the Yoast SEO plugin v27.2 - https:\/\/yoast.com\/product\/yoast-seo-wordpress\/ -->\n<title>Telnessanden Camping og Friluftssenter \u2502 Familiecamping<\/title>\n<meta name=\"description\" content=\"Telnessanden Camping og Friluftsenter ligger ved Seljordsvatnet. Idylliske muligheter for all slags aktiviteter, bading og b\u00e5tliv.\" \/>\n<meta name=\"robots\" content=\"index, follow, max-snippet:-1, max-image-preview:large, max-video-preview:-1\" \/>\n<link rel=\"canonical\" href=\"https:\/\/visitbo.no\/telnessanden\/\" \/>\n<meta property=\"og:locale\" content=\"nb_NO\" \/>\n<meta property=\"og:type\" content=\"article\" \/>\n<meta property=\"og:title\" content=\"Telnessanden Camping og Friluftssenter \u2502 Familiecamping\" \/>\n<meta property=\"og:description\" content=\"Telnessanden Camping og Friluftsenter ligger ved Seljordsvatnet. Idylliske muligheter for all slags aktiviteter, bading og b\u00e5tliv.\" \/>\n<meta property=\"og:url\" content=\"https:\/\/visitbo.no\/telnessanden\/\" \/>\n<meta property=\"og:site_name\" content=\"Telnessanden Camping og Friluftssenter\" \/>\n<meta property=\"article:modified_time\" content=\"2024-08-06T09:55:07+00:00\" \/>\n<meta name=\"twitter:card\" content=\"summary_large_image\" \/>\n<meta name=\"twitter:label1\" content=\"Ansl. lesetid\" \/>\n\t<meta name=\"twitter:data1\" content=\"2 minutter\" \/>\n<script type=\"application\/ld+json\" class=\"yoast-schema-graph\">{\"@context\":\"https:\/\/schema.org\",\"@graph\":[{\"@type\":\"WebPage\",\"@id\":\"https:\/\/visitbo.no\/telnessanden\/\",\"url\":\"https:\/\/visitbo.no\/telnessanden\/\",\"name\":\"Telnessanden Camping og Friluftssenter \u2502 Familiecamping\",\"isPartOf\":{\"@id\":\"https:\/\/visitbo.no\/telnessanden\/#website\"},\"datePublished\":\"2012-04-11T14:34:42+00:00\",\"dateModified\":\"2024-08-06T09:55:07+00:00\",\"description\":\"Telnessanden Camping og Friluftsenter ligger ved Seljordsvatnet. Idylliske muligheter for all slags aktiviteter, bading og b\u00e5tliv.\",\"breadcrumb\":{\"@id\":\"https:\/\/visitbo.no\/telnessanden\/#breadcrumb\"},\"inLanguage\":\"nb-NO\",\"potentialAction\":[{\"@type\":\"ReadAction\",\"target\":[\"https:\/\/visitbo.no\/telnessanden\/\"]}]},{\"@type\":\"BreadcrumbList\",\"@id\":\"https:\/\/visitbo.no\/telnessanden\/#breadcrumb\",\"itemListElement\":[{\"@type\":\"ListItem\",\"position\":1,\"name\":\"Hjem\",\"item\":\"https:\/\/visitbo.no\/telnessanden\/forside\/\"},{\"@type\":\"ListItem\",\"position\":2,\"name\":\"Telnessanden Camping og Friluftssenter\"}]},{\"@type\":\"WebSite\",\"@id\":\"https:\/\/visitbo.no\/telnessanden\/#website\",\"url\":\"https:\/\/visitbo.no\/telnessanden\/\",\"name\":\"Telnessanden Camping og Friluftssenter\",\"description\":\"One online experience - for everything your destination has to offer.\",\"potentialAction\":[{\"@type\":\"SearchAction\",\"target\":{\"@type\":\"EntryPoint\",\"urlTemplate\":\"https:\/\/visitbo.no\/telnessanden\/?s={search_term_string}\"},\"query-input\":{\"@type\":\"PropertyValueSpecification\",\"valueRequired\":true,\"valueName\":\"search_term_string\"}}],\"inLanguage\":\"nb-NO\"}]}<\/script>\n<!-- \/ Yoast SEO plugin. -->","yoast_head_json":{"title":"Telnessanden Camping og Friluftssenter \u2502 Familiecamping","description":"Telnessanden Camping og Friluftsenter ligger ved Seljordsvatnet. Idylliske muligheter for all slags aktiviteter, bading og b\u00e5tliv.","robots":{"index":"index","follow":"follow","max-snippet":"max-snippet:-1","max-image-preview":"max-image-preview:large","max-video-preview":"max-video-preview:-1"},"canonical":"https:\/\/visitbo.no\/telnessanden\/","og_locale":"nb_NO","og_type":"article","og_title":"Telnessanden Camping og Friluftssenter \u2502 Familiecamping","og_description":"Telnessanden Camping og Friluftsenter ligger ved Seljordsvatnet. Idylliske muligheter for all slags aktiviteter, bading og b\u00e5tliv.","og_url":"https:\/\/visitbo.no\/telnessanden\/","og_site_name":"Telnessanden Camping og Friluftssenter","article_modified_time":"2024-08-06T09:55:07+00:00","twitter_card":"summary_large_image","twitter_misc":{"Ansl. lesetid":"2 minutter"},"schema":{"@context":"https:\/\/schema.org","@graph":[{"@type":"WebPage","@id":"https:\/\/visitbo.no\/telnessanden\/","url":"https:\/\/visitbo.no\/telnessanden\/","name":"Telnessanden Camping og Friluftssenter \u2502 Familiecamping","isPartOf":{"@id":"https:\/\/visitbo.no\/telnessanden\/#website"},"datePublished":"2012-04-11T14:34:42+00:00","dateModified":"2024-08-06T09:55:07+00:00","description":"Telnessanden Camping og Friluftsenter ligger ved Seljordsvatnet. Idylliske muligheter for all slags aktiviteter, bading og b\u00e5tliv.","breadcrumb":{"@id":"https:\/\/visitbo.no\/telnessanden\/#breadcrumb"},"inLanguage":"nb-NO","potentialAction":[{"@type":"ReadAction","target":["https:\/\/visitbo.no\/telnessanden\/"]}]},{"@type":"BreadcrumbList","@id":"https:\/\/visitbo.no\/telnessanden\/#breadcrumb","itemListElement":[{"@type":"ListItem","position":1,"name":"Hjem","item":"https:\/\/visitbo.no\/telnessanden\/forside\/"},{"@type":"ListItem","position":2,"name":"Telnessanden Camping og Friluftssenter"}]},{"@type":"WebSite","@id":"https:\/\/visitbo.no\/telnessanden\/#website","url":"https:\/\/visitbo.no\/telnessanden\/","name":"Telnessanden Camping og Friluftssenter","description":"One online experience - for everything your destination has to offer.","potentialAction":[{"@type":"SearchAction","target":{"@type":"EntryPoint","urlTemplate":"https:\/\/visitbo.no\/telnessanden\/?s={search_term_string}"},"query-input":{"@type":"PropertyValueSpecification","valueRequired":true,"valueName":"search_term_string"}}],"inLanguage":"nb-NO"}]}},"_links":{"self":[{"href":"https:\/\/visitbo.no\/telnessanden\/wp-json\/wp\/v2\/pages\/2","targetHints":{"allow":["GET"]}}],"collection":[{"href":"https:\/\/visitbo.no\/telnessanden\/wp-json\/wp\/v2\/pages"}],"about":[{"href":"https:\/\/visitbo.no\/telnessanden\/wp-json\/wp\/v2\/types\/page"}],"author":[{"embeddable":true,"href":"https:\/\/visitbo.no\/telnessanden\/wp-json\/wp\/v2\/users\/1"}],"replies":[{"embeddable":true,"href":"https:\/\/visitbo.no\/telnessanden\/wp-json\/wp\/v2\/comments?post=2"}],"version-history":[{"count":131,"href":"https:\/\/visitbo.no\/telnessanden\/wp-json\/wp\/v2\/pages\/2\/revisions"}],"predecessor-version":[{"id":7881,"href":"https:\/\/visitbo.no\/telnessanden\/wp-json\/wp\/v2\/pages\/2\/revisions\/7881"}],"wp:attachment":[{"href":"https:\/\/visitbo.no\/telnessanden\/wp-json\/wp\/v2\/media?parent=2"}],"curies":[{"name":"wp","href":"https:\/\/api.w.org\/{rel}","templated":true}]}}