{"id":2,"date":"2012-04-11T16:34:42","date_gmt":"2012-04-11T14:34:42","guid":{"rendered":"https:\/\/tonto.wp.oppdateringsfabrikken.no\/?page_id=2"},"modified":"2024-08-06T11:42:40","modified_gmt":"2024-08-06T09:42:40","slug":"forside","status":"publish","type":"page","link":"https:\/\/visitbo.no\/thebullinn\/","title":{"rendered":"The Bull Inn"},"content":{"rendered":"<div id=\"cs-content\" class=\"cs-content\"><\/div>\n","protected":false},"excerpt":{"rendered":"<p>The Bull Inn Konserter &#8211; Matservering &#8211; Pub i B\u00f8 i Midt-Telemark\u00d8verst i B\u00f8gata finner du Pizza Fjoset, som ogs\u00e5 er puben The Bull Inn p\u00e5 kveldstid. Her arrangeres det ulike arrangementer. Det tilbys ogs\u00e5 servering. Konserter i regi av B\u00f8 Countryklubb. Her er det mulig \u00e5 leie b\u00e5de m\u00f8telokaler og festlokaler. Kontakt oss!Ta gjerne kontakt med oss for mer &#8230; <\/p>\n<div><a href=\"https:\/\/visitbo.no\/thebullinn\/\" class=\"more-link\">Read More<\/a><\/div>\n","protected":false},"author":1,"featured_media":0,"parent":0,"menu_order":0,"comment_status":"closed","ping_status":"closed","template":"template-blank-4.php","meta":{"_relevanssi_hide_post":"","_relevanssi_hide_content":"","_relevanssi_pin_for_all":"","_relevanssi_pin_keywords":"","_relevanssi_unpin_keywords":"","_relevanssi_related_keywords":"","_relevanssi_related_include_ids":"","_relevanssi_related_exclude_ids":"","_relevanssi_related_no_append":"","_relevanssi_related_not_related":"","_relevanssi_related_posts":"","_relevanssi_noindex_reason":"","footnotes":""},"class_list":["post-2","page","type-page","status-publish","hentry","no-post-thumbnail"],"yoast_head":"<!-- This site is optimized with the Yoast SEO plugin v27.2 - https:\/\/yoast.com\/product\/yoast-seo-wordpress\/ -->\n<title>The Bull Inn \u2502 Pub i B\u00f8 i Midt-Telemark<\/title>\n<meta name=\"description\" content=\"\u00d8verst i B\u00f8gata finner du Pizza Fjoset, som ogs\u00e5 er puben The Bull Inn. Her arrangeres det ulike arrangementer og det tilbys servering.\" \/>\n<meta name=\"robots\" content=\"index, follow, max-snippet:-1, max-image-preview:large, max-video-preview:-1\" \/>\n<link rel=\"canonical\" href=\"https:\/\/visitbo.no\/thebullinn\/\" \/>\n<meta property=\"og:locale\" content=\"nb_NO\" \/>\n<meta property=\"og:type\" content=\"article\" \/>\n<meta property=\"og:title\" content=\"The Bull Inn \u2502 Pub i B\u00f8 i Midt-Telemark\" \/>\n<meta property=\"og:description\" content=\"\u00d8verst i B\u00f8gata finner du Pizza Fjoset, som ogs\u00e5 er puben The Bull Inn. Her arrangeres det ulike arrangementer og det tilbys servering.\" \/>\n<meta property=\"og:url\" content=\"https:\/\/visitbo.no\/thebullinn\/\" \/>\n<meta property=\"og:site_name\" content=\"The Bull Inn\" \/>\n<meta property=\"article:modified_time\" content=\"2024-08-06T09:42:40+00:00\" \/>\n<meta name=\"twitter:card\" content=\"summary_large_image\" \/>\n<meta name=\"twitter:label1\" content=\"Ansl. lesetid\" \/>\n\t<meta name=\"twitter:data1\" content=\"2 minutter\" \/>\n<script type=\"application\/ld+json\" class=\"yoast-schema-graph\">{\"@context\":\"https:\/\/schema.org\",\"@graph\":[{\"@type\":\"WebPage\",\"@id\":\"https:\/\/visitbo.no\/thebullinn\/\",\"url\":\"https:\/\/visitbo.no\/thebullinn\/\",\"name\":\"The Bull Inn \u2502 Pub i B\u00f8 i Midt-Telemark\",\"isPartOf\":{\"@id\":\"https:\/\/visitbo.no\/thebullinn\/#website\"},\"datePublished\":\"2012-04-11T14:34:42+00:00\",\"dateModified\":\"2024-08-06T09:42:40+00:00\",\"description\":\"\u00d8verst i B\u00f8gata finner du Pizza Fjoset, som ogs\u00e5 er puben The Bull Inn. Her arrangeres det ulike arrangementer og det tilbys servering.\",\"breadcrumb\":{\"@id\":\"https:\/\/visitbo.no\/thebullinn\/#breadcrumb\"},\"inLanguage\":\"nb-NO\",\"potentialAction\":[{\"@type\":\"ReadAction\",\"target\":[\"https:\/\/visitbo.no\/thebullinn\/\"]}]},{\"@type\":\"BreadcrumbList\",\"@id\":\"https:\/\/visitbo.no\/thebullinn\/#breadcrumb\",\"itemListElement\":[{\"@type\":\"ListItem\",\"position\":1,\"name\":\"Hjem\",\"item\":\"https:\/\/visitbo.no\/thebullinn\/forside\/\"},{\"@type\":\"ListItem\",\"position\":2,\"name\":\"The Bull Inn\"}]},{\"@type\":\"WebSite\",\"@id\":\"https:\/\/visitbo.no\/thebullinn\/#website\",\"url\":\"https:\/\/visitbo.no\/thebullinn\/\",\"name\":\"The Bull Inn\",\"description\":\"One online experience - for everything your destination has to offer.\",\"potentialAction\":[{\"@type\":\"SearchAction\",\"target\":{\"@type\":\"EntryPoint\",\"urlTemplate\":\"https:\/\/visitbo.no\/thebullinn\/?s={search_term_string}\"},\"query-input\":{\"@type\":\"PropertyValueSpecification\",\"valueRequired\":true,\"valueName\":\"search_term_string\"}}],\"inLanguage\":\"nb-NO\"}]}<\/script>\n<!-- \/ Yoast SEO plugin. -->","yoast_head_json":{"title":"The Bull Inn \u2502 Pub i B\u00f8 i Midt-Telemark","description":"\u00d8verst i B\u00f8gata finner du Pizza Fjoset, som ogs\u00e5 er puben The Bull Inn. Her arrangeres det ulike arrangementer og det tilbys servering.","robots":{"index":"index","follow":"follow","max-snippet":"max-snippet:-1","max-image-preview":"max-image-preview:large","max-video-preview":"max-video-preview:-1"},"canonical":"https:\/\/visitbo.no\/thebullinn\/","og_locale":"nb_NO","og_type":"article","og_title":"The Bull Inn \u2502 Pub i B\u00f8 i Midt-Telemark","og_description":"\u00d8verst i B\u00f8gata finner du Pizza Fjoset, som ogs\u00e5 er puben The Bull Inn. Her arrangeres det ulike arrangementer og det tilbys servering.","og_url":"https:\/\/visitbo.no\/thebullinn\/","og_site_name":"The Bull Inn","article_modified_time":"2024-08-06T09:42:40+00:00","twitter_card":"summary_large_image","twitter_misc":{"Ansl. lesetid":"2 minutter"},"schema":{"@context":"https:\/\/schema.org","@graph":[{"@type":"WebPage","@id":"https:\/\/visitbo.no\/thebullinn\/","url":"https:\/\/visitbo.no\/thebullinn\/","name":"The Bull Inn \u2502 Pub i B\u00f8 i Midt-Telemark","isPartOf":{"@id":"https:\/\/visitbo.no\/thebullinn\/#website"},"datePublished":"2012-04-11T14:34:42+00:00","dateModified":"2024-08-06T09:42:40+00:00","description":"\u00d8verst i B\u00f8gata finner du Pizza Fjoset, som ogs\u00e5 er puben The Bull Inn. Her arrangeres det ulike arrangementer og det tilbys servering.","breadcrumb":{"@id":"https:\/\/visitbo.no\/thebullinn\/#breadcrumb"},"inLanguage":"nb-NO","potentialAction":[{"@type":"ReadAction","target":["https:\/\/visitbo.no\/thebullinn\/"]}]},{"@type":"BreadcrumbList","@id":"https:\/\/visitbo.no\/thebullinn\/#breadcrumb","itemListElement":[{"@type":"ListItem","position":1,"name":"Hjem","item":"https:\/\/visitbo.no\/thebullinn\/forside\/"},{"@type":"ListItem","position":2,"name":"The Bull Inn"}]},{"@type":"WebSite","@id":"https:\/\/visitbo.no\/thebullinn\/#website","url":"https:\/\/visitbo.no\/thebullinn\/","name":"The Bull Inn","description":"One online experience - for everything your destination has to offer.","potentialAction":[{"@type":"SearchAction","target":{"@type":"EntryPoint","urlTemplate":"https:\/\/visitbo.no\/thebullinn\/?s={search_term_string}"},"query-input":{"@type":"PropertyValueSpecification","valueRequired":true,"valueName":"search_term_string"}}],"inLanguage":"nb-NO"}]}},"_links":{"self":[{"href":"https:\/\/visitbo.no\/thebullinn\/wp-json\/wp\/v2\/pages\/2","targetHints":{"allow":["GET"]}}],"collection":[{"href":"https:\/\/visitbo.no\/thebullinn\/wp-json\/wp\/v2\/pages"}],"about":[{"href":"https:\/\/visitbo.no\/thebullinn\/wp-json\/wp\/v2\/types\/page"}],"author":[{"embeddable":true,"href":"https:\/\/visitbo.no\/thebullinn\/wp-json\/wp\/v2\/users\/1"}],"replies":[{"embeddable":true,"href":"https:\/\/visitbo.no\/thebullinn\/wp-json\/wp\/v2\/comments?post=2"}],"version-history":[{"count":132,"href":"https:\/\/visitbo.no\/thebullinn\/wp-json\/wp\/v2\/pages\/2\/revisions"}],"predecessor-version":[{"id":7884,"href":"https:\/\/visitbo.no\/thebullinn\/wp-json\/wp\/v2\/pages\/2\/revisions\/7884"}],"wp:attachment":[{"href":"https:\/\/visitbo.no\/thebullinn\/wp-json\/wp\/v2\/media?parent=2"}],"curies":[{"name":"wp","href":"https:\/\/api.w.org\/{rel}","templated":true}]}}