{"id":9540,"date":"2012-04-11T16:34:42","date_gmt":"2012-04-11T14:34:42","guid":{"rendered":"https:\/\/visitbo.no\/turridning\/bo-og-lifjell-turridning-en\/"},"modified":"2025-11-13T17:46:48","modified_gmt":"2025-11-13T16:46:48","slug":"forside-2-2","status":"publish","type":"page","link":"https:\/\/visitbo.no\/turridning\/en\/","title":{"rendered":"B\u00f8 and Lifjell Turridning"},"content":{"rendered":"<div id=\"cs-content\" class=\"cs-content\"><\/div>\n","protected":false},"excerpt":{"rendered":"<p>B\u00f8 and Lifjell TurridningB\u00f8 &amp; Lifjell TurridningB\u00f8 and Lifjell Turridning AS offers great rides on Lifjell, Sk\u00e5rafjell and around scenic H\u00f8rte. Varied excursions to experience the mountain landscape or the experience or idyllic scenery along the river H\u00f8rteelven. We will adapt the excursion so you can try your hand at horse riding for all ages and experience levels. Our safe, &#8230; <\/p>\n<div><a href=\"https:\/\/visitbo.no\/turridning\/en\/\" class=\"more-link\">Read More<\/a><\/div>\n","protected":false},"author":76,"featured_media":0,"parent":0,"menu_order":0,"comment_status":"closed","ping_status":"closed","template":"template-blank-4.php","meta":{"_relevanssi_hide_post":"","_relevanssi_hide_content":"","_relevanssi_pin_for_all":"","_relevanssi_pin_keywords":"","_relevanssi_unpin_keywords":"","_relevanssi_related_keywords":"","_relevanssi_related_include_ids":"","_relevanssi_related_exclude_ids":"","_relevanssi_related_no_append":"","_relevanssi_related_not_related":"","_relevanssi_related_posts":"","_relevanssi_noindex_reason":"","footnotes":""},"class_list":["post-9540","page","type-page","status-publish","hentry","no-post-thumbnail"],"yoast_head":"<!-- This site is optimized with the Yoast SEO plugin v27.2 - https:\/\/yoast.com\/product\/yoast-seo-wordpress\/ -->\n<title>B\u00f8 and Lifjell Turridning - B\u00f8 og Lifjell Turridning<\/title>\n<meta name=\"robots\" content=\"index, follow, max-snippet:-1, max-image-preview:large, max-video-preview:-1\" \/>\n<link rel=\"canonical\" href=\"https:\/\/visitbo.no\/turridning\/en\/\" \/>\n<meta property=\"og:locale\" content=\"en_US\" \/>\n<meta property=\"og:type\" content=\"article\" \/>\n<meta property=\"og:title\" content=\"B\u00f8 and Lifjell Turridning - B\u00f8 og Lifjell Turridning\" \/>\n<meta property=\"og:description\" content=\"B\u00f8 and Lifjell TurridningB\u00f8 &amp; Lifjell TurridningB\u00f8 and Lifjell Turridning AS offers great rides on Lifjell, Sk\u00e5rafjell and around scenic H\u00f8rte. Varied excursions to experience the mountain landscape or the experience or idyllic scenery along the river H\u00f8rteelven. We will adapt the excursion so you can try your hand at horse riding for all ages and experience levels. Our safe, ... Read More\" \/>\n<meta property=\"og:url\" content=\"https:\/\/visitbo.no\/turridning\/en\/\" \/>\n<meta property=\"og:site_name\" content=\"B\u00f8 og Lifjell Turridning\" \/>\n<meta property=\"article:modified_time\" content=\"2025-11-13T16:46:48+00:00\" \/>\n<meta name=\"twitter:card\" content=\"summary_large_image\" \/>\n<meta name=\"twitter:label1\" content=\"Est. reading time\" \/>\n\t<meta name=\"twitter:data1\" content=\"8 minutes\" \/>\n<script type=\"application\/ld+json\" class=\"yoast-schema-graph\">{\"@context\":\"https:\/\/schema.org\",\"@graph\":[{\"@type\":\"WebPage\",\"@id\":\"https:\/\/visitbo.no\/turridning\/en\/\",\"url\":\"https:\/\/visitbo.no\/turridning\/en\/\",\"name\":\"B\u00f8 and Lifjell Turridning - B\u00f8 og Lifjell Turridning\",\"isPartOf\":{\"@id\":\"https:\/\/visitbo.no\/turridning\/en\/#website\"},\"datePublished\":\"2012-04-11T14:34:42+00:00\",\"dateModified\":\"2025-11-13T16:46:48+00:00\",\"breadcrumb\":{\"@id\":\"https:\/\/visitbo.no\/turridning\/en\/#breadcrumb\"},\"inLanguage\":\"en-US\",\"potentialAction\":[{\"@type\":\"ReadAction\",\"target\":[\"https:\/\/visitbo.no\/turridning\/en\/\"]}]},{\"@type\":\"BreadcrumbList\",\"@id\":\"https:\/\/visitbo.no\/turridning\/en\/#breadcrumb\",\"itemListElement\":[{\"@type\":\"ListItem\",\"position\":1,\"name\":\"Hjem\",\"item\":\"https:\/\/visitbo.no\/turridning\/en\/\"},{\"@type\":\"ListItem\",\"position\":2,\"name\":\"B\u00f8 and Lifjell Turridning\"}]},{\"@type\":\"WebSite\",\"@id\":\"https:\/\/visitbo.no\/turridning\/en\/#website\",\"url\":\"https:\/\/visitbo.no\/turridning\/en\/\",\"name\":\"B\u00f8 og Lifjell Turridning\",\"description\":\"One online experience - for everything your destination has to offer.\",\"potentialAction\":[{\"@type\":\"SearchAction\",\"target\":{\"@type\":\"EntryPoint\",\"urlTemplate\":\"https:\/\/visitbo.no\/turridning\/en\/?s={search_term_string}\"},\"query-input\":{\"@type\":\"PropertyValueSpecification\",\"valueRequired\":true,\"valueName\":\"search_term_string\"}}],\"inLanguage\":\"en-US\"}]}<\/script>\n<!-- \/ Yoast SEO plugin. -->","yoast_head_json":{"title":"B\u00f8 and Lifjell Turridning - B\u00f8 og Lifjell Turridning","robots":{"index":"index","follow":"follow","max-snippet":"max-snippet:-1","max-image-preview":"max-image-preview:large","max-video-preview":"max-video-preview:-1"},"canonical":"https:\/\/visitbo.no\/turridning\/en\/","og_locale":"en_US","og_type":"article","og_title":"B\u00f8 and Lifjell Turridning - B\u00f8 og Lifjell Turridning","og_description":"B\u00f8 and Lifjell TurridningB\u00f8 &amp; Lifjell TurridningB\u00f8 and Lifjell Turridning AS offers great rides on Lifjell, Sk\u00e5rafjell and around scenic H\u00f8rte. Varied excursions to experience the mountain landscape or the experience or idyllic scenery along the river H\u00f8rteelven. We will adapt the excursion so you can try your hand at horse riding for all ages and experience levels. Our safe, ... Read More","og_url":"https:\/\/visitbo.no\/turridning\/en\/","og_site_name":"B\u00f8 og Lifjell Turridning","article_modified_time":"2025-11-13T16:46:48+00:00","twitter_card":"summary_large_image","twitter_misc":{"Est. reading time":"8 minutes"},"schema":{"@context":"https:\/\/schema.org","@graph":[{"@type":"WebPage","@id":"https:\/\/visitbo.no\/turridning\/en\/","url":"https:\/\/visitbo.no\/turridning\/en\/","name":"B\u00f8 and Lifjell Turridning - B\u00f8 og Lifjell Turridning","isPartOf":{"@id":"https:\/\/visitbo.no\/turridning\/en\/#website"},"datePublished":"2012-04-11T14:34:42+00:00","dateModified":"2025-11-13T16:46:48+00:00","breadcrumb":{"@id":"https:\/\/visitbo.no\/turridning\/en\/#breadcrumb"},"inLanguage":"en-US","potentialAction":[{"@type":"ReadAction","target":["https:\/\/visitbo.no\/turridning\/en\/"]}]},{"@type":"BreadcrumbList","@id":"https:\/\/visitbo.no\/turridning\/en\/#breadcrumb","itemListElement":[{"@type":"ListItem","position":1,"name":"Hjem","item":"https:\/\/visitbo.no\/turridning\/en\/"},{"@type":"ListItem","position":2,"name":"B\u00f8 and Lifjell Turridning"}]},{"@type":"WebSite","@id":"https:\/\/visitbo.no\/turridning\/en\/#website","url":"https:\/\/visitbo.no\/turridning\/en\/","name":"B\u00f8 og Lifjell Turridning","description":"One online experience - for everything your destination has to offer.","potentialAction":[{"@type":"SearchAction","target":{"@type":"EntryPoint","urlTemplate":"https:\/\/visitbo.no\/turridning\/en\/?s={search_term_string}"},"query-input":{"@type":"PropertyValueSpecification","valueRequired":true,"valueName":"search_term_string"}}],"inLanguage":"en-US"}]}},"_links":{"self":[{"href":"https:\/\/visitbo.no\/turridning\/en\/wp-json\/wp\/v2\/pages\/9540","targetHints":{"allow":["GET"]}}],"collection":[{"href":"https:\/\/visitbo.no\/turridning\/en\/wp-json\/wp\/v2\/pages"}],"about":[{"href":"https:\/\/visitbo.no\/turridning\/en\/wp-json\/wp\/v2\/types\/page"}],"author":[{"embeddable":true,"href":"https:\/\/visitbo.no\/turridning\/en\/wp-json\/wp\/v2\/users\/76"}],"replies":[{"embeddable":true,"href":"https:\/\/visitbo.no\/turridning\/en\/wp-json\/wp\/v2\/comments?post=9540"}],"version-history":[{"count":9,"href":"https:\/\/visitbo.no\/turridning\/en\/wp-json\/wp\/v2\/pages\/9540\/revisions"}],"predecessor-version":[{"id":10525,"href":"https:\/\/visitbo.no\/turridning\/en\/wp-json\/wp\/v2\/pages\/9540\/revisions\/10525"}],"wp:attachment":[{"href":"https:\/\/visitbo.no\/turridning\/en\/wp-json\/wp\/v2\/media?parent=9540"}],"curies":[{"name":"wp","href":"https:\/\/api.w.org\/{rel}","templated":true}]}}