{"id":9588,"date":"2025-11-13T17:33:16","date_gmt":"2025-11-13T16:33:16","guid":{"rendered":"https:\/\/visitbo.no\/turridning\/?page_id=9588"},"modified":"2025-11-19T09:46:13","modified_gmt":"2025-11-19T08:46:13","slug":"riding-experience-with-bo-og-lifjell-turridning-as","status":"publish","type":"page","link":"https:\/\/visitbo.no\/turridning\/en\/riding-experience-with-bo-og-lifjell-turridning-as\/","title":{"rendered":"Riding Experiences with B\u00f8 &amp; Lifjell Turridning AS"},"content":{"rendered":"<div id=\"cs-content\" class=\"cs-content\"><\/div>\n","protected":false},"excerpt":{"rendered":"<p>Here at B\u00f8 &amp; Lifjell Turridning AS, we offer a variety of guided horseback rides of different lengths and skill levels in the beautiful Lifjell mountains during the summer season, from June to August. Among our popular tours are: Half-day rides Half-day rides with lunch at Lifjellstua Two-hour rides Full-day rides Ride to the beautiful lake Gavlesj\u00e5 Overnight trip to &#8230; <\/p>\n<div><a href=\"https:\/\/visitbo.no\/turridning\/en\/riding-experience-with-bo-og-lifjell-turridning-as\/\" class=\"more-link\">Read More<\/a><\/div>\n","protected":false},"author":3,"featured_media":9714,"parent":0,"menu_order":3,"comment_status":"closed","ping_status":"closed","template":"","meta":{"_relevanssi_hide_post":"","_relevanssi_hide_content":"","_relevanssi_pin_for_all":"","_relevanssi_pin_keywords":"","_relevanssi_unpin_keywords":"","_relevanssi_related_keywords":"","_relevanssi_related_include_ids":"","_relevanssi_related_exclude_ids":"","_relevanssi_related_no_append":"","_relevanssi_related_not_related":"","_relevanssi_related_posts":"","_relevanssi_noindex_reason":"","footnotes":""},"class_list":["post-9588","page","type-page","status-publish","has-post-thumbnail","hentry"],"yoast_head":"<!-- This site is optimized with the Yoast SEO plugin v27.2 - https:\/\/yoast.com\/product\/yoast-seo-wordpress\/ -->\n<title>Riding Experiences with B\u00f8 &amp; Lifjell Turridning AS - B\u00f8 og Lifjell Turridning<\/title>\n<meta name=\"description\" content=\"Discover B\u00f8 and Lifjell Turridning \u2014 unforgettable horseback rides on Lifjell, H\u00f8rte, and Sk\u00e5rafjell, plus great activities all year round.\" \/>\n<meta name=\"robots\" content=\"index, follow, max-snippet:-1, max-image-preview:large, max-video-preview:-1\" \/>\n<link rel=\"canonical\" href=\"https:\/\/visitbo.no\/turridning\/en\/riding-experience-with-bo-og-lifjell-turridning-as\/\" \/>\n<meta property=\"og:locale\" content=\"en_US\" \/>\n<meta property=\"og:type\" content=\"article\" \/>\n<meta property=\"og:title\" content=\"Riding Experiences with B\u00f8 &amp; Lifjell Turridning AS - B\u00f8 og Lifjell Turridning\" \/>\n<meta property=\"og:description\" content=\"Discover B\u00f8 and Lifjell Turridning \u2014 unforgettable horseback rides on Lifjell, H\u00f8rte, and Sk\u00e5rafjell, plus great activities all year round.\" \/>\n<meta property=\"og:url\" content=\"https:\/\/visitbo.no\/turridning\/en\/riding-experience-with-bo-og-lifjell-turridning-as\/\" \/>\n<meta property=\"og:site_name\" content=\"B\u00f8 og Lifjell Turridning\" \/>\n<meta property=\"article:modified_time\" content=\"2025-11-19T08:46:13+00:00\" \/>\n<meta property=\"og:image\" content=\"https:\/\/visitbo.no\/turridning\/wp-content\/uploads\/sites\/36\/2024\/07\/redigert4.jpg\" \/>\n\t<meta property=\"og:image:width\" content=\"600\" \/>\n\t<meta property=\"og:image:height\" content=\"450\" \/>\n\t<meta property=\"og:image:type\" content=\"image\/jpeg\" \/>\n<meta name=\"twitter:card\" content=\"summary_large_image\" \/>\n<meta name=\"twitter:label1\" content=\"Est. reading time\" \/>\n\t<meta name=\"twitter:data1\" content=\"1 minute\" \/>\n<script type=\"application\/ld+json\" class=\"yoast-schema-graph\">{\"@context\":\"https:\/\/schema.org\",\"@graph\":[{\"@type\":\"WebPage\",\"@id\":\"https:\/\/visitbo.no\/turridning\/en\/riding-experience-with-bo-og-lifjell-turridning-as\/\",\"url\":\"https:\/\/visitbo.no\/turridning\/en\/riding-experience-with-bo-og-lifjell-turridning-as\/\",\"name\":\"Riding Experiences with B\u00f8 &amp; Lifjell Turridning AS - B\u00f8 og Lifjell Turridning\",\"isPartOf\":{\"@id\":\"https:\/\/visitbo.no\/turridning\/en\/#website\"},\"primaryImageOfPage\":{\"@id\":\"https:\/\/visitbo.no\/turridning\/en\/riding-experience-with-bo-og-lifjell-turridning-as\/#primaryimage\"},\"image\":{\"@id\":\"https:\/\/visitbo.no\/turridning\/en\/riding-experience-with-bo-og-lifjell-turridning-as\/#primaryimage\"},\"thumbnailUrl\":\"https:\/\/visitbo.no\/turridning\/wp-content\/uploads\/sites\/36\/2024\/07\/redigert4.jpg\",\"datePublished\":\"2025-11-13T16:33:16+00:00\",\"dateModified\":\"2025-11-19T08:46:13+00:00\",\"description\":\"Discover B\u00f8 and Lifjell Turridning \u2014 unforgettable horseback rides on Lifjell, H\u00f8rte, and Sk\u00e5rafjell, plus great activities all year round.\",\"breadcrumb\":{\"@id\":\"https:\/\/visitbo.no\/turridning\/en\/riding-experience-with-bo-og-lifjell-turridning-as\/#breadcrumb\"},\"inLanguage\":\"en-US\",\"potentialAction\":[{\"@type\":\"ReadAction\",\"target\":[\"https:\/\/visitbo.no\/turridning\/en\/riding-experience-with-bo-og-lifjell-turridning-as\/\"]}]},{\"@type\":\"ImageObject\",\"inLanguage\":\"en-US\",\"@id\":\"https:\/\/visitbo.no\/turridning\/en\/riding-experience-with-bo-og-lifjell-turridning-as\/#primaryimage\",\"url\":\"https:\/\/visitbo.no\/turridning\/wp-content\/uploads\/sites\/36\/2024\/07\/redigert4.jpg\",\"contentUrl\":\"https:\/\/visitbo.no\/turridning\/wp-content\/uploads\/sites\/36\/2024\/07\/redigert4.jpg\",\"width\":600,\"height\":450,\"caption\":\"Hverdagsliv med hest\"},{\"@type\":\"BreadcrumbList\",\"@id\":\"https:\/\/visitbo.no\/turridning\/en\/riding-experience-with-bo-og-lifjell-turridning-as\/#breadcrumb\",\"itemListElement\":[{\"@type\":\"ListItem\",\"position\":1,\"name\":\"Hjem\",\"item\":\"https:\/\/visitbo.no\/turridning\/en\/\"},{\"@type\":\"ListItem\",\"position\":2,\"name\":\"Riding Experiences with B\u00f8 &amp; Lifjell Turridning AS\"}]},{\"@type\":\"WebSite\",\"@id\":\"https:\/\/visitbo.no\/turridning\/en\/#website\",\"url\":\"https:\/\/visitbo.no\/turridning\/en\/\",\"name\":\"B\u00f8 og Lifjell Turridning\",\"description\":\"One online experience - for everything your destination has to offer.\",\"potentialAction\":[{\"@type\":\"SearchAction\",\"target\":{\"@type\":\"EntryPoint\",\"urlTemplate\":\"https:\/\/visitbo.no\/turridning\/en\/?s={search_term_string}\"},\"query-input\":{\"@type\":\"PropertyValueSpecification\",\"valueRequired\":true,\"valueName\":\"search_term_string\"}}],\"inLanguage\":\"en-US\"}]}<\/script>\n<!-- \/ Yoast SEO plugin. -->","yoast_head_json":{"title":"Riding Experiences with B\u00f8 &amp; Lifjell Turridning AS - B\u00f8 og Lifjell Turridning","description":"Discover B\u00f8 and Lifjell Turridning \u2014 unforgettable horseback rides on Lifjell, H\u00f8rte, and Sk\u00e5rafjell, plus great activities all year round.","robots":{"index":"index","follow":"follow","max-snippet":"max-snippet:-1","max-image-preview":"max-image-preview:large","max-video-preview":"max-video-preview:-1"},"canonical":"https:\/\/visitbo.no\/turridning\/en\/riding-experience-with-bo-og-lifjell-turridning-as\/","og_locale":"en_US","og_type":"article","og_title":"Riding Experiences with B\u00f8 &amp; Lifjell Turridning AS - B\u00f8 og Lifjell Turridning","og_description":"Discover B\u00f8 and Lifjell Turridning \u2014 unforgettable horseback rides on Lifjell, H\u00f8rte, and Sk\u00e5rafjell, plus great activities all year round.","og_url":"https:\/\/visitbo.no\/turridning\/en\/riding-experience-with-bo-og-lifjell-turridning-as\/","og_site_name":"B\u00f8 og Lifjell Turridning","article_modified_time":"2025-11-19T08:46:13+00:00","og_image":[{"width":600,"height":450,"url":"https:\/\/visitbo.no\/turridning\/wp-content\/uploads\/sites\/36\/2024\/07\/redigert4.jpg","type":"image\/jpeg"}],"twitter_card":"summary_large_image","twitter_misc":{"Est. reading time":"1 minute"},"schema":{"@context":"https:\/\/schema.org","@graph":[{"@type":"WebPage","@id":"https:\/\/visitbo.no\/turridning\/en\/riding-experience-with-bo-og-lifjell-turridning-as\/","url":"https:\/\/visitbo.no\/turridning\/en\/riding-experience-with-bo-og-lifjell-turridning-as\/","name":"Riding Experiences with B\u00f8 &amp; Lifjell Turridning AS - B\u00f8 og Lifjell Turridning","isPartOf":{"@id":"https:\/\/visitbo.no\/turridning\/en\/#website"},"primaryImageOfPage":{"@id":"https:\/\/visitbo.no\/turridning\/en\/riding-experience-with-bo-og-lifjell-turridning-as\/#primaryimage"},"image":{"@id":"https:\/\/visitbo.no\/turridning\/en\/riding-experience-with-bo-og-lifjell-turridning-as\/#primaryimage"},"thumbnailUrl":"https:\/\/visitbo.no\/turridning\/wp-content\/uploads\/sites\/36\/2024\/07\/redigert4.jpg","datePublished":"2025-11-13T16:33:16+00:00","dateModified":"2025-11-19T08:46:13+00:00","description":"Discover B\u00f8 and Lifjell Turridning \u2014 unforgettable horseback rides on Lifjell, H\u00f8rte, and Sk\u00e5rafjell, plus great activities all year round.","breadcrumb":{"@id":"https:\/\/visitbo.no\/turridning\/en\/riding-experience-with-bo-og-lifjell-turridning-as\/#breadcrumb"},"inLanguage":"en-US","potentialAction":[{"@type":"ReadAction","target":["https:\/\/visitbo.no\/turridning\/en\/riding-experience-with-bo-og-lifjell-turridning-as\/"]}]},{"@type":"ImageObject","inLanguage":"en-US","@id":"https:\/\/visitbo.no\/turridning\/en\/riding-experience-with-bo-og-lifjell-turridning-as\/#primaryimage","url":"https:\/\/visitbo.no\/turridning\/wp-content\/uploads\/sites\/36\/2024\/07\/redigert4.jpg","contentUrl":"https:\/\/visitbo.no\/turridning\/wp-content\/uploads\/sites\/36\/2024\/07\/redigert4.jpg","width":600,"height":450,"caption":"Hverdagsliv med hest"},{"@type":"BreadcrumbList","@id":"https:\/\/visitbo.no\/turridning\/en\/riding-experience-with-bo-og-lifjell-turridning-as\/#breadcrumb","itemListElement":[{"@type":"ListItem","position":1,"name":"Hjem","item":"https:\/\/visitbo.no\/turridning\/en\/"},{"@type":"ListItem","position":2,"name":"Riding Experiences with B\u00f8 &amp; Lifjell Turridning AS"}]},{"@type":"WebSite","@id":"https:\/\/visitbo.no\/turridning\/en\/#website","url":"https:\/\/visitbo.no\/turridning\/en\/","name":"B\u00f8 og Lifjell Turridning","description":"One online experience - for everything your destination has to offer.","potentialAction":[{"@type":"SearchAction","target":{"@type":"EntryPoint","urlTemplate":"https:\/\/visitbo.no\/turridning\/en\/?s={search_term_string}"},"query-input":{"@type":"PropertyValueSpecification","valueRequired":true,"valueName":"search_term_string"}}],"inLanguage":"en-US"}]}},"_links":{"self":[{"href":"https:\/\/visitbo.no\/turridning\/en\/wp-json\/wp\/v2\/pages\/9588","targetHints":{"allow":["GET"]}}],"collection":[{"href":"https:\/\/visitbo.no\/turridning\/en\/wp-json\/wp\/v2\/pages"}],"about":[{"href":"https:\/\/visitbo.no\/turridning\/en\/wp-json\/wp\/v2\/types\/page"}],"author":[{"embeddable":true,"href":"https:\/\/visitbo.no\/turridning\/en\/wp-json\/wp\/v2\/users\/3"}],"replies":[{"embeddable":true,"href":"https:\/\/visitbo.no\/turridning\/en\/wp-json\/wp\/v2\/comments?post=9588"}],"version-history":[{"count":20,"href":"https:\/\/visitbo.no\/turridning\/en\/wp-json\/wp\/v2\/pages\/9588\/revisions"}],"predecessor-version":[{"id":10535,"href":"https:\/\/visitbo.no\/turridning\/en\/wp-json\/wp\/v2\/pages\/9588\/revisions\/10535"}],"wp:featuredmedia":[{"embeddable":true,"href":"https:\/\/visitbo.no\/turridning\/en\/wp-json\/wp\/v2\/media\/9714"}],"wp:attachment":[{"href":"https:\/\/visitbo.no\/turridning\/en\/wp-json\/wp\/v2\/media?parent=9588"}],"curies":[{"name":"wp","href":"https:\/\/api.w.org\/{rel}","templated":true}]}}