{"id":9594,"date":"2024-02-09T14:32:05","date_gmt":"2024-02-09T13:32:05","guid":{"rendered":"https:\/\/visitbo.no\/turridning\/vare-hester-engelsk\/"},"modified":"2025-12-11T18:58:13","modified_gmt":"2025-12-11T17:58:13","slug":"our-horses","status":"publish","type":"page","link":"https:\/\/visitbo.no\/turridning\/en\/our-horses\/","title":{"rendered":"Our Horses"},"content":{"rendered":"<div id=\"cs-content\" class=\"cs-content\"><\/div>\n","protected":false},"excerpt":{"rendered":"<p>Her kommer en liten presentasjon av v\u00e5re turhester fra B\u00f8 og Lifjell Turridning, oppstall\u00f8rhester og Ragnhilds privathester som brukes som lederhester. Tenk s\u00e5 g\u00f8y \u00e5 bli med oss p\u00e5 tur og allerede f\u00f8le at du kjenner hestene litt! TURHESTENEVinur fra Holmesland Born: 01.06.2014 Father: Farandi fra J\u00f8rstad Mother: Perla fra Bujord Vinur is a horse with a lot of charm. &#8230; <\/p>\n<div><a href=\"https:\/\/visitbo.no\/turridning\/en\/our-horses\/\" class=\"more-link\">Read More<\/a><\/div>\n","protected":false},"author":76,"featured_media":9831,"parent":0,"menu_order":3,"comment_status":"closed","ping_status":"closed","template":"","meta":{"_relevanssi_hide_post":"","_relevanssi_hide_content":"","_relevanssi_pin_for_all":"","_relevanssi_pin_keywords":"","_relevanssi_unpin_keywords":"","_relevanssi_related_keywords":"","_relevanssi_related_include_ids":"","_relevanssi_related_exclude_ids":"","_relevanssi_related_no_append":"","_relevanssi_related_not_related":"","_relevanssi_related_posts":"","_relevanssi_noindex_reason":"","footnotes":""},"class_list":["post-9594","page","type-page","status-publish","has-post-thumbnail","hentry"],"yoast_head":"<!-- This site is optimized with the Yoast SEO plugin v27.2 - https:\/\/yoast.com\/product\/yoast-seo-wordpress\/ -->\n<title>Our Horses - B\u00f8 og Lifjell Turridning<\/title>\n<meta name=\"robots\" content=\"index, follow, max-snippet:-1, max-image-preview:large, max-video-preview:-1\" \/>\n<link rel=\"canonical\" href=\"https:\/\/visitbo.no\/turridning\/en\/our-horses\/\" \/>\n<meta property=\"og:locale\" content=\"en_US\" \/>\n<meta property=\"og:type\" content=\"article\" \/>\n<meta property=\"og:title\" content=\"Our Horses - B\u00f8 og Lifjell Turridning\" \/>\n<meta property=\"og:description\" content=\"Her kommer en liten presentasjon av v\u00e5re turhester fra B\u00f8 og Lifjell Turridning, oppstall\u00f8rhester og Ragnhilds privathester som brukes som lederhester. Tenk s\u00e5 g\u00f8y \u00e5 bli med oss p\u00e5 tur og allerede f\u00f8le at du kjenner hestene litt! TURHESTENEVinur fra Holmesland Born: 01.06.2014 Father: Farandi fra J\u00f8rstad Mother: Perla fra Bujord Vinur is a horse with a lot of charm. ... Read More\" \/>\n<meta property=\"og:url\" content=\"https:\/\/visitbo.no\/turridning\/en\/our-horses\/\" \/>\n<meta property=\"og:site_name\" content=\"B\u00f8 og Lifjell Turridning\" \/>\n<meta property=\"article:modified_time\" content=\"2025-12-11T17:58:13+00:00\" \/>\n<meta property=\"og:image\" content=\"https:\/\/visitbo.no\/turridning\/wp-content\/uploads\/sites\/36\/2024\/11\/DSC_7744.jpg\" \/>\n\t<meta property=\"og:image:width\" content=\"1920\" \/>\n\t<meta property=\"og:image:height\" content=\"1280\" \/>\n\t<meta property=\"og:image:type\" content=\"image\/jpeg\" \/>\n<meta name=\"twitter:card\" content=\"summary_large_image\" \/>\n<meta name=\"twitter:label1\" content=\"Est. reading time\" \/>\n\t<meta name=\"twitter:data1\" content=\"8 minutes\" \/>\n<script type=\"application\/ld+json\" class=\"yoast-schema-graph\">{\"@context\":\"https:\/\/schema.org\",\"@graph\":[{\"@type\":\"WebPage\",\"@id\":\"https:\/\/visitbo.no\/turridning\/en\/our-horses\/\",\"url\":\"https:\/\/visitbo.no\/turridning\/en\/our-horses\/\",\"name\":\"Our Horses - B\u00f8 og Lifjell Turridning\",\"isPartOf\":{\"@id\":\"https:\/\/visitbo.no\/turridning\/en\/#website\"},\"primaryImageOfPage\":{\"@id\":\"https:\/\/visitbo.no\/turridning\/en\/our-horses\/#primaryimage\"},\"image\":{\"@id\":\"https:\/\/visitbo.no\/turridning\/en\/our-horses\/#primaryimage\"},\"thumbnailUrl\":\"https:\/\/visitbo.no\/turridning\/wp-content\/uploads\/sites\/36\/2024\/11\/DSC_7744.jpg\",\"datePublished\":\"2024-02-09T13:32:05+00:00\",\"dateModified\":\"2025-12-11T17:58:13+00:00\",\"breadcrumb\":{\"@id\":\"https:\/\/visitbo.no\/turridning\/en\/our-horses\/#breadcrumb\"},\"inLanguage\":\"en-US\",\"potentialAction\":[{\"@type\":\"ReadAction\",\"target\":[\"https:\/\/visitbo.no\/turridning\/en\/our-horses\/\"]}]},{\"@type\":\"ImageObject\",\"inLanguage\":\"en-US\",\"@id\":\"https:\/\/visitbo.no\/turridning\/en\/our-horses\/#primaryimage\",\"url\":\"https:\/\/visitbo.no\/turridning\/wp-content\/uploads\/sites\/36\/2024\/11\/DSC_7744.jpg\",\"contentUrl\":\"https:\/\/visitbo.no\/turridning\/wp-content\/uploads\/sites\/36\/2024\/11\/DSC_7744.jpg\",\"width\":1920,\"height\":1280,\"caption\":\"Turhe\"},{\"@type\":\"BreadcrumbList\",\"@id\":\"https:\/\/visitbo.no\/turridning\/en\/our-horses\/#breadcrumb\",\"itemListElement\":[{\"@type\":\"ListItem\",\"position\":1,\"name\":\"Hjem\",\"item\":\"https:\/\/visitbo.no\/turridning\/en\/\"},{\"@type\":\"ListItem\",\"position\":2,\"name\":\"Our Horses\"}]},{\"@type\":\"WebSite\",\"@id\":\"https:\/\/visitbo.no\/turridning\/en\/#website\",\"url\":\"https:\/\/visitbo.no\/turridning\/en\/\",\"name\":\"B\u00f8 og Lifjell Turridning\",\"description\":\"One online experience - for everything your destination has to offer.\",\"potentialAction\":[{\"@type\":\"SearchAction\",\"target\":{\"@type\":\"EntryPoint\",\"urlTemplate\":\"https:\/\/visitbo.no\/turridning\/en\/?s={search_term_string}\"},\"query-input\":{\"@type\":\"PropertyValueSpecification\",\"valueRequired\":true,\"valueName\":\"search_term_string\"}}],\"inLanguage\":\"en-US\"}]}<\/script>\n<!-- \/ Yoast SEO plugin. -->","yoast_head_json":{"title":"Our Horses - B\u00f8 og Lifjell Turridning","robots":{"index":"index","follow":"follow","max-snippet":"max-snippet:-1","max-image-preview":"max-image-preview:large","max-video-preview":"max-video-preview:-1"},"canonical":"https:\/\/visitbo.no\/turridning\/en\/our-horses\/","og_locale":"en_US","og_type":"article","og_title":"Our Horses - B\u00f8 og Lifjell Turridning","og_description":"Her kommer en liten presentasjon av v\u00e5re turhester fra B\u00f8 og Lifjell Turridning, oppstall\u00f8rhester og Ragnhilds privathester som brukes som lederhester. Tenk s\u00e5 g\u00f8y \u00e5 bli med oss p\u00e5 tur og allerede f\u00f8le at du kjenner hestene litt! TURHESTENEVinur fra Holmesland Born: 01.06.2014 Father: Farandi fra J\u00f8rstad Mother: Perla fra Bujord Vinur is a horse with a lot of charm. ... Read More","og_url":"https:\/\/visitbo.no\/turridning\/en\/our-horses\/","og_site_name":"B\u00f8 og Lifjell Turridning","article_modified_time":"2025-12-11T17:58:13+00:00","og_image":[{"width":1920,"height":1280,"url":"https:\/\/visitbo.no\/turridning\/wp-content\/uploads\/sites\/36\/2024\/11\/DSC_7744.jpg","type":"image\/jpeg"}],"twitter_card":"summary_large_image","twitter_misc":{"Est. reading time":"8 minutes"},"schema":{"@context":"https:\/\/schema.org","@graph":[{"@type":"WebPage","@id":"https:\/\/visitbo.no\/turridning\/en\/our-horses\/","url":"https:\/\/visitbo.no\/turridning\/en\/our-horses\/","name":"Our Horses - B\u00f8 og Lifjell Turridning","isPartOf":{"@id":"https:\/\/visitbo.no\/turridning\/en\/#website"},"primaryImageOfPage":{"@id":"https:\/\/visitbo.no\/turridning\/en\/our-horses\/#primaryimage"},"image":{"@id":"https:\/\/visitbo.no\/turridning\/en\/our-horses\/#primaryimage"},"thumbnailUrl":"https:\/\/visitbo.no\/turridning\/wp-content\/uploads\/sites\/36\/2024\/11\/DSC_7744.jpg","datePublished":"2024-02-09T13:32:05+00:00","dateModified":"2025-12-11T17:58:13+00:00","breadcrumb":{"@id":"https:\/\/visitbo.no\/turridning\/en\/our-horses\/#breadcrumb"},"inLanguage":"en-US","potentialAction":[{"@type":"ReadAction","target":["https:\/\/visitbo.no\/turridning\/en\/our-horses\/"]}]},{"@type":"ImageObject","inLanguage":"en-US","@id":"https:\/\/visitbo.no\/turridning\/en\/our-horses\/#primaryimage","url":"https:\/\/visitbo.no\/turridning\/wp-content\/uploads\/sites\/36\/2024\/11\/DSC_7744.jpg","contentUrl":"https:\/\/visitbo.no\/turridning\/wp-content\/uploads\/sites\/36\/2024\/11\/DSC_7744.jpg","width":1920,"height":1280,"caption":"Turhe"},{"@type":"BreadcrumbList","@id":"https:\/\/visitbo.no\/turridning\/en\/our-horses\/#breadcrumb","itemListElement":[{"@type":"ListItem","position":1,"name":"Hjem","item":"https:\/\/visitbo.no\/turridning\/en\/"},{"@type":"ListItem","position":2,"name":"Our Horses"}]},{"@type":"WebSite","@id":"https:\/\/visitbo.no\/turridning\/en\/#website","url":"https:\/\/visitbo.no\/turridning\/en\/","name":"B\u00f8 og Lifjell Turridning","description":"One online experience - for everything your destination has to offer.","potentialAction":[{"@type":"SearchAction","target":{"@type":"EntryPoint","urlTemplate":"https:\/\/visitbo.no\/turridning\/en\/?s={search_term_string}"},"query-input":{"@type":"PropertyValueSpecification","valueRequired":true,"valueName":"search_term_string"}}],"inLanguage":"en-US"}]}},"_links":{"self":[{"href":"https:\/\/visitbo.no\/turridning\/en\/wp-json\/wp\/v2\/pages\/9594","targetHints":{"allow":["GET"]}}],"collection":[{"href":"https:\/\/visitbo.no\/turridning\/en\/wp-json\/wp\/v2\/pages"}],"about":[{"href":"https:\/\/visitbo.no\/turridning\/en\/wp-json\/wp\/v2\/types\/page"}],"author":[{"embeddable":true,"href":"https:\/\/visitbo.no\/turridning\/en\/wp-json\/wp\/v2\/users\/76"}],"replies":[{"embeddable":true,"href":"https:\/\/visitbo.no\/turridning\/en\/wp-json\/wp\/v2\/comments?post=9594"}],"version-history":[{"count":7,"href":"https:\/\/visitbo.no\/turridning\/en\/wp-json\/wp\/v2\/pages\/9594\/revisions"}],"predecessor-version":[{"id":10584,"href":"https:\/\/visitbo.no\/turridning\/en\/wp-json\/wp\/v2\/pages\/9594\/revisions\/10584"}],"wp:featuredmedia":[{"embeddable":true,"href":"https:\/\/visitbo.no\/turridning\/en\/wp-json\/wp\/v2\/media\/9831"}],"wp:attachment":[{"href":"https:\/\/visitbo.no\/turridning\/en\/wp-json\/wp\/v2\/media?parent=9594"}],"curies":[{"name":"wp","href":"https:\/\/api.w.org\/{rel}","templated":true}]}}