{"id":7723,"date":"2019-03-29T10:50:45","date_gmt":"2019-03-29T09:50:45","guid":{"rendered":"https:\/\/visitbo.no\/turridning\/?page_id=7723"},"modified":"2025-05-29T14:16:37","modified_gmt":"2025-05-29T12:16:37","slug":"kontakt","status":"publish","type":"page","link":"https:\/\/visitbo.no\/turridning\/kontakt\/","title":{"rendered":"Om oss og kontakt"},"content":{"rendered":"<div id=\"cs-content\" class=\"cs-content\"><\/div>\n","protected":false},"excerpt":{"rendered":"<p>B\u00f8 og Lifjell Turridning AS ble startet opp av to venninner,\u00a0 Ragnhild Rekanes og hennes venninne, med stor lidenskap for hest, folk og fjell.\u00a0Etter oppstarten i 2016 viste det seg \u00e5 bli en stor suksess. N\u00e5 kj\u00f8rer Ragnhild opp et 20 talls hester til beiteomr\u00e5der ved Lifjell hver sommer, og rir ut p\u00e5 et variert utvalg av turer i juli &#8230; <\/p>\n<div><a href=\"https:\/\/visitbo.no\/turridning\/kontakt\/\" class=\"more-link\">Read More<\/a><\/div>\n","protected":false},"author":6,"featured_media":0,"parent":0,"menu_order":3,"comment_status":"closed","ping_status":"closed","template":"","meta":{"_relevanssi_hide_post":"","_relevanssi_hide_content":"","_relevanssi_pin_for_all":"","_relevanssi_pin_keywords":"","_relevanssi_unpin_keywords":"","_relevanssi_related_keywords":"","_relevanssi_related_include_ids":"","_relevanssi_related_exclude_ids":"","_relevanssi_related_no_append":"","_relevanssi_related_not_related":"","_relevanssi_related_posts":"","_relevanssi_noindex_reason":"","footnotes":""},"class_list":["post-7723","page","type-page","status-publish","hentry","no-post-thumbnail"],"yoast_head":"<!-- This site is optimized with the Yoast SEO plugin v27.2 - https:\/\/yoast.com\/product\/yoast-seo-wordpress\/ -->\n<title>Om oss og kontakt - B\u00f8 og Lifjell Turridning<\/title>\n<meta name=\"robots\" content=\"index, follow, max-snippet:-1, max-image-preview:large, max-video-preview:-1\" \/>\n<link rel=\"canonical\" href=\"https:\/\/visitbo.no\/turridning\/kontakt\/\" \/>\n<meta property=\"og:locale\" content=\"nb_NO\" \/>\n<meta property=\"og:type\" content=\"article\" \/>\n<meta property=\"og:title\" content=\"Om oss og kontakt - B\u00f8 og Lifjell Turridning\" \/>\n<meta property=\"og:description\" content=\"B\u00f8 og Lifjell Turridning AS ble startet opp av to venninner,\u00a0 Ragnhild Rekanes og hennes venninne, med stor lidenskap for hest, folk og fjell.\u00a0Etter oppstarten i 2016 viste det seg \u00e5 bli en stor suksess. N\u00e5 kj\u00f8rer Ragnhild opp et 20 talls hester til beiteomr\u00e5der ved Lifjell hver sommer, og rir ut p\u00e5 et variert utvalg av turer i juli ... Read More\" \/>\n<meta property=\"og:url\" content=\"https:\/\/visitbo.no\/turridning\/kontakt\/\" \/>\n<meta property=\"og:site_name\" content=\"B\u00f8 og Lifjell Turridning\" \/>\n<meta property=\"article:modified_time\" content=\"2025-05-29T12:16:37+00:00\" \/>\n<meta property=\"og:image\" content=\"https:\/\/visitbo.no\/turridning\/wp-content\/uploads\/sites\/36\/2022\/08\/received_383215817218545.jpeg\" \/>\n<meta name=\"twitter:card\" content=\"summary_large_image\" \/>\n<meta name=\"twitter:label1\" content=\"Ansl. lesetid\" \/>\n\t<meta name=\"twitter:data1\" content=\"5 minutter\" \/>\n<script type=\"application\/ld+json\" class=\"yoast-schema-graph\">{\"@context\":\"https:\/\/schema.org\",\"@graph\":[{\"@type\":\"WebPage\",\"@id\":\"https:\/\/visitbo.no\/turridning\/kontakt\/\",\"url\":\"https:\/\/visitbo.no\/turridning\/kontakt\/\",\"name\":\"Om oss og kontakt - B\u00f8 og Lifjell Turridning\",\"isPartOf\":{\"@id\":\"https:\/\/visitbo.no\/turridning\/#website\"},\"primaryImageOfPage\":{\"@id\":\"https:\/\/visitbo.no\/turridning\/kontakt\/#primaryimage\"},\"image\":{\"@id\":\"https:\/\/visitbo.no\/turridning\/kontakt\/#primaryimage\"},\"thumbnailUrl\":\"https:\/\/visitbo.no\/turridning\/wp-content\/uploads\/sites\/36\/2022\/08\/received_383215817218545.jpeg\",\"datePublished\":\"2019-03-29T09:50:45+00:00\",\"dateModified\":\"2025-05-29T12:16:37+00:00\",\"breadcrumb\":{\"@id\":\"https:\/\/visitbo.no\/turridning\/kontakt\/#breadcrumb\"},\"inLanguage\":\"nb-NO\",\"potentialAction\":[{\"@type\":\"ReadAction\",\"target\":[\"https:\/\/visitbo.no\/turridning\/kontakt\/\"]}]},{\"@type\":\"ImageObject\",\"inLanguage\":\"nb-NO\",\"@id\":\"https:\/\/visitbo.no\/turridning\/kontakt\/#primaryimage\",\"url\":\"https:\/\/visitbo.no\/turridning\/wp-content\/uploads\/sites\/36\/2022\/08\/received_383215817218545.jpeg\",\"contentUrl\":\"https:\/\/visitbo.no\/turridning\/wp-content\/uploads\/sites\/36\/2022\/08\/received_383215817218545.jpeg\"},{\"@type\":\"BreadcrumbList\",\"@id\":\"https:\/\/visitbo.no\/turridning\/kontakt\/#breadcrumb\",\"itemListElement\":[{\"@type\":\"ListItem\",\"position\":1,\"name\":\"Hjem\",\"item\":\"https:\/\/visitbo.no\/turridning\/\"},{\"@type\":\"ListItem\",\"position\":2,\"name\":\"Om oss og kontakt\"}]},{\"@type\":\"WebSite\",\"@id\":\"https:\/\/visitbo.no\/turridning\/#website\",\"url\":\"https:\/\/visitbo.no\/turridning\/\",\"name\":\"B\u00f8 og Lifjell Turridning\",\"description\":\"One online experience - for everything your destination has to offer.\",\"potentialAction\":[{\"@type\":\"SearchAction\",\"target\":{\"@type\":\"EntryPoint\",\"urlTemplate\":\"https:\/\/visitbo.no\/turridning\/?s={search_term_string}\"},\"query-input\":{\"@type\":\"PropertyValueSpecification\",\"valueRequired\":true,\"valueName\":\"search_term_string\"}}],\"inLanguage\":\"nb-NO\"}]}<\/script>\n<!-- \/ Yoast SEO plugin. -->","yoast_head_json":{"title":"Om oss og kontakt - B\u00f8 og Lifjell Turridning","robots":{"index":"index","follow":"follow","max-snippet":"max-snippet:-1","max-image-preview":"max-image-preview:large","max-video-preview":"max-video-preview:-1"},"canonical":"https:\/\/visitbo.no\/turridning\/kontakt\/","og_locale":"nb_NO","og_type":"article","og_title":"Om oss og kontakt - B\u00f8 og Lifjell Turridning","og_description":"B\u00f8 og Lifjell Turridning AS ble startet opp av to venninner,\u00a0 Ragnhild Rekanes og hennes venninne, med stor lidenskap for hest, folk og fjell.\u00a0Etter oppstarten i 2016 viste det seg \u00e5 bli en stor suksess. N\u00e5 kj\u00f8rer Ragnhild opp et 20 talls hester til beiteomr\u00e5der ved Lifjell hver sommer, og rir ut p\u00e5 et variert utvalg av turer i juli ... Read More","og_url":"https:\/\/visitbo.no\/turridning\/kontakt\/","og_site_name":"B\u00f8 og Lifjell Turridning","article_modified_time":"2025-05-29T12:16:37+00:00","og_image":[{"url":"https:\/\/visitbo.no\/turridning\/wp-content\/uploads\/sites\/36\/2022\/08\/received_383215817218545.jpeg","type":"","width":"","height":""}],"twitter_card":"summary_large_image","twitter_misc":{"Ansl. lesetid":"5 minutter"},"schema":{"@context":"https:\/\/schema.org","@graph":[{"@type":"WebPage","@id":"https:\/\/visitbo.no\/turridning\/kontakt\/","url":"https:\/\/visitbo.no\/turridning\/kontakt\/","name":"Om oss og kontakt - B\u00f8 og Lifjell Turridning","isPartOf":{"@id":"https:\/\/visitbo.no\/turridning\/#website"},"primaryImageOfPage":{"@id":"https:\/\/visitbo.no\/turridning\/kontakt\/#primaryimage"},"image":{"@id":"https:\/\/visitbo.no\/turridning\/kontakt\/#primaryimage"},"thumbnailUrl":"https:\/\/visitbo.no\/turridning\/wp-content\/uploads\/sites\/36\/2022\/08\/received_383215817218545.jpeg","datePublished":"2019-03-29T09:50:45+00:00","dateModified":"2025-05-29T12:16:37+00:00","breadcrumb":{"@id":"https:\/\/visitbo.no\/turridning\/kontakt\/#breadcrumb"},"inLanguage":"nb-NO","potentialAction":[{"@type":"ReadAction","target":["https:\/\/visitbo.no\/turridning\/kontakt\/"]}]},{"@type":"ImageObject","inLanguage":"nb-NO","@id":"https:\/\/visitbo.no\/turridning\/kontakt\/#primaryimage","url":"https:\/\/visitbo.no\/turridning\/wp-content\/uploads\/sites\/36\/2022\/08\/received_383215817218545.jpeg","contentUrl":"https:\/\/visitbo.no\/turridning\/wp-content\/uploads\/sites\/36\/2022\/08\/received_383215817218545.jpeg"},{"@type":"BreadcrumbList","@id":"https:\/\/visitbo.no\/turridning\/kontakt\/#breadcrumb","itemListElement":[{"@type":"ListItem","position":1,"name":"Hjem","item":"https:\/\/visitbo.no\/turridning\/"},{"@type":"ListItem","position":2,"name":"Om oss og kontakt"}]},{"@type":"WebSite","@id":"https:\/\/visitbo.no\/turridning\/#website","url":"https:\/\/visitbo.no\/turridning\/","name":"B\u00f8 og Lifjell Turridning","description":"One online experience - for everything your destination has to offer.","potentialAction":[{"@type":"SearchAction","target":{"@type":"EntryPoint","urlTemplate":"https:\/\/visitbo.no\/turridning\/?s={search_term_string}"},"query-input":{"@type":"PropertyValueSpecification","valueRequired":true,"valueName":"search_term_string"}}],"inLanguage":"nb-NO"}]}},"_links":{"self":[{"href":"https:\/\/visitbo.no\/turridning\/wp-json\/wp\/v2\/pages\/7723","targetHints":{"allow":["GET"]}}],"collection":[{"href":"https:\/\/visitbo.no\/turridning\/wp-json\/wp\/v2\/pages"}],"about":[{"href":"https:\/\/visitbo.no\/turridning\/wp-json\/wp\/v2\/types\/page"}],"author":[{"embeddable":true,"href":"https:\/\/visitbo.no\/turridning\/wp-json\/wp\/v2\/users\/6"}],"replies":[{"embeddable":true,"href":"https:\/\/visitbo.no\/turridning\/wp-json\/wp\/v2\/comments?post=7723"}],"version-history":[{"count":33,"href":"https:\/\/visitbo.no\/turridning\/wp-json\/wp\/v2\/pages\/7723\/revisions"}],"predecessor-version":[{"id":10253,"href":"https:\/\/visitbo.no\/turridning\/wp-json\/wp\/v2\/pages\/7723\/revisions\/10253"}],"wp:attachment":[{"href":"https:\/\/visitbo.no\/turridning\/wp-json\/wp\/v2\/media?parent=7723"}],"curies":[{"name":"wp","href":"https:\/\/api.w.org\/{rel}","templated":true}]}}