{"id":9551,"date":"2024-02-09T14:32:05","date_gmt":"2024-02-09T13:32:05","guid":{"rendered":"https:\/\/visitbo.no\/turridning\/?page_id=9551"},"modified":"2025-12-11T18:58:04","modified_gmt":"2025-12-11T17:58:04","slug":"vare-hester-2","status":"publish","type":"page","link":"https:\/\/visitbo.no\/turridning\/vare-hester-2\/","title":{"rendered":"V\u00e5re hester"},"content":{"rendered":"<div id=\"cs-content\" class=\"cs-content\"><\/div>\n","protected":false},"excerpt":{"rendered":"<p>Her kommer en liten presentasjon av v\u00e5re turhester fra B\u00f8 og Lifjell Turridning, oppstall\u00f8rhester og Ragnhilds privathester som brukes som lederhester. Tenk s\u00e5 g\u00f8y \u00e5 bli med oss p\u00e5 tur og allerede f\u00f8le at du kjenner hestene litt! TURHESTENEVinur fra Holmesland F\u00f8dt: 01.06.2014 Far: Farandi fra J\u00f8rstad Mor: Perla fra Bujord Vinur er en hest med mye sjarm. Han passer &#8230; <\/p>\n<div><a href=\"https:\/\/visitbo.no\/turridning\/vare-hester-2\/\" class=\"more-link\">Read More<\/a><\/div>\n","protected":false},"author":76,"featured_media":9830,"parent":0,"menu_order":3,"comment_status":"closed","ping_status":"closed","template":"","meta":{"_relevanssi_hide_post":"","_relevanssi_hide_content":"","_relevanssi_pin_for_all":"","_relevanssi_pin_keywords":"","_relevanssi_unpin_keywords":"","_relevanssi_related_keywords":"","_relevanssi_related_include_ids":"","_relevanssi_related_exclude_ids":"","_relevanssi_related_no_append":"","_relevanssi_related_not_related":"","_relevanssi_related_posts":"","_relevanssi_noindex_reason":"","footnotes":""},"class_list":["post-9551","page","type-page","status-publish","has-post-thumbnail","hentry"],"yoast_head":"<!-- This site is optimized with the Yoast SEO plugin v27.2 - https:\/\/yoast.com\/product\/yoast-seo-wordpress\/ -->\n<title>V\u00e5re hester - B\u00f8 og Lifjell Turridning<\/title>\n<meta name=\"description\" content=\"Her kan du finne en kort introduksjon til B\u00f8 og Lifjell sine turhester, oppstall\u00f8rhester og Ragnhild Rekanes egne privathester.\" \/>\n<meta name=\"robots\" content=\"index, follow, max-snippet:-1, max-image-preview:large, max-video-preview:-1\" \/>\n<link rel=\"canonical\" href=\"https:\/\/visitbo.no\/turridning\/vare-hester-2\/\" \/>\n<meta property=\"og:locale\" content=\"nb_NO\" \/>\n<meta property=\"og:type\" content=\"article\" \/>\n<meta property=\"og:title\" content=\"V\u00e5re hester - B\u00f8 og Lifjell Turridning\" \/>\n<meta property=\"og:description\" content=\"Her kan du finne en kort introduksjon til B\u00f8 og Lifjell sine turhester, oppstall\u00f8rhester og Ragnhild Rekanes egne privathester.\" \/>\n<meta property=\"og:url\" content=\"https:\/\/visitbo.no\/turridning\/vare-hester-2\/\" \/>\n<meta property=\"og:site_name\" content=\"B\u00f8 og Lifjell Turridning\" \/>\n<meta property=\"article:modified_time\" content=\"2025-12-11T17:58:04+00:00\" \/>\n<meta property=\"og:image\" content=\"https:\/\/visitbo.no\/turridning\/wp-content\/uploads\/sites\/36\/2024\/11\/DSC_7744.jpg\" \/>\n\t<meta property=\"og:image:width\" content=\"1920\" \/>\n\t<meta property=\"og:image:height\" content=\"1280\" \/>\n\t<meta property=\"og:image:type\" content=\"image\/jpeg\" \/>\n<meta name=\"twitter:card\" content=\"summary_large_image\" \/>\n<meta name=\"twitter:label1\" content=\"Ansl. lesetid\" \/>\n\t<meta name=\"twitter:data1\" content=\"1 minutt\" \/>\n<script type=\"application\/ld+json\" class=\"yoast-schema-graph\">{\"@context\":\"https:\/\/schema.org\",\"@graph\":[{\"@type\":\"WebPage\",\"@id\":\"https:\/\/visitbo.no\/turridning\/vare-hester-2\/\",\"url\":\"https:\/\/visitbo.no\/turridning\/vare-hester-2\/\",\"name\":\"V\u00e5re hester - B\u00f8 og Lifjell Turridning\",\"isPartOf\":{\"@id\":\"https:\/\/visitbo.no\/turridning\/#website\"},\"primaryImageOfPage\":{\"@id\":\"https:\/\/visitbo.no\/turridning\/vare-hester-2\/#primaryimage\"},\"image\":{\"@id\":\"https:\/\/visitbo.no\/turridning\/vare-hester-2\/#primaryimage\"},\"thumbnailUrl\":\"https:\/\/visitbo.no\/turridning\/wp-content\/uploads\/sites\/36\/2024\/11\/DSC_7744.jpg\",\"datePublished\":\"2024-02-09T13:32:05+00:00\",\"dateModified\":\"2025-12-11T17:58:04+00:00\",\"description\":\"Her kan du finne en kort introduksjon til B\u00f8 og Lifjell sine turhester, oppstall\u00f8rhester og Ragnhild Rekanes egne privathester.\",\"breadcrumb\":{\"@id\":\"https:\/\/visitbo.no\/turridning\/vare-hester-2\/#breadcrumb\"},\"inLanguage\":\"nb-NO\",\"potentialAction\":[{\"@type\":\"ReadAction\",\"target\":[\"https:\/\/visitbo.no\/turridning\/vare-hester-2\/\"]}]},{\"@type\":\"ImageObject\",\"inLanguage\":\"nb-NO\",\"@id\":\"https:\/\/visitbo.no\/turridning\/vare-hester-2\/#primaryimage\",\"url\":\"https:\/\/visitbo.no\/turridning\/wp-content\/uploads\/sites\/36\/2024\/11\/DSC_7744.jpg\",\"contentUrl\":\"https:\/\/visitbo.no\/turridning\/wp-content\/uploads\/sites\/36\/2024\/11\/DSC_7744.jpg\",\"width\":1920,\"height\":1280,\"caption\":\"Turhestene i galopp i en bakke\"},{\"@type\":\"BreadcrumbList\",\"@id\":\"https:\/\/visitbo.no\/turridning\/vare-hester-2\/#breadcrumb\",\"itemListElement\":[{\"@type\":\"ListItem\",\"position\":1,\"name\":\"Hjem\",\"item\":\"https:\/\/visitbo.no\/turridning\/\"},{\"@type\":\"ListItem\",\"position\":2,\"name\":\"V\u00e5re hester\"}]},{\"@type\":\"WebSite\",\"@id\":\"https:\/\/visitbo.no\/turridning\/#website\",\"url\":\"https:\/\/visitbo.no\/turridning\/\",\"name\":\"B\u00f8 og Lifjell Turridning\",\"description\":\"One online experience - for everything your destination has to offer.\",\"potentialAction\":[{\"@type\":\"SearchAction\",\"target\":{\"@type\":\"EntryPoint\",\"urlTemplate\":\"https:\/\/visitbo.no\/turridning\/?s={search_term_string}\"},\"query-input\":{\"@type\":\"PropertyValueSpecification\",\"valueRequired\":true,\"valueName\":\"search_term_string\"}}],\"inLanguage\":\"nb-NO\"}]}<\/script>\n<!-- \/ Yoast SEO plugin. -->","yoast_head_json":{"title":"V\u00e5re hester - B\u00f8 og Lifjell Turridning","description":"Her kan du finne en kort introduksjon til B\u00f8 og Lifjell sine turhester, oppstall\u00f8rhester og Ragnhild Rekanes egne privathester.","robots":{"index":"index","follow":"follow","max-snippet":"max-snippet:-1","max-image-preview":"max-image-preview:large","max-video-preview":"max-video-preview:-1"},"canonical":"https:\/\/visitbo.no\/turridning\/vare-hester-2\/","og_locale":"nb_NO","og_type":"article","og_title":"V\u00e5re hester - B\u00f8 og Lifjell Turridning","og_description":"Her kan du finne en kort introduksjon til B\u00f8 og Lifjell sine turhester, oppstall\u00f8rhester og Ragnhild Rekanes egne privathester.","og_url":"https:\/\/visitbo.no\/turridning\/vare-hester-2\/","og_site_name":"B\u00f8 og Lifjell Turridning","article_modified_time":"2025-12-11T17:58:04+00:00","og_image":[{"width":1920,"height":1280,"url":"https:\/\/visitbo.no\/turridning\/wp-content\/uploads\/sites\/36\/2024\/11\/DSC_7744.jpg","type":"image\/jpeg"}],"twitter_card":"summary_large_image","twitter_misc":{"Ansl. lesetid":"1 minutt"},"schema":{"@context":"https:\/\/schema.org","@graph":[{"@type":"WebPage","@id":"https:\/\/visitbo.no\/turridning\/vare-hester-2\/","url":"https:\/\/visitbo.no\/turridning\/vare-hester-2\/","name":"V\u00e5re hester - B\u00f8 og Lifjell Turridning","isPartOf":{"@id":"https:\/\/visitbo.no\/turridning\/#website"},"primaryImageOfPage":{"@id":"https:\/\/visitbo.no\/turridning\/vare-hester-2\/#primaryimage"},"image":{"@id":"https:\/\/visitbo.no\/turridning\/vare-hester-2\/#primaryimage"},"thumbnailUrl":"https:\/\/visitbo.no\/turridning\/wp-content\/uploads\/sites\/36\/2024\/11\/DSC_7744.jpg","datePublished":"2024-02-09T13:32:05+00:00","dateModified":"2025-12-11T17:58:04+00:00","description":"Her kan du finne en kort introduksjon til B\u00f8 og Lifjell sine turhester, oppstall\u00f8rhester og Ragnhild Rekanes egne privathester.","breadcrumb":{"@id":"https:\/\/visitbo.no\/turridning\/vare-hester-2\/#breadcrumb"},"inLanguage":"nb-NO","potentialAction":[{"@type":"ReadAction","target":["https:\/\/visitbo.no\/turridning\/vare-hester-2\/"]}]},{"@type":"ImageObject","inLanguage":"nb-NO","@id":"https:\/\/visitbo.no\/turridning\/vare-hester-2\/#primaryimage","url":"https:\/\/visitbo.no\/turridning\/wp-content\/uploads\/sites\/36\/2024\/11\/DSC_7744.jpg","contentUrl":"https:\/\/visitbo.no\/turridning\/wp-content\/uploads\/sites\/36\/2024\/11\/DSC_7744.jpg","width":1920,"height":1280,"caption":"Turhestene i galopp i en bakke"},{"@type":"BreadcrumbList","@id":"https:\/\/visitbo.no\/turridning\/vare-hester-2\/#breadcrumb","itemListElement":[{"@type":"ListItem","position":1,"name":"Hjem","item":"https:\/\/visitbo.no\/turridning\/"},{"@type":"ListItem","position":2,"name":"V\u00e5re hester"}]},{"@type":"WebSite","@id":"https:\/\/visitbo.no\/turridning\/#website","url":"https:\/\/visitbo.no\/turridning\/","name":"B\u00f8 og Lifjell Turridning","description":"One online experience - for everything your destination has to offer.","potentialAction":[{"@type":"SearchAction","target":{"@type":"EntryPoint","urlTemplate":"https:\/\/visitbo.no\/turridning\/?s={search_term_string}"},"query-input":{"@type":"PropertyValueSpecification","valueRequired":true,"valueName":"search_term_string"}}],"inLanguage":"nb-NO"}]}},"_links":{"self":[{"href":"https:\/\/visitbo.no\/turridning\/wp-json\/wp\/v2\/pages\/9551","targetHints":{"allow":["GET"]}}],"collection":[{"href":"https:\/\/visitbo.no\/turridning\/wp-json\/wp\/v2\/pages"}],"about":[{"href":"https:\/\/visitbo.no\/turridning\/wp-json\/wp\/v2\/types\/page"}],"author":[{"embeddable":true,"href":"https:\/\/visitbo.no\/turridning\/wp-json\/wp\/v2\/users\/76"}],"replies":[{"embeddable":true,"href":"https:\/\/visitbo.no\/turridning\/wp-json\/wp\/v2\/comments?post=9551"}],"version-history":[{"count":18,"href":"https:\/\/visitbo.no\/turridning\/wp-json\/wp\/v2\/pages\/9551\/revisions"}],"predecessor-version":[{"id":10581,"href":"https:\/\/visitbo.no\/turridning\/wp-json\/wp\/v2\/pages\/9551\/revisions\/10581"}],"wp:featuredmedia":[{"embeddable":true,"href":"https:\/\/visitbo.no\/turridning\/wp-json\/wp\/v2\/media\/9830"}],"wp:attachment":[{"href":"https:\/\/visitbo.no\/turridning\/wp-json\/wp\/v2\/media?parent=9551"}],"curies":[{"name":"wp","href":"https:\/\/api.w.org\/{rel}","templated":true}]}}