{"id":9589,"date":"2025-11-13T17:33:16","date_gmt":"2025-11-13T16:33:16","guid":{"rendered":"https:\/\/visitbo.no\/turridning\/?page_id=9589"},"modified":"2025-11-19T14:51:13","modified_gmt":"2025-11-19T13:51:13","slug":"vare-tilbud","status":"publish","type":"page","link":"https:\/\/visitbo.no\/turridning\/vare-tilbud\/","title":{"rendered":"V\u00e5re tilbud"},"content":{"rendered":"<div id=\"cs-content\" class=\"cs-content\"><\/div>\n","protected":false},"excerpt":{"rendered":"<p>Vi her i B\u00f8 og Lifjell turridning AS tilbyr som mange kjenner til turer av forskjellig varighet og ferdighetsniv\u00e5 i Lifjells nydelige natur p\u00e5 sommeren fra juni til august. Vi har bl. annet: Halvdagsturer Halvdagstur m\/lunch p\u00e5 Lifjellstua 2-timersturer Heldagsturer Tur til vakre Gavlesj\u00e5 Overnattingstur til Hollane Men vi har ogs\u00e5 mange tilbud hele \u00e5ret. Fra september til mai foreg\u00e5r &#8230; <\/p>\n<div><a href=\"https:\/\/visitbo.no\/turridning\/vare-tilbud\/\" class=\"more-link\">Read More<\/a><\/div>\n","protected":false},"author":3,"featured_media":0,"parent":0,"menu_order":3,"comment_status":"closed","ping_status":"closed","template":"","meta":{"_relevanssi_hide_post":"","_relevanssi_hide_content":"","_relevanssi_pin_for_all":"","_relevanssi_pin_keywords":"","_relevanssi_unpin_keywords":"","_relevanssi_related_keywords":"","_relevanssi_related_include_ids":"","_relevanssi_related_exclude_ids":"","_relevanssi_related_no_append":"","_relevanssi_related_not_related":"","_relevanssi_related_posts":"","_relevanssi_noindex_reason":"","footnotes":""},"class_list":["post-9589","page","type-page","status-publish","hentry","no-post-thumbnail"],"yoast_head":"<!-- This site is optimized with the Yoast SEO plugin v27.2 - https:\/\/yoast.com\/product\/yoast-seo-wordpress\/ -->\n<title>V\u00e5re tilbud - B\u00f8 og Lifjell Turridning<\/title>\n<meta name=\"description\" content=\"Her kan du finne beskrivelse av v\u00e5re tilbud \u00e5ret rundt - b\u00e5de sommersesongen p\u00e5 Lifjell og vintersesongen p\u00e5 H\u00f8rte\" \/>\n<meta name=\"robots\" content=\"index, follow, max-snippet:-1, max-image-preview:large, max-video-preview:-1\" \/>\n<link rel=\"canonical\" href=\"https:\/\/visitbo.no\/turridning\/vare-tilbud\/\" \/>\n<meta property=\"og:locale\" content=\"nb_NO\" \/>\n<meta property=\"og:type\" content=\"article\" \/>\n<meta property=\"og:title\" content=\"V\u00e5re tilbud - B\u00f8 og Lifjell Turridning\" \/>\n<meta property=\"og:description\" content=\"Her kan du finne beskrivelse av v\u00e5re tilbud \u00e5ret rundt - b\u00e5de sommersesongen p\u00e5 Lifjell og vintersesongen p\u00e5 H\u00f8rte\" \/>\n<meta property=\"og:url\" content=\"https:\/\/visitbo.no\/turridning\/vare-tilbud\/\" \/>\n<meta property=\"og:site_name\" content=\"B\u00f8 og Lifjell Turridning\" \/>\n<meta property=\"article:modified_time\" content=\"2025-11-19T13:51:13+00:00\" \/>\n<meta property=\"og:image\" content=\"https:\/\/visitbo.no\/turridning\/wp-content\/uploads\/sites\/36\/2024\/07\/redigert4.jpg\" \/>\n\t<meta property=\"og:image:width\" content=\"600\" \/>\n\t<meta property=\"og:image:height\" content=\"450\" \/>\n\t<meta property=\"og:image:type\" content=\"image\/jpeg\" \/>\n<meta name=\"twitter:card\" content=\"summary_large_image\" \/>\n<meta name=\"twitter:label1\" content=\"Ansl. lesetid\" \/>\n\t<meta name=\"twitter:data1\" content=\"10 minutter\" \/>\n<script type=\"application\/ld+json\" class=\"yoast-schema-graph\">{\"@context\":\"https:\/\/schema.org\",\"@graph\":[{\"@type\":\"WebPage\",\"@id\":\"https:\/\/visitbo.no\/turridning\/vare-tilbud\/\",\"url\":\"https:\/\/visitbo.no\/turridning\/vare-tilbud\/\",\"name\":\"V\u00e5re tilbud - B\u00f8 og Lifjell Turridning\",\"isPartOf\":{\"@id\":\"https:\/\/visitbo.no\/turridning\/#website\"},\"datePublished\":\"2025-11-13T16:33:16+00:00\",\"dateModified\":\"2025-11-19T13:51:13+00:00\",\"description\":\"Her kan du finne beskrivelse av v\u00e5re tilbud \u00e5ret rundt - b\u00e5de sommersesongen p\u00e5 Lifjell og vintersesongen p\u00e5 H\u00f8rte\",\"breadcrumb\":{\"@id\":\"https:\/\/visitbo.no\/turridning\/vare-tilbud\/#breadcrumb\"},\"inLanguage\":\"nb-NO\",\"potentialAction\":[{\"@type\":\"ReadAction\",\"target\":[\"https:\/\/visitbo.no\/turridning\/vare-tilbud\/\"]}]},{\"@type\":\"BreadcrumbList\",\"@id\":\"https:\/\/visitbo.no\/turridning\/vare-tilbud\/#breadcrumb\",\"itemListElement\":[{\"@type\":\"ListItem\",\"position\":1,\"name\":\"Hjem\",\"item\":\"https:\/\/visitbo.no\/turridning\/\"},{\"@type\":\"ListItem\",\"position\":2,\"name\":\"V\u00e5re tilbud\"}]},{\"@type\":\"WebSite\",\"@id\":\"https:\/\/visitbo.no\/turridning\/#website\",\"url\":\"https:\/\/visitbo.no\/turridning\/\",\"name\":\"B\u00f8 og Lifjell Turridning\",\"description\":\"One online experience - for everything your destination has to offer.\",\"potentialAction\":[{\"@type\":\"SearchAction\",\"target\":{\"@type\":\"EntryPoint\",\"urlTemplate\":\"https:\/\/visitbo.no\/turridning\/?s={search_term_string}\"},\"query-input\":{\"@type\":\"PropertyValueSpecification\",\"valueRequired\":true,\"valueName\":\"search_term_string\"}}],\"inLanguage\":\"nb-NO\"}]}<\/script>\n<!-- \/ Yoast SEO plugin. -->","yoast_head_json":{"title":"V\u00e5re tilbud - B\u00f8 og Lifjell Turridning","description":"Her kan du finne beskrivelse av v\u00e5re tilbud \u00e5ret rundt - b\u00e5de sommersesongen p\u00e5 Lifjell og vintersesongen p\u00e5 H\u00f8rte","robots":{"index":"index","follow":"follow","max-snippet":"max-snippet:-1","max-image-preview":"max-image-preview:large","max-video-preview":"max-video-preview:-1"},"canonical":"https:\/\/visitbo.no\/turridning\/vare-tilbud\/","og_locale":"nb_NO","og_type":"article","og_title":"V\u00e5re tilbud - B\u00f8 og Lifjell Turridning","og_description":"Her kan du finne beskrivelse av v\u00e5re tilbud \u00e5ret rundt - b\u00e5de sommersesongen p\u00e5 Lifjell og vintersesongen p\u00e5 H\u00f8rte","og_url":"https:\/\/visitbo.no\/turridning\/vare-tilbud\/","og_site_name":"B\u00f8 og Lifjell Turridning","article_modified_time":"2025-11-19T13:51:13+00:00","og_image":[{"width":600,"height":450,"url":"https:\/\/visitbo.no\/turridning\/wp-content\/uploads\/sites\/36\/2024\/07\/redigert4.jpg","type":"image\/jpeg"}],"twitter_card":"summary_large_image","twitter_misc":{"Ansl. lesetid":"10 minutter"},"schema":{"@context":"https:\/\/schema.org","@graph":[{"@type":"WebPage","@id":"https:\/\/visitbo.no\/turridning\/vare-tilbud\/","url":"https:\/\/visitbo.no\/turridning\/vare-tilbud\/","name":"V\u00e5re tilbud - B\u00f8 og Lifjell Turridning","isPartOf":{"@id":"https:\/\/visitbo.no\/turridning\/#website"},"datePublished":"2025-11-13T16:33:16+00:00","dateModified":"2025-11-19T13:51:13+00:00","description":"Her kan du finne beskrivelse av v\u00e5re tilbud \u00e5ret rundt - b\u00e5de sommersesongen p\u00e5 Lifjell og vintersesongen p\u00e5 H\u00f8rte","breadcrumb":{"@id":"https:\/\/visitbo.no\/turridning\/vare-tilbud\/#breadcrumb"},"inLanguage":"nb-NO","potentialAction":[{"@type":"ReadAction","target":["https:\/\/visitbo.no\/turridning\/vare-tilbud\/"]}]},{"@type":"BreadcrumbList","@id":"https:\/\/visitbo.no\/turridning\/vare-tilbud\/#breadcrumb","itemListElement":[{"@type":"ListItem","position":1,"name":"Hjem","item":"https:\/\/visitbo.no\/turridning\/"},{"@type":"ListItem","position":2,"name":"V\u00e5re tilbud"}]},{"@type":"WebSite","@id":"https:\/\/visitbo.no\/turridning\/#website","url":"https:\/\/visitbo.no\/turridning\/","name":"B\u00f8 og Lifjell Turridning","description":"One online experience - for everything your destination has to offer.","potentialAction":[{"@type":"SearchAction","target":{"@type":"EntryPoint","urlTemplate":"https:\/\/visitbo.no\/turridning\/?s={search_term_string}"},"query-input":{"@type":"PropertyValueSpecification","valueRequired":true,"valueName":"search_term_string"}}],"inLanguage":"nb-NO"}]}},"_links":{"self":[{"href":"https:\/\/visitbo.no\/turridning\/wp-json\/wp\/v2\/pages\/9589","targetHints":{"allow":["GET"]}}],"collection":[{"href":"https:\/\/visitbo.no\/turridning\/wp-json\/wp\/v2\/pages"}],"about":[{"href":"https:\/\/visitbo.no\/turridning\/wp-json\/wp\/v2\/types\/page"}],"author":[{"embeddable":true,"href":"https:\/\/visitbo.no\/turridning\/wp-json\/wp\/v2\/users\/3"}],"replies":[{"embeddable":true,"href":"https:\/\/visitbo.no\/turridning\/wp-json\/wp\/v2\/comments?post=9589"}],"version-history":[{"count":17,"href":"https:\/\/visitbo.no\/turridning\/wp-json\/wp\/v2\/pages\/9589\/revisions"}],"predecessor-version":[{"id":10542,"href":"https:\/\/visitbo.no\/turridning\/wp-json\/wp\/v2\/pages\/9589\/revisions\/10542"}],"wp:attachment":[{"href":"https:\/\/visitbo.no\/turridning\/wp-json\/wp\/v2\/media?parent=9589"}],"curies":[{"name":"wp","href":"https:\/\/api.w.org\/{rel}","templated":true}]}}