{"id":9639,"date":"2024-03-26T10:55:34","date_gmt":"2024-03-26T09:55:34","guid":{"rendered":"https:\/\/visitbo.no\/turridning\/?page_id=9639"},"modified":"2025-04-08T10:50:09","modified_gmt":"2025-04-08T08:50:09","slug":"vare-avbestillingsregler","status":"publish","type":"page","link":"https:\/\/visitbo.no\/turridning\/vare-avbestillingsregler\/","title":{"rendered":"Avbestillingsregler"},"content":{"rendered":"<div id=\"cs-content\" class=\"cs-content\"><\/div>\n","protected":false},"excerpt":{"rendered":"<p>ETTER \u00abALMINNELIGE VILK\u00c5R FOR PAKKEREISER\u00bb AV 2018: Avbestilling mer enn 42 dager f\u00f8r avreise: faktureres 10% av opprinnelig bel\u00f8p. Ved avbestilling mellom 42 og 15 dager f\u00f8r avreisedato: faktureres\u00a0 20 % av opprinnelig bel\u00f8p. Ved avbestilling senere enn 15 dager, eller utelatt fremm\u00f8te: Ingen refusjon. Dersom bestillingen omfatter flere, og den avtalte totalpris bygger p\u00e5 rabatter knyttet til deltagerantallet, vil &#8230; <\/p>\n<div><a href=\"https:\/\/visitbo.no\/turridning\/vare-avbestillingsregler\/\" class=\"more-link\">Read More<\/a><\/div>\n","protected":false},"author":76,"featured_media":0,"parent":0,"menu_order":3,"comment_status":"closed","ping_status":"closed","template":"","meta":{"_relevanssi_hide_post":"","_relevanssi_hide_content":"","_relevanssi_pin_for_all":"","_relevanssi_pin_keywords":"","_relevanssi_unpin_keywords":"","_relevanssi_related_keywords":"","_relevanssi_related_include_ids":"","_relevanssi_related_exclude_ids":"","_relevanssi_related_no_append":"","_relevanssi_related_not_related":"","_relevanssi_related_posts":"","_relevanssi_noindex_reason":"","footnotes":""},"class_list":["post-9639","page","type-page","status-publish","hentry","no-post-thumbnail"],"yoast_head":"<!-- This site is optimized with the Yoast SEO plugin v27.2 - https:\/\/yoast.com\/product\/yoast-seo-wordpress\/ -->\n<title>Avbestillingsregler - B\u00f8 og Lifjell Turridning<\/title>\n<meta name=\"robots\" content=\"index, follow, max-snippet:-1, max-image-preview:large, max-video-preview:-1\" \/>\n<link rel=\"canonical\" href=\"https:\/\/visitbo.no\/turridning\/vare-avbestillingsregler\/\" \/>\n<meta property=\"og:locale\" content=\"nb_NO\" \/>\n<meta property=\"og:type\" content=\"article\" \/>\n<meta property=\"og:title\" content=\"Avbestillingsregler - B\u00f8 og Lifjell Turridning\" \/>\n<meta property=\"og:description\" content=\"ETTER \u00abALMINNELIGE VILK\u00c5R FOR PAKKEREISER\u00bb AV 2018: Avbestilling mer enn 42 dager f\u00f8r avreise: faktureres 10% av opprinnelig bel\u00f8p. Ved avbestilling mellom 42 og 15 dager f\u00f8r avreisedato: faktureres\u00a0 20 % av opprinnelig bel\u00f8p. Ved avbestilling senere enn 15 dager, eller utelatt fremm\u00f8te: Ingen refusjon. Dersom bestillingen omfatter flere, og den avtalte totalpris bygger p\u00e5 rabatter knyttet til deltagerantallet, vil ... Read More\" \/>\n<meta property=\"og:url\" content=\"https:\/\/visitbo.no\/turridning\/vare-avbestillingsregler\/\" \/>\n<meta property=\"og:site_name\" content=\"B\u00f8 og Lifjell Turridning\" \/>\n<meta property=\"article:modified_time\" content=\"2025-04-08T08:50:09+00:00\" \/>\n<meta name=\"twitter:card\" content=\"summary_large_image\" \/>\n<meta name=\"twitter:label1\" content=\"Ansl. lesetid\" \/>\n\t<meta name=\"twitter:data1\" content=\"3 minutter\" \/>\n<script type=\"application\/ld+json\" class=\"yoast-schema-graph\">{\"@context\":\"https:\/\/schema.org\",\"@graph\":[{\"@type\":\"WebPage\",\"@id\":\"https:\/\/visitbo.no\/turridning\/vare-avbestillingsregler\/\",\"url\":\"https:\/\/visitbo.no\/turridning\/vare-avbestillingsregler\/\",\"name\":\"Avbestillingsregler - B\u00f8 og Lifjell Turridning\",\"isPartOf\":{\"@id\":\"https:\/\/visitbo.no\/turridning\/#website\"},\"datePublished\":\"2024-03-26T09:55:34+00:00\",\"dateModified\":\"2025-04-08T08:50:09+00:00\",\"breadcrumb\":{\"@id\":\"https:\/\/visitbo.no\/turridning\/vare-avbestillingsregler\/#breadcrumb\"},\"inLanguage\":\"nb-NO\",\"potentialAction\":[{\"@type\":\"ReadAction\",\"target\":[\"https:\/\/visitbo.no\/turridning\/vare-avbestillingsregler\/\"]}]},{\"@type\":\"BreadcrumbList\",\"@id\":\"https:\/\/visitbo.no\/turridning\/vare-avbestillingsregler\/#breadcrumb\",\"itemListElement\":[{\"@type\":\"ListItem\",\"position\":1,\"name\":\"Hjem\",\"item\":\"https:\/\/visitbo.no\/turridning\/\"},{\"@type\":\"ListItem\",\"position\":2,\"name\":\"Avbestillingsregler\"}]},{\"@type\":\"WebSite\",\"@id\":\"https:\/\/visitbo.no\/turridning\/#website\",\"url\":\"https:\/\/visitbo.no\/turridning\/\",\"name\":\"B\u00f8 og Lifjell Turridning\",\"description\":\"One online experience - for everything your destination has to offer.\",\"potentialAction\":[{\"@type\":\"SearchAction\",\"target\":{\"@type\":\"EntryPoint\",\"urlTemplate\":\"https:\/\/visitbo.no\/turridning\/?s={search_term_string}\"},\"query-input\":{\"@type\":\"PropertyValueSpecification\",\"valueRequired\":true,\"valueName\":\"search_term_string\"}}],\"inLanguage\":\"nb-NO\"}]}<\/script>\n<!-- \/ Yoast SEO plugin. -->","yoast_head_json":{"title":"Avbestillingsregler - B\u00f8 og Lifjell Turridning","robots":{"index":"index","follow":"follow","max-snippet":"max-snippet:-1","max-image-preview":"max-image-preview:large","max-video-preview":"max-video-preview:-1"},"canonical":"https:\/\/visitbo.no\/turridning\/vare-avbestillingsregler\/","og_locale":"nb_NO","og_type":"article","og_title":"Avbestillingsregler - B\u00f8 og Lifjell Turridning","og_description":"ETTER \u00abALMINNELIGE VILK\u00c5R FOR PAKKEREISER\u00bb AV 2018: Avbestilling mer enn 42 dager f\u00f8r avreise: faktureres 10% av opprinnelig bel\u00f8p. Ved avbestilling mellom 42 og 15 dager f\u00f8r avreisedato: faktureres\u00a0 20 % av opprinnelig bel\u00f8p. Ved avbestilling senere enn 15 dager, eller utelatt fremm\u00f8te: Ingen refusjon. Dersom bestillingen omfatter flere, og den avtalte totalpris bygger p\u00e5 rabatter knyttet til deltagerantallet, vil ... Read More","og_url":"https:\/\/visitbo.no\/turridning\/vare-avbestillingsregler\/","og_site_name":"B\u00f8 og Lifjell Turridning","article_modified_time":"2025-04-08T08:50:09+00:00","twitter_card":"summary_large_image","twitter_misc":{"Ansl. lesetid":"3 minutter"},"schema":{"@context":"https:\/\/schema.org","@graph":[{"@type":"WebPage","@id":"https:\/\/visitbo.no\/turridning\/vare-avbestillingsregler\/","url":"https:\/\/visitbo.no\/turridning\/vare-avbestillingsregler\/","name":"Avbestillingsregler - B\u00f8 og Lifjell Turridning","isPartOf":{"@id":"https:\/\/visitbo.no\/turridning\/#website"},"datePublished":"2024-03-26T09:55:34+00:00","dateModified":"2025-04-08T08:50:09+00:00","breadcrumb":{"@id":"https:\/\/visitbo.no\/turridning\/vare-avbestillingsregler\/#breadcrumb"},"inLanguage":"nb-NO","potentialAction":[{"@type":"ReadAction","target":["https:\/\/visitbo.no\/turridning\/vare-avbestillingsregler\/"]}]},{"@type":"BreadcrumbList","@id":"https:\/\/visitbo.no\/turridning\/vare-avbestillingsregler\/#breadcrumb","itemListElement":[{"@type":"ListItem","position":1,"name":"Hjem","item":"https:\/\/visitbo.no\/turridning\/"},{"@type":"ListItem","position":2,"name":"Avbestillingsregler"}]},{"@type":"WebSite","@id":"https:\/\/visitbo.no\/turridning\/#website","url":"https:\/\/visitbo.no\/turridning\/","name":"B\u00f8 og Lifjell Turridning","description":"One online experience - for everything your destination has to offer.","potentialAction":[{"@type":"SearchAction","target":{"@type":"EntryPoint","urlTemplate":"https:\/\/visitbo.no\/turridning\/?s={search_term_string}"},"query-input":{"@type":"PropertyValueSpecification","valueRequired":true,"valueName":"search_term_string"}}],"inLanguage":"nb-NO"}]}},"_links":{"self":[{"href":"https:\/\/visitbo.no\/turridning\/wp-json\/wp\/v2\/pages\/9639","targetHints":{"allow":["GET"]}}],"collection":[{"href":"https:\/\/visitbo.no\/turridning\/wp-json\/wp\/v2\/pages"}],"about":[{"href":"https:\/\/visitbo.no\/turridning\/wp-json\/wp\/v2\/types\/page"}],"author":[{"embeddable":true,"href":"https:\/\/visitbo.no\/turridning\/wp-json\/wp\/v2\/users\/76"}],"replies":[{"embeddable":true,"href":"https:\/\/visitbo.no\/turridning\/wp-json\/wp\/v2\/comments?post=9639"}],"version-history":[{"count":5,"href":"https:\/\/visitbo.no\/turridning\/wp-json\/wp\/v2\/pages\/9639\/revisions"}],"predecessor-version":[{"id":10145,"href":"https:\/\/visitbo.no\/turridning\/wp-json\/wp\/v2\/pages\/9639\/revisions\/10145"}],"wp:attachment":[{"href":"https:\/\/visitbo.no\/turridning\/wp-json\/wp\/v2\/media?parent=9639"}],"curies":[{"name":"wp","href":"https:\/\/api.w.org\/{rel}","templated":true}]}}